{"id":1282,"date":"2019-10-05T19:43:32","date_gmt":"2019-10-05T17:43:32","guid":{"rendered":"http:\/\/agora.xtec.cat\/ceip-escola-montsant-reus\/?page_id=1282"},"modified":"2021-04-11T13:09:02","modified_gmt":"2021-04-11T11:09:02","slug":"biblioteca","status":"publish","type":"page","link":"https:\/\/agora.xtec.cat\/ceip-escola-montsant-reus\/projectes-2\/biblioteca\/","title":{"rendered":"Literari. Biblioteca"},"content":{"rendered":"<p><a href=\"https:\/\/agora.xtec.cat\/ceip-escola-montsant-reus\/wp-content\/uploads\/usu1887\/2020\/07\/WhatsApp-Image-2020-07-25-at-09.21.12.jpeg\"><img loading=\"lazy\" decoding=\"async\" class=\"alignright size-large wp-image-2244\" src=\"https:\/\/agora.xtec.cat\/ceip-escola-montsant-reus\/wp-content\/uploads\/usu1887\/2020\/07\/WhatsApp-Image-2020-07-25-at-09.21.12-437x1024.jpeg\" alt=\"\" width=\"437\" height=\"1024\" srcset=\"https:\/\/agora.xtec.cat\/ceip-escola-montsant-reus\/wp-content\/uploads\/usu1887\/2020\/07\/WhatsApp-Image-2020-07-25-at-09.21.12-437x1024.jpeg 437w, https:\/\/agora.xtec.cat\/ceip-escola-montsant-reus\/wp-content\/uploads\/usu1887\/2020\/07\/WhatsApp-Image-2020-07-25-at-09.21.12-128x300.jpeg 128w, https:\/\/agora.xtec.cat\/ceip-escola-montsant-reus\/wp-content\/uploads\/usu1887\/2020\/07\/WhatsApp-Image-2020-07-25-at-09.21.12.jpeg 683w\" sizes=\"auto, (max-width: 437px) 100vw, 437px\" \/><\/a><\/p>\n<h3 style=\"text-align: center;\"><span style=\"color: #0000ff;\">Coneixes la biblioteca?<\/span><\/h3>\n<h3 style=\"text-align: center;\"><span style=\"color: #0000ff;\">En aquesta secci\u00f3 hi trobareu Booktubers, contes i moltes sorpreses m\u00e9s!<\/span><\/h3>\n<h3 style=\"text-align: center;\"><span style=\"color: #0000ff;\">Navega per les p\u00e0gines i viu les aventures m\u00e9s m\u00e0giques!<\/span><\/h3>\n<p>&nbsp;<\/p>\n<p>&nbsp;<\/p>\n<p>&nbsp;<\/p>\n<p>&nbsp;<\/p>\n<p><a href=\"https:\/\/agora.xtec.cat\/ceip-escola-montsant-reus\/wp-content\/uploads\/usu1887\/2020\/07\/logo-etiq-biblioteca.jpg\"><img loading=\"lazy\" decoding=\"async\" class=\"size-full wp-image-2204 aligncenter\" src=\"https:\/\/agora.xtec.cat\/ceip-escola-montsant-reus\/wp-content\/uploads\/usu1887\/2020\/07\/logo-etiq-biblioteca.jpg\" alt=\"\" width=\"576\" height=\"240\" srcset=\"https:\/\/agora.xtec.cat\/ceip-escola-montsant-reus\/wp-content\/uploads\/usu1887\/2020\/07\/logo-etiq-biblioteca.jpg 576w, https:\/\/agora.xtec.cat\/ceip-escola-montsant-reus\/wp-content\/uploads\/usu1887\/2020\/07\/logo-etiq-biblioteca-300x125.jpg 300w\" sizes=\"auto, (max-width: 576px) 100vw, 576px\" \/><\/a><\/p>\n","protected":false},"excerpt":{"rendered":"<p><a href=\"https:\/\/agora.xtec.cat\/ceip-escola-montsant-reus\/wp-content\/uploads\/usu1887\/2020\/07\/WhatsApp-Image-2020-07-25-at-09.21.12.jpeg\"><\/a><br \/>\nConeixes la biblioteca?<br \/>\nEn aquesta secci\u00f3 hi trobareu Booktubers, contes i moltes sorpreses m\u00e9s!<br \/>\nNavega per les p\u00e0gines i viu les aventures m\u00e9s m\u00e0giques!<br \/>\n&nbsp;<br \/>\n&nbsp;<br \/>\n&nbsp;<br \/>\n&nbsp;<br \/>\n<a href=\"https:\/\/agora.xtec.cat\/ceip-escola-montsant-reus\/wp-content\/uploads\/usu1887\/2020\/07\/logo-etiq-biblioteca.jpg\"><\/a><\/p>\n","protected":false},"author":1,"featured_media":0,"parent":64,"menu_order":32,"comment_status":"closed","ping_status":"closed","template":"page-templates\/side-menu.php","meta":{"_bbp_topic_count":0,"_bbp_reply_count":0,"_bbp_total_topic_count":0,"_bbp_total_reply_count":0,"_bbp_voice_count":0,"_bbp_anonymous_reply_count":0,"_bbp_topic_count_hidden":0,"_bbp_reply_count_hidden":0,"_bbp_forum_subforum_count":0,"footnotes":""},"class_list":["post-1282","page","type-page","status-publish","hentry"],"post_mailing_queue_ids":[],"_links":{"self":[{"href":"https:\/\/agora.xtec.cat\/ceip-escola-montsant-reus\/wp-json\/wp\/v2\/pages\/1282","targetHints":{"allow":["GET"]}}],"collection":[{"href":"https:\/\/agora.xtec.cat\/ceip-escola-montsant-reus\/wp-json\/wp\/v2\/pages"}],"about":[{"href":"https:\/\/agora.xtec.cat\/ceip-escola-montsant-reus\/wp-json\/wp\/v2\/types\/page"}],"author":[{"embeddable":true,"href":"https:\/\/agora.xtec.cat\/ceip-escola-montsant-reus\/wp-json\/wp\/v2\/users\/1"}],"replies":[{"embeddable":true,"href":"https:\/\/agora.xtec.cat\/ceip-escola-montsant-reus\/wp-json\/wp\/v2\/comments?post=1282"}],"version-history":[{"count":3,"href":"https:\/\/agora.xtec.cat\/ceip-escola-montsant-reus\/wp-json\/wp\/v2\/pages\/1282\/revisions"}],"predecessor-version":[{"id":2693,"href":"https:\/\/agora.xtec.cat\/ceip-escola-montsant-reus\/wp-json\/wp\/v2\/pages\/1282\/revisions\/2693"}],"up":[{"embeddable":true,"href":"https:\/\/agora.xtec.cat\/ceip-escola-montsant-reus\/wp-json\/wp\/v2\/pages\/64"}],"wp:attachment":[{"href":"https:\/\/agora.xtec.cat\/ceip-escola-montsant-reus\/wp-json\/wp\/v2\/media?parent=1282"}],"curies":[{"name":"wp","href":"https:\/\/api.w.org\/{rel}","templated":true}]}}