{"id":1233,"date":"2019-07-17T10:17:02","date_gmt":"2019-07-17T08:17:02","guid":{"rendered":"http:\/\/agora.xtec.cat\/ceip-escola-montsant-reus\/?page_id=1233"},"modified":"2025-10-14T06:44:31","modified_gmt":"2025-10-14T04:44:31","slug":"informacio-practica-25-26","status":"publish","type":"page","link":"https:\/\/agora.xtec.cat\/ceip-escola-montsant-reus\/curs-25-26\/informacio-practica-25-26\/","title":{"rendered":"Informaci\u00f3 pr\u00e0ctica"},"content":{"rendered":"<p>Descarrega&#8217;t la informaci\u00f3 per al curs 2025-2026:<\/p>\n<p><a href=\"https:\/\/agora.xtec.cat\/ceip-escola-montsant-reus\/wp-content\/uploads\/usu1887\/2025\/07\/Circular-estiu-2025-2026.pdf\">Circular estiu 2025-2026<\/a><\/p>\n<p><a href=\"https:\/\/agora.xtec.cat\/ceip-escola-montsant-reus\/wp-content\/uploads\/usu1887\/2025\/10\/I3-Dossier-benvinguda-families-25-26.pdf\">I3 Dossier benvinguda fam\u00edlies 25-26<\/a><\/p>\n<p><a href=\"https:\/\/agora.xtec.cat\/ceip-escola-montsant-reus\/wp-content\/uploads\/usu1887\/2025\/10\/I4-Dossier-benvinguda-families-25-26.pdf\">I4 Dossier benvinguda fam\u00edlies 25-26<\/a><\/p>\n<p><a href=\"https:\/\/agora.xtec.cat\/ceip-escola-montsant-reus\/wp-content\/uploads\/usu1887\/2025\/10\/I5-Dossier-benvinguda-families-25-26.pdf\">I5 Dossier benvinguda fam\u00edlies 25-26<\/a><\/p>\n<p><a href=\"https:\/\/agora.xtec.cat\/ceip-escola-montsant-reus\/wp-content\/uploads\/usu1887\/2025\/10\/1r-Dossier-benvinguda-families-25-26.pdf\">1r Dossier benvinguda fam\u00edlies 25-26<\/a><\/p>\n<p><a href=\"https:\/\/agora.xtec.cat\/ceip-escola-montsant-reus\/wp-content\/uploads\/usu1887\/2025\/10\/2n-Dossier-benvinguda-families-25-26.pdf\">2n Dossier benvinguda fam\u00edlies 25-26<\/a><\/p>\n<p><a href=\"https:\/\/agora.xtec.cat\/ceip-escola-montsant-reus\/wp-content\/uploads\/usu1887\/2025\/10\/3r-Dossier-benvinguda-families-25-26.pdf\">3r Dossier benvinguda fam\u00edlies 25-26<\/a><\/p>\n<p><a href=\"https:\/\/agora.xtec.cat\/ceip-escola-montsant-reus\/wp-content\/uploads\/usu1887\/2025\/10\/4t-Dossier-benvinguda-families-25-26.pdf\">4t Dossier benvinguda fam\u00edlies 25-26<\/a><\/p>\n<p><a href=\"https:\/\/agora.xtec.cat\/ceip-escola-montsant-reus\/wp-content\/uploads\/usu1887\/2025\/10\/5e-Dossier-benvinguda-families-25-26.pdf\">5\u00e8 Dossier benvinguda fam\u00edlies 25-26<\/a><\/p>\n<p><a href=\"https:\/\/agora.xtec.cat\/ceip-escola-montsant-reus\/wp-content\/uploads\/usu1887\/2025\/10\/6e-Dossier-benvinguda-families-25-26.pdf\">6\u00e8 Dossier benvinguda fam\u00edlies 25-26<\/a><\/p>\n<p>&nbsp;<\/p>\n<p>&nbsp;<\/p>\n","protected":false},"excerpt":{"rendered":"<p>Descarrega&#8217;t la informaci\u00f3 per al curs 2025-2026:<br \/>\n<a href=\"https:\/\/agora.xtec.cat\/ceip-escola-montsant-reus\/wp-content\/uploads\/usu1887\/2025\/07\/Circular-estiu-2025-2026.pdf\">Circular estiu 2025-2026<\/a><br \/>\n<a href=\"https:\/\/agora.xtec.cat\/ceip-escola-montsant-reus\/wp-content\/uploads\/usu1887\/2025\/10\/I3-Dossier-benvinguda-families-25-26.pdf\">I3 Dossier benvinguda fam\u00edlies 25-26<\/a><br \/>\n<a href=\"https:\/\/agora.xtec.cat\/ceip-escola-montsant-reus\/wp-content\/uploads\/usu1887\/2025\/10\/I4-Dossier-benvinguda-families-25-26.pdf\">I4 Dossier benvinguda fam\u00edlies 25-26<\/a><br \/>\n<a href=\"https:\/\/agora.xtec.cat\/ceip-escola-montsant-reus\/wp-content\/uploads\/usu1887\/2025\/10\/I5-Dossier-benvinguda-families-25-26.pdf\">I5 Dossier benvinguda fam\u00edlies 25-26<\/a><br \/>\n<a href=\"https:\/\/agora.xtec.cat\/ceip-escola-montsant-reus\/wp-content\/uploads\/usu1887\/2025\/10\/1r-Dossier-benvinguda-families-25-26.pdf\">1r Dossier benvinguda fam\u00edlies 25-26<\/a><br \/>\n<a href=\"https:\/\/agora.xtec.cat\/ceip-escola-montsant-reus\/wp-content\/uploads\/usu1887\/2025\/10\/2n-Dossier-benvinguda-families-25-26.pdf\">2n Dossier benvinguda fam\u00edlies 25-26<\/a><br \/>\n<a href=\"https:\/\/agora.xtec.cat\/ceip-escola-montsant-reus\/wp-content\/uploads\/usu1887\/2025\/10\/3r-Dossier-benvinguda-families-25-26.pdf\">3r Dossier benvinguda fam\u00edlies 25-26<\/a><br \/>\n<a href=\"https:\/\/agora.xtec.cat\/ceip-escola-montsant-reus\/wp-content\/uploads\/usu1887\/2025\/10\/4t-Dossier-benvinguda-families-25-26.pdf\">4t Dossier benvinguda fam\u00edlies 25-26<\/a><br \/>\n<a&hellip;  <a href=\"https:\/\/agora.xtec.cat\/ceip-escola-montsant-reus\/curs-25-26\/informacio-practica-25-26\/\" title=\"Read Informaci\u00f3 pr\u00e0ctica\">Llegeix m\u00e9s\u00bb<\/a><\/p>\n","protected":false},"author":1,"featured_media":0,"parent":2297,"menu_order":10,"comment_status":"closed","ping_status":"closed","template":"page-templates\/side-menu.php","meta":{"_bbp_topic_count":0,"_bbp_reply_count":0,"_bbp_total_topic_count":0,"_bbp_total_reply_count":0,"_bbp_voice_count":0,"_bbp_anonymous_reply_count":0,"_bbp_topic_count_hidden":0,"_bbp_reply_count_hidden":0,"_bbp_forum_subforum_count":0,"footnotes":""},"class_list":["post-1233","page","type-page","status-publish","hentry"],"post_mailing_queue_ids":[],"_links":{"self":[{"href":"https:\/\/agora.xtec.cat\/ceip-escola-montsant-reus\/wp-json\/wp\/v2\/pages\/1233","targetHints":{"allow":["GET"]}}],"collection":[{"href":"https:\/\/agora.xtec.cat\/ceip-escola-montsant-reus\/wp-json\/wp\/v2\/pages"}],"about":[{"href":"https:\/\/agora.xtec.cat\/ceip-escola-montsant-reus\/wp-json\/wp\/v2\/types\/page"}],"author":[{"embeddable":true,"href":"https:\/\/agora.xtec.cat\/ceip-escola-montsant-reus\/wp-json\/wp\/v2\/users\/1"}],"replies":[{"embeddable":true,"href":"https:\/\/agora.xtec.cat\/ceip-escola-montsant-reus\/wp-json\/wp\/v2\/comments?post=1233"}],"version-history":[{"count":6,"href":"https:\/\/agora.xtec.cat\/ceip-escola-montsant-reus\/wp-json\/wp\/v2\/pages\/1233\/revisions"}],"predecessor-version":[{"id":3618,"href":"https:\/\/agora.xtec.cat\/ceip-escola-montsant-reus\/wp-json\/wp\/v2\/pages\/1233\/revisions\/3618"}],"up":[{"embeddable":true,"href":"https:\/\/agora.xtec.cat\/ceip-escola-montsant-reus\/wp-json\/wp\/v2\/pages\/2297"}],"wp:attachment":[{"href":"https:\/\/agora.xtec.cat\/ceip-escola-montsant-reus\/wp-json\/wp\/v2\/media?parent=1233"}],"curies":[{"name":"wp","href":"https:\/\/api.w.org\/{rel}","templated":true}]}}