{"id":73,"date":"2014-09-18T14:01:51","date_gmt":"2014-09-18T13:01:51","guid":{"rendered":"http:\/\/agora.xtec.cat\/ceip-escola-enxaneta\/?page_id=73"},"modified":"2026-02-27T18:16:24","modified_gmt":"2026-02-27T17:16:24","slug":"menjador-escolar","status":"publish","type":"page","link":"https:\/\/agora.xtec.cat\/ceip-escola-enxaneta\/afa\/serveis\/menjador-escolar\/","title":{"rendered":"Menjador escolar"},"content":{"rendered":"<p>L&#8217;Escola Enxaneta disposa de servei de cuina i menjador propis coordinat per l&#8217;AFA i gestionat amb un conveni amb <a href=\"https:\/\/apatssans.cat\/centres-educatius\/\">\u00c0pats Sans.<\/a><\/p>\n<p><a href=\"http:\/\/agora.xtec.cat\/ceip-escola-enxaneta\/wp-content\/uploads\/usu1637\/2014\/09\/WhatsApp-Image-2017-03-10-at-12.43.18.jpeg\"><img loading=\"lazy\" decoding=\"async\" class=\"alignnone wp-image-780 size-medium\" src=\"http:\/\/agora.xtec.cat\/ceip-escola-enxaneta\/wp-content\/uploads\/usu1637\/2014\/09\/WhatsApp-Image-2017-03-10-at-12.43.18-300x225.jpeg\" alt=\"whatsapp-image-2017-03-10-at-12-43-18\" width=\"300\" height=\"225\" srcset=\"https:\/\/agora.xtec.cat\/ceip-escola-enxaneta\/wp-content\/uploads\/usu1637\/2014\/09\/WhatsApp-Image-2017-03-10-at-12.43.18-300x225.jpeg 300w, https:\/\/agora.xtec.cat\/ceip-escola-enxaneta\/wp-content\/uploads\/usu1637\/2014\/09\/WhatsApp-Image-2017-03-10-at-12.43.18-768x576.jpeg 768w, https:\/\/agora.xtec.cat\/ceip-escola-enxaneta\/wp-content\/uploads\/usu1637\/2014\/09\/WhatsApp-Image-2017-03-10-at-12.43.18-1024x768.jpeg 1024w, https:\/\/agora.xtec.cat\/ceip-escola-enxaneta\/wp-content\/uploads\/usu1637\/2014\/09\/WhatsApp-Image-2017-03-10-at-12.43.18-200x150.jpeg 200w, https:\/\/agora.xtec.cat\/ceip-escola-enxaneta\/wp-content\/uploads\/usu1637\/2014\/09\/WhatsApp-Image-2017-03-10-at-12.43.18.jpeg 1600w\" sizes=\"auto, (max-width: 300px) 100vw, 300px\" \/><\/a> <a href=\"http:\/\/agora.xtec.cat\/ceip-escola-enxaneta\/wp-content\/uploads\/usu1637\/2014\/09\/WhatsApp-Image-2017-03-10-at-12.43.22.jpeg\"><img loading=\"lazy\" decoding=\"async\" class=\"alignnone wp-image-781 size-medium\" src=\"http:\/\/agora.xtec.cat\/ceip-escola-enxaneta\/wp-content\/uploads\/usu1637\/2014\/09\/WhatsApp-Image-2017-03-10-at-12.43.22-300x225.jpeg\" alt=\"whatsapp-image-2017-03-10-at-12-43-22\" width=\"300\" height=\"225\" srcset=\"https:\/\/agora.xtec.cat\/ceip-escola-enxaneta\/wp-content\/uploads\/usu1637\/2014\/09\/WhatsApp-Image-2017-03-10-at-12.43.22-300x225.jpeg 300w, https:\/\/agora.xtec.cat\/ceip-escola-enxaneta\/wp-content\/uploads\/usu1637\/2014\/09\/WhatsApp-Image-2017-03-10-at-12.43.22-768x576.jpeg 768w, https:\/\/agora.xtec.cat\/ceip-escola-enxaneta\/wp-content\/uploads\/usu1637\/2014\/09\/WhatsApp-Image-2017-03-10-at-12.43.22-1024x768.jpeg 1024w, https:\/\/agora.xtec.cat\/ceip-escola-enxaneta\/wp-content\/uploads\/usu1637\/2014\/09\/WhatsApp-Image-2017-03-10-at-12.43.22-200x150.jpeg 200w, https:\/\/agora.xtec.cat\/ceip-escola-enxaneta\/wp-content\/uploads\/usu1637\/2014\/09\/WhatsApp-Image-2017-03-10-at-12.43.22.jpeg 1600w\" sizes=\"auto, (max-width: 300px) 100vw, 300px\" \/><\/a><\/p>\n<p>A la <strong>web d&#8217;Apats Sans hi ha disponibles tots els men\u00fas<\/strong> adaptats als diferents tipus d&#8217; intoler\u00e0ncies, al\u2022l\u00e8rgies aliment\u00e0ries i d&#8217;altres, els trobareu a l&#8217;apartat <strong><em>Centres educatius. <\/em><\/strong>Per veure&#8217;ls haureu de seleccionar <strong><em>Escola Enxaneta <\/em><\/strong>i registrar-vos: <a href=\"https:\/\/apatssans.cat\/centres-educatius\/escola-enxaneta-valls\/\">https:\/\/apatssans.cat\/centres-educatius\/escola-enxaneta-valls\/<\/a><\/p>\n","protected":false},"excerpt":{"rendered":"<p>L&#8217;Escola Enxaneta disposa de servei de cuina i menjador propis coordinat per l&#8217;AFA i gestionat amb un conveni amb \u00c0pats Sans. A la web d&#8217;Apats Sans hi ha disponibles tots els men\u00fas adaptats als diferents tipus d&#8217; intoler\u00e0ncies, al\u2022l\u00e8rgies aliment\u00e0ries i d&#8217;altres, els trobareu a l&#8217;apartat Centres educatius. Per veure&#8217;ls haureu de seleccionar Escola Enxaneta [&hellip;]<\/p>\n","protected":false},"author":1,"featured_media":0,"parent":66,"menu_order":30,"comment_status":"closed","ping_status":"closed","template":"","meta":{"_bbp_topic_count":0,"_bbp_reply_count":0,"_bbp_total_topic_count":0,"_bbp_total_reply_count":0,"_bbp_voice_count":0,"_bbp_anonymous_reply_count":0,"_bbp_topic_count_hidden":0,"_bbp_reply_count_hidden":0,"_bbp_forum_subforum_count":0,"site-sidebar-layout":"default","site-content-layout":"","ast-site-content-layout":"default","site-content-style":"default","site-sidebar-style":"default","ast-global-header-display":"","ast-banner-title-visibility":"","ast-main-header-display":"","ast-hfb-above-header-display":"","ast-hfb-below-header-display":"","ast-hfb-mobile-header-display":"","site-post-title":"","ast-breadcrumbs-content":"","ast-featured-img":"","footer-sml-layout":"","theme-transparent-header-meta":"","adv-header-id-meta":"","stick-header-meta":"","header-above-stick-meta":"","header-main-stick-meta":"","header-below-stick-meta":"","astra-migrate-meta-layouts":"set","ast-page-background-enabled":"default","ast-page-background-meta":{"desktop":{"background-color":"var(--ast-global-color-4)","background-image":"","background-repeat":"repeat","background-position":"center center","background-size":"auto","background-attachment":"scroll","background-type":"","background-media":"","overlay-type":"","overlay-color":"","overlay-opacity":"","overlay-gradient":""},"tablet":{"background-color":"","background-image":"","background-repeat":"repeat","background-position":"center center","background-size":"auto","background-attachment":"scroll","background-type":"","background-media":"","overlay-type":"","overlay-color":"","overlay-opacity":"","overlay-gradient":""},"mobile":{"background-color":"","background-image":"","background-repeat":"repeat","background-position":"center center","background-size":"auto","background-attachment":"scroll","background-type":"","background-media":"","overlay-type":"","overlay-color":"","overlay-opacity":"","overlay-gradient":""}},"ast-content-background-meta":{"desktop":{"background-color":"var(--ast-global-color-5)","background-image":"","background-repeat":"repeat","background-position":"center center","background-size":"auto","background-attachment":"scroll","background-type":"","background-media":"","overlay-type":"","overlay-color":"","overlay-opacity":"","overlay-gradient":""},"tablet":{"background-color":"var(--ast-global-color-5)","background-image":"","background-repeat":"repeat","background-position":"center center","background-size":"auto","background-attachment":"scroll","background-type":"","background-media":"","overlay-type":"","overlay-color":"","overlay-opacity":"","overlay-gradient":""},"mobile":{"background-color":"var(--ast-global-color-5)","background-image":"","background-repeat":"repeat","background-position":"center center","background-size":"auto","background-attachment":"scroll","background-type":"","background-media":"","overlay-type":"","overlay-color":"","overlay-opacity":"","overlay-gradient":""}},"footnotes":""},"class_list":["post-73","page","type-page","status-publish","hentry"],"post_mailing_queue_ids":[],"_links":{"self":[{"href":"https:\/\/agora.xtec.cat\/ceip-escola-enxaneta\/wp-json\/wp\/v2\/pages\/73","targetHints":{"allow":["GET"]}}],"collection":[{"href":"https:\/\/agora.xtec.cat\/ceip-escola-enxaneta\/wp-json\/wp\/v2\/pages"}],"about":[{"href":"https:\/\/agora.xtec.cat\/ceip-escola-enxaneta\/wp-json\/wp\/v2\/types\/page"}],"author":[{"embeddable":true,"href":"https:\/\/agora.xtec.cat\/ceip-escola-enxaneta\/wp-json\/wp\/v2\/users\/1"}],"replies":[{"embeddable":true,"href":"https:\/\/agora.xtec.cat\/ceip-escola-enxaneta\/wp-json\/wp\/v2\/comments?post=73"}],"version-history":[{"count":6,"href":"https:\/\/agora.xtec.cat\/ceip-escola-enxaneta\/wp-json\/wp\/v2\/pages\/73\/revisions"}],"predecessor-version":[{"id":3504,"href":"https:\/\/agora.xtec.cat\/ceip-escola-enxaneta\/wp-json\/wp\/v2\/pages\/73\/revisions\/3504"}],"up":[{"embeddable":true,"href":"https:\/\/agora.xtec.cat\/ceip-escola-enxaneta\/wp-json\/wp\/v2\/pages\/66"}],"wp:attachment":[{"href":"https:\/\/agora.xtec.cat\/ceip-escola-enxaneta\/wp-json\/wp\/v2\/media?parent=73"}],"curies":[{"name":"wp","href":"https:\/\/api.w.org\/{rel}","templated":true}]}}