{"id":673,"date":"2017-03-09T16:47:28","date_gmt":"2017-03-09T15:47:28","guid":{"rendered":"http:\/\/agora.xtec.cat\/ceip-escola-enxaneta\/?page_id=673"},"modified":"2026-02-27T12:05:00","modified_gmt":"2026-02-27T11:05:00","slug":"equip-docent","status":"publish","type":"page","link":"https:\/\/agora.xtec.cat\/ceip-escola-enxaneta\/lescola\/equip-docent\/","title":{"rendered":"Equip docent"},"content":{"rendered":"<table style=\"width: 56.5598%;\" width=\"643\">\n<tbody>\n<tr>\n<td style=\"width: 68.9225%;\" colspan=\"2\" width=\"643\"><strong>Equip directiu<\/strong><\/td>\n<\/tr>\n<tr>\n<td style=\"width: 43.8432%;\" width=\"189\">Rosa Cat\u00e0<\/td>\n<td style=\"width: 25.0793%;\" width=\"454\">Direcci\u00f3<\/td>\n<\/tr>\n<tr>\n<td style=\"width: 43.8432%;\" width=\"189\">Maite Sorroche<\/td>\n<td style=\"width: 25.0793%;\" width=\"454\">Cap d\u2019estudis<\/td>\n<\/tr>\n<tr>\n<td style=\"width: 43.8432%;\" width=\"189\">Rosa M Sebasti\u00e1n<\/td>\n<td style=\"width: 25.0793%;\" width=\"454\">Secretaria<\/td>\n<\/tr>\n<\/tbody>\n<\/table>\n<p>&nbsp;<\/p>\n<table style=\"width: 56.3486%; height: 310px;\">\n<tbody>\n<tr style=\"height: 31px;\">\n<td style=\"width: 138.402%; height: 31px;\" colspan=\"2\"><strong>Mestres tutores<\/strong><\/td>\n<\/tr>\n<tr style=\"height: 31px;\">\n<td style=\"width: 64.6175%; height: 31px;\">M\u00f2nica Alt\u00e8s i S\u00f2nia Suri\u00f1ach (TEI)<\/td>\n<td style=\"width: 73.7843%; height: 31px;\">I3 EI<\/td>\n<\/tr>\n<tr style=\"height: 31px;\">\n<td style=\"width: 64.6175%; height: 31px;\">\u00c0lex Pasqual<\/td>\n<td style=\"width: 73.7843%; height: 31px;\">I4 EI<\/td>\n<\/tr>\n<tr style=\"height: 31px;\">\n<td style=\"width: 64.6175%; height: 31px;\">Meritxell Teruel<\/td>\n<td style=\"width: 73.7843%; height: 31px;\">I5 EI<\/td>\n<\/tr>\n<tr style=\"height: 31px;\">\n<td style=\"width: 64.6175%; height: 31px;\">Vicky Heredia<\/td>\n<td style=\"width: 73.7843%; height: 31px;\">1r EP<\/td>\n<\/tr>\n<tr style=\"height: 31px;\">\n<td style=\"width: 64.6175%; height: 31px;\">Mariona Banqu\u00e9<\/td>\n<td style=\"width: 73.7843%; height: 31px;\">2n EP<\/td>\n<\/tr>\n<tr style=\"height: 31px;\">\n<td style=\"width: 64.6175%; height: 31px;\">S\u00f2nia Quir\u00f3s<\/td>\n<td style=\"width: 73.7843%; height: 31px;\">3r EP<\/td>\n<\/tr>\n<tr style=\"height: 31px;\">\n<td style=\"width: 64.6175%; height: 31px;\">J\u00e8ssica Junqu\u00e9<\/td>\n<td style=\"width: 73.7843%; height: 31px;\">4t EP<\/td>\n<\/tr>\n<tr style=\"height: 31px;\">\n<td style=\"width: 64.6175%; height: 31px;\">S\u00edlvia Jov\u00e9<\/td>\n<td style=\"width: 73.7843%; height: 31px;\">5\u00e8 EP<\/td>\n<\/tr>\n<tr style=\"height: 31px;\">\n<td style=\"width: 64.6175%; height: 31px;\">Aida Garcia<\/td>\n<td style=\"width: 73.7843%; height: 31px;\">6\u00e8 EP<\/td>\n<\/tr>\n<\/tbody>\n<\/table>\n<p>&nbsp;<\/p>\n<table style=\"width: 77.1589%; height: 352px; border-collapse: collapse;\">\n<tbody>\n<tr style=\"height: 32px;\">\n<td style=\"width: 77.1591%; height: 32px;\" colspan=\"2\"><strong>Especialistes<\/strong><\/td>\n<\/tr>\n<tr style=\"height: 32px;\">\n<td style=\"width: 50%; height: 32px;\">S\u00edlvia Jov\u00e9 \/ Anna Mart\u00ednez<\/td>\n<td style=\"width: 27.1591%; height: 32px;\">Educaci\u00f3 Musical<\/td>\n<\/tr>\n<tr style=\"height: 32px;\">\n<td style=\"width: 50%; height: 32px;\">S\u00f2nia Quir\u00f3s \/ Aina Soriano \/ Vicky Heredia<\/td>\n<td style=\"width: 27.1591%; height: 32px;\">Llengua anglesa<\/td>\n<\/tr>\n<tr>\n<td style=\"width: 50%;\">Mariona Banqu\u00e9 \/ Mart\u00ed Llagostera<\/td>\n<td style=\"width: 27.1591%;\">Educaci\u00f3 F\u00edsica<\/td>\n<\/tr>\n<tr style=\"height: 32px;\">\n<td style=\"width: 50%; height: 32px;\">Aida Mestre<\/td>\n<td style=\"width: 27.1591%; height: 32px;\">Educaci\u00f3 Especial<\/td>\n<\/tr>\n<tr style=\"height: 32px;\">\n<td style=\"width: 50%; height: 32px;\">Al\u00e8xia S\u00e1nchez \/ L\u00eddia Morales<\/td>\n<td style=\"width: 27.1591%; height: 32px;\">SIEI<\/td>\n<\/tr>\n<tr style=\"height: 32px;\">\n<td style=\"width: 50%; height: 32px;\">J\u00e8ssica Francino \/ L\u00eddia Morales \/ Isabel Sarob\u00e9 \/ Sara Prats \/ Annacris Lorente \/ Al\u00e8xia S\u00e1nchez \/ Anna Mart\u00ednez<\/td>\n<td style=\"width: 27.1591%; height: 32px;\">Refor\u00e7 comunitat de petits<\/td>\n<\/tr>\n<tr style=\"height: 32px;\">\n<td style=\"width: 50%; height: 32px;\">Rosa Sebasti\u00e1n \/ Al\u00e8xia S\u00e1nchez \/ Annacris Lorente \/ Yolanda Casacuberta \/ Maite Sorroche \/ Aida Mestre \/ Anna Mart\u00ednez<\/td>\n<td style=\"width: 27.1591%; height: 32px;\">Refor\u00e7 comunitat de mitjans<\/td>\n<\/tr>\n<tr style=\"height: 32px;\">\n<td style=\"width: 50%; height: 32px;\">Rosa Cat\u00e0 \/ Al\u00e8xia S\u00e1nchez \/ Mart\u00ed Llagostera \/ Aida Mestre \/ Aina Soriano \/ Rosa Sebasti\u00e1n<\/td>\n<td style=\"width: 27.1591%; height: 32px;\">Refor\u00e7 de comunitat de grans<\/td>\n<\/tr>\n<tr style=\"height: 32px;\">\n<td style=\"width: 50%; height: 32px;\">S\u00f2nia Suri\u00f1ach<\/td>\n<td style=\"width: 27.1591%; height: 32px;\">TEI<\/td>\n<\/tr>\n<tr style=\"height: 32px;\">\n<td style=\"width: 50%; height: 32px;\">Annacris Lorente \/ Sara Prats<\/td>\n<td style=\"width: 27.1591%; height: 32px;\">EEE<\/td>\n<\/tr>\n<tr style=\"height: 32px;\">\n<td style=\"width: 50%; height: 32px;\">Yolanda Casacuberta i Judit Masip<\/td>\n<td style=\"width: 27.1591%; height: 32px;\">Vetlladores<\/td>\n<\/tr>\n<\/tbody>\n<\/table>\n<p>&nbsp;<\/p>\n","protected":false},"excerpt":{"rendered":"<p>Equip directiu Rosa Cat\u00e0 Direcci\u00f3 Maite Sorroche Cap d\u2019estudis Rosa M Sebasti\u00e1n Secretaria &nbsp; Mestres tutores M\u00f2nica Alt\u00e8s i S\u00f2nia Suri\u00f1ach (TEI) I3 EI \u00c0lex Pasqual I4 EI Meritxell Teruel I5 EI Vicky Heredia 1r EP Mariona Banqu\u00e9 2n EP S\u00f2nia Quir\u00f3s 3r EP J\u00e8ssica Junqu\u00e9 4t EP S\u00edlvia Jov\u00e9 5\u00e8 EP Aida Garcia 6\u00e8 [&hellip;]<\/p>\n","protected":false},"author":3,"featured_media":0,"parent":22,"menu_order":0,"comment_status":"closed","ping_status":"closed","template":"","meta":{"_bbp_topic_count":0,"_bbp_reply_count":0,"_bbp_total_topic_count":0,"_bbp_total_reply_count":0,"_bbp_voice_count":0,"_bbp_anonymous_reply_count":0,"_bbp_topic_count_hidden":0,"_bbp_reply_count_hidden":0,"_bbp_forum_subforum_count":0,"site-sidebar-layout":"default","site-content-layout":"","ast-site-content-layout":"default","site-content-style":"default","site-sidebar-style":"default","ast-global-header-display":"","ast-banner-title-visibility":"","ast-main-header-display":"","ast-hfb-above-header-display":"","ast-hfb-below-header-display":"","ast-hfb-mobile-header-display":"","site-post-title":"","ast-breadcrumbs-content":"","ast-featured-img":"","footer-sml-layout":"","theme-transparent-header-meta":"default","adv-header-id-meta":"","stick-header-meta":"","header-above-stick-meta":"","header-main-stick-meta":"","header-below-stick-meta":"","astra-migrate-meta-layouts":"set","ast-page-background-enabled":"default","ast-page-background-meta":{"desktop":{"background-color":"var(--ast-global-color-4)","background-image":"","background-repeat":"repeat","background-position":"center center","background-size":"auto","background-attachment":"scroll","background-type":"","background-media":"","overlay-type":"","overlay-color":"","overlay-opacity":"","overlay-gradient":""},"tablet":{"background-color":"","background-image":"","background-repeat":"repeat","background-position":"center center","background-size":"auto","background-attachment":"scroll","background-type":"","background-media":"","overlay-type":"","overlay-color":"","overlay-opacity":"","overlay-gradient":""},"mobile":{"background-color":"","background-image":"","background-repeat":"repeat","background-position":"center center","background-size":"auto","background-attachment":"scroll","background-type":"","background-media":"","overlay-type":"","overlay-color":"","overlay-opacity":"","overlay-gradient":""}},"ast-content-background-meta":{"desktop":{"background-color":"var(--ast-global-color-5)","background-image":"","background-repeat":"repeat","background-position":"center center","background-size":"auto","background-attachment":"scroll","background-type":"","background-media":"","overlay-type":"","overlay-color":"","overlay-opacity":"","overlay-gradient":""},"tablet":{"background-color":"var(--ast-global-color-5)","background-image":"","background-repeat":"repeat","background-position":"center center","background-size":"auto","background-attachment":"scroll","background-type":"","background-media":"","overlay-type":"","overlay-color":"","overlay-opacity":"","overlay-gradient":""},"mobile":{"background-color":"var(--ast-global-color-5)","background-image":"","background-repeat":"repeat","background-position":"center center","background-size":"auto","background-attachment":"scroll","background-type":"","background-media":"","overlay-type":"","overlay-color":"","overlay-opacity":"","overlay-gradient":""}},"footnotes":""},"class_list":["post-673","page","type-page","status-publish","hentry"],"post_mailing_queue_ids":[],"_links":{"self":[{"href":"https:\/\/agora.xtec.cat\/ceip-escola-enxaneta\/wp-json\/wp\/v2\/pages\/673","targetHints":{"allow":["GET"]}}],"collection":[{"href":"https:\/\/agora.xtec.cat\/ceip-escola-enxaneta\/wp-json\/wp\/v2\/pages"}],"about":[{"href":"https:\/\/agora.xtec.cat\/ceip-escola-enxaneta\/wp-json\/wp\/v2\/types\/page"}],"author":[{"embeddable":true,"href":"https:\/\/agora.xtec.cat\/ceip-escola-enxaneta\/wp-json\/wp\/v2\/users\/3"}],"replies":[{"embeddable":true,"href":"https:\/\/agora.xtec.cat\/ceip-escola-enxaneta\/wp-json\/wp\/v2\/comments?post=673"}],"version-history":[{"count":7,"href":"https:\/\/agora.xtec.cat\/ceip-escola-enxaneta\/wp-json\/wp\/v2\/pages\/673\/revisions"}],"predecessor-version":[{"id":1888,"href":"https:\/\/agora.xtec.cat\/ceip-escola-enxaneta\/wp-json\/wp\/v2\/pages\/673\/revisions\/1888"}],"up":[{"embeddable":true,"href":"https:\/\/agora.xtec.cat\/ceip-escola-enxaneta\/wp-json\/wp\/v2\/pages\/22"}],"wp:attachment":[{"href":"https:\/\/agora.xtec.cat\/ceip-escola-enxaneta\/wp-json\/wp\/v2\/media?parent=673"}],"curies":[{"name":"wp","href":"https:\/\/api.w.org\/{rel}","templated":true}]}}