{"id":667,"date":"2017-03-09T16:33:35","date_gmt":"2017-03-09T15:33:35","guid":{"rendered":"http:\/\/agora.xtec.cat\/ceip-escola-enxaneta\/?page_id=667"},"modified":"2025-10-29T00:10:54","modified_gmt":"2025-10-28T23:10:54","slug":"projectes","status":"publish","type":"page","link":"https:\/\/agora.xtec.cat\/ceip-escola-enxaneta\/pagines-dinici\/projectes\/","title":{"rendered":"PROJECTES DEL CENTRE"},"content":{"rendered":"<p>&nbsp;<\/p>\n<table style=\"border-collapse: collapse; width: 100%;\">\n<tbody>\n<tr>\n<td style=\"width: 25.2272%;\"><a href=\"https:\/\/projectes.xtec.cat\/transformacioenxarxa\/\" target=\"_blank\" rel=\"noopener\"><img loading=\"lazy\" decoding=\"async\" class=\"aligncenter wp-image-2566\" src=\"https:\/\/agora.xtec.cat\/ceip-escola-enxaneta\/wp-content\/uploads\/usu1637\/2024\/03\/Logo_Programa-300x269-1.jpg\" alt=\"\" width=\"114\" height=\"103\" \/><\/a><\/td>\n<td style=\"width: 74.7728%; text-align: justify;\"><strong>XARXA DE TRANSFORMACI\u00d3 EDUCATIVA:\u00a0<\/strong>Des de la Xarxa de Transformaci\u00f3 es promou l\u2019actualitzaci\u00f3 del projecte educatiu dels centres participants amb l\u2019acompanyament professional i la dotaci\u00f3 dels recursos i les eines necess\u00e0ries per impulsar processos de transformaci\u00f3 educativa en els \u00e0mbits de l\u2019organitzaci\u00f3, les metodologies d\u2019ensenyament i aprenentatge, i el treball en xarxa intern i amb l\u2019entorn.<\/td>\n<\/tr>\n<tr>\n<td style=\"width: 25.2272%;\"><a href=\"https:\/\/xtec.gencat.cat\/ca\/curriculum\/xarxa-de-competencies\/\" target=\"_blank\" rel=\"noopener\"><img loading=\"lazy\" decoding=\"async\" class=\"aligncenter wp-image-3238 size-medium\" src=\"https:\/\/agora.xtec.cat\/ceip-escola-enxaneta\/wp-content\/uploads\/usu1637\/2025\/10\/Copia-de-Nou-logo-cb-1024x362-1-300x106.png\" alt=\"\" width=\"300\" height=\"106\" srcset=\"https:\/\/agora.xtec.cat\/ceip-escola-enxaneta\/wp-content\/uploads\/usu1637\/2025\/10\/Copia-de-Nou-logo-cb-1024x362-1-300x106.png 300w, https:\/\/agora.xtec.cat\/ceip-escola-enxaneta\/wp-content\/uploads\/usu1637\/2025\/10\/Copia-de-Nou-logo-cb-1024x362-1-768x272.png 768w, https:\/\/agora.xtec.cat\/ceip-escola-enxaneta\/wp-content\/uploads\/usu1637\/2025\/10\/Copia-de-Nou-logo-cb-1024x362-1.png 1024w\" sizes=\"auto, (max-width: 300px) 100vw, 300px\" \/><\/a><\/td>\n<td style=\"width: 74.7728%; text-align: justify;\">La <strong>XARXA DE COMPET\u00c8NCIES <\/strong>\u00e9s una modalitat de formaci\u00f3 i desenvolupament professional docent basat en l\u2019aprenentatge entre iguals i en xarxa. Est\u00e0 formada per equips docents que volen iniciar, mantenir o consolidar processos de reflexi\u00f3-acci\u00f3 en equip i en xarxa per transformar l\u2019escola en un espai que afavoreixi l\u2019aprenentatge i ajudi els docents a millorar el seu desenvolupament professional i als centres a constituir-se en organitzacions que aprenen.<\/td>\n<\/tr>\n<tr>\n<td style=\"width: 25.2272%;\"><a href=\"https:\/\/agora.xtec.cat\/ceip-escola-enxaneta\/wp-content\/uploads\/usu1637\/2025\/10\/xcl-1.jpg\"><img loading=\"lazy\" decoding=\"async\" class=\"aligncenter wp-image-3239 size-medium\" src=\"https:\/\/agora.xtec.cat\/ceip-escola-enxaneta\/wp-content\/uploads\/usu1637\/2025\/10\/xcl-1-300x101.jpg\" alt=\"\" width=\"300\" height=\"101\" srcset=\"https:\/\/agora.xtec.cat\/ceip-escola-enxaneta\/wp-content\/uploads\/usu1637\/2025\/10\/xcl-1-300x101.jpg 300w, https:\/\/agora.xtec.cat\/ceip-escola-enxaneta\/wp-content\/uploads\/usu1637\/2025\/10\/xcl-1.jpg 364w\" sizes=\"auto, (max-width: 300px) 100vw, 300px\" \/><\/a><\/td>\n<td style=\"width: 74.7728%; text-align: justify;\">La\u00a0<strong>XARXA DE COMPET\u00c8NCIA LECTORA <\/strong>promou l\u2019aprenentatge entre iguals, mitjan\u00e7ant la reflexi\u00f3, l\u2019intercanvi de coneixements i de bones pr\u00e0ctiques. Pret\u00e9n tamb\u00e9, fer emergir bones pr\u00e0ctiques de lectura aix\u00ed com oferir i compartir materials, eines, estrat\u00e8gies i activitats per millorar la comprensi\u00f3 lectora.<\/td>\n<\/tr>\n<tr>\n<td style=\"width: 25.2272%;\"><a href=\"https:\/\/projectes.xtec.cat\/pensament-computacional\/programa-temporal-mentories-pcmat\/\" target=\"_blank\" rel=\"noopener\"><img loading=\"lazy\" decoding=\"async\" class=\"aligncenter wp-image-3240 size-medium\" src=\"https:\/\/agora.xtec.cat\/ceip-escola-enxaneta\/wp-content\/uploads\/usu1637\/2025\/10\/pcmat-web-300x63.png\" alt=\"\" width=\"300\" height=\"63\" srcset=\"https:\/\/agora.xtec.cat\/ceip-escola-enxaneta\/wp-content\/uploads\/usu1637\/2025\/10\/pcmat-web-300x63.png 300w, https:\/\/agora.xtec.cat\/ceip-escola-enxaneta\/wp-content\/uploads\/usu1637\/2025\/10\/pcmat-web-1024x213.png 1024w, https:\/\/agora.xtec.cat\/ceip-escola-enxaneta\/wp-content\/uploads\/usu1637\/2025\/10\/pcmat-web-768x160.png 768w, https:\/\/agora.xtec.cat\/ceip-escola-enxaneta\/wp-content\/uploads\/usu1637\/2025\/10\/pcmat-web.png 1536w\" sizes=\"auto, (max-width: 300px) 100vw, 300px\" \/><\/a><\/td>\n<td style=\"width: 74.7728%; text-align: justify;\">El programa <strong>MENTORIES PCMat<\/strong> (Pensament Computacional aplicat a les matem\u00e0tiques) est\u00e0 destinat a l&#8217;alumnat de 5\u00e8 i 6\u00e8 per aplicar la compet\u00e8ncia matem\u00e0tica a trav\u00e9s del pensament computacional, la\u00a0programaci\u00f3\u00a0i la\u00a0rob\u00f2tica educativa, amb un\u00a0acompanyament intensiu i personalitzat per l&#8217;equip docent.<\/td>\n<\/tr>\n<tr>\n<td style=\"width: 25.2272%;\"><a href=\"https:\/\/sites.google.com\/xtec.cat\/escola-enxaneta-valls\/\" target=\"_blank\" rel=\"noopener\"><img loading=\"lazy\" decoding=\"async\" class=\"aligncenter wp-image-2589 \" src=\"https:\/\/agora.xtec.cat\/ceip-escola-enxaneta\/wp-content\/uploads\/usu1637\/2024\/03\/pedc-blanc.jpg\" alt=\"\" width=\"158\" height=\"79\" srcset=\"https:\/\/agora.xtec.cat\/ceip-escola-enxaneta\/wp-content\/uploads\/usu1637\/2024\/03\/pedc-blanc.jpg 1493w, https:\/\/agora.xtec.cat\/ceip-escola-enxaneta\/wp-content\/uploads\/usu1637\/2024\/03\/pedc-blanc-300x151.jpg 300w, https:\/\/agora.xtec.cat\/ceip-escola-enxaneta\/wp-content\/uploads\/usu1637\/2024\/03\/pedc-blanc-1024x514.jpg 1024w, https:\/\/agora.xtec.cat\/ceip-escola-enxaneta\/wp-content\/uploads\/usu1637\/2024\/03\/pedc-blanc-768x386.jpg 768w\" sizes=\"auto, (max-width: 158px) 100vw, 158px\" \/><\/a><\/td>\n<td style=\"width: 74.7728%; text-align: justify;\"><strong>ESTRAT\u00c8GIA DIGITAL DE CENTRE (EDC): <\/strong>P\u00e0gina web de l&#8217;escola dedicada al Pla d&#8217;Educaci\u00f3 Digital (PEDC)<\/td>\n<\/tr>\n<tr>\n<td style=\"width: 25.2272%;\"><a href=\"https:\/\/www.valls.cat\/pla-educatiu-entorn\" target=\"_blank\" rel=\"noopener\"><img loading=\"lazy\" decoding=\"async\" class=\"aligncenter wp-image-2592\" src=\"https:\/\/agora.xtec.cat\/ceip-escola-enxaneta\/wp-content\/uploads\/usu1637\/2024\/03\/Captura-pee.jpg\" alt=\"\" width=\"143\" height=\"79\" \/><\/a><\/td>\n<td style=\"width: 74.7728%; text-align: justify;\"><strong>PLA EDUCATIU D&#8217;ENTORN:<\/strong> Aqu\u00ed teniu enlla\u00e7ada la web del Pla Educatiu d&#8217;Entorn de l&#8217;ajuntament de Valls amb les activitats programades per aquest curs.<\/td>\n<\/tr>\n<tr>\n<td style=\"width: 25.2272%;\"><a href=\"https:\/\/mediambient.gencat.cat\/ca\/05_ambits_dactuacio\/educacio_i_sostenibilitat\/educacio_per_a_la_sostenibilitat\/escoles_verdes\/\" target=\"_blank\" rel=\"noopener\"><img loading=\"lazy\" decoding=\"async\" class=\"aligncenter wp-image-697\" src=\"http:\/\/agora.xtec.cat\/ceip-escola-enxaneta\/wp-content\/uploads\/usu1637\/2017\/03\/escolaverda.png\" alt=\"escolaverda\" width=\"78\" height=\"84\" \/><\/a><\/td>\n<td style=\"width: 74.7728%; text-align: justify;\"><strong>ESCOLES VERDES:<\/strong> Projecte que sorgeix per innovar, incloure, avan\u00e7ar, sistematitzar i organitzar accions educatives que tinguin la finalitat d&#8217;afrontar, des de l&#8217;educaci\u00f3, els nous reptes i valors de la sostenibilitat.<\/td>\n<\/tr>\n<tr>\n<td style=\"width: 25.2272%;\"><a href=\"http:\/\/www.cealtcamp.cat\/\" target=\"_blank\" rel=\"noopener\"><img loading=\"lazy\" decoding=\"async\" class=\"aligncenter wp-image-2567 size-full\" src=\"https:\/\/agora.xtec.cat\/ceip-escola-enxaneta\/wp-content\/uploads\/usu1637\/2024\/03\/logo-pla-catala-esport.jpg\" alt=\"\" width=\"650\" height=\"260\" srcset=\"https:\/\/agora.xtec.cat\/ceip-escola-enxaneta\/wp-content\/uploads\/usu1637\/2024\/03\/logo-pla-catala-esport.jpg 650w, https:\/\/agora.xtec.cat\/ceip-escola-enxaneta\/wp-content\/uploads\/usu1637\/2024\/03\/logo-pla-catala-esport-300x120.jpg 300w\" sizes=\"auto, (max-width: 650px) 100vw, 650px\" \/><\/a><\/td>\n<td style=\"width: 74.7728%; text-align: justify;\"><strong>PLA CATAL\u00c0 DE L&#8217;ESPORT ESCOLAR: <\/strong>P\u00e0gina del Consell Esportiu de l&#8217;Alt Camp des d&#8217;on es gestionen les activitats esportives comarcals.<\/td>\n<\/tr>\n<tr>\n<td style=\"width: 25.2272%;\"><a href=\"https:\/\/xtec.gencat.cat\/ca\/comunitat\/salutescola\/suport-vital-als-centres-educatius\/\" target=\"_blank\" rel=\"noopener\"><img loading=\"lazy\" decoding=\"async\" class=\"aligncenter wp-image-2590 \" src=\"https:\/\/agora.xtec.cat\/ceip-escola-enxaneta\/wp-content\/uploads\/usu1637\/2024\/03\/svbe.jpg\" alt=\"\" width=\"168\" height=\"90\" srcset=\"https:\/\/agora.xtec.cat\/ceip-escola-enxaneta\/wp-content\/uploads\/usu1637\/2024\/03\/svbe.jpg 455w, https:\/\/agora.xtec.cat\/ceip-escola-enxaneta\/wp-content\/uploads\/usu1637\/2024\/03\/svbe-300x160.jpg 300w\" sizes=\"auto, (max-width: 168px) 100vw, 168px\" \/><\/a><\/td>\n<td style=\"width: 74.7728%; text-align: justify;\"><strong> SUPORT VITAL B\u00c0SIC ESCOLAR (SVBe):\u00a0<\/strong>Programa formatiu que permet a l&#8217;alumnat tenir recursos per saber com actuar en cas de presenciar una aturada cardiorespirat\u00f2ria.<\/td>\n<\/tr>\n<tr>\n<td style=\"width: 25.2272%;\"><a href=\"https:\/\/www.projecterius.cat\/front\" target=\"_blank\" rel=\"noopener\"><img loading=\"lazy\" decoding=\"async\" class=\"aligncenter wp-image-2642\" src=\"https:\/\/agora.xtec.cat\/ceip-escola-enxaneta\/wp-content\/uploads\/usu1637\/2024\/03\/projecte-rius-150x113.gif\" alt=\"\" width=\"104\" height=\"78\" \/><\/a><\/td>\n<td style=\"width: 74.7728%; text-align: justify;\"><strong>PROJECTE RIUS: <\/strong>Projecte de participaci\u00f3 ciutadana i de voluntariat ambiental que apropa l&#8217;alumnat als rius i rieres per l&#8217;an\u00e0lisi, seguiment i millora dels <strong>ecosistemes fluvials.<\/strong><\/td>\n<\/tr>\n<tr>\n<td style=\"width: 25.2272%;\"><a href=\"https:\/\/lecxit.cat\/\" target=\"_blank\" rel=\"noopener\"><img loading=\"lazy\" decoding=\"async\" class=\"aligncenter wp-image-2591\" src=\"https:\/\/agora.xtec.cat\/ceip-escola-enxaneta\/wp-content\/uploads\/usu1637\/2024\/03\/Captura-lecxit.jpg\" alt=\"\" width=\"75\" height=\"67\" srcset=\"https:\/\/agora.xtec.cat\/ceip-escola-enxaneta\/wp-content\/uploads\/usu1637\/2024\/03\/Captura-lecxit.jpg 349w, https:\/\/agora.xtec.cat\/ceip-escola-enxaneta\/wp-content\/uploads\/usu1637\/2024\/03\/Captura-lecxit-300x267.jpg 300w\" sizes=\"auto, (max-width: 75px) 100vw, 75px\" \/><\/a><\/td>\n<td style=\"width: 74.7728%; text-align: justify;\"><strong>LEXCIT: <\/strong>Programa de la\u00a0Fundaci\u00f3 Bofill\u00a0que t\u00e9 per objectiu impulsar l\u2019\u00e8xit educatiu a trav\u00e9s de la millora de la comprensi\u00f3 lectora.<\/td>\n<\/tr>\n<tr>\n<td style=\"width: 25.2272%;\"><a href=\"https:\/\/www.omnium.cat\/ca\/projectes\/vincles\/\" target=\"_blank\" rel=\"noopener\"><img loading=\"lazy\" decoding=\"async\" class=\"aligncenter wp-image-2593\" src=\"https:\/\/agora.xtec.cat\/ceip-escola-enxaneta\/wp-content\/uploads\/usu1637\/2024\/03\/Captura-vincles.jpg\" alt=\"\" width=\"155\" height=\"76\" srcset=\"https:\/\/agora.xtec.cat\/ceip-escola-enxaneta\/wp-content\/uploads\/usu1637\/2024\/03\/Captura-vincles.jpg 1585w, https:\/\/agora.xtec.cat\/ceip-escola-enxaneta\/wp-content\/uploads\/usu1637\/2024\/03\/Captura-vincles-300x147.jpg 300w, https:\/\/agora.xtec.cat\/ceip-escola-enxaneta\/wp-content\/uploads\/usu1637\/2024\/03\/Captura-vincles-1024x501.jpg 1024w, https:\/\/agora.xtec.cat\/ceip-escola-enxaneta\/wp-content\/uploads\/usu1637\/2024\/03\/Captura-vincles-768x376.jpg 768w, https:\/\/agora.xtec.cat\/ceip-escola-enxaneta\/wp-content\/uploads\/usu1637\/2024\/03\/Captura-vincles-1536x752.jpg 1536w\" sizes=\"auto, (max-width: 155px) 100vw, 155px\" \/><\/a><\/td>\n<td style=\"width: 74.7728%;\"><strong>VINCLES:\u00a0<\/strong>Programa d&#8217;\u00d2mnium a on es promouen trobades ling\u00fc\u00edstiques per fomentar la vinculaci\u00f3, la conversa i l&#8217;aprenentatge informal de la llengua catalana.<\/td>\n<\/tr>\n<\/tbody>\n<\/table>\n<p>&nbsp;<\/p>\n","protected":false},"excerpt":{"rendered":"<p>&nbsp; XARXA DE TRANSFORMACI\u00d3 EDUCATIVA:\u00a0Des de la Xarxa de Transformaci\u00f3 es promou l\u2019actualitzaci\u00f3 del projecte educatiu dels centres participants amb l\u2019acompanyament professional i la dotaci\u00f3 dels recursos i les eines necess\u00e0ries per impulsar processos de transformaci\u00f3 educativa en els \u00e0mbits de l\u2019organitzaci\u00f3, les metodologies d\u2019ensenyament i aprenentatge, i el treball en xarxa intern i amb [&hellip;]<\/p>\n","protected":false},"author":3,"featured_media":0,"parent":7,"menu_order":4,"comment_status":"closed","ping_status":"closed","template":"page-templates\/side-menu.php","meta":{"_bbp_topic_count":0,"_bbp_reply_count":0,"_bbp_total_topic_count":0,"_bbp_total_reply_count":0,"_bbp_voice_count":0,"_bbp_anonymous_reply_count":0,"_bbp_topic_count_hidden":0,"_bbp_reply_count_hidden":0,"_bbp_forum_subforum_count":0,"site-sidebar-layout":"default","site-content-layout":"","ast-site-content-layout":"","site-content-style":"default","site-sidebar-style":"default","ast-global-header-display":"","ast-banner-title-visibility":"","ast-main-header-display":"","ast-hfb-above-header-display":"","ast-hfb-below-header-display":"","ast-hfb-mobile-header-display":"","site-post-title":"","ast-breadcrumbs-content":"","ast-featured-img":"","footer-sml-layout":"","theme-transparent-header-meta":"","adv-header-id-meta":"","stick-header-meta":"","header-above-stick-meta":"","header-main-stick-meta":"","header-below-stick-meta":"","astra-migrate-meta-layouts":"default","ast-page-background-enabled":"default","ast-page-background-meta":{"desktop":{"background-color":"var(--ast-global-color-4)","background-image":"","background-repeat":"repeat","background-position":"center center","background-size":"auto","background-attachment":"scroll","background-type":"","background-media":"","overlay-type":"","overlay-color":"","overlay-opacity":"","overlay-gradient":""},"tablet":{"background-color":"","background-image":"","background-repeat":"repeat","background-position":"center center","background-size":"auto","background-attachment":"scroll","background-type":"","background-media":"","overlay-type":"","overlay-color":"","overlay-opacity":"","overlay-gradient":""},"mobile":{"background-color":"","background-image":"","background-repeat":"repeat","background-position":"center center","background-size":"auto","background-attachment":"scroll","background-type":"","background-media":"","overlay-type":"","overlay-color":"","overlay-opacity":"","overlay-gradient":""}},"ast-content-background-meta":{"desktop":{"background-color":"var(--ast-global-color-5)","background-image":"","background-repeat":"repeat","background-position":"center center","background-size":"auto","background-attachment":"scroll","background-type":"","background-media":"","overlay-type":"","overlay-color":"","overlay-opacity":"","overlay-gradient":""},"tablet":{"background-color":"var(--ast-global-color-5)","background-image":"","background-repeat":"repeat","background-position":"center center","background-size":"auto","background-attachment":"scroll","background-type":"","background-media":"","overlay-type":"","overlay-color":"","overlay-opacity":"","overlay-gradient":""},"mobile":{"background-color":"var(--ast-global-color-5)","background-image":"","background-repeat":"repeat","background-position":"center center","background-size":"auto","background-attachment":"scroll","background-type":"","background-media":"","overlay-type":"","overlay-color":"","overlay-opacity":"","overlay-gradient":""}},"footnotes":""},"class_list":["post-667","page","type-page","status-publish","hentry"],"post_mailing_queue_ids":[],"_links":{"self":[{"href":"https:\/\/agora.xtec.cat\/ceip-escola-enxaneta\/wp-json\/wp\/v2\/pages\/667","targetHints":{"allow":["GET"]}}],"collection":[{"href":"https:\/\/agora.xtec.cat\/ceip-escola-enxaneta\/wp-json\/wp\/v2\/pages"}],"about":[{"href":"https:\/\/agora.xtec.cat\/ceip-escola-enxaneta\/wp-json\/wp\/v2\/types\/page"}],"author":[{"embeddable":true,"href":"https:\/\/agora.xtec.cat\/ceip-escola-enxaneta\/wp-json\/wp\/v2\/users\/3"}],"replies":[{"embeddable":true,"href":"https:\/\/agora.xtec.cat\/ceip-escola-enxaneta\/wp-json\/wp\/v2\/comments?post=667"}],"version-history":[{"count":6,"href":"https:\/\/agora.xtec.cat\/ceip-escola-enxaneta\/wp-json\/wp\/v2\/pages\/667\/revisions"}],"predecessor-version":[{"id":3247,"href":"https:\/\/agora.xtec.cat\/ceip-escola-enxaneta\/wp-json\/wp\/v2\/pages\/667\/revisions\/3247"}],"up":[{"embeddable":true,"href":"https:\/\/agora.xtec.cat\/ceip-escola-enxaneta\/wp-json\/wp\/v2\/pages\/7"}],"wp:attachment":[{"href":"https:\/\/agora.xtec.cat\/ceip-escola-enxaneta\/wp-json\/wp\/v2\/media?parent=667"}],"curies":[{"name":"wp","href":"https:\/\/api.w.org\/{rel}","templated":true}]}}