{"id":32,"date":"2014-09-18T12:31:33","date_gmt":"2014-09-18T11:31:33","guid":{"rendered":"http:\/\/agora.xtec.cat\/ceip-escola-enxaneta\/?page_id=32"},"modified":"2025-10-20T23:30:17","modified_gmt":"2025-10-20T21:30:17","slug":"calendari-del-curs","status":"publish","type":"page","link":"https:\/\/agora.xtec.cat\/ceip-escola-enxaneta\/lescola\/calendari-del-curs\/","title":{"rendered":"Calendari del curs 2025 &#8211; 2026"},"content":{"rendered":"<p><strong>Inici classes<\/strong><\/p>\n<p>8 de setembre del 2025<\/p>\n<p><strong>Vacances Nadal<\/strong><\/p>\n<p>Del 20 de desembre del 2025 al 7 de gener del 2026 (ambd\u00f3s inclosos)<\/p>\n<p><strong>Vacances de Setmana Santa<\/strong><\/p>\n<p>Del 28 de mar\u00e7 al 6 d&#8217;abril del 2026 (ambd\u00f3s inclosos)<\/p>\n<p><strong>Final de classes:<\/strong><\/p>\n<p>19 de juny de 2026<\/p>\n<p><strong>Dies de festa local:<\/strong><\/p>\n<p>2 de febrer de 2026<\/p>\n<p><strong>Dies festius de lliure disposici\u00f3:<\/strong><\/p>\n<p>10 d&#8217;octubre de 2025<\/p>\n<p>3 de novembre de 2025<\/p>\n<p>3 de febrer de 2026<\/p>\n<p>27 de febrer de 2026<\/p>\n<p>4 de maig de 2026<\/p>\n<p><strong>Horari marc:\u00a0<\/strong>De 9 a 12:30h i de 14:30 a 16h.<\/p>\n<p><strong>Horari de la jornada continuada (19 de desembre i del 8 al 19 de juny): <\/strong>De 9 a 13h.<\/p>\n","protected":false},"excerpt":{"rendered":"<p>Inici classes 8 de setembre del 2025 Vacances Nadal Del 20 de desembre del 2025 al 7 de gener del 2026 (ambd\u00f3s inclosos) Vacances de Setmana Santa Del 28 de mar\u00e7 al 6 d&#8217;abril del 2026 (ambd\u00f3s inclosos) Final de classes: 19 de juny de 2026 Dies de festa local: 2 de febrer de 2026 [&hellip;]<\/p>\n","protected":false},"author":1,"featured_media":0,"parent":22,"menu_order":50,"comment_status":"closed","ping_status":"closed","template":"page-templates\/side-menu.php","meta":{"_bbp_topic_count":0,"_bbp_reply_count":0,"_bbp_total_topic_count":0,"_bbp_total_reply_count":0,"_bbp_voice_count":0,"_bbp_anonymous_reply_count":0,"_bbp_topic_count_hidden":0,"_bbp_reply_count_hidden":0,"_bbp_forum_subforum_count":0,"site-sidebar-layout":"default","site-content-layout":"","ast-site-content-layout":"","site-content-style":"default","site-sidebar-style":"default","ast-global-header-display":"","ast-banner-title-visibility":"","ast-main-header-display":"","ast-hfb-above-header-display":"","ast-hfb-below-header-display":"","ast-hfb-mobile-header-display":"","site-post-title":"","ast-breadcrumbs-content":"","ast-featured-img":"","footer-sml-layout":"","theme-transparent-header-meta":"","adv-header-id-meta":"","stick-header-meta":"","header-above-stick-meta":"","header-main-stick-meta":"","header-below-stick-meta":"","astra-migrate-meta-layouts":"default","ast-page-background-enabled":"default","ast-page-background-meta":{"desktop":{"background-color":"var(--ast-global-color-4)","background-image":"","background-repeat":"repeat","background-position":"center center","background-size":"auto","background-attachment":"scroll","background-type":"","background-media":"","overlay-type":"","overlay-color":"","overlay-opacity":"","overlay-gradient":""},"tablet":{"background-color":"","background-image":"","background-repeat":"repeat","background-position":"center center","background-size":"auto","background-attachment":"scroll","background-type":"","background-media":"","overlay-type":"","overlay-color":"","overlay-opacity":"","overlay-gradient":""},"mobile":{"background-color":"","background-image":"","background-repeat":"repeat","background-position":"center center","background-size":"auto","background-attachment":"scroll","background-type":"","background-media":"","overlay-type":"","overlay-color":"","overlay-opacity":"","overlay-gradient":""}},"ast-content-background-meta":{"desktop":{"background-color":"var(--ast-global-color-5)","background-image":"","background-repeat":"repeat","background-position":"center center","background-size":"auto","background-attachment":"scroll","background-type":"","background-media":"","overlay-type":"","overlay-color":"","overlay-opacity":"","overlay-gradient":""},"tablet":{"background-color":"var(--ast-global-color-5)","background-image":"","background-repeat":"repeat","background-position":"center center","background-size":"auto","background-attachment":"scroll","background-type":"","background-media":"","overlay-type":"","overlay-color":"","overlay-opacity":"","overlay-gradient":""},"mobile":{"background-color":"var(--ast-global-color-5)","background-image":"","background-repeat":"repeat","background-position":"center center","background-size":"auto","background-attachment":"scroll","background-type":"","background-media":"","overlay-type":"","overlay-color":"","overlay-opacity":"","overlay-gradient":""}},"footnotes":""},"class_list":["post-32","page","type-page","status-publish","hentry"],"post_mailing_queue_ids":[],"_links":{"self":[{"href":"https:\/\/agora.xtec.cat\/ceip-escola-enxaneta\/wp-json\/wp\/v2\/pages\/32","targetHints":{"allow":["GET"]}}],"collection":[{"href":"https:\/\/agora.xtec.cat\/ceip-escola-enxaneta\/wp-json\/wp\/v2\/pages"}],"about":[{"href":"https:\/\/agora.xtec.cat\/ceip-escola-enxaneta\/wp-json\/wp\/v2\/types\/page"}],"author":[{"embeddable":true,"href":"https:\/\/agora.xtec.cat\/ceip-escola-enxaneta\/wp-json\/wp\/v2\/users\/1"}],"replies":[{"embeddable":true,"href":"https:\/\/agora.xtec.cat\/ceip-escola-enxaneta\/wp-json\/wp\/v2\/comments?post=32"}],"version-history":[{"count":6,"href":"https:\/\/agora.xtec.cat\/ceip-escola-enxaneta\/wp-json\/wp\/v2\/pages\/32\/revisions"}],"predecessor-version":[{"id":3190,"href":"https:\/\/agora.xtec.cat\/ceip-escola-enxaneta\/wp-json\/wp\/v2\/pages\/32\/revisions\/3190"}],"up":[{"embeddable":true,"href":"https:\/\/agora.xtec.cat\/ceip-escola-enxaneta\/wp-json\/wp\/v2\/pages\/22"}],"wp:attachment":[{"href":"https:\/\/agora.xtec.cat\/ceip-escola-enxaneta\/wp-json\/wp\/v2\/media?parent=32"}],"curies":[{"name":"wp","href":"https:\/\/api.w.org\/{rel}","templated":true}]}}