{"id":28,"date":"2014-09-18T12:29:35","date_gmt":"2014-09-18T11:29:35","guid":{"rendered":"http:\/\/agora.xtec.cat\/ceip-escola-enxaneta\/?page_id=28"},"modified":"2026-02-09T10:58:43","modified_gmt":"2026-02-09T09:58:43","slug":"consell-escolar","status":"publish","type":"page","link":"https:\/\/agora.xtec.cat\/ceip-escola-enxaneta\/lescola\/consell-escolar\/","title":{"rendered":"Consell escolar"},"content":{"rendered":"<table style=\"width: 50.8386%; height: 528px;\" width=\"636\">\n<tbody>\n<tr style=\"height: 33px;\">\n<td style=\"height: 33px; width: 39.7163%;\" width=\"354\">Rosa Cat\u00e0 Pros<\/td>\n<td style=\"height: 33px; width: 38.6525%;\" width=\"281\">DIRECTORA<\/td>\n<\/tr>\n<tr style=\"height: 33px;\">\n<td style=\"height: 33px; width: 39.7163%;\" width=\"354\">Maite Sorroche Galera<\/td>\n<td style=\"height: 33px; width: 38.6525%;\" width=\"281\">CAP D\u2019ESTUDIS<\/td>\n<\/tr>\n<tr style=\"height: 33px;\">\n<td style=\"height: 33px; width: 39.7163%;\" width=\"354\">Al\u00e8xia Sanchez Ribera<\/td>\n<td style=\"height: 198px; width: 38.6525%;\" rowspan=\"6\" width=\"281\">REPRESENTANTS MESTRES<\/td>\n<\/tr>\n<tr style=\"height: 33px;\">\n<td style=\"height: 33px; width: 39.7163%;\" width=\"354\">Aida Garcia Secall<\/td>\n<\/tr>\n<tr style=\"height: 33px;\">\n<td style=\"height: 33px; width: 39.7163%;\" width=\"354\">S\u00f2nia Quir\u00f3s Tombas<\/td>\n<\/tr>\n<tr style=\"height: 33px;\">\n<td style=\"height: 33px; width: 39.7163%;\" width=\"354\">J\u00e8ssica Francino Fusalba<\/td>\n<\/tr>\n<tr style=\"height: 33px;\">\n<td style=\"height: 33px; width: 39.7163%;\" width=\"354\">J\u00e8ssica Junqu\u00e9 Jim\u00e9nez<\/td>\n<\/tr>\n<tr style=\"height: 33px;\">\n<td style=\"height: 33px; width: 39.7163%;\" width=\"354\">Mariona Banqu\u00e9 Salda\u00f1a<\/td>\n<\/tr>\n<tr style=\"height: 33px;\">\n<td style=\"height: 33px; width: 39.7163%;\" width=\"354\">Ramon Bernaus Mir\u00f3<\/td>\n<td style=\"height: 33px; width: 38.6525%;\" width=\"281\">REPRESENTANT AFA<\/td>\n<\/tr>\n<tr style=\"height: 33px;\">\n<td style=\"height: 33px; width: 39.7163%;\" width=\"354\">Clara Calbet Farr\u00e9<\/td>\n<td style=\"height: 165px; width: 38.6525%;\" rowspan=\"5\" width=\"281\">REPRESENTANTS FAM\u00cdLIES<\/td>\n<\/tr>\n<tr style=\"height: 33px;\">\n<td style=\"height: 33px; width: 39.7163%;\" width=\"354\">Saida Ben Abdelkrim<\/td>\n<\/tr>\n<tr style=\"height: 33px;\">\n<td style=\"height: 33px; width: 39.7163%;\" width=\"354\">D\u00e8lia Batet Rius<\/td>\n<\/tr>\n<tr style=\"height: 33px;\">\n<td style=\"height: 33px; width: 39.7163%;\" width=\"354\">Laia Escoda Cusid\u00f3<\/td>\n<\/tr>\n<tr style=\"height: 33px;\">\n<td style=\"height: 33px; width: 39.7163%;\" width=\"354\">Llu\u00eds Booth Olesti<\/td>\n<\/tr>\n<tr style=\"height: 33px;\">\n<td style=\"height: 33px; width: 39.7163%;\" width=\"354\">S\u00f2nia Suri\u00f1ach Perdigo<\/td>\n<td style=\"height: 33px; width: 38.6525%;\" width=\"281\">REPRESENTANT PAE<\/td>\n<\/tr>\n<tr>\n<td style=\"width: 39.7163%;\">Francesc Recasens Andreu<\/td>\n<td style=\"width: 38.6525%;\">REPRESENTANT PAS<\/td>\n<\/tr>\n<tr style=\"height: 33px;\">\n<td style=\"height: 33px; width: 39.7163%;\" width=\"354\">Joan Ibarra Rodr\u00edguez<\/td>\n<td style=\"height: 33px; width: 38.6525%;\" width=\"281\">REPRESENTANT AJUNTAMENT<\/td>\n<\/tr>\n<\/tbody>\n<\/table>\n<p>&nbsp;<\/p>\n<table width=\"636\">\n<tbody>\n<tr>\n<td width=\"354\">Rosa Sebasti\u00e1n Hern\u00e1ndez<\/td>\n<td width=\"281\">Secret\u00e0ria (amb veu i sense vot)<\/td>\n<\/tr>\n<\/tbody>\n<\/table>\n<p>&nbsp;<\/p>\n","protected":false},"excerpt":{"rendered":"<p>Rosa Cat\u00e0 Pros DIRECTORA Maite Sorroche Galera CAP D\u2019ESTUDIS Al\u00e8xia Sanchez Ribera REPRESENTANTS MESTRES Aida Garcia Secall S\u00f2nia Quir\u00f3s Tombas J\u00e8ssica Francino Fusalba J\u00e8ssica Junqu\u00e9 Jim\u00e9nez Mariona Banqu\u00e9 Salda\u00f1a Ramon Bernaus Mir\u00f3 REPRESENTANT AFA Clara Calbet Farr\u00e9 REPRESENTANTS FAM\u00cdLIES Saida Ben Abdelkrim D\u00e8lia Batet Rius Laia Escoda Cusid\u00f3 Llu\u00eds Booth Olesti S\u00f2nia Suri\u00f1ach Perdigo REPRESENTANT [&hellip;]<\/p>\n","protected":false},"author":1,"featured_media":0,"parent":22,"menu_order":30,"comment_status":"closed","ping_status":"closed","template":"page-templates\/side-menu.php","meta":{"_bbp_topic_count":0,"_bbp_reply_count":0,"_bbp_total_topic_count":0,"_bbp_total_reply_count":0,"_bbp_voice_count":0,"_bbp_anonymous_reply_count":0,"_bbp_topic_count_hidden":0,"_bbp_reply_count_hidden":0,"_bbp_forum_subforum_count":0,"site-sidebar-layout":"default","site-content-layout":"","ast-site-content-layout":"","site-content-style":"default","site-sidebar-style":"default","ast-global-header-display":"","ast-banner-title-visibility":"","ast-main-header-display":"","ast-hfb-above-header-display":"","ast-hfb-below-header-display":"","ast-hfb-mobile-header-display":"","site-post-title":"","ast-breadcrumbs-content":"","ast-featured-img":"","footer-sml-layout":"","theme-transparent-header-meta":"","adv-header-id-meta":"","stick-header-meta":"","header-above-stick-meta":"","header-main-stick-meta":"","header-below-stick-meta":"","astra-migrate-meta-layouts":"default","ast-page-background-enabled":"default","ast-page-background-meta":{"desktop":{"background-color":"var(--ast-global-color-4)","background-image":"","background-repeat":"repeat","background-position":"center center","background-size":"auto","background-attachment":"scroll","background-type":"","background-media":"","overlay-type":"","overlay-color":"","overlay-opacity":"","overlay-gradient":""},"tablet":{"background-color":"","background-image":"","background-repeat":"repeat","background-position":"center center","background-size":"auto","background-attachment":"scroll","background-type":"","background-media":"","overlay-type":"","overlay-color":"","overlay-opacity":"","overlay-gradient":""},"mobile":{"background-color":"","background-image":"","background-repeat":"repeat","background-position":"center center","background-size":"auto","background-attachment":"scroll","background-type":"","background-media":"","overlay-type":"","overlay-color":"","overlay-opacity":"","overlay-gradient":""}},"ast-content-background-meta":{"desktop":{"background-color":"var(--ast-global-color-5)","background-image":"","background-repeat":"repeat","background-position":"center center","background-size":"auto","background-attachment":"scroll","background-type":"","background-media":"","overlay-type":"","overlay-color":"","overlay-opacity":"","overlay-gradient":""},"tablet":{"background-color":"var(--ast-global-color-5)","background-image":"","background-repeat":"repeat","background-position":"center center","background-size":"auto","background-attachment":"scroll","background-type":"","background-media":"","overlay-type":"","overlay-color":"","overlay-opacity":"","overlay-gradient":""},"mobile":{"background-color":"var(--ast-global-color-5)","background-image":"","background-repeat":"repeat","background-position":"center center","background-size":"auto","background-attachment":"scroll","background-type":"","background-media":"","overlay-type":"","overlay-color":"","overlay-opacity":"","overlay-gradient":""}},"footnotes":""},"class_list":["post-28","page","type-page","status-publish","hentry"],"post_mailing_queue_ids":[],"_links":{"self":[{"href":"https:\/\/agora.xtec.cat\/ceip-escola-enxaneta\/wp-json\/wp\/v2\/pages\/28","targetHints":{"allow":["GET"]}}],"collection":[{"href":"https:\/\/agora.xtec.cat\/ceip-escola-enxaneta\/wp-json\/wp\/v2\/pages"}],"about":[{"href":"https:\/\/agora.xtec.cat\/ceip-escola-enxaneta\/wp-json\/wp\/v2\/types\/page"}],"author":[{"embeddable":true,"href":"https:\/\/agora.xtec.cat\/ceip-escola-enxaneta\/wp-json\/wp\/v2\/users\/1"}],"replies":[{"embeddable":true,"href":"https:\/\/agora.xtec.cat\/ceip-escola-enxaneta\/wp-json\/wp\/v2\/comments?post=28"}],"version-history":[{"count":6,"href":"https:\/\/agora.xtec.cat\/ceip-escola-enxaneta\/wp-json\/wp\/v2\/pages\/28\/revisions"}],"predecessor-version":[{"id":2693,"href":"https:\/\/agora.xtec.cat\/ceip-escola-enxaneta\/wp-json\/wp\/v2\/pages\/28\/revisions\/2693"}],"up":[{"embeddable":true,"href":"https:\/\/agora.xtec.cat\/ceip-escola-enxaneta\/wp-json\/wp\/v2\/pages\/22"}],"wp:attachment":[{"href":"https:\/\/agora.xtec.cat\/ceip-escola-enxaneta\/wp-json\/wp\/v2\/media?parent=28"}],"curies":[{"name":"wp","href":"https:\/\/api.w.org\/{rel}","templated":true}]}}