{"id":2440,"date":"2024-03-04T11:23:23","date_gmt":"2024-03-04T10:23:23","guid":{"rendered":"https:\/\/agora.xtec.cat\/ceip-escola-enxaneta\/?page_id=2440"},"modified":"2026-04-29T11:09:19","modified_gmt":"2026-04-29T09:09:19","slug":"matriculacio","status":"publish","type":"page","link":"https:\/\/agora.xtec.cat\/ceip-escola-enxaneta\/matriculacio\/","title":{"rendered":"MATRICULACI\u00d3"},"content":{"rendered":"<p style=\"text-align: justify;\">Benvolgudes fam\u00edlies,<\/p>\n<p style=\"text-align: justify;\">aqu\u00ed teniu enlla\u00e7ada tota la informaci\u00f3 referent a la preinscripci\u00f3 de cara al curs vinent.<\/p>\n<p>Per qualsevol dubte podeu contactar al 977.60.05.08<\/p>\n<h4>\u00a0<\/h4>\n<h4><strong>PUBLICACIONS CURS 2026-2027:<\/strong><\/h4>\n<p><a href=\"https:\/\/agora.xtec.cat\/ceip-escola-enxaneta\/wp-content\/uploads\/usu1637\/2026\/04\/5.-INFORME_BAREM_DEFINITIU_BAREM.pdf\">PUBLICACI\u00d3 DE LA LLISTA DE SOL\u00b7LICITUDS QUE HAN DEMANAT EL CENTRE I &#8216;ENSENYAMENT EN PRIMERA PETICI\u00d3 ORDENADA &#8211; \u00a029\/04\/2026<\/a><\/p>\n<p><a style=\"font-size: revert; background-color: rgba(0, 0, 0, 0); font-weight: inherit;\" href=\"https:\/\/agora.xtec.cat\/ceip-escola-enxaneta\/wp-content\/uploads\/usu1637\/2026\/04\/4.-INFORME_RECLAMACIONS-RESOLTES__BAREM.pdf\" target=\"_blank\" rel=\"noopener\">PUBLICACI\u00d3 DE LA LLISTA DE SOL\u00b7LICITUDS QUE HAN DEMANAT EL CENTRE I L&#8217;ENSENYAMENT EN PRIMERA PETICI\u00d3 AMB LA PUNTUACI\u00d3 RESOLTES LES RECLAMACIONS &#8211; 23\/04\/2026<\/a><\/p>\n<p><a href=\"https:\/\/agora.xtec.cat\/ceip-escola-enxaneta\/wp-content\/uploads\/usu1637\/2026\/04\/3.-INFORME_BAREM_PROVISIONAL_BAREM.pdf\" rel=\"noopener\">PUBLICACI\u00d3 DE LA LLISTA DE SOL\u00b7LICITUD QUE\u00a0 HAN DEMANAT EL CENTRE I L&#8217;ENSENYAMENT EN PRIMERA PETICI\u00d3 AMB LA PUNTUACI\u00d3 PROVISIONAL 15\/04\/2026<\/a><\/p>\n<p><a href=\"https:\/\/agora.xtec.cat\/ceip-escola-enxaneta\/wp-content\/uploads\/usu1637\/2026\/03\/INFORME_OFERTA_OME_INFORME_OFERTA_INICIAL.pdf\" target=\"_blank\" rel=\"noopener\">PUBLICACI\u00d3 DE L&#8217;OFERTA INICIAL DE PLACES &#8211; 03\/03\/2026<\/a><\/p>\n<h5 style=\"text-align: justify;\"><strong>INFORMACI\u00d3 P\u00daBLICA DEL DEPARTAMENT D&#8217;EDUCACI\u00d3 <\/strong><\/h5>\n<p style=\"text-align: justify;\">Enlla\u00e7os a la web de preinscripci\u00f3 escolar del Departament d&#8217;Educaci\u00f3 amb tota la informaci\u00f3 necess\u00e0ria.<\/p>\n<p><a href=\"https:\/\/preinscripcio.gencat.cat\/ca\/estudis\/infantil-3-6\/preinscriute\/sollicitud\/\" target=\"_blank\" rel=\"noopener\"><img loading=\"lazy\" decoding=\"async\" class=\"alignleft wp-image-2453 \" src=\"https:\/\/agora.xtec.cat\/ceip-escola-enxaneta\/wp-content\/uploads\/usu1637\/2024\/03\/matricula-3-6-300x300.jpg\" alt=\"\" width=\"260\" height=\"260\" srcset=\"https:\/\/agora.xtec.cat\/ceip-escola-enxaneta\/wp-content\/uploads\/usu1637\/2024\/03\/matricula-3-6-300x300.jpg 300w, https:\/\/agora.xtec.cat\/ceip-escola-enxaneta\/wp-content\/uploads\/usu1637\/2024\/03\/matricula-3-6-150x150.jpg 150w, https:\/\/agora.xtec.cat\/ceip-escola-enxaneta\/wp-content\/uploads\/usu1637\/2024\/03\/matricula-3-6.jpg 411w\" sizes=\"auto, (max-width: 260px) 100vw, 260px\" \/><\/a> <a href=\"https:\/\/preinscripcio.gencat.cat\/ca\/estudis\/primaria\/preinscriute\/sollicitud\/\" target=\"_blank\" rel=\"noopener\"><img loading=\"lazy\" decoding=\"async\" class=\"alignleft wp-image-2454 \" src=\"https:\/\/agora.xtec.cat\/ceip-escola-enxaneta\/wp-content\/uploads\/usu1637\/2024\/03\/matricula-6-12-300x300.jpg\" alt=\"\" width=\"260\" height=\"260\" srcset=\"https:\/\/agora.xtec.cat\/ceip-escola-enxaneta\/wp-content\/uploads\/usu1637\/2024\/03\/matricula-6-12-300x300.jpg 300w, https:\/\/agora.xtec.cat\/ceip-escola-enxaneta\/wp-content\/uploads\/usu1637\/2024\/03\/matricula-6-12-150x150.jpg 150w, https:\/\/agora.xtec.cat\/ceip-escola-enxaneta\/wp-content\/uploads\/usu1637\/2024\/03\/matricula-6-12.jpg 404w\" sizes=\"auto, (max-width: 260px) 100vw, 260px\" \/><\/a><\/p>\n\n\n<p><\/p>\n","protected":false},"excerpt":{"rendered":"<p>Benvolgudes fam\u00edlies, aqu\u00ed teniu enlla\u00e7ada tota la informaci\u00f3 referent a la preinscripci\u00f3 de cara al curs vinent. Per qualsevol dubte podeu contactar al 977.60.05.08 \u00a0 PUBLICACIONS CURS 2026-2027: PUBLICACI\u00d3 DE LA LLISTA DE SOL\u00b7LICITUDS QUE HAN DEMANAT EL CENTRE I &#8216;ENSENYAMENT EN PRIMERA PETICI\u00d3 ORDENADA &#8211; \u00a029\/04\/2026 PUBLICACI\u00d3 DE LA LLISTA DE SOL\u00b7LICITUDS QUE HAN [&hellip;]<\/p>\n","protected":false},"author":1,"featured_media":0,"parent":0,"menu_order":0,"comment_status":"closed","ping_status":"closed","template":"","meta":{"_bbp_topic_count":0,"_bbp_reply_count":0,"_bbp_total_topic_count":0,"_bbp_total_reply_count":0,"_bbp_voice_count":0,"_bbp_anonymous_reply_count":0,"_bbp_topic_count_hidden":0,"_bbp_reply_count_hidden":0,"_bbp_forum_subforum_count":0,"site-sidebar-layout":"default","site-content-layout":"","ast-site-content-layout":"default","site-content-style":"default","site-sidebar-style":"default","ast-global-header-display":"","ast-banner-title-visibility":"","ast-main-header-display":"","ast-hfb-above-header-display":"","ast-hfb-below-header-display":"","ast-hfb-mobile-header-display":"","site-post-title":"","ast-breadcrumbs-content":"","ast-featured-img":"","footer-sml-layout":"","theme-transparent-header-meta":"","adv-header-id-meta":"","stick-header-meta":"","header-above-stick-meta":"","header-main-stick-meta":"","header-below-stick-meta":"","astra-migrate-meta-layouts":"set","ast-page-background-enabled":"default","ast-page-background-meta":{"desktop":{"background-color":"var(--ast-global-color-4)","background-image":"","background-repeat":"repeat","background-position":"center center","background-size":"auto","background-attachment":"scroll","background-type":"","background-media":"","overlay-type":"","overlay-color":"","overlay-opacity":"","overlay-gradient":""},"tablet":{"background-color":"","background-image":"","background-repeat":"repeat","background-position":"center center","background-size":"auto","background-attachment":"scroll","background-type":"","background-media":"","overlay-type":"","overlay-color":"","overlay-opacity":"","overlay-gradient":""},"mobile":{"background-color":"","background-image":"","background-repeat":"repeat","background-position":"center center","background-size":"auto","background-attachment":"scroll","background-type":"","background-media":"","overlay-type":"","overlay-color":"","overlay-opacity":"","overlay-gradient":""}},"ast-content-background-meta":{"desktop":{"background-color":"var(--ast-global-color-5)","background-image":"","background-repeat":"repeat","background-position":"center center","background-size":"auto","background-attachment":"scroll","background-type":"","background-media":"","overlay-type":"","overlay-color":"","overlay-opacity":"","overlay-gradient":""},"tablet":{"background-color":"var(--ast-global-color-5)","background-image":"","background-repeat":"repeat","background-position":"center center","background-size":"auto","background-attachment":"scroll","background-type":"","background-media":"","overlay-type":"","overlay-color":"","overlay-opacity":"","overlay-gradient":""},"mobile":{"background-color":"var(--ast-global-color-5)","background-image":"","background-repeat":"repeat","background-position":"center center","background-size":"auto","background-attachment":"scroll","background-type":"","background-media":"","overlay-type":"","overlay-color":"","overlay-opacity":"","overlay-gradient":""}},"footnotes":""},"class_list":["post-2440","page","type-page","status-publish","hentry"],"post_mailing_queue_ids":[],"_links":{"self":[{"href":"https:\/\/agora.xtec.cat\/ceip-escola-enxaneta\/wp-json\/wp\/v2\/pages\/2440","targetHints":{"allow":["GET"]}}],"collection":[{"href":"https:\/\/agora.xtec.cat\/ceip-escola-enxaneta\/wp-json\/wp\/v2\/pages"}],"about":[{"href":"https:\/\/agora.xtec.cat\/ceip-escola-enxaneta\/wp-json\/wp\/v2\/types\/page"}],"author":[{"embeddable":true,"href":"https:\/\/agora.xtec.cat\/ceip-escola-enxaneta\/wp-json\/wp\/v2\/users\/1"}],"replies":[{"embeddable":true,"href":"https:\/\/agora.xtec.cat\/ceip-escola-enxaneta\/wp-json\/wp\/v2\/comments?post=2440"}],"version-history":[{"count":5,"href":"https:\/\/agora.xtec.cat\/ceip-escola-enxaneta\/wp-json\/wp\/v2\/pages\/2440\/revisions"}],"predecessor-version":[{"id":3745,"href":"https:\/\/agora.xtec.cat\/ceip-escola-enxaneta\/wp-json\/wp\/v2\/pages\/2440\/revisions\/3745"}],"wp:attachment":[{"href":"https:\/\/agora.xtec.cat\/ceip-escola-enxaneta\/wp-json\/wp\/v2\/media?parent=2440"}],"curies":[{"name":"wp","href":"https:\/\/api.w.org\/{rel}","templated":true}]}}