{"id":1977,"date":"2024-01-28T13:10:50","date_gmt":"2024-01-28T12:10:50","guid":{"rendered":"https:\/\/agora.xtec.cat\/ceip-escola-enxaneta\/?page_id=1977"},"modified":"2024-10-22T19:33:49","modified_gmt":"2024-10-22T17:33:49","slug":"fotos","status":"publish","type":"page","link":"https:\/\/agora.xtec.cat\/ceip-escola-enxaneta\/fotos\/","title":{"rendered":"FOTOS"},"content":{"rendered":"<p>Benvingudes fam\u00edlies,<\/p>\n<p>aqu\u00ed teniu un enlla\u00e7 que us dirigir\u00e0 a la carpeta de fotos del curs del vostre fill\/a. La contrasenya que us ha facilitat la tutora l&#8217;haureu d&#8217;introduir per poder accedir a la seg\u00fcent p\u00e0gina.<\/p>\n<p>A continuaci\u00f3 teniu un tutorial per solucionar els petits dubtes que us puguin sorgir.<\/p>\n<p><a href=\"https:\/\/drive.google.com\/file\/d\/1WFwcHkmPaETeDLWa9DkLkt58vUahN_q8\/view?usp=drive_link\" target=\"_blank\" rel=\"noopener\"><img loading=\"lazy\" decoding=\"async\" class=\"wp-image-2319 alignnone\" src=\"https:\/\/agora.xtec.cat\/ceip-escola-enxaneta\/wp-content\/uploads\/usu1637\/2024\/01\/0-Acces-fotos.jpg\" alt=\"\" width=\"329\" height=\"104\" srcset=\"https:\/\/agora.xtec.cat\/ceip-escola-enxaneta\/wp-content\/uploads\/usu1637\/2024\/01\/0-Acces-fotos.jpg 819w, https:\/\/agora.xtec.cat\/ceip-escola-enxaneta\/wp-content\/uploads\/usu1637\/2024\/01\/0-Acces-fotos-300x95.jpg 300w, https:\/\/agora.xtec.cat\/ceip-escola-enxaneta\/wp-content\/uploads\/usu1637\/2024\/01\/0-Acces-fotos-768x243.jpg 768w\" sizes=\"auto, (max-width: 329px) 100vw, 329px\" \/><\/a><\/p>\n<p>&nbsp;<\/p>\n<p><a href=\" https:\/\/agora.xtec.cat\/ceip-escola-enxaneta\/fotos\/fotos-i3\/\"><img loading=\"lazy\" decoding=\"async\" class=\"alignnone wp-image-2320\" src=\"https:\/\/agora.xtec.cat\/ceip-escola-enxaneta\/wp-content\/uploads\/usu1637\/2024\/01\/1-I3.jpg\" alt=\"\" width=\"250\" height=\"76\" srcset=\"https:\/\/agora.xtec.cat\/ceip-escola-enxaneta\/wp-content\/uploads\/usu1637\/2024\/01\/1-I3.jpg 819w, https:\/\/agora.xtec.cat\/ceip-escola-enxaneta\/wp-content\/uploads\/usu1637\/2024\/01\/1-I3-300x91.jpg 300w, https:\/\/agora.xtec.cat\/ceip-escola-enxaneta\/wp-content\/uploads\/usu1637\/2024\/01\/1-I3-768x233.jpg 768w\" sizes=\"auto, (max-width: 250px) 100vw, 250px\" \/><\/a> \u00a0 <a href=\"https:\/\/agora.xtec.cat\/ceip-escola-enxaneta\/fotos\/fotos-i4\/\"><img loading=\"lazy\" decoding=\"async\" class=\"alignnone wp-image-2321\" src=\"https:\/\/agora.xtec.cat\/ceip-escola-enxaneta\/wp-content\/uploads\/usu1637\/2024\/01\/2-I4.jpg\" alt=\"\" width=\"249\" height=\"77\" srcset=\"https:\/\/agora.xtec.cat\/ceip-escola-enxaneta\/wp-content\/uploads\/usu1637\/2024\/01\/2-I4.jpg 821w, https:\/\/agora.xtec.cat\/ceip-escola-enxaneta\/wp-content\/uploads\/usu1637\/2024\/01\/2-I4-300x93.jpg 300w, https:\/\/agora.xtec.cat\/ceip-escola-enxaneta\/wp-content\/uploads\/usu1637\/2024\/01\/2-I4-768x238.jpg 768w\" sizes=\"auto, (max-width: 249px) 100vw, 249px\" \/><\/a> \u00a0 <a href=\"https:\/\/agora.xtec.cat\/ceip-escola-enxaneta\/fotos\/fotos-i5\/\"><img loading=\"lazy\" decoding=\"async\" class=\"alignnone wp-image-2322\" src=\"https:\/\/agora.xtec.cat\/ceip-escola-enxaneta\/wp-content\/uploads\/usu1637\/2024\/01\/3-I5.jpg\" alt=\"\" width=\"250\" height=\"77\" srcset=\"https:\/\/agora.xtec.cat\/ceip-escola-enxaneta\/wp-content\/uploads\/usu1637\/2024\/01\/3-I5.jpg 830w, https:\/\/agora.xtec.cat\/ceip-escola-enxaneta\/wp-content\/uploads\/usu1637\/2024\/01\/3-I5-300x93.jpg 300w, https:\/\/agora.xtec.cat\/ceip-escola-enxaneta\/wp-content\/uploads\/usu1637\/2024\/01\/3-I5-768x237.jpg 768w\" sizes=\"auto, (max-width: 250px) 100vw, 250px\" \/><\/a><\/p>\n<p><a href=\"https:\/\/agora.xtec.cat\/ceip-escola-enxaneta\/fotos\/fotos-1r\/\"><img loading=\"lazy\" decoding=\"async\" class=\"alignnone wp-image-2323\" src=\"https:\/\/agora.xtec.cat\/ceip-escola-enxaneta\/wp-content\/uploads\/usu1637\/2024\/01\/4-1r.jpg\" alt=\"\" width=\"251\" height=\"76\" srcset=\"https:\/\/agora.xtec.cat\/ceip-escola-enxaneta\/wp-content\/uploads\/usu1637\/2024\/01\/4-1r.jpg 834w, https:\/\/agora.xtec.cat\/ceip-escola-enxaneta\/wp-content\/uploads\/usu1637\/2024\/01\/4-1r-300x91.jpg 300w, https:\/\/agora.xtec.cat\/ceip-escola-enxaneta\/wp-content\/uploads\/usu1637\/2024\/01\/4-1r-768x233.jpg 768w\" sizes=\"auto, (max-width: 251px) 100vw, 251px\" \/><\/a> \u00a0<a href=\"https:\/\/agora.xtec.cat\/ceip-escola-enxaneta\/fotos\/fotos-2n\/\"><img loading=\"lazy\" decoding=\"async\" class=\"alignnone wp-image-2324\" src=\"https:\/\/agora.xtec.cat\/ceip-escola-enxaneta\/wp-content\/uploads\/usu1637\/2024\/01\/5-2n.jpg\" alt=\"\" width=\"250\" height=\"78\" srcset=\"https:\/\/agora.xtec.cat\/ceip-escola-enxaneta\/wp-content\/uploads\/usu1637\/2024\/01\/5-2n.jpg 827w, https:\/\/agora.xtec.cat\/ceip-escola-enxaneta\/wp-content\/uploads\/usu1637\/2024\/01\/5-2n-300x94.jpg 300w, https:\/\/agora.xtec.cat\/ceip-escola-enxaneta\/wp-content\/uploads\/usu1637\/2024\/01\/5-2n-768x240.jpg 768w\" sizes=\"auto, (max-width: 250px) 100vw, 250px\" \/><\/a>\u00a0 \u00a0\u00a0<a href=\"https:\/\/agora.xtec.cat\/ceip-escola-enxaneta\/fotos\/fotos-3r\/\"><img loading=\"lazy\" decoding=\"async\" class=\"alignnone wp-image-2325\" src=\"https:\/\/agora.xtec.cat\/ceip-escola-enxaneta\/wp-content\/uploads\/usu1637\/2024\/01\/6-3r.jpg\" alt=\"\" width=\"249\" height=\"76\" srcset=\"https:\/\/agora.xtec.cat\/ceip-escola-enxaneta\/wp-content\/uploads\/usu1637\/2024\/01\/6-3r.jpg 820w, https:\/\/agora.xtec.cat\/ceip-escola-enxaneta\/wp-content\/uploads\/usu1637\/2024\/01\/6-3r-300x91.jpg 300w, https:\/\/agora.xtec.cat\/ceip-escola-enxaneta\/wp-content\/uploads\/usu1637\/2024\/01\/6-3r-768x234.jpg 768w\" sizes=\"auto, (max-width: 249px) 100vw, 249px\" \/><\/a><\/p>\n<p><a href=\"https:\/\/agora.xtec.cat\/ceip-escola-enxaneta\/fotos\/fotos-4t\/\"><img loading=\"lazy\" decoding=\"async\" class=\"alignleft wp-image-2326\" src=\"https:\/\/agora.xtec.cat\/ceip-escola-enxaneta\/wp-content\/uploads\/usu1637\/2024\/01\/7-4t.jpg\" alt=\"\" width=\"251\" height=\"78\" srcset=\"https:\/\/agora.xtec.cat\/ceip-escola-enxaneta\/wp-content\/uploads\/usu1637\/2024\/01\/7-4t.jpg 827w, https:\/\/agora.xtec.cat\/ceip-escola-enxaneta\/wp-content\/uploads\/usu1637\/2024\/01\/7-4t-300x93.jpg 300w, https:\/\/agora.xtec.cat\/ceip-escola-enxaneta\/wp-content\/uploads\/usu1637\/2024\/01\/7-4t-768x239.jpg 768w\" sizes=\"auto, (max-width: 251px) 100vw, 251px\" \/><\/a> <a href=\"https:\/\/agora.xtec.cat\/ceip-escola-enxaneta\/fotos\/fotos-5e\/\"><img loading=\"lazy\" decoding=\"async\" class=\"alignnone wp-image-2327\" src=\"https:\/\/agora.xtec.cat\/ceip-escola-enxaneta\/wp-content\/uploads\/usu1637\/2024\/01\/8-5e.jpg\" alt=\"\" width=\"249\" height=\"76\" srcset=\"https:\/\/agora.xtec.cat\/ceip-escola-enxaneta\/wp-content\/uploads\/usu1637\/2024\/01\/8-5e.jpg 819w, https:\/\/agora.xtec.cat\/ceip-escola-enxaneta\/wp-content\/uploads\/usu1637\/2024\/01\/8-5e-300x92.jpg 300w, https:\/\/agora.xtec.cat\/ceip-escola-enxaneta\/wp-content\/uploads\/usu1637\/2024\/01\/8-5e-768x234.jpg 768w\" sizes=\"auto, (max-width: 249px) 100vw, 249px\" \/><\/a> \u00a0 <a style=\"font-family: inherit; font-size: 1em;\" href=\"https:\/\/agora.xtec.cat\/ceip-escola-enxaneta\/fotos\/fotos-6e\/\"><img loading=\"lazy\" decoding=\"async\" class=\"alignnone wp-image-2328\" src=\"https:\/\/agora.xtec.cat\/ceip-escola-enxaneta\/wp-content\/uploads\/usu1637\/2024\/01\/9-6e.jpg\" alt=\"\" width=\"249\" height=\"80\" srcset=\"https:\/\/agora.xtec.cat\/ceip-escola-enxaneta\/wp-content\/uploads\/usu1637\/2024\/01\/9-6e.jpg 819w, https:\/\/agora.xtec.cat\/ceip-escola-enxaneta\/wp-content\/uploads\/usu1637\/2024\/01\/9-6e-300x96.jpg 300w, https:\/\/agora.xtec.cat\/ceip-escola-enxaneta\/wp-content\/uploads\/usu1637\/2024\/01\/9-6e-768x247.jpg 768w\" sizes=\"auto, (max-width: 249px) 100vw, 249px\" \/><\/a><\/p>\n","protected":false},"excerpt":{"rendered":"<p>Benvingudes fam\u00edlies, aqu\u00ed teniu un enlla\u00e7 que us dirigir\u00e0 a la carpeta de fotos del curs del vostre fill\/a. La contrasenya que us ha facilitat la tutora l&#8217;haureu d&#8217;introduir per poder accedir a la seg\u00fcent p\u00e0gina. A continuaci\u00f3 teniu un tutorial per solucionar els petits dubtes que us puguin sorgir. &nbsp; \u00a0 \u00a0 \u00a0\u00a0 \u00a0\u00a0 [&hellip;]<\/p>\n","protected":false},"author":1,"featured_media":0,"parent":0,"menu_order":0,"comment_status":"closed","ping_status":"closed","template":"page-templates\/side-menu.php","meta":{"_bbp_topic_count":0,"_bbp_reply_count":0,"_bbp_total_topic_count":0,"_bbp_total_reply_count":0,"_bbp_voice_count":0,"_bbp_anonymous_reply_count":0,"_bbp_topic_count_hidden":0,"_bbp_reply_count_hidden":0,"_bbp_forum_subforum_count":0,"site-sidebar-layout":"default","site-content-layout":"","ast-site-content-layout":"","site-content-style":"default","site-sidebar-style":"default","ast-global-header-display":"","ast-banner-title-visibility":"","ast-main-header-display":"","ast-hfb-above-header-display":"","ast-hfb-below-header-display":"","ast-hfb-mobile-header-display":"","site-post-title":"","ast-breadcrumbs-content":"","ast-featured-img":"","footer-sml-layout":"","theme-transparent-header-meta":"","adv-header-id-meta":"","stick-header-meta":"","header-above-stick-meta":"","header-main-stick-meta":"","header-below-stick-meta":"","astra-migrate-meta-layouts":"default","ast-page-background-enabled":"default","ast-page-background-meta":{"desktop":{"background-color":"var(--ast-global-color-4)","background-image":"","background-repeat":"repeat","background-position":"center center","background-size":"auto","background-attachment":"scroll","background-type":"","background-media":"","overlay-type":"","overlay-color":"","overlay-opacity":"","overlay-gradient":""},"tablet":{"background-color":"","background-image":"","background-repeat":"repeat","background-position":"center center","background-size":"auto","background-attachment":"scroll","background-type":"","background-media":"","overlay-type":"","overlay-color":"","overlay-opacity":"","overlay-gradient":""},"mobile":{"background-color":"","background-image":"","background-repeat":"repeat","background-position":"center center","background-size":"auto","background-attachment":"scroll","background-type":"","background-media":"","overlay-type":"","overlay-color":"","overlay-opacity":"","overlay-gradient":""}},"ast-content-background-meta":{"desktop":{"background-color":"var(--ast-global-color-5)","background-image":"","background-repeat":"repeat","background-position":"center center","background-size":"auto","background-attachment":"scroll","background-type":"","background-media":"","overlay-type":"","overlay-color":"","overlay-opacity":"","overlay-gradient":""},"tablet":{"background-color":"var(--ast-global-color-5)","background-image":"","background-repeat":"repeat","background-position":"center center","background-size":"auto","background-attachment":"scroll","background-type":"","background-media":"","overlay-type":"","overlay-color":"","overlay-opacity":"","overlay-gradient":""},"mobile":{"background-color":"var(--ast-global-color-5)","background-image":"","background-repeat":"repeat","background-position":"center center","background-size":"auto","background-attachment":"scroll","background-type":"","background-media":"","overlay-type":"","overlay-color":"","overlay-opacity":"","overlay-gradient":""}},"footnotes":""},"class_list":["post-1977","page","type-page","status-publish","hentry"],"post_mailing_queue_ids":[],"_links":{"self":[{"href":"https:\/\/agora.xtec.cat\/ceip-escola-enxaneta\/wp-json\/wp\/v2\/pages\/1977","targetHints":{"allow":["GET"]}}],"collection":[{"href":"https:\/\/agora.xtec.cat\/ceip-escola-enxaneta\/wp-json\/wp\/v2\/pages"}],"about":[{"href":"https:\/\/agora.xtec.cat\/ceip-escola-enxaneta\/wp-json\/wp\/v2\/types\/page"}],"author":[{"embeddable":true,"href":"https:\/\/agora.xtec.cat\/ceip-escola-enxaneta\/wp-json\/wp\/v2\/users\/1"}],"replies":[{"embeddable":true,"href":"https:\/\/agora.xtec.cat\/ceip-escola-enxaneta\/wp-json\/wp\/v2\/comments?post=1977"}],"version-history":[{"count":7,"href":"https:\/\/agora.xtec.cat\/ceip-escola-enxaneta\/wp-json\/wp\/v2\/pages\/1977\/revisions"}],"predecessor-version":[{"id":2430,"href":"https:\/\/agora.xtec.cat\/ceip-escola-enxaneta\/wp-json\/wp\/v2\/pages\/1977\/revisions\/2430"}],"wp:attachment":[{"href":"https:\/\/agora.xtec.cat\/ceip-escola-enxaneta\/wp-json\/wp\/v2\/media?parent=1977"}],"curies":[{"name":"wp","href":"https:\/\/api.w.org\/{rel}","templated":true}]}}