{"id":1210,"date":"2019-06-28T09:56:32","date_gmt":"2019-06-28T07:56:32","guid":{"rendered":"http:\/\/agora.xtec.cat\/ceip-escola-enxaneta\/?page_id=1210"},"modified":"2026-03-02T13:44:05","modified_gmt":"2026-03-02T12:44:05","slug":"kon-tiki","status":"publish","type":"page","link":"https:\/\/agora.xtec.cat\/ceip-escola-enxaneta\/lescola\/kon-tiki\/","title":{"rendered":"Finestra a l&#8217;aula"},"content":{"rendered":"\n<p class=\"has-text-align-center has-medium-font-size\">\u00a0                                      REVISTA KON TIKI &#8211; FINESTRA A L&#8217;AULA<\/p>\n\n\n\n<figure class=\"wp-block-table aligncenter\"><table class=\"has-fixed-layout\"><tbody><tr><td class=\"has-text-align-left\" data-align=\"left\">L&#8217;HORA D&#8217;ESBARJO &#8211; FEBRER 2025<\/td><td class=\"has-text-align-center\" data-align=\"center\"><a href=\"https:\/\/agora.xtec.cat\/ceip-escola-enxaneta\/wp-content\/uploads\/usu1637\/2025\/06\/KONTIKI97.pdf\" target=\"_blank\" rel=\"noopener\">KON TIKI N\u00daM. 97<\/a><\/td><\/tr><tr><td class=\"has-text-align-left\" data-align=\"left\">EL TREBALL PER PROJECTES &#8211; JUNY 2024<\/td><td class=\"has-text-align-center\" data-align=\"center\"><a href=\"https:\/\/agora.xtec.cat\/ceip-escola-enxaneta\/wp-content\/uploads\/usu1637\/2025\/06\/KONTIKI96.pdf\" target=\"_blank\" rel=\"noopener\">KON TIKI N\u00daM. 96<\/a><\/td><\/tr><tr><td class=\"has-text-align-left\" data-align=\"left\">APRENENTATGE DE LA LECTOESCRIPTURA &#8211; FEBRER 2024<\/td><td class=\"has-text-align-center\" data-align=\"center\"><a href=\"https:\/\/drive.google.com\/file\/d\/1G1ejCt9mS7uhjEyZPOgS48HFdbzwwN21\/view?usp=sharing\" target=\"_blank\" rel=\"noopener\">KON TIKI N\u00daM. 95<\/a><\/td><\/tr><tr><td class=\"has-text-align-left\" data-align=\"left\">L&#8217;ART DE MEDITAR &#8211; JUNY 2023<\/td><td class=\"has-text-align-center\" data-align=\"center\"><a href=\"https:\/\/drive.google.com\/file\/d\/1Zrc2hAmYda1HqP9scauKXJW9Kk1D2mkp\/view?usp=sharing\" target=\"_blank\" rel=\"noopener\">KON TIKI N\u00daM. 94<\/a><\/td><\/tr><tr><td class=\"has-text-align-left\" data-align=\"left\">MIRADES EDUCATIVES &#8211; FEBRER 2023<\/td><td class=\"has-text-align-center\" data-align=\"center\"><a href=\"https:\/\/agora.xtec.cat\/ceip-escola-enxaneta\/wp-content\/uploads\/usu1637\/2025\/06\/KONTIKI93.pdf\" target=\"_blank\" rel=\"noopener\">KON TIKI N\u00daM. 93<\/a><\/td><\/tr><tr><td class=\"has-text-align-left\" data-align=\"left\">&nbsp;<\/td><td class=\"has-text-align-center\" data-align=\"center\">&nbsp;<\/td><\/tr><tr><td class=\"has-text-align-left\" data-align=\"left\">KON TIKI COMMEMORATIVA 50\u00e8 ANIVERSARI &#8211; JUNY 2019<\/td><td class=\"has-text-align-center\" data-align=\"center\"><a href=\"https:\/\/agora.xtec.cat\/ceip-escola-enxaneta\/wp-content\/uploads\/usu1637\/bp-attachments\/1207\/KON-TIKI-87-3_compressed-1.pdf\" target=\"_blank\" rel=\"noopener\">KON TIKI N\u00daM. 87<\/a><\/td><\/tr><\/tbody><\/table><\/figure>\n","protected":false},"excerpt":{"rendered":"<p>\u00a0 REVISTA KON TIKI &#8211; FINESTRA A L&#8217;AULA L&#8217;HORA D&#8217;ESBARJO &#8211; FEBRER 2025 KON TIKI N\u00daM. 97 EL TREBALL PER PROJECTES &#8211; JUNY 2024 KON TIKI N\u00daM. 96 APRENENTATGE DE LA LECTOESCRIPTURA &#8211; FEBRER 2024 KON TIKI N\u00daM. 95 L&#8217;ART DE MEDITAR &#8211; JUNY 2023 KON TIKI N\u00daM. 94 MIRADES EDUCATIVES &#8211; FEBRER 2023 KON [&hellip;]<\/p>\n","protected":false},"author":1,"featured_media":0,"parent":22,"menu_order":0,"comment_status":"closed","ping_status":"closed","template":"","meta":{"_bbp_topic_count":0,"_bbp_reply_count":0,"_bbp_total_topic_count":0,"_bbp_total_reply_count":0,"_bbp_voice_count":0,"_bbp_anonymous_reply_count":0,"_bbp_topic_count_hidden":0,"_bbp_reply_count_hidden":0,"_bbp_forum_subforum_count":0,"site-sidebar-layout":"default","site-content-layout":"","ast-site-content-layout":"default","site-content-style":"default","site-sidebar-style":"default","ast-global-header-display":"","ast-banner-title-visibility":"","ast-main-header-display":"","ast-hfb-above-header-display":"","ast-hfb-below-header-display":"","ast-hfb-mobile-header-display":"","site-post-title":"disabled","ast-breadcrumbs-content":"","ast-featured-img":"","footer-sml-layout":"","theme-transparent-header-meta":"","adv-header-id-meta":"","stick-header-meta":"","header-above-stick-meta":"","header-main-stick-meta":"","header-below-stick-meta":"","astra-migrate-meta-layouts":"set","ast-page-background-enabled":"default","ast-page-background-meta":{"desktop":{"background-color":"var(--ast-global-color-4)","background-image":"","background-repeat":"repeat","background-position":"center center","background-size":"auto","background-attachment":"scroll","background-type":"","background-media":"","overlay-type":"","overlay-color":"","overlay-opacity":"","overlay-gradient":""},"tablet":{"background-color":"","background-image":"","background-repeat":"repeat","background-position":"center center","background-size":"auto","background-attachment":"scroll","background-type":"","background-media":"","overlay-type":"","overlay-color":"","overlay-opacity":"","overlay-gradient":""},"mobile":{"background-color":"","background-image":"","background-repeat":"repeat","background-position":"center center","background-size":"auto","background-attachment":"scroll","background-type":"","background-media":"","overlay-type":"","overlay-color":"","overlay-opacity":"","overlay-gradient":""}},"ast-content-background-meta":{"desktop":{"background-color":"var(--ast-global-color-5)","background-image":"","background-repeat":"repeat","background-position":"center center","background-size":"auto","background-attachment":"scroll","background-type":"","background-media":"","overlay-type":"","overlay-color":"","overlay-opacity":"","overlay-gradient":""},"tablet":{"background-color":"var(--ast-global-color-5)","background-image":"","background-repeat":"repeat","background-position":"center center","background-size":"auto","background-attachment":"scroll","background-type":"","background-media":"","overlay-type":"","overlay-color":"","overlay-opacity":"","overlay-gradient":""},"mobile":{"background-color":"var(--ast-global-color-5)","background-image":"","background-repeat":"repeat","background-position":"center center","background-size":"auto","background-attachment":"scroll","background-type":"","background-media":"","overlay-type":"","overlay-color":"","overlay-opacity":"","overlay-gradient":""}},"footnotes":""},"class_list":["post-1210","page","type-page","status-publish","hentry"],"post_mailing_queue_ids":[],"_links":{"self":[{"href":"https:\/\/agora.xtec.cat\/ceip-escola-enxaneta\/wp-json\/wp\/v2\/pages\/1210","targetHints":{"allow":["GET"]}}],"collection":[{"href":"https:\/\/agora.xtec.cat\/ceip-escola-enxaneta\/wp-json\/wp\/v2\/pages"}],"about":[{"href":"https:\/\/agora.xtec.cat\/ceip-escola-enxaneta\/wp-json\/wp\/v2\/types\/page"}],"author":[{"embeddable":true,"href":"https:\/\/agora.xtec.cat\/ceip-escola-enxaneta\/wp-json\/wp\/v2\/users\/1"}],"replies":[{"embeddable":true,"href":"https:\/\/agora.xtec.cat\/ceip-escola-enxaneta\/wp-json\/wp\/v2\/comments?post=1210"}],"version-history":[{"count":6,"href":"https:\/\/agora.xtec.cat\/ceip-escola-enxaneta\/wp-json\/wp\/v2\/pages\/1210\/revisions"}],"predecessor-version":[{"id":3554,"href":"https:\/\/agora.xtec.cat\/ceip-escola-enxaneta\/wp-json\/wp\/v2\/pages\/1210\/revisions\/3554"}],"up":[{"embeddable":true,"href":"https:\/\/agora.xtec.cat\/ceip-escola-enxaneta\/wp-json\/wp\/v2\/pages\/22"}],"wp:attachment":[{"href":"https:\/\/agora.xtec.cat\/ceip-escola-enxaneta\/wp-json\/wp\/v2\/media?parent=1210"}],"curies":[{"name":"wp","href":"https:\/\/api.w.org\/{rel}","templated":true}]}}