{"id":34,"date":"2014-09-18T12:32:18","date_gmt":"2014-09-18T11:32:18","guid":{"rendered":"http:\/\/agora.xtec.cat\/ceip-ernest-lluch\/?page_id=34"},"modified":"2018-09-18T13:18:58","modified_gmt":"2018-09-18T11:18:58","slug":"oferta-educativa","status":"publish","type":"page","link":"https:\/\/agora.xtec.cat\/ceip-ernest-lluch\/lescola\/oferta-educativa\/","title":{"rendered":"QUI SOM"},"content":{"rendered":"<p>L&#8217;escola Ernest Lluch \u00e9s un centre p\u00fablic de doble l\u00ednia que imparteix les etapes d&#8217;Educaci\u00f3 Infantil i Prim\u00e0ria des del curs 2005-2006.<br \/>\n<strong><br \/>\n<span style=\"text-decoration: underline;\"><span style=\"color: #ff6600;\">TRETS D&#8217;IDENTITAT<\/span><\/span><br \/>\n<\/strong><br \/>\nL&#8217;escola t\u00e9 com a objectiu prioirtari la formaci\u00f3 integral de la persona fonmanetada en el desenvolupament de la seva capacitat de raonament i en l&#8217;educaci\u00f3 en els valors, i actituds de respecte, llibertat, solidaritat, cooperaci\u00f3, toler\u00e0ncia i integraci\u00f3. \u00c9s per aix\u00f2 que a m\u00e9s els continguts pr\u00f2piament escolars pot\u00e8ncia els h\u00e0bits de conducta que afavoreixen el di\u00e0leg, la conviv\u00e8ncia i el respecte als altres per tal d&#8217;esdevenir homes i dones responsables i amb igualtat de drets.<\/p>\n<p><span style=\"color: #ff6600;\"><strong><span style=\"text-decoration: underline;\">L\u00cdNIA METODOL\u00d2GICA<\/span><\/strong><\/span><\/p>\n<p>En el proc\u00e9s d&#8217;ensenyament-aprenentatge \u00e9s prioritari que els alumnes construeixin els seus coneixements a partir de les experi\u00e8ncies personals.<br \/>\nEl m\u00e8tode de treball es basa en l&#8217;observaci\u00f3 i la deducci\u00f3. Les sortides i visites s&#8217;utilitzen com a font d&#8217;informaci\u00f3 per l&#8217;estudi i coneixement de la realitat. Fomentem, tamb\u00e9, el coneixement i respecte del nostre medi natural m\u00e9s propers amb sortides per l&#8217;entorn de la nostra localitat.<\/p>\n<p>Es valora l&#8217;adquisici\u00f3 de t\u00e8cniques i procediments de treball, l&#8217;adquisici\u00f3 de continguts i coneixements b\u00e0sics i les actituds positives envers el treball i l&#8217;estudi.<\/p>\n<p>El treball compartit i ien petit grup s&#8217;utilitza perq\u00f9e els i les alumnes aprenguin a compartir opinions, prendre decisions, conjuntes i es responsabilitzin davant l&#8217;esfor\u00e7 individual i col.lectiu.<\/p>\n<p>A trav\u00e9s de l&#8217;acci\u00f3 tutoria i del refor\u00e7 donem atenci\u00f3 individualitzada als nostres alumnes.<\/p>\n","protected":false},"excerpt":{"rendered":"<p>L&#8217;escola Ernest Lluch \u00e9s un centre p\u00fablic de doble l\u00ednia que imparteix les etapes d&#8217;Educaci\u00f3 Infantil i Prim\u00e0ria des del curs 2005-2006. TRETS D&#8217;IDENTITAT L&#8217;escola t\u00e9 com a objectiu prioirtari la formaci\u00f3 integral de la persona fonmanetada en el desenvolupament de la seva capacitat de raonament i en l&#8217;educaci\u00f3 en els valors, i actituds de [&hellip;]<\/p>\n","protected":false},"author":1,"featured_media":0,"parent":22,"menu_order":1,"comment_status":"closed","ping_status":"closed","template":"page-templates\/side-menu.php","meta":{"_bbp_topic_count":0,"_bbp_reply_count":0,"_bbp_total_topic_count":0,"_bbp_total_reply_count":0,"_bbp_voice_count":0,"_bbp_anonymous_reply_count":0,"_bbp_topic_count_hidden":0,"_bbp_reply_count_hidden":0,"_bbp_forum_subforum_count":0,"site-sidebar-layout":"default","site-content-layout":"","ast-site-content-layout":"","site-content-style":"default","site-sidebar-style":"default","ast-global-header-display":"","ast-banner-title-visibility":"","ast-main-header-display":"","ast-hfb-above-header-display":"","ast-hfb-below-header-display":"","ast-hfb-mobile-header-display":"","site-post-title":"","ast-breadcrumbs-content":"","ast-featured-img":"","footer-sml-layout":"","theme-transparent-header-meta":"","adv-header-id-meta":"","stick-header-meta":"","header-above-stick-meta":"","header-main-stick-meta":"","header-below-stick-meta":"","astra-migrate-meta-layouts":"default","ast-page-background-enabled":"default","ast-page-background-meta":{"desktop":{"background-color":"var(--ast-global-color-4)","background-image":"","background-repeat":"repeat","background-position":"center center","background-size":"auto","background-attachment":"scroll","background-type":"","background-media":"","overlay-type":"","overlay-color":"","overlay-opacity":"","overlay-gradient":""},"tablet":{"background-color":"","background-image":"","background-repeat":"repeat","background-position":"center center","background-size":"auto","background-attachment":"scroll","background-type":"","background-media":"","overlay-type":"","overlay-color":"","overlay-opacity":"","overlay-gradient":""},"mobile":{"background-color":"","background-image":"","background-repeat":"repeat","background-position":"center center","background-size":"auto","background-attachment":"scroll","background-type":"","background-media":"","overlay-type":"","overlay-color":"","overlay-opacity":"","overlay-gradient":""}},"ast-content-background-meta":{"desktop":{"background-color":"var(--ast-global-color-5)","background-image":"","background-repeat":"repeat","background-position":"center center","background-size":"auto","background-attachment":"scroll","background-type":"","background-media":"","overlay-type":"","overlay-color":"","overlay-opacity":"","overlay-gradient":""},"tablet":{"background-color":"var(--ast-global-color-5)","background-image":"","background-repeat":"repeat","background-position":"center center","background-size":"auto","background-attachment":"scroll","background-type":"","background-media":"","overlay-type":"","overlay-color":"","overlay-opacity":"","overlay-gradient":""},"mobile":{"background-color":"var(--ast-global-color-5)","background-image":"","background-repeat":"repeat","background-position":"center center","background-size":"auto","background-attachment":"scroll","background-type":"","background-media":"","overlay-type":"","overlay-color":"","overlay-opacity":"","overlay-gradient":""}},"footnotes":""},"class_list":["post-34","page","type-page","status-publish","hentry"],"post_mailing_queue_ids":[],"_links":{"self":[{"href":"https:\/\/agora.xtec.cat\/ceip-ernest-lluch\/wp-json\/wp\/v2\/pages\/34","targetHints":{"allow":["GET"]}}],"collection":[{"href":"https:\/\/agora.xtec.cat\/ceip-ernest-lluch\/wp-json\/wp\/v2\/pages"}],"about":[{"href":"https:\/\/agora.xtec.cat\/ceip-ernest-lluch\/wp-json\/wp\/v2\/types\/page"}],"author":[{"embeddable":true,"href":"https:\/\/agora.xtec.cat\/ceip-ernest-lluch\/wp-json\/wp\/v2\/users\/1"}],"replies":[{"embeddable":true,"href":"https:\/\/agora.xtec.cat\/ceip-ernest-lluch\/wp-json\/wp\/v2\/comments?post=34"}],"version-history":[{"count":2,"href":"https:\/\/agora.xtec.cat\/ceip-ernest-lluch\/wp-json\/wp\/v2\/pages\/34\/revisions"}],"predecessor-version":[{"id":494,"href":"https:\/\/agora.xtec.cat\/ceip-ernest-lluch\/wp-json\/wp\/v2\/pages\/34\/revisions\/494"}],"up":[{"embeddable":true,"href":"https:\/\/agora.xtec.cat\/ceip-ernest-lluch\/wp-json\/wp\/v2\/pages\/22"}],"wp:attachment":[{"href":"https:\/\/agora.xtec.cat\/ceip-ernest-lluch\/wp-json\/wp\/v2\/media?parent=34"}],"curies":[{"name":"wp","href":"https:\/\/api.w.org\/{rel}","templated":true}]}}