{"id":929,"date":"2020-02-10T19:14:52","date_gmt":"2020-02-10T18:14:52","guid":{"rendered":"http:\/\/agora.xtec.cat\/ceip-eramprunya\/?page_id=929"},"modified":"2020-04-29T17:35:57","modified_gmt":"2020-04-29T15:35:57","slug":"ambients-a-infantil","status":"publish","type":"page","link":"https:\/\/agora.xtec.cat\/ceip-eramprunya\/ambients-a-infantil\/","title":{"rendered":"AMBIENTS A EDUCACI\u00d3 INFANTIL"},"content":{"rendered":"<h2><span style=\"color: #800000;\">FEM AMBIENTS !<\/span><\/h2>\n<p>&nbsp;<\/p>\n<p><iframe loading=\"lazy\" src=\"\/\/www.youtube.com\/embed\/LfdB4IvkHoQ\" width=\"560\" height=\"314\"><\/iframe><\/p>\n<p>&nbsp;<\/p>\n<p><span style=\"font-weight: 400;\">El projecte d\u2019ambients d\u2019aprenentatge a E.I neix del neguit del cicle, recolzat per l\u2019escola i de la voluntat d\u2019innovar amb un m\u00e8tode pedag\u00f2gic que proporciona espais f\u00edsics de jocs i descoberta on els infants puguin ser els qui decideixin i s\u2019autoregulin ells mateixos.<\/span><\/p>\n<p><span style=\"font-weight: 400;\">Es decideix treballar en aquesta l\u00ednia per\u00a0 preparar els infants perqu\u00e8 siguin lliures i aut\u00f2noms, que pensin per ells\/es mateixos\/es, siguin capa\u00e7os de triar, de decidir i actuar a partir de les propostes m\u00e9s o menys estructurades que l\u2019entorn els ofereix.<\/span><\/p>\n<p><span style=\"font-weight: 400;\">La finalitat es que els infants siguin protagonistes del seu propi proc\u00e9s d\u2019aprenentatge, en un ambient estimulador, creatiu i participatiu on els nens i nenes actu\u00efn, per\u00f2 tamb\u00e9 reflexionin sobre la seva pr\u00f2pia acci\u00f3 des d\u2019una posici\u00f3 activa i competent i que possibiliti la comunicaci\u00f3 i la trobada amb les persones que l\u2019habiten.<\/span><\/p>\n<p><span style=\"font-weight: 400;\">Aix\u00f2 genera espais d\u2019interacci\u00f3 entre els infants en els quals l\u2019aprenentatge es construeix conjuntament, de manera que s\u2019enriqueix la producci\u00f3 de sabers amb el treball cooperatiu i es reconeix la import\u00e0ncia de coordinar les accions i pensaments amb els altres.<\/span><\/p>\n<p><span style=\"font-weight: 400;\">Per tant hem de crear espais adequats, generadors de trobades, din\u00e0mics, on convidin a actuar i crear conjuntament el coneixement i siguin generadors de cultura, perqu\u00e8 aprendre \u00e9s un proc\u00e9s i com a tal, per donar-se, necessita d\u2019espais i temps per provar, per intentar, per pensar, per tornar i tornar a intentar.<\/span><\/p>\n<p>Els ambients que hem creat a l&#8217;escola s\u00f3n:<\/p>\n<ul>\n<li>Joc simb\u00f2lic.<\/li>\n<li>Atelier.<\/li>\n<li>Experimentaci\u00f3<\/li>\n<li>Natura<\/li>\n<li>Sensorial<\/li>\n<li>Comunicaci\u00f3<\/li>\n<\/ul>\n<p>&nbsp;<\/p>\n","protected":false},"excerpt":{"rendered":"<p>FEM AMBIENTS !<br \/>\n&nbsp;<\/p>\n<p>&nbsp;<br \/>\nEl projecte d\u2019ambients d\u2019aprenentatge a E.I neix del neguit del cicle, recolzat per l\u2019escola i de la voluntat d\u2019innovar amb un m\u00e8tode pedag\u00f2gic que proporciona espais f\u00edsics de jocs i descoberta on els infants puguin ser els qui decideixin i s\u2019autoregulin ells mateixos.<br \/>\nEs&hellip;  <a href=\"https:\/\/agora.xtec.cat\/ceip-eramprunya\/ambients-a-infantil\/\" title=\"Read AMBIENTS A EDUCACI\u00d3 INFANTIL\">Llegeix m\u00e9s\u00bb<\/a><\/p>\n","protected":false},"author":1,"featured_media":0,"parent":0,"menu_order":0,"comment_status":"closed","ping_status":"closed","template":"","meta":{"_bbp_topic_count":0,"_bbp_reply_count":0,"_bbp_total_topic_count":0,"_bbp_total_reply_count":0,"_bbp_voice_count":0,"_bbp_anonymous_reply_count":0,"_bbp_topic_count_hidden":0,"_bbp_reply_count_hidden":0,"_bbp_forum_subforum_count":0,"footnotes":""},"class_list":["post-929","page","type-page","status-publish","hentry"],"post_mailing_queue_ids":[],"_links":{"self":[{"href":"https:\/\/agora.xtec.cat\/ceip-eramprunya\/wp-json\/wp\/v2\/pages\/929","targetHints":{"allow":["GET"]}}],"collection":[{"href":"https:\/\/agora.xtec.cat\/ceip-eramprunya\/wp-json\/wp\/v2\/pages"}],"about":[{"href":"https:\/\/agora.xtec.cat\/ceip-eramprunya\/wp-json\/wp\/v2\/types\/page"}],"author":[{"embeddable":true,"href":"https:\/\/agora.xtec.cat\/ceip-eramprunya\/wp-json\/wp\/v2\/users\/1"}],"replies":[{"embeddable":true,"href":"https:\/\/agora.xtec.cat\/ceip-eramprunya\/wp-json\/wp\/v2\/comments?post=929"}],"version-history":[{"count":4,"href":"https:\/\/agora.xtec.cat\/ceip-eramprunya\/wp-json\/wp\/v2\/pages\/929\/revisions"}],"predecessor-version":[{"id":1288,"href":"https:\/\/agora.xtec.cat\/ceip-eramprunya\/wp-json\/wp\/v2\/pages\/929\/revisions\/1288"}],"wp:attachment":[{"href":"https:\/\/agora.xtec.cat\/ceip-eramprunya\/wp-json\/wp\/v2\/media?parent=929"}],"curies":[{"name":"wp","href":"https:\/\/api.w.org\/{rel}","templated":true}]}}