{"id":875,"date":"2020-02-07T19:11:01","date_gmt":"2020-02-07T18:11:01","guid":{"rendered":"http:\/\/agora.xtec.cat\/ceip-eramprunya\/?page_id=875"},"modified":"2025-01-17T16:07:08","modified_gmt":"2025-01-17T15:07:08","slug":"historia-del-centre","status":"publish","type":"page","link":"https:\/\/agora.xtec.cat\/ceip-eramprunya\/lescola\/historia-del-centre\/","title":{"rendered":"Hist\u00f2ria del centre"},"content":{"rendered":"<h3><u>HIST\u00d2RIA<\/u><\/h3>\n<h4><span style=\"color: #000000;\">L&#8217;Escola l&#8217;Erampruny\u00e0 \u00e9s un centre educatiu amb una llarga traject\u00f2ria a la ciutat. El centre va construir-se al curs 1975.<\/span><\/h4>\n<p><u><b>D&#8217;on ve el<\/b><b>\u00a0nostre nom?<\/b><\/u><\/p>\n<p>El nom del centre ve del castell de l&#8217;Erampruny\u00e0 situat dins el municipi, concretament a mig cam\u00ed de la carretera que puja de Gav\u00e0 a Begues.<\/p>\n<p>Podeu trobar m\u00e9s informaci\u00f3 del castell a:<br \/>\n<a href=\"http:\/\/ca.wikipedia.org\/wiki\/Castell_d%27Erampruny%C3%A0\">http:\/\/ca.wikipedia.org\/wiki\/Castell_d&#8217;Erampruny\u00e0<\/a><\/p>\n<p>&nbsp;<\/p>\n","protected":false},"excerpt":{"rendered":"<p>HIST\u00d2RIA<br \/>\nL&#8217;Escola l&#8217;Erampruny\u00e0 \u00e9s un centre educatiu amb una llarga traject\u00f2ria a la ciutat. El centre va construir-se al curs 1975.<br \/>\nD&#8217;on ve el\u00a0nostre nom?<br \/>\nEl nom del centre ve del castell de l&#8217;Erampruny\u00e0 situat dins el municipi, concretament a mig cam\u00ed de la carretera que puja de&hellip;  <a href=\"https:\/\/agora.xtec.cat\/ceip-eramprunya\/lescola\/historia-del-centre\/\" title=\"Read Hist\u00f2ria del centre\">Llegeix m\u00e9s\u00bb<\/a><\/p>\n","protected":false},"author":1,"featured_media":0,"parent":842,"menu_order":0,"comment_status":"closed","ping_status":"closed","template":"","meta":{"_bbp_topic_count":0,"_bbp_reply_count":0,"_bbp_total_topic_count":0,"_bbp_total_reply_count":0,"_bbp_voice_count":0,"_bbp_anonymous_reply_count":0,"_bbp_topic_count_hidden":0,"_bbp_reply_count_hidden":0,"_bbp_forum_subforum_count":0,"footnotes":""},"class_list":["post-875","page","type-page","status-publish","hentry"],"post_mailing_queue_ids":[],"_links":{"self":[{"href":"https:\/\/agora.xtec.cat\/ceip-eramprunya\/wp-json\/wp\/v2\/pages\/875","targetHints":{"allow":["GET"]}}],"collection":[{"href":"https:\/\/agora.xtec.cat\/ceip-eramprunya\/wp-json\/wp\/v2\/pages"}],"about":[{"href":"https:\/\/agora.xtec.cat\/ceip-eramprunya\/wp-json\/wp\/v2\/types\/page"}],"author":[{"embeddable":true,"href":"https:\/\/agora.xtec.cat\/ceip-eramprunya\/wp-json\/wp\/v2\/users\/1"}],"replies":[{"embeddable":true,"href":"https:\/\/agora.xtec.cat\/ceip-eramprunya\/wp-json\/wp\/v2\/comments?post=875"}],"version-history":[{"count":4,"href":"https:\/\/agora.xtec.cat\/ceip-eramprunya\/wp-json\/wp\/v2\/pages\/875\/revisions"}],"predecessor-version":[{"id":2379,"href":"https:\/\/agora.xtec.cat\/ceip-eramprunya\/wp-json\/wp\/v2\/pages\/875\/revisions\/2379"}],"up":[{"embeddable":true,"href":"https:\/\/agora.xtec.cat\/ceip-eramprunya\/wp-json\/wp\/v2\/pages\/842"}],"wp:attachment":[{"href":"https:\/\/agora.xtec.cat\/ceip-eramprunya\/wp-json\/wp\/v2\/media?parent=875"}],"curies":[{"name":"wp","href":"https:\/\/api.w.org\/{rel}","templated":true}]}}