{"id":868,"date":"2020-02-07T19:09:32","date_gmt":"2020-02-07T18:09:32","guid":{"rendered":"http:\/\/agora.xtec.cat\/ceip-eramprunya\/?page_id=868"},"modified":"2025-01-17T16:17:39","modified_gmt":"2025-01-17T15:17:39","slug":"equip-de-lescola","status":"publish","type":"page","link":"https:\/\/agora.xtec.cat\/ceip-eramprunya\/lescola\/equip-de-lescola\/","title":{"rendered":"Equip educatiu"},"content":{"rendered":"<p>A L&#8217;Erampruny\u00e0, l\u2019equip educatiu t\u00e9 com a objectiu aconseguir que els nois i noies desenvolupin actituds i habilitats que els serveixin per a la vida. Per aquest motiu, el professorat s\u2019adapta a la singularitat de cadascun d\u2019ells, perqu\u00e8 els considerem protagonistes de la seva educaci\u00f3.<\/p>\n<p>En la societat actual, el mestre ja no \u00e9s l\u2019\u00fanic transmissor del coneixement. Tot i la seva funci\u00f3 educadora, el professorat s\u2019ha transformat en guia i acompanyant en el llarg proc\u00e9s d\u2019aprenentatge de l\u2019alumne. En aquest nou model, el docent exerceix una tasca m\u00e9s enll\u00e0 de la seva especialitat, de manera globalitzada, per assegurar l\u2019aprenentatge global de l\u2019alumne, aix\u00ed com la seva avaluaci\u00f3. Tant el mestre com l\u2019alumne i l\u2019escola se situen en un proc\u00e9s continuat d\u2019aprenentatge.<\/p>\n<p>A l&#8217;escola tenim una plantilla estable, la qual cosa\u00a0 facilita la coordinaci\u00f3 entre docents i la continu\u00eftat dels projectes.<\/p>\n<p>Som un equip fomat per 8 mestres especialistes d&#8217;Educaci\u00f3 Infantil i 12 d&#8217;Educaci\u00f3 Prim\u00e0ria. 3 mestres especialistes d&#8217;angl\u00e8s, 2 d&#8217;educaci\u00f3 f\u00edsica 1 d&#8217;Educaci\u00f3 Musical.\u00a0 3 mestres d&#8217;atenci\u00f3 a la diversitat i una especialista de religi\u00f3.\u00a0 En l&#8217;equip educatiu comptem tamb\u00e9 amb 1 T\u00e8cnica d&#8217;Educaci\u00f3 Infantil, 1 educadora d&#8217;Educaci\u00f3 Especial i 1 vetllador.<\/p>\n<pre><a href=\"https:\/\/agora.xtec.cat\/ceip-eramprunya\/wp-content\/uploads\/usu1822\/2020\/02\/EQUIP1.jpg\">\u00a0\u00a0\u00a0\u00a0\u00a0\u00a0\u00a0 <\/a><\/pre>\n<p><span style=\"color: #800000;\"><strong>TREBALL EN EQUIP-COORDINACI\u00d3 DE TOT L&#8217;EQUIP DOCENT<\/strong><\/span><\/p>\n<p>Tot l&#8217;equip docent de l&#8217;Erampruny\u00e0 ens trobem de manera sistem\u00e0tica per treballar en equip i coordinar-nos: compartim experi\u00e8ncies did\u00e0ctiques amb la resta de companys\/es, ens formem per aprendre junts i treballem junts per seguir una l\u00ednia d&#8217;escola amb coher\u00e8ncia pedag\u00f2gica.<\/p>\n<p>&nbsp;<\/p>\n<p><a href=\"https:\/\/agora.xtec.cat\/ceip-eramprunya\/wp-content\/uploads\/usu1822\/2020\/03\/IMG_7929.jpg\"><img loading=\"lazy\" decoding=\"async\" class=\"wp-image-1160 aligncenter\" src=\"https:\/\/agora.xtec.cat\/ceip-eramprunya\/wp-content\/uploads\/usu1822\/2020\/03\/IMG_7929-1024x768.jpg\" alt=\"\" width=\"438\" height=\"328\" srcset=\"https:\/\/agora.xtec.cat\/ceip-eramprunya\/wp-content\/uploads\/usu1822\/2020\/03\/IMG_7929-1024x768.jpg 1024w, https:\/\/agora.xtec.cat\/ceip-eramprunya\/wp-content\/uploads\/usu1822\/2020\/03\/IMG_7929-300x225.jpg 300w, https:\/\/agora.xtec.cat\/ceip-eramprunya\/wp-content\/uploads\/usu1822\/2020\/03\/IMG_7929-768x576.jpg 768w, https:\/\/agora.xtec.cat\/ceip-eramprunya\/wp-content\/uploads\/usu1822\/2020\/03\/IMG_7929-200x150.jpg 200w\" sizes=\"auto, (max-width: 438px) 100vw, 438px\" \/><\/a><\/p>\n<pre>EQUIP DE CLAUSTRE COMPARTINT ENTRE IGUALS COM MILLORAR ELS OBJECTIUS D'APRENENTATGE PER MILLORAR AIX\u00cd L'AVALUACI\u00d3 DEL NOSTRE ALUMNAT\r\n\r\n<\/pre>\n<pre><a href=\"https:\/\/agora.xtec.cat\/ceip-eramprunya\/wp-content\/uploads\/usu1822\/2020\/02\/EQUIP-2.jpg\"><img loading=\"lazy\" decoding=\"async\" class=\"wp-image-908 aligncenter\" src=\"https:\/\/agora.xtec.cat\/ceip-eramprunya\/wp-content\/uploads\/usu1822\/2020\/02\/EQUIP-2.jpg\" alt=\"\" width=\"456\" height=\"342\" srcset=\"https:\/\/agora.xtec.cat\/ceip-eramprunya\/wp-content\/uploads\/usu1822\/2020\/02\/EQUIP-2.jpg 320w, https:\/\/agora.xtec.cat\/ceip-eramprunya\/wp-content\/uploads\/usu1822\/2020\/02\/EQUIP-2-300x225.jpg 300w, https:\/\/agora.xtec.cat\/ceip-eramprunya\/wp-content\/uploads\/usu1822\/2020\/02\/EQUIP-2-200x150.jpg 200w\" sizes=\"auto, (max-width: 456px) 100vw, 456px\" \/><\/a>\r\n\r\nEQUIP D'EDUCACI\u00d3 INFANTIL I 1r CICLE DE PRIM\u00c0RIA COMPARTINT MATERIALS DEL PROJECTE \"MATEM\u00c0TIQUES MANIPULATIVES\"\r\n\r\n\r\n<a href=\"https:\/\/agora.xtec.cat\/ceip-eramprunya\/wp-content\/uploads\/usu1822\/2020\/02\/EQUIP1.jpg\"><img loading=\"lazy\" decoding=\"async\" class=\"wp-image-907 aligncenter\" src=\"https:\/\/agora.xtec.cat\/ceip-eramprunya\/wp-content\/uploads\/usu1822\/2020\/02\/EQUIP1-1024x768.jpg\" alt=\"\" width=\"510\" height=\"382\" srcset=\"https:\/\/agora.xtec.cat\/ceip-eramprunya\/wp-content\/uploads\/usu1822\/2020\/02\/EQUIP1-1024x768.jpg 1024w, https:\/\/agora.xtec.cat\/ceip-eramprunya\/wp-content\/uploads\/usu1822\/2020\/02\/EQUIP1-300x225.jpg 300w, https:\/\/agora.xtec.cat\/ceip-eramprunya\/wp-content\/uploads\/usu1822\/2020\/02\/EQUIP1-768x576.jpg 768w, https:\/\/agora.xtec.cat\/ceip-eramprunya\/wp-content\/uploads\/usu1822\/2020\/02\/EQUIP1-200x150.jpg 200w, https:\/\/agora.xtec.cat\/ceip-eramprunya\/wp-content\/uploads\/usu1822\/2020\/02\/EQUIP1.jpg 1600w\" sizes=\"auto, (max-width: 510px) 100vw, 510px\" \/><\/a>\r\nEQUIP D'ESPECIALISTES EN LLENGUA ANGLESA PREPARANT  LES UNITATS DID\u00c0CTIQUES DE \"Natural Science\"\r\n\r\n<a href=\"https:\/\/agora.xtec.cat\/ceip-eramprunya\/wp-content\/uploads\/usu1822\/2020\/02\/formaci\u00f3-entre-iguals.jpg\">             <img loading=\"lazy\" decoding=\"async\" class=\"wp-image-1081 aligncenter\" src=\"https:\/\/agora.xtec.cat\/ceip-eramprunya\/wp-content\/uploads\/usu1822\/2020\/02\/formaci\u00f3-entre-iguals-1024x768.jpg\" alt=\"\" width=\"480\" height=\"360\" srcset=\"https:\/\/agora.xtec.cat\/ceip-eramprunya\/wp-content\/uploads\/usu1822\/2020\/02\/formaci\u00f3-entre-iguals-1024x768.jpg 1024w, https:\/\/agora.xtec.cat\/ceip-eramprunya\/wp-content\/uploads\/usu1822\/2020\/02\/formaci\u00f3-entre-iguals-300x225.jpg 300w, https:\/\/agora.xtec.cat\/ceip-eramprunya\/wp-content\/uploads\/usu1822\/2020\/02\/formaci\u00f3-entre-iguals-768x576.jpg 768w, https:\/\/agora.xtec.cat\/ceip-eramprunya\/wp-content\/uploads\/usu1822\/2020\/02\/formaci\u00f3-entre-iguals-200x150.jpg 200w\" sizes=\"auto, (max-width: 480px) 100vw, 480px\" \/><\/a>                                                                            FORMACI\u00d3 ENTRE IGUALS<\/pre>\n","protected":false},"excerpt":{"rendered":"<p>A L&#8217;Erampruny\u00e0, l\u2019equip educatiu t\u00e9 com a objectiu aconseguir que els nois i noies desenvolupin actituds i habilitats que els serveixin per a la vida. Per aquest motiu, el professorat s\u2019adapta a la singularitat de cadascun d\u2019ells, perqu\u00e8 els considerem protagonistes de la seva educaci\u00f3.<br \/>\nEn&hellip;  <a href=\"https:\/\/agora.xtec.cat\/ceip-eramprunya\/lescola\/equip-de-lescola\/\" title=\"Read Equip educatiu\">Llegeix m\u00e9s\u00bb<\/a><\/p>\n","protected":false},"author":1,"featured_media":0,"parent":842,"menu_order":0,"comment_status":"closed","ping_status":"closed","template":"","meta":{"_bbp_topic_count":0,"_bbp_reply_count":0,"_bbp_total_topic_count":0,"_bbp_total_reply_count":0,"_bbp_voice_count":0,"_bbp_anonymous_reply_count":0,"_bbp_topic_count_hidden":0,"_bbp_reply_count_hidden":0,"_bbp_forum_subforum_count":0,"footnotes":""},"class_list":["post-868","page","type-page","status-publish","hentry"],"post_mailing_queue_ids":[],"_links":{"self":[{"href":"https:\/\/agora.xtec.cat\/ceip-eramprunya\/wp-json\/wp\/v2\/pages\/868","targetHints":{"allow":["GET"]}}],"collection":[{"href":"https:\/\/agora.xtec.cat\/ceip-eramprunya\/wp-json\/wp\/v2\/pages"}],"about":[{"href":"https:\/\/agora.xtec.cat\/ceip-eramprunya\/wp-json\/wp\/v2\/types\/page"}],"author":[{"embeddable":true,"href":"https:\/\/agora.xtec.cat\/ceip-eramprunya\/wp-json\/wp\/v2\/users\/1"}],"replies":[{"embeddable":true,"href":"https:\/\/agora.xtec.cat\/ceip-eramprunya\/wp-json\/wp\/v2\/comments?post=868"}],"version-history":[{"count":5,"href":"https:\/\/agora.xtec.cat\/ceip-eramprunya\/wp-json\/wp\/v2\/pages\/868\/revisions"}],"predecessor-version":[{"id":2382,"href":"https:\/\/agora.xtec.cat\/ceip-eramprunya\/wp-json\/wp\/v2\/pages\/868\/revisions\/2382"}],"up":[{"embeddable":true,"href":"https:\/\/agora.xtec.cat\/ceip-eramprunya\/wp-json\/wp\/v2\/pages\/842"}],"wp:attachment":[{"href":"https:\/\/agora.xtec.cat\/ceip-eramprunya\/wp-json\/wp\/v2\/media?parent=868"}],"curies":[{"name":"wp","href":"https:\/\/api.w.org\/{rel}","templated":true}]}}