{"id":866,"date":"2020-02-07T19:08:26","date_gmt":"2020-02-07T18:08:26","guid":{"rendered":"http:\/\/agora.xtec.cat\/ceip-eramprunya\/?page_id=866"},"modified":"2025-01-17T16:26:21","modified_gmt":"2025-01-17T15:26:21","slug":"familia-escola","status":"publish","type":"page","link":"https:\/\/agora.xtec.cat\/ceip-eramprunya\/lescola\/familia-escola\/","title":{"rendered":"Fam\u00edlia-Escola"},"content":{"rendered":"<p>La comunicaci\u00f3, la participaci\u00f3, la implicaci\u00f3, el comprom\u00eds i la corresponsabilitat entre els centres i les fam\u00edlies en l&#8217;educaci\u00f3 d&#8217;infants i joves, d&#8217;aqu\u00ed la import\u00e0ncia tant de l&#8217;acci\u00f3 tutorial compartida com l&#8217;acompanyament escolar a casa.<\/p>\n<p><span style=\"color: #800000;\"><strong>FAM\u00cdLIES DELEGADES<\/strong><\/span><\/p>\n<p>Els delegats i delegades de curs s\u00f3n mares o pares que s\u2019ofereixen de forma volunt\u00e0ria a fer aquesta funci\u00f3 durant almenys un curs escolar i tenint en compte el que es relaciona a continuaci\u00f3.<\/p>\n<ul>\n<li>Aquesta designaci\u00f3 es fa a l\u2019inici de curs en la reuni\u00f3 general de nivell, o durant el curs, en cas que hi hagi una baixa.<\/li>\n<li><span style=\"font-family: inherit; font-size: 1em;\">Els delegats de curs representen la totalitat de les fam\u00edlies de la classe i no intervenen en temes de caire personal dels alumnes i\/o dels seus pares. Tampoc intervenen en q\u00fcestions pedag\u00f2giques, les quals corresponen als mestres.<\/span><\/li>\n<\/ul>\n<p><a href=\"https:\/\/drive.google.com\/file\/d\/1dPKPzK66zr-YzItVHCva0A8uNqXj_vvV\/view\"><img decoding=\"async\" class=\"aligncenter\" src=\"https:\/\/3.bp.blogspot.com\/-xFd-YXEeumU\/Wg2eZy4SuWI\/AAAAAAAAJ9Y\/AXNVXkw2jC48EFZCxSQPXp6L6JaFrRdnACLcBGAs\/s1600\/pares%2Bi%2Bmares%2Bdelegats.jpg\" border=\"0\" data-original-width=\"294\" data-original-height=\"171\" \/><\/a><\/p>\n<p>&nbsp;<\/p>\n<p>AQU\u00cd TENIU LES FOTOS DE LA 2a PASSEJADA !<\/p>\n<p><a href=\"https:\/\/photos.google.com\/share\/AF1QipOUiL9SjRmBMM0au7RCwUJwapEe6hMdAPy2CZ-q4V27YtPUwxtarJRGJ9L4f43uQw?key=Z2d3VnY1d24yUFJBdmxUNkFNMnZsQUUwZlU3RV9n\"><img loading=\"lazy\" decoding=\"async\" class=\"alignnone size-full wp-image-911\" src=\"https:\/\/agora.xtec.cat\/ceip-eramprunya\/wp-content\/uploads\/usu1822\/2020\/02\/IMG_4888.jpg\" alt=\"\" width=\"499\" height=\"349\" srcset=\"https:\/\/agora.xtec.cat\/ceip-eramprunya\/wp-content\/uploads\/usu1822\/2020\/02\/IMG_4888.jpg 499w, https:\/\/agora.xtec.cat\/ceip-eramprunya\/wp-content\/uploads\/usu1822\/2020\/02\/IMG_4888-300x210.jpg 300w\" sizes=\"auto, (max-width: 499px) 100vw, 499px\" \/><\/a><\/p>\n","protected":false},"excerpt":{"rendered":"<p>La comunicaci\u00f3, la participaci\u00f3, la implicaci\u00f3, el comprom\u00eds i la corresponsabilitat entre els centres i les fam\u00edlies en l&#8217;educaci\u00f3 d&#8217;infants i joves, d&#8217;aqu\u00ed la import\u00e0ncia tant de l&#8217;acci\u00f3 tutorial compartida com l&#8217;acompanyament escolar a casa.<br \/>\nFAM\u00cdLIES DELEGADES<br \/>\nEls delegats i delegades de curs s\u00f3n mares o pares&hellip;  <a href=\"https:\/\/agora.xtec.cat\/ceip-eramprunya\/lescola\/familia-escola\/\" title=\"Read Fam\u00edlia-Escola\">Llegeix m\u00e9s\u00bb<\/a><\/p>\n","protected":false},"author":1,"featured_media":0,"parent":842,"menu_order":0,"comment_status":"closed","ping_status":"closed","template":"","meta":{"_bbp_topic_count":0,"_bbp_reply_count":0,"_bbp_total_topic_count":0,"_bbp_total_reply_count":0,"_bbp_voice_count":0,"_bbp_anonymous_reply_count":0,"_bbp_topic_count_hidden":0,"_bbp_reply_count_hidden":0,"_bbp_forum_subforum_count":0,"footnotes":""},"class_list":["post-866","page","type-page","status-publish","hentry"],"post_mailing_queue_ids":[],"_links":{"self":[{"href":"https:\/\/agora.xtec.cat\/ceip-eramprunya\/wp-json\/wp\/v2\/pages\/866","targetHints":{"allow":["GET"]}}],"collection":[{"href":"https:\/\/agora.xtec.cat\/ceip-eramprunya\/wp-json\/wp\/v2\/pages"}],"about":[{"href":"https:\/\/agora.xtec.cat\/ceip-eramprunya\/wp-json\/wp\/v2\/types\/page"}],"author":[{"embeddable":true,"href":"https:\/\/agora.xtec.cat\/ceip-eramprunya\/wp-json\/wp\/v2\/users\/1"}],"replies":[{"embeddable":true,"href":"https:\/\/agora.xtec.cat\/ceip-eramprunya\/wp-json\/wp\/v2\/comments?post=866"}],"version-history":[{"count":5,"href":"https:\/\/agora.xtec.cat\/ceip-eramprunya\/wp-json\/wp\/v2\/pages\/866\/revisions"}],"predecessor-version":[{"id":2384,"href":"https:\/\/agora.xtec.cat\/ceip-eramprunya\/wp-json\/wp\/v2\/pages\/866\/revisions\/2384"}],"up":[{"embeddable":true,"href":"https:\/\/agora.xtec.cat\/ceip-eramprunya\/wp-json\/wp\/v2\/pages\/842"}],"wp:attachment":[{"href":"https:\/\/agora.xtec.cat\/ceip-eramprunya\/wp-json\/wp\/v2\/media?parent=866"}],"curies":[{"name":"wp","href":"https:\/\/api.w.org\/{rel}","templated":true}]}}