{"id":855,"date":"2020-02-07T19:05:07","date_gmt":"2020-02-07T18:05:07","guid":{"rendered":"http:\/\/agora.xtec.cat\/ceip-eramprunya\/?page_id=855"},"modified":"2020-02-13T12:14:55","modified_gmt":"2020-02-13T11:14:55","slug":"on-som","status":"publish","type":"page","link":"https:\/\/agora.xtec.cat\/ceip-eramprunya\/lescola\/on-som\/","title":{"rendered":"On som?"},"content":{"rendered":"<div class=\"columns-inner\">\n<div class=\"column-center-outer\">\n<div class=\"column-center-inner\">\n<div id=\"main\" class=\"main section\">\n<div id=\"Blog1\" class=\"widget Blog\" data-version=\"1\">\n<div class=\"blog-posts hfeed\">\n<div class=\"date-outer\">\n<div class=\"date-posts\">\n<div class=\"post-outer\">\n<div class=\"post hentry uncustomized-post-template\">\n<h4 class=\"post-title entry-title\"><\/h4>\n<div class=\"post-header\">\n<div class=\"post-header-line-1\"><\/div>\n<\/div>\n<div id=\"post-body-8683217909898119449\" class=\"post-body entry-content\"><b>Escola d&#8217;Educaci\u00f3 Infantil i Prim\u00e0ria l&#8217;Erampruny\u00e0<\/b><br \/>\nAvinguda d&#8217;Erampruny\u00e0, 1 &#8211; 08850 Gav\u00e0 (Barcelona)<br \/>\n<b>Telf. 93 662 45 53<\/b><br \/>\nC\/e: <a href=\"mailto:a8032658@xtec.cat\">a8032658@xtec.cat<\/a><\/div>\n<\/div>\n<\/div>\n<\/div>\n<\/div>\n<\/div>\n<\/div>\n<\/div>\n<\/div>\n<\/div>\n<\/div>\n","protected":false},"excerpt":{"rendered":"<p>Escola d&#8217;Educaci\u00f3 Infantil i Prim\u00e0ria l&#8217;Erampruny\u00e0<br \/>\nAvinguda d&#8217;Erampruny\u00e0, 1 &#8211; 08850 Gav\u00e0 (Barcelona)<br \/>\nTelf. 93 662 45 53<br \/>\nC\/e: <a href=\"mailto:a8032658@xtec.cat\">a8032658@xtec.cat<\/a><\/p>\n","protected":false},"author":1,"featured_media":0,"parent":842,"menu_order":0,"comment_status":"closed","ping_status":"closed","template":"","meta":{"_bbp_topic_count":0,"_bbp_reply_count":0,"_bbp_total_topic_count":0,"_bbp_total_reply_count":0,"_bbp_voice_count":0,"_bbp_anonymous_reply_count":0,"_bbp_topic_count_hidden":0,"_bbp_reply_count_hidden":0,"_bbp_forum_subforum_count":0,"footnotes":""},"class_list":["post-855","page","type-page","status-publish","hentry"],"post_mailing_queue_ids":[],"_links":{"self":[{"href":"https:\/\/agora.xtec.cat\/ceip-eramprunya\/wp-json\/wp\/v2\/pages\/855","targetHints":{"allow":["GET"]}}],"collection":[{"href":"https:\/\/agora.xtec.cat\/ceip-eramprunya\/wp-json\/wp\/v2\/pages"}],"about":[{"href":"https:\/\/agora.xtec.cat\/ceip-eramprunya\/wp-json\/wp\/v2\/types\/page"}],"author":[{"embeddable":true,"href":"https:\/\/agora.xtec.cat\/ceip-eramprunya\/wp-json\/wp\/v2\/users\/1"}],"replies":[{"embeddable":true,"href":"https:\/\/agora.xtec.cat\/ceip-eramprunya\/wp-json\/wp\/v2\/comments?post=855"}],"version-history":[{"count":3,"href":"https:\/\/agora.xtec.cat\/ceip-eramprunya\/wp-json\/wp\/v2\/pages\/855\/revisions"}],"predecessor-version":[{"id":883,"href":"https:\/\/agora.xtec.cat\/ceip-eramprunya\/wp-json\/wp\/v2\/pages\/855\/revisions\/883"}],"up":[{"embeddable":true,"href":"https:\/\/agora.xtec.cat\/ceip-eramprunya\/wp-json\/wp\/v2\/pages\/842"}],"wp:attachment":[{"href":"https:\/\/agora.xtec.cat\/ceip-eramprunya\/wp-json\/wp\/v2\/media?parent=855"}],"curies":[{"name":"wp","href":"https:\/\/api.w.org\/{rel}","templated":true}]}}