{"id":679,"date":"2020-01-24T13:23:43","date_gmt":"2020-01-24T12:23:43","guid":{"rendered":"http:\/\/agora.xtec.cat\/ceip-eramprunya\/?page_id=679"},"modified":"2023-07-05T14:16:51","modified_gmt":"2023-07-05T12:16:51","slug":"projecte-educatiu","status":"publish","type":"page","link":"https:\/\/agora.xtec.cat\/ceip-eramprunya\/projecte-educatiu\/","title":{"rendered":"DOCUMENTS D&#8217;ORGANITZACI\u00d3 DE CENTRE"},"content":{"rendered":"<p>Aqu\u00ed trobareu els documents de centre. Nom\u00e9s heu de clicar la imatge.<\/p>\n<p>&nbsp;<\/p>\n<p><a href=\"https:\/\/drive.google.com\/file\/d\/1jbOvE_omy_xzLvuesmu5hejBFdBHhdwZ\/view\"><img loading=\"lazy\" decoding=\"async\" class=\"alignnone wp-image-2085\" src=\"https:\/\/agora.xtec.cat\/ceip-eramprunya\/wp-content\/uploads\/usu1822\/2023\/07\/PEC-724x1024.jpg\" alt=\"\" width=\"167\" height=\"236\" srcset=\"https:\/\/agora.xtec.cat\/ceip-eramprunya\/wp-content\/uploads\/usu1822\/2023\/07\/PEC-724x1024.jpg 724w, https:\/\/agora.xtec.cat\/ceip-eramprunya\/wp-content\/uploads\/usu1822\/2023\/07\/PEC-212x300.jpg 212w, https:\/\/agora.xtec.cat\/ceip-eramprunya\/wp-content\/uploads\/usu1822\/2023\/07\/PEC-768x1086.jpg 768w, https:\/\/agora.xtec.cat\/ceip-eramprunya\/wp-content\/uploads\/usu1822\/2023\/07\/PEC-1086x1536.jpg 1086w, https:\/\/agora.xtec.cat\/ceip-eramprunya\/wp-content\/uploads\/usu1822\/2023\/07\/PEC.jpg 1414w\" sizes=\"auto, (max-width: 167px) 100vw, 167px\" \/><\/a>\u00a0 \u00a0\u00a0 <a href=\"https:\/\/drive.google.com\/file\/d\/1LKy30WORNZ9AJkn67xa4I7nbWTICPClD\/view\"><img loading=\"lazy\" decoding=\"async\" class=\"alignnone wp-image-2088\" src=\"https:\/\/agora.xtec.cat\/ceip-eramprunya\/wp-content\/uploads\/usu1822\/2023\/07\/PLC-724x1024.jpg\" alt=\"\" width=\"166\" height=\"235\" srcset=\"https:\/\/agora.xtec.cat\/ceip-eramprunya\/wp-content\/uploads\/usu1822\/2023\/07\/PLC-724x1024.jpg 724w, https:\/\/agora.xtec.cat\/ceip-eramprunya\/wp-content\/uploads\/usu1822\/2023\/07\/PLC-212x300.jpg 212w, https:\/\/agora.xtec.cat\/ceip-eramprunya\/wp-content\/uploads\/usu1822\/2023\/07\/PLC-768x1086.jpg 768w, https:\/\/agora.xtec.cat\/ceip-eramprunya\/wp-content\/uploads\/usu1822\/2023\/07\/PLC-1086x1536.jpg 1086w, https:\/\/agora.xtec.cat\/ceip-eramprunya\/wp-content\/uploads\/usu1822\/2023\/07\/PLC.jpg 1414w\" sizes=\"auto, (max-width: 166px) 100vw, 166px\" \/><\/a>\u00a0 \u00a0<a href=\"https:\/\/drive.google.com\/file\/d\/1MQwtAGxf53siJ7cErvJXTy6jCWSg4xxb\/view?usp=sharing\"><img loading=\"lazy\" decoding=\"async\" class=\"alignnone wp-image-2089\" src=\"https:\/\/agora.xtec.cat\/ceip-eramprunya\/wp-content\/uploads\/usu1822\/2023\/07\/NOFC-en-revisio-724x1024.jpg\" alt=\"\" width=\"168\" height=\"237\" srcset=\"https:\/\/agora.xtec.cat\/ceip-eramprunya\/wp-content\/uploads\/usu1822\/2023\/07\/NOFC-en-revisio-724x1024.jpg 724w, https:\/\/agora.xtec.cat\/ceip-eramprunya\/wp-content\/uploads\/usu1822\/2023\/07\/NOFC-en-revisio-212x300.jpg 212w, https:\/\/agora.xtec.cat\/ceip-eramprunya\/wp-content\/uploads\/usu1822\/2023\/07\/NOFC-en-revisio-768x1086.jpg 768w, https:\/\/agora.xtec.cat\/ceip-eramprunya\/wp-content\/uploads\/usu1822\/2023\/07\/NOFC-en-revisio-1086x1536.jpg 1086w, https:\/\/agora.xtec.cat\/ceip-eramprunya\/wp-content\/uploads\/usu1822\/2023\/07\/NOFC-en-revisio.jpg 1414w\" sizes=\"auto, (max-width: 168px) 100vw, 168px\" \/><\/a><\/p>\n<p><a href=\"https:\/\/drive.google.com\/file\/d\/1dPKPzK66zr-YzItVHCva0A8uNqXj_vvV\/view\">\u00a0<\/a>\u00a0 <a href=\"https:\/\/drive.google.com\/file\/d\/1dPKPzK66zr-YzItVHCva0A8uNqXj_vvV\/view\"><img loading=\"lazy\" decoding=\"async\" class=\"alignnone wp-image-2090\" src=\"https:\/\/agora.xtec.cat\/ceip-eramprunya\/wp-content\/uploads\/usu1822\/2023\/07\/FAMILIES-DELEGADES-724x1024.jpg\" alt=\"\" width=\"170\" height=\"241\" srcset=\"https:\/\/agora.xtec.cat\/ceip-eramprunya\/wp-content\/uploads\/usu1822\/2023\/07\/FAMILIES-DELEGADES-724x1024.jpg 724w, https:\/\/agora.xtec.cat\/ceip-eramprunya\/wp-content\/uploads\/usu1822\/2023\/07\/FAMILIES-DELEGADES-212x300.jpg 212w, https:\/\/agora.xtec.cat\/ceip-eramprunya\/wp-content\/uploads\/usu1822\/2023\/07\/FAMILIES-DELEGADES-768x1086.jpg 768w, https:\/\/agora.xtec.cat\/ceip-eramprunya\/wp-content\/uploads\/usu1822\/2023\/07\/FAMILIES-DELEGADES-1086x1536.jpg 1086w, https:\/\/agora.xtec.cat\/ceip-eramprunya\/wp-content\/uploads\/usu1822\/2023\/07\/FAMILIES-DELEGADES.jpg 1414w\" sizes=\"auto, (max-width: 170px) 100vw, 170px\" \/><\/a><a href=\"https:\/\/drive.google.com\/file\/d\/1okQZD06mtrTc5ajDRKwHwFIWLTZRUkBh\/view\"><img loading=\"lazy\" decoding=\"async\" class=\"wp-image-2091 alignleft\" src=\"https:\/\/agora.xtec.cat\/ceip-eramprunya\/wp-content\/uploads\/usu1822\/2023\/07\/CARTA-DE-COMPROMIS-724x1024.jpg\" alt=\"\" width=\"174\" height=\"246\" srcset=\"https:\/\/agora.xtec.cat\/ceip-eramprunya\/wp-content\/uploads\/usu1822\/2023\/07\/CARTA-DE-COMPROMIS-724x1024.jpg 724w, https:\/\/agora.xtec.cat\/ceip-eramprunya\/wp-content\/uploads\/usu1822\/2023\/07\/CARTA-DE-COMPROMIS-212x300.jpg 212w, https:\/\/agora.xtec.cat\/ceip-eramprunya\/wp-content\/uploads\/usu1822\/2023\/07\/CARTA-DE-COMPROMIS-768x1086.jpg 768w, https:\/\/agora.xtec.cat\/ceip-eramprunya\/wp-content\/uploads\/usu1822\/2023\/07\/CARTA-DE-COMPROMIS-1086x1536.jpg 1086w, https:\/\/agora.xtec.cat\/ceip-eramprunya\/wp-content\/uploads\/usu1822\/2023\/07\/CARTA-DE-COMPROMIS.jpg 1414w\" sizes=\"auto, (max-width: 174px) 100vw, 174px\" \/><\/a><\/p>\n<p>&nbsp;<\/p>\n<p>&nbsp;<\/p>\n<p>&nbsp;<\/p>\n<p>&nbsp;<\/p>\n","protected":false},"excerpt":{"rendered":"<p>Aqu\u00ed trobareu els documents de centre. Nom\u00e9s heu de clicar la imatge.<br \/>\n&nbsp;<br \/>\n<a href=\"https:\/\/drive.google.com\/file\/d\/1jbOvE_omy_xzLvuesmu5hejBFdBHhdwZ\/view\"><\/a>\u00a0 \u00a0\u00a0 <a href=\"https:\/\/drive.google.com\/file\/d\/1LKy30WORNZ9AJkn67xa4I7nbWTICPClD\/view\"><\/a>\u00a0 \u00a0<a href=\"https:\/\/drive.google.com\/file\/d\/1MQwtAGxf53siJ7cErvJXTy6jCWSg4xxb\/view?usp=sharing\"><\/a><br \/>\n<a href=\"https:\/\/drive.google.com\/file\/d\/1dPKPzK66zr-YzItVHCva0A8uNqXj_vvV\/view\">\u00a0<\/a>\u00a0 <a href=\"https:\/\/drive.google.com\/file\/d\/1dPKPzK66zr-YzItVHCva0A8uNqXj_vvV\/view\"><\/a><a href=\"https:\/\/drive.google.com\/file\/d\/1okQZD06mtrTc5ajDRKwHwFIWLTZRUkBh\/view\"><\/a><br \/>\n&nbsp;<br \/>\n&nbsp;<br \/>\n&nbsp;<br \/>\n&nbsp;<\/p>\n","protected":false},"author":1,"featured_media":0,"parent":0,"menu_order":0,"comment_status":"closed","ping_status":"closed","template":"","meta":{"_bbp_topic_count":0,"_bbp_reply_count":0,"_bbp_total_topic_count":0,"_bbp_total_reply_count":0,"_bbp_voice_count":0,"_bbp_anonymous_reply_count":0,"_bbp_topic_count_hidden":0,"_bbp_reply_count_hidden":0,"_bbp_forum_subforum_count":0,"footnotes":""},"class_list":["post-679","page","type-page","status-publish","hentry"],"post_mailing_queue_ids":[],"_links":{"self":[{"href":"https:\/\/agora.xtec.cat\/ceip-eramprunya\/wp-json\/wp\/v2\/pages\/679","targetHints":{"allow":["GET"]}}],"collection":[{"href":"https:\/\/agora.xtec.cat\/ceip-eramprunya\/wp-json\/wp\/v2\/pages"}],"about":[{"href":"https:\/\/agora.xtec.cat\/ceip-eramprunya\/wp-json\/wp\/v2\/types\/page"}],"author":[{"embeddable":true,"href":"https:\/\/agora.xtec.cat\/ceip-eramprunya\/wp-json\/wp\/v2\/users\/1"}],"replies":[{"embeddable":true,"href":"https:\/\/agora.xtec.cat\/ceip-eramprunya\/wp-json\/wp\/v2\/comments?post=679"}],"version-history":[{"count":4,"href":"https:\/\/agora.xtec.cat\/ceip-eramprunya\/wp-json\/wp\/v2\/pages\/679\/revisions"}],"predecessor-version":[{"id":2094,"href":"https:\/\/agora.xtec.cat\/ceip-eramprunya\/wp-json\/wp\/v2\/pages\/679\/revisions\/2094"}],"wp:attachment":[{"href":"https:\/\/agora.xtec.cat\/ceip-eramprunya\/wp-json\/wp\/v2\/media?parent=679"}],"curies":[{"name":"wp","href":"https:\/\/api.w.org\/{rel}","templated":true}]}}