{"id":22,"date":"2014-09-18T12:19:57","date_gmt":"2014-09-18T11:19:57","guid":{"rendered":"http:\/\/agora.xtec.cat\/ceip-entorn-mata\/?page_id=22"},"modified":"2024-03-05T10:13:38","modified_gmt":"2024-03-05T09:13:38","slug":"lescola","status":"publish","type":"page","link":"https:\/\/agora.xtec.cat\/ceip-entorn-mata\/lescola\/","title":{"rendered":"L&#8217;escola"},"content":{"rendered":"<p><span id=\"sites-page-title\" dir=\"ltr\" tabindex=\"-1\">La nostra escola<\/span><\/p>\n<div id=\"sites-canvas-main\" class=\"sites-canvas-main\">\n<div id=\"sites-canvas-main-content\">\n<h2><b><span lang=\"CA\">Caracter\u00edstiques espec\u00edfiques del Centre<\/span><\/b><\/h2>\n<p><span style=\"font-size: medium;\">L\u2019Escola l\u2019Entorn de Mata \u2013 Porqueres \u00e9s un centre de 2 l\u00ednies amb algun curs triplicat. En total l&#8217;escola t\u00e9 19 grups, 6 grups a Ed. Infantil i 13 grups a Ed. Prim\u00e0ria.<\/span><\/p>\n<p><span style=\"font-size: medium;\">El curs 2023\u2013 2024 s\u2019inicia amb 357 alumnes.<\/span><\/p>\n<p>La plantilla de mestres \u00e9s de\u00a0<span style=\"font-size: large;\">28,5<\/span> mestres,\u00a0 0\u201975 de religi\u00f3, 1 t\u00e8cnica d&#8217;Educaci\u00f3 Infantil (TEI), 1 auxiliar d&#8217;educaci\u00f3 especial\/vetlladora (20h\/setmana) i un mestre de m\u00fasica a EI.<\/p>\n<\/div>\n<\/div>\n","protected":false},"excerpt":{"rendered":"<p>La nostra escola Caracter\u00edstiques espec\u00edfiques del Centre L\u2019Escola l\u2019Entorn de Mata \u2013 Porqueres \u00e9s un centre de 2 l\u00ednies amb [&hellip;]<\/p>\n","protected":false},"author":1,"featured_media":0,"parent":0,"menu_order":0,"comment_status":"closed","ping_status":"closed","template":"page-templates\/side-menu.php","meta":{"site-sidebar-layout":"default","site-content-layout":"","ast-site-content-layout":"","site-content-style":"default","site-sidebar-style":"default","ast-global-header-display":"","ast-banner-title-visibility":"","ast-main-header-display":"","ast-hfb-above-header-display":"","ast-hfb-below-header-display":"","ast-hfb-mobile-header-display":"","site-post-title":"","ast-breadcrumbs-content":"","ast-featured-img":"","footer-sml-layout":"","theme-transparent-header-meta":"","adv-header-id-meta":"","stick-header-meta":"","header-above-stick-meta":"","header-main-stick-meta":"","header-below-stick-meta":"","astra-migrate-meta-layouts":"default","ast-page-background-enabled":"default","ast-page-background-meta":{"desktop":{"background-color":"var(--ast-global-color-4)","background-image":"","background-repeat":"repeat","background-position":"center center","background-size":"auto","background-attachment":"scroll","background-type":"","background-media":"","overlay-type":"","overlay-color":"","overlay-opacity":"","overlay-gradient":""},"tablet":{"background-color":"","background-image":"","background-repeat":"repeat","background-position":"center center","background-size":"auto","background-attachment":"scroll","background-type":"","background-media":"","overlay-type":"","overlay-color":"","overlay-opacity":"","overlay-gradient":""},"mobile":{"background-color":"","background-image":"","background-repeat":"repeat","background-position":"center center","background-size":"auto","background-attachment":"scroll","background-type":"","background-media":"","overlay-type":"","overlay-color":"","overlay-opacity":"","overlay-gradient":""}},"ast-content-background-meta":{"desktop":{"background-color":"var(--ast-global-color-5)","background-image":"","background-repeat":"repeat","background-position":"center center","background-size":"auto","background-attachment":"scroll","background-type":"","background-media":"","overlay-type":"","overlay-color":"","overlay-opacity":"","overlay-gradient":""},"tablet":{"background-color":"var(--ast-global-color-5)","background-image":"","background-repeat":"repeat","background-position":"center center","background-size":"auto","background-attachment":"scroll","background-type":"","background-media":"","overlay-type":"","overlay-color":"","overlay-opacity":"","overlay-gradient":""},"mobile":{"background-color":"var(--ast-global-color-5)","background-image":"","background-repeat":"repeat","background-position":"center center","background-size":"auto","background-attachment":"scroll","background-type":"","background-media":"","overlay-type":"","overlay-color":"","overlay-opacity":"","overlay-gradient":""}},"footnotes":""},"class_list":["post-22","page","type-page","status-publish","hentry"],"post_mailing_queue_ids":[],"_links":{"self":[{"href":"https:\/\/agora.xtec.cat\/ceip-entorn-mata\/wp-json\/wp\/v2\/pages\/22","targetHints":{"allow":["GET"]}}],"collection":[{"href":"https:\/\/agora.xtec.cat\/ceip-entorn-mata\/wp-json\/wp\/v2\/pages"}],"about":[{"href":"https:\/\/agora.xtec.cat\/ceip-entorn-mata\/wp-json\/wp\/v2\/types\/page"}],"author":[{"embeddable":true,"href":"https:\/\/agora.xtec.cat\/ceip-entorn-mata\/wp-json\/wp\/v2\/users\/1"}],"replies":[{"embeddable":true,"href":"https:\/\/agora.xtec.cat\/ceip-entorn-mata\/wp-json\/wp\/v2\/comments?post=22"}],"version-history":[{"count":4,"href":"https:\/\/agora.xtec.cat\/ceip-entorn-mata\/wp-json\/wp\/v2\/pages\/22\/revisions"}],"predecessor-version":[{"id":8396,"href":"https:\/\/agora.xtec.cat\/ceip-entorn-mata\/wp-json\/wp\/v2\/pages\/22\/revisions\/8396"}],"wp:attachment":[{"href":"https:\/\/agora.xtec.cat\/ceip-entorn-mata\/wp-json\/wp\/v2\/media?parent=22"}],"curies":[{"name":"wp","href":"https:\/\/api.w.org\/{rel}","templated":true}]}}