{"id":38,"date":"2014-09-18T12:34:08","date_gmt":"2014-09-18T11:34:08","guid":{"rendered":"http:\/\/agora.xtec.cat\/ceip-enric-granados\/?page_id=38"},"modified":"2016-03-31T11:31:43","modified_gmt":"2016-03-31T10:31:43","slug":"salut","status":"publish","type":"page","link":"https:\/\/agora.xtec.cat\/ceip-enric-granados\/lescola\/salut\/","title":{"rendered":"Salut"},"content":{"rendered":"<p>&nbsp;<\/p>\n<p>D&#8217;acord amb el projecte de Conviv\u00e8ncia del centre es comunica a les fam\u00edlies que:<br \/>\n<strong>Medicaments:<\/strong> Per a poder subministrar qualsevol medicament prescrit als alumnes, \u00e9s necessari la recepta del metge i signar l&#8217;autoritzaci\u00f3 corresponent per part de la fam\u00edlia.<\/p>\n<p><strong>Al\u00b7l\u00e8rgies i intoler\u00e0ncies realitzaci\u00f3 activitats escolars<\/strong>.: La fam\u00edlia haur\u00e0 de comunicar la situaci\u00f3 al centre. En cas d&#8217;intoler\u00e0ncies o al\u00b7l\u00e8rgies que impedeixin a l&#8217;alumne realitzar algun tipus d&#8217;activitat s&#8217;haur\u00e0 d&#8217;aportar algun tipus d&#8217;informe m\u00e8dic que ho corrobori.<\/p>\n<p><strong>Al\u00b7l\u00e8rgies i intoler\u00e0ncies aliments<\/strong>.: La fam\u00edlia haur\u00e0 de comunicar la situaci\u00f3 al centre. En cas d&#8217;intoler\u00e0ncies o al\u00b7l\u00e8rgies que impedeixin a l&#8217;alumne ingerir diferents aliments s&#8217;haur\u00e0 d&#8217;aportar algun tipus d&#8217;informe m\u00e8dic que ho corrobori.<\/p>\n<p><strong>Malaltia i assist\u00e8ncia visita m\u00e8dica:<\/strong> La fam\u00edlia haur\u00e0 d&#8217;aportar el\u00a0justificant corresponent.<\/p>\n<p><strong>Vacunacions<\/strong>: La fam\u00edlia haur\u00e0 de signar la corresponent autoritzaci\u00f3, tant positiva com negativa que se&#8217;ls hi proporcionar\u00e0.<\/p>\n<p><strong>Polls:<\/strong>\u00a0L\u2019 escola \u00e9s un lloc on la pres\u00e8ncia de polls al cap pot ser freq\u00fcent, ja que la\u00a0conviv\u00e8ncia de molts nens afavoreix la difusi\u00f3, malgrat que pares i mestres\u00a0ens preocupem per evitar-ho. Us recordem que els polls del cap no transmeten\u00a0malalties i no s\u00f3n cap risc per la salut, per\u00f2 conv\u00e9 eliminar-los.<\/p>\n<p>&nbsp;<\/p>\n<p>&nbsp;<\/p>\n<p>&nbsp;<\/p>\n","protected":false},"excerpt":{"rendered":"<p>&nbsp; D&#8217;acord amb el projecte de Conviv\u00e8ncia del centre es comunica a les fam\u00edlies que: Medicaments: Per a poder subministrar qualsevol medicament prescrit als alumnes, \u00e9s necessari la recepta del metge i signar l&#8217;autoritzaci\u00f3 corresponent per part de la fam\u00edlia. Al\u00b7l\u00e8rgies i intoler\u00e0ncies realitzaci\u00f3 activitats escolars.: La fam\u00edlia haur\u00e0 de comunicar la situaci\u00f3 al centre. [&hellip;]<\/p>\n","protected":false},"author":1,"featured_media":0,"parent":22,"menu_order":80,"comment_status":"closed","ping_status":"closed","template":"page-templates\/side-menu.php","meta":{"_bbp_topic_count":0,"_bbp_reply_count":0,"_bbp_total_topic_count":0,"_bbp_total_reply_count":0,"_bbp_voice_count":0,"_bbp_anonymous_reply_count":0,"_bbp_topic_count_hidden":0,"_bbp_reply_count_hidden":0,"_bbp_forum_subforum_count":0,"site-sidebar-layout":"default","site-content-layout":"","ast-site-content-layout":"","site-content-style":"default","site-sidebar-style":"default","ast-global-header-display":"","ast-banner-title-visibility":"","ast-main-header-display":"","ast-hfb-above-header-display":"","ast-hfb-below-header-display":"","ast-hfb-mobile-header-display":"","site-post-title":"","ast-breadcrumbs-content":"","ast-featured-img":"","footer-sml-layout":"","theme-transparent-header-meta":"","adv-header-id-meta":"","stick-header-meta":"","header-above-stick-meta":"","header-main-stick-meta":"","header-below-stick-meta":"","astra-migrate-meta-layouts":"default","ast-page-background-enabled":"default","ast-page-background-meta":{"desktop":{"background-color":"var(--ast-global-color-4)","background-image":"","background-repeat":"repeat","background-position":"center center","background-size":"auto","background-attachment":"scroll","background-type":"","background-media":"","overlay-type":"","overlay-color":"","overlay-opacity":"","overlay-gradient":""},"tablet":{"background-color":"","background-image":"","background-repeat":"repeat","background-position":"center center","background-size":"auto","background-attachment":"scroll","background-type":"","background-media":"","overlay-type":"","overlay-color":"","overlay-opacity":"","overlay-gradient":""},"mobile":{"background-color":"","background-image":"","background-repeat":"repeat","background-position":"center center","background-size":"auto","background-attachment":"scroll","background-type":"","background-media":"","overlay-type":"","overlay-color":"","overlay-opacity":"","overlay-gradient":""}},"ast-content-background-meta":{"desktop":{"background-color":"var(--ast-global-color-5)","background-image":"","background-repeat":"repeat","background-position":"center center","background-size":"auto","background-attachment":"scroll","background-type":"","background-media":"","overlay-type":"","overlay-color":"","overlay-opacity":"","overlay-gradient":""},"tablet":{"background-color":"var(--ast-global-color-5)","background-image":"","background-repeat":"repeat","background-position":"center center","background-size":"auto","background-attachment":"scroll","background-type":"","background-media":"","overlay-type":"","overlay-color":"","overlay-opacity":"","overlay-gradient":""},"mobile":{"background-color":"var(--ast-global-color-5)","background-image":"","background-repeat":"repeat","background-position":"center center","background-size":"auto","background-attachment":"scroll","background-type":"","background-media":"","overlay-type":"","overlay-color":"","overlay-opacity":"","overlay-gradient":""}},"footnotes":""},"class_list":["post-38","page","type-page","status-publish","hentry"],"post_mailing_queue_ids":[],"_links":{"self":[{"href":"https:\/\/agora.xtec.cat\/ceip-enric-granados\/wp-json\/wp\/v2\/pages\/38","targetHints":{"allow":["GET"]}}],"collection":[{"href":"https:\/\/agora.xtec.cat\/ceip-enric-granados\/wp-json\/wp\/v2\/pages"}],"about":[{"href":"https:\/\/agora.xtec.cat\/ceip-enric-granados\/wp-json\/wp\/v2\/types\/page"}],"author":[{"embeddable":true,"href":"https:\/\/agora.xtec.cat\/ceip-enric-granados\/wp-json\/wp\/v2\/users\/1"}],"replies":[{"embeddable":true,"href":"https:\/\/agora.xtec.cat\/ceip-enric-granados\/wp-json\/wp\/v2\/comments?post=38"}],"version-history":[{"count":3,"href":"https:\/\/agora.xtec.cat\/ceip-enric-granados\/wp-json\/wp\/v2\/pages\/38\/revisions"}],"predecessor-version":[{"id":247,"href":"https:\/\/agora.xtec.cat\/ceip-enric-granados\/wp-json\/wp\/v2\/pages\/38\/revisions\/247"}],"up":[{"embeddable":true,"href":"https:\/\/agora.xtec.cat\/ceip-enric-granados\/wp-json\/wp\/v2\/pages\/22"}],"wp:attachment":[{"href":"https:\/\/agora.xtec.cat\/ceip-enric-granados\/wp-json\/wp\/v2\/media?parent=38"}],"curies":[{"name":"wp","href":"https:\/\/api.w.org\/{rel}","templated":true}]}}