{"id":266,"date":"2016-03-31T13:36:16","date_gmt":"2016-03-31T12:36:16","guid":{"rendered":"http:\/\/agora.xtec.cat\/ceip-enric-granados\/?page_id=266"},"modified":"2025-09-05T14:23:38","modified_gmt":"2025-09-05T12:23:38","slug":"horari","status":"publish","type":"page","link":"https:\/\/agora.xtec.cat\/ceip-enric-granados\/lescola\/calendari-del-curs\/horari\/","title":{"rendered":"Horari"},"content":{"rendered":"<h4><strong>HORARI ESCOLAR:<\/strong><\/h4>\n<ul>\n<li><strong>Educaci\u00f3 Infantil i Prim\u00e0ria<\/strong>: de <strong>9 a 13 hores<\/strong> i de <strong>15 a 17 hores<\/strong> per a tots els alumnes del centre. L&#8217;horari de menjador ser\u00e0 de 13h a 15h.<\/li>\n<li><strong>Educaci\u00f3 Secund\u00e0ria<\/strong>: Dilluns, Dimarts i Dijous de <strong>8 a 13:15 hores<\/strong> i de <strong>15 a 17 hores<\/strong>. Dimecres de <strong>8 a 13:15 hores<\/strong> i Divendres de <strong>8 a 13:30 hores<\/strong><\/li>\n<\/ul>\n<h4><strong>SERVEI D&#8217;ACOLLIDA:<\/strong><\/h4>\n<p>Es mant\u00e9 el servei d&#8217;acollida matinal de 7.45h a 9h. Per concertar el servei posin en contacte amb l&#8217;\u00c0lex, 690371560.<\/p>\n<p>&nbsp;<\/p>\n","protected":false},"excerpt":{"rendered":"<p>HORARI ESCOLAR: Educaci\u00f3 Infantil i Prim\u00e0ria: de 9 a 13 hores i de 15 a 17 hores per a tots els alumnes del centre. L&#8217;horari de menjador ser\u00e0 de 13h a 15h. Educaci\u00f3 Secund\u00e0ria: Dilluns, Dimarts i Dijous de 8 a 13:15 hores i de 15 a 17 hores. Dimecres de 8 a 13:15 hores [&hellip;]<\/p>\n","protected":false},"author":1,"featured_media":0,"parent":32,"menu_order":51,"comment_status":"closed","ping_status":"closed","template":"page-templates\/side-menu.php","meta":{"_bbp_topic_count":0,"_bbp_reply_count":0,"_bbp_total_topic_count":0,"_bbp_total_reply_count":0,"_bbp_voice_count":0,"_bbp_anonymous_reply_count":0,"_bbp_topic_count_hidden":0,"_bbp_reply_count_hidden":0,"_bbp_forum_subforum_count":0,"site-sidebar-layout":"default","site-content-layout":"","ast-site-content-layout":"","site-content-style":"default","site-sidebar-style":"default","ast-global-header-display":"","ast-banner-title-visibility":"","ast-main-header-display":"","ast-hfb-above-header-display":"","ast-hfb-below-header-display":"","ast-hfb-mobile-header-display":"","site-post-title":"","ast-breadcrumbs-content":"","ast-featured-img":"","footer-sml-layout":"","theme-transparent-header-meta":"","adv-header-id-meta":"","stick-header-meta":"","header-above-stick-meta":"","header-main-stick-meta":"","header-below-stick-meta":"","astra-migrate-meta-layouts":"default","ast-page-background-enabled":"default","ast-page-background-meta":{"desktop":{"background-color":"var(--ast-global-color-4)","background-image":"","background-repeat":"repeat","background-position":"center center","background-size":"auto","background-attachment":"scroll","background-type":"","background-media":"","overlay-type":"","overlay-color":"","overlay-opacity":"","overlay-gradient":""},"tablet":{"background-color":"","background-image":"","background-repeat":"repeat","background-position":"center center","background-size":"auto","background-attachment":"scroll","background-type":"","background-media":"","overlay-type":"","overlay-color":"","overlay-opacity":"","overlay-gradient":""},"mobile":{"background-color":"","background-image":"","background-repeat":"repeat","background-position":"center center","background-size":"auto","background-attachment":"scroll","background-type":"","background-media":"","overlay-type":"","overlay-color":"","overlay-opacity":"","overlay-gradient":""}},"ast-content-background-meta":{"desktop":{"background-color":"var(--ast-global-color-5)","background-image":"","background-repeat":"repeat","background-position":"center center","background-size":"auto","background-attachment":"scroll","background-type":"","background-media":"","overlay-type":"","overlay-color":"","overlay-opacity":"","overlay-gradient":""},"tablet":{"background-color":"var(--ast-global-color-5)","background-image":"","background-repeat":"repeat","background-position":"center center","background-size":"auto","background-attachment":"scroll","background-type":"","background-media":"","overlay-type":"","overlay-color":"","overlay-opacity":"","overlay-gradient":""},"mobile":{"background-color":"var(--ast-global-color-5)","background-image":"","background-repeat":"repeat","background-position":"center center","background-size":"auto","background-attachment":"scroll","background-type":"","background-media":"","overlay-type":"","overlay-color":"","overlay-opacity":"","overlay-gradient":""}},"footnotes":""},"class_list":["post-266","page","type-page","status-publish","hentry"],"post_mailing_queue_ids":[],"_links":{"self":[{"href":"https:\/\/agora.xtec.cat\/ceip-enric-granados\/wp-json\/wp\/v2\/pages\/266","targetHints":{"allow":["GET"]}}],"collection":[{"href":"https:\/\/agora.xtec.cat\/ceip-enric-granados\/wp-json\/wp\/v2\/pages"}],"about":[{"href":"https:\/\/agora.xtec.cat\/ceip-enric-granados\/wp-json\/wp\/v2\/types\/page"}],"author":[{"embeddable":true,"href":"https:\/\/agora.xtec.cat\/ceip-enric-granados\/wp-json\/wp\/v2\/users\/1"}],"replies":[{"embeddable":true,"href":"https:\/\/agora.xtec.cat\/ceip-enric-granados\/wp-json\/wp\/v2\/comments?post=266"}],"version-history":[{"count":6,"href":"https:\/\/agora.xtec.cat\/ceip-enric-granados\/wp-json\/wp\/v2\/pages\/266\/revisions"}],"predecessor-version":[{"id":7211,"href":"https:\/\/agora.xtec.cat\/ceip-enric-granados\/wp-json\/wp\/v2\/pages\/266\/revisions\/7211"}],"up":[{"embeddable":true,"href":"https:\/\/agora.xtec.cat\/ceip-enric-granados\/wp-json\/wp\/v2\/pages\/32"}],"wp:attachment":[{"href":"https:\/\/agora.xtec.cat\/ceip-enric-granados\/wp-json\/wp\/v2\/media?parent=266"}],"curies":[{"name":"wp","href":"https:\/\/api.w.org\/{rel}","templated":true}]}}