{"id":28,"date":"2014-09-18T12:29:35","date_gmt":"2014-09-18T10:29:35","guid":{"rendered":"http:\/\/agora.xtec.cat\/ceip-elturo-masquefa\/?page_id=28"},"modified":"2025-04-02T13:09:54","modified_gmt":"2025-04-02T11:09:54","slug":"consell-escolar","status":"publish","type":"page","link":"https:\/\/agora.xtec.cat\/ceip-elturo-masquefa\/lescola\/consell-escolar\/","title":{"rendered":"Consell escolar"},"content":{"rendered":"<p style=\"text-align: justify;\">\u00c9s l\u2019\u00f2rgan de participaci\u00f3 en el control de la gesti\u00f3 del centre, per part dels diferents sectors de la comunitat educativa: el professorat, les fam\u00edlies, l\u2019AFA, el personal d\u2019administraci\u00f3 i serveis, l\u2019Ajuntament i l\u2019equip directiu.<br \/>\nLes seves funcions, establertes a l\u2019article 148 de la LEC (Llei catalana d\u2019educaci\u00f3, de 2009), s\u00f3n matisades per l\u2019article 127 de la LOMCE (Ley org\u00e0nica para la mejora de la calidad educativa, de 2013) que, si b\u00e9 en mant\u00e9 les compet\u00e8ncies, en deroga les funcions decis\u00f2ries, que traspassa a la direcci\u00f3 dels centre, deixant el consell com a \u00f2rgan consultiu.<br \/>\nTal com indica l\u2019article 148 de la LEC, el consell escolar del Tur\u00f3 ha aprovat les seves normes de funcionament, que estan recollides a les NOFC, en el document Acords de funcionament del Consell Escolar.<\/p>\n<h3><strong>Membres del Consell Escolar del Tur\u00f3 (curs 2023-2024)<\/strong><\/h3>\n<p>El Consell Escolar de l\u2019Escola El Tur\u00f3 de Masquefa est\u00e0 format per 15 persones:<\/p>\n<table style=\"height: 547px; width: 58.1798%;\" width=\"430\">\n<tbody>\n<tr style=\"height: 155px;\">\n<td style=\"width: 211px; height: 155px;\"><span style=\"font-weight: 400;\">Directora\u00a0<\/span><\/p>\n<p><span style=\"font-weight: 400;\">Cap d&#8217;Estudis<\/span><\/p>\n<p><span style=\"font-weight: 400;\">Secretaria\u00a0<\/span><\/td>\n<td style=\"width: 211px; height: 155px;\"><span style=\"font-weight: 400;\">Tina Palau G\u00f3mez<\/span><\/p>\n<p><span style=\"font-weight: 400;\">Esther Gal\u00e1n Mir\u00f3<\/span><\/p>\n<p><span style=\"font-weight: 400;\">Gustavo Romero Cruz<\/span><\/td>\n<\/tr>\n<tr style=\"height: 52px;\">\n<td style=\"width: 211px; height: 52px;\"><span style=\"font-weight: 400;\">Ajuntament<\/span><\/td>\n<td style=\"width: 211px; height: 52px;\"><span style=\"font-weight: 400;\">Lenny Denise Abreu Esquivel<\/span><\/td>\n<\/tr>\n<tr style=\"height: 53px;\">\n<td style=\"width: 211px; height: 53px;\"><span style=\"font-weight: 400;\">PAS personal adm. i serveis<\/span><\/td>\n<td style=\"width: 211px; height: 53px;\"><span style=\"font-weight: 400;\">Marta Bach G\u00f3mez<\/span><\/td>\n<\/tr>\n<tr style=\"height: 122px;\">\n<td style=\"width: 211px; height: 122px;\"><span style=\"font-weight: 400;\">Pares i mares<\/span><\/td>\n<td style=\"width: 211px; height: 122px;\">\n<ol>\n<li>Marga Castro Blesa<\/li>\n<li style=\"font-weight: 400;\"><span style=\"font-weight: 400;\">Emma Marcos Sabi<\/span><\/li>\n<li><span style=\"font-weight: 400;\">Jonatan Jim\u00e9nez Jim\u00e9nez<\/span><\/li>\n<li>Xavier Cabanillas Ruiz<\/li>\n<li style=\"font-weight: 400;\"><span style=\"font-weight: 400;\">Emran Sabir Mart\u00ednez<\/span><\/li>\n<\/ol>\n<\/td>\n<\/tr>\n<tr style=\"height: 165px;\">\n<td style=\"width: 211px; height: 165px;\"><span style=\"font-weight: 400;\">Mestres<\/span><\/td>\n<td style=\"width: 211px; height: 165px;\">&nbsp;<\/p>\n<ol>\n<li style=\"font-weight: 400;\"><span style=\"font-weight: 400;\">Toni Riveiro Andi\u00f3n<\/span><\/li>\n<li>Carmen Montero Bermudo<\/li>\n<li>Aleix Arrufat Albiol<\/li>\n<li>Helena Minoves Jim\u00e9nez<\/li>\n<li>N\u00faria Fern\u00e1ndez Mart\u00ed<\/li>\n<\/ol>\n<\/td>\n<\/tr>\n<\/tbody>\n<\/table>\n<h3><\/h3>\n<table style=\"width: 424px;\">\n<tbody>\n<tr>\n<td style=\"width: 418px;\" colspan=\"2\"><b>COMISSI\u00d3 PERMANENT<\/b><\/p>\n<p><b>(Amb amb les funcions de les comissions d\u2019Economia,\u00a0 Menjador o qualsevol que es requereixi)<\/b><\/td>\n<\/tr>\n<tr>\n<td style=\"width: 211px;\"><span style=\"font-weight: 400;\">Directora<\/span><\/td>\n<td style=\"width: 205px;\"><span style=\"font-weight: 400;\">Tina Palau G\u00f3mez<\/span><\/td>\n<\/tr>\n<tr>\n<td style=\"width: 211px;\"><span style=\"font-weight: 400;\">Representant de mestres<\/span><\/td>\n<td style=\"width: 205px;\"><span style=\"font-weight: 400;\">Carmen Montero Bermudo<\/span><\/td>\n<\/tr>\n<tr>\n<td style=\"width: 211px;\"><span style=\"font-weight: 400;\">Representant de pares\/mares<\/span><\/td>\n<td style=\"width: 205px;\"><span style=\"font-weight: 400;\">Marga Castro Blesa<\/span><\/td>\n<\/tr>\n<tr>\n<td style=\"width: 211px;\"><span style=\"font-weight: 400;\">Cap d&#8217;estudis<\/span><\/td>\n<td style=\"width: 205px;\"><span style=\"font-weight: 400;\">Esther Gal\u00e1n Mir\u00f3<\/span><\/td>\n<\/tr>\n<tr>\n<td style=\"width: 211px;\"><span style=\"font-weight: 400;\">Secretari del Centre<\/span><\/td>\n<td style=\"width: 205px;\"><span style=\"font-weight: 400;\">Gustavo Romero Cruz<\/span><\/td>\n<\/tr>\n<tr>\n<td style=\"width: 211px;\"><span style=\"font-weight: 400;\">Ajuntament<\/span><\/td>\n<td style=\"width: 205px;\"><span style=\"font-weight: 400;\">Lenny Denise Abreu Esquivel<\/span><\/td>\n<\/tr>\n<\/tbody>\n<\/table>\n<h3><\/h3>\n<table style=\"width: 412px;\">\n<tbody>\n<tr>\n<td style=\"width: 406px;\" colspan=\"2\"><b>REPRESENTANTS DEL TUR\u00d3<\/b><\/p>\n<p><b>AL CONSELL ESCOLAR MUNICIPAL<\/b><\/td>\n<\/tr>\n<tr>\n<td style=\"width: 210px;\"><span style=\"font-weight: 400;\">Directora<\/span><\/td>\n<td style=\"width: 194px;\"><span style=\"font-weight: 400;\">Tina Palau G\u00f3mez<\/span><\/td>\n<\/tr>\n<tr>\n<td style=\"width: 210px;\"><span style=\"font-weight: 400;\">Representant de mestres<\/span><\/td>\n<td style=\"width: 194px;\">Helena Minoves<\/td>\n<\/tr>\n<tr>\n<td style=\"width: 210px;\"><span style=\"font-weight: 400;\">Representant de pares\/mares<\/span><\/td>\n<td style=\"width: 194px;\"><span style=\"font-weight: 400;\">Emran Sabir Mart\u00ednez<\/span><\/td>\n<\/tr>\n<tr>\n<td style=\"width: 210px;\"><span style=\"font-weight: 400;\">PAS<\/span><\/td>\n<td style=\"width: 194px;\"><span style=\"font-weight: 400;\">Marta Bach G\u00f3mez<\/span><\/td>\n<\/tr>\n<\/tbody>\n<\/table>\n<p><b>Referent de coeducaci\u00f3<\/b><span style=\"font-weight: 400;\">: N\u00faria Fern\u00e1ndez Mart\u00ed<\/span><\/p>\n<h3><strong>Funcions del Consell Escolar:<\/strong><\/h3>\n<p>Corresponen al consell escolar les funcions seg\u00fcents:<\/p>\n<ul>\n<li>Aprovar el projecte educatiu i les modificacions corresponents per una majoria de tres cinquenes parts dels membres.<\/li>\n<li>Aprovar la programaci\u00f3 general anual del centre i avaluar-ne el desenvolupament i els resultats.<\/li>\n<li>Aprovar les propostes d&#8217;acords de corresponsabilitat, convenis i altres acords de col\u00b7laboraci\u00f3 del centre amb entitats o institucions.<\/li>\n<li>Aprovar les normes d&#8217;organitzaci\u00f3 i funcionament i les modificacions corresponents.<\/li>\n<li>Aprovar la carta de comprom\u00eds educatiu.<\/li>\n<li>Aprovar el pressupost del centre i el rendiment de comptes.<\/li>\n<li>Intervenir en el procediment d&#8217;admissi\u00f3 d&#8217;alumnes.<\/li>\n<li>Participar en el procediment de selecci\u00f3 i en la proposta de cessament del director o directora.<\/li>\n<li>Intervenir en la resoluci\u00f3 dels conflictes i, si escau, revisar les sancions als alumnes.<\/li>\n<li>Aprovar les directrius per a la programaci\u00f3 d&#8217;activitats escolars complement\u00e0ries i d&#8217;activitats extraescolars, i avaluar-ne el desenvolupament.<\/li>\n<li>Participar en les an\u00e0lisis i les avaluacions del funcionament general del centre i con\u00e8ixer l&#8217;evoluci\u00f3 del rendiment escolar.<\/li>\n<li>Aprovar els criteris de col\u00b7laboraci\u00f3 amb altres centres i amb l&#8217;entorn.<\/li>\n<li>Qualsevol altra que li sigui atribu\u00efda per les normes legals o reglament\u00e0ries.<\/li>\n<\/ul>\n<h3><strong>Actes Consell Escolar:<\/strong><\/h3>\n<p><a href=\"https:\/\/docs.google.com\/document\/d\/1yZzN-MZMh51tZAiewdI2oCEewdnUKevd\/edit?usp=sharing&amp;ouid=113143414787916658101&amp;rtpof=true&amp;sd=true\">Acta 1 (20\/09\/23)<\/a><\/p>\n<p><a href=\"https:\/\/docs.google.com\/document\/d\/19Ag5dkMjA240XEmf_cxw46zrok50CkD_\/edit?usp=sharing&amp;ouid=113143414787916658101&amp;rtpof=true&amp;sd=true\">Acta 2 (25\/10\/23)<\/a><\/p>\n<p><a href=\"https:\/\/drive.google.com\/file\/d\/1vV__HqxF6ZzqAzK7UGUeV_ddPoeKfVB1\/view?usp=sharing\">Acta 3 (13\/12\/23)<\/a><\/p>\n<p><a href=\"https:\/\/drive.google.com\/file\/d\/1culEEFSnpG_7d7ffkt1M-WoSC6wVcyJP\/view?usp=sharing\">Acta 4 (24\/01\/24)<\/a><\/p>\n","protected":false},"excerpt":{"rendered":"<p>\u00c9s l\u2019\u00f2rgan de participaci\u00f3 en el control de la gesti\u00f3 del centre, per part dels diferents sectors de la comunitat educativa: el professorat, les fam\u00edlies, l\u2019AFA, el personal d\u2019administraci\u00f3 i serveis, l\u2019Ajuntament i l\u2019equip directiu.<br \/>\nLes seves funcions, establertes a l\u2019article 148 de la LEC (Llei&hellip;  <a href=\"https:\/\/agora.xtec.cat\/ceip-elturo-masquefa\/lescola\/consell-escolar\/\" title=\"Read Consell escolar\">Llegeix m\u00e9s\u00bb<\/a><\/p>\n","protected":false},"author":1,"featured_media":0,"parent":22,"menu_order":30,"comment_status":"closed","ping_status":"closed","template":"page-templates\/side-menu.php","meta":{"_bbp_topic_count":0,"_bbp_reply_count":0,"_bbp_total_topic_count":0,"_bbp_total_reply_count":0,"_bbp_voice_count":0,"_bbp_anonymous_reply_count":0,"_bbp_topic_count_hidden":0,"_bbp_reply_count_hidden":0,"_bbp_forum_subforum_count":0,"footnotes":""},"class_list":["post-28","page","type-page","status-publish","hentry"],"post_mailing_queue_ids":[],"_links":{"self":[{"href":"https:\/\/agora.xtec.cat\/ceip-elturo-masquefa\/wp-json\/wp\/v2\/pages\/28","targetHints":{"allow":["GET"]}}],"collection":[{"href":"https:\/\/agora.xtec.cat\/ceip-elturo-masquefa\/wp-json\/wp\/v2\/pages"}],"about":[{"href":"https:\/\/agora.xtec.cat\/ceip-elturo-masquefa\/wp-json\/wp\/v2\/types\/page"}],"author":[{"embeddable":true,"href":"https:\/\/agora.xtec.cat\/ceip-elturo-masquefa\/wp-json\/wp\/v2\/users\/1"}],"replies":[{"embeddable":true,"href":"https:\/\/agora.xtec.cat\/ceip-elturo-masquefa\/wp-json\/wp\/v2\/comments?post=28"}],"version-history":[{"count":7,"href":"https:\/\/agora.xtec.cat\/ceip-elturo-masquefa\/wp-json\/wp\/v2\/pages\/28\/revisions"}],"predecessor-version":[{"id":5847,"href":"https:\/\/agora.xtec.cat\/ceip-elturo-masquefa\/wp-json\/wp\/v2\/pages\/28\/revisions\/5847"}],"up":[{"embeddable":true,"href":"https:\/\/agora.xtec.cat\/ceip-elturo-masquefa\/wp-json\/wp\/v2\/pages\/22"}],"wp:attachment":[{"href":"https:\/\/agora.xtec.cat\/ceip-elturo-masquefa\/wp-json\/wp\/v2\/media?parent=28"}],"curies":[{"name":"wp","href":"https:\/\/api.w.org\/{rel}","templated":true}]}}