{"id":1279,"date":"2016-03-20T20:16:48","date_gmt":"2016-03-20T19:16:48","guid":{"rendered":"http:\/\/blocs.xtec.cat\/ceipeltimo\/?page_id=1279"},"modified":"2019-05-16T13:37:45","modified_gmt":"2019-05-16T11:37:45","slug":"administracio-de-medicaments","status":"publish","type":"page","link":"https:\/\/agora.xtec.cat\/ceip-eltimo\/administracio-de-medicaments\/","title":{"rendered":"Administraci\u00f3 de medicaments"},"content":{"rendered":"<p style=\"text-align: justify;\">Tal i com marca la normativa d&#8217;administraci\u00f3 de medicaments, sempre que sigui possible s&#8217;administraran fora de l&#8217;horari escolar. De no poder ser aix\u00ed caldr\u00e0 presentar a l&#8217;escola la recepta i el full d&#8217;autoritzaci\u00f3 de medicaments degudament omplert.<\/p>\n<p><a href=\"https:\/\/agora.xtec.cat\/ceip-eltimo\/wp-content\/uploads\/usu533\/2019\/05\/Administraci\u00f3-de-medicaments.docx\">Autoritzaci\u00f3 de medicaments<\/a><\/p>\n<p><a href=\"https:\/\/agora.xtec.cat\/ceip-eltimo\/wp-content\/uploads\/usu533\/2019\/05\/Administraci\u00f3-de-medicaments.docx\"><img loading=\"lazy\" decoding=\"async\" class=\"alignnone wp-image-8926\" src=\"http:\/\/agora.xtec.cat\/ceip-eltimo\/wp-content\/uploads\/usu533\/2017\/10\/document_3530.png\" alt=\"\" width=\"79\" height=\"79\" srcset=\"https:\/\/agora.xtec.cat\/ceip-eltimo\/wp-content\/uploads\/usu533\/2017\/10\/document_3530.png 512w, https:\/\/agora.xtec.cat\/ceip-eltimo\/wp-content\/uploads\/usu533\/2017\/10\/document_3530-150x150.png 150w, https:\/\/agora.xtec.cat\/ceip-eltimo\/wp-content\/uploads\/usu533\/2017\/10\/document_3530-300x300.png 300w\" sizes=\"auto, (max-width: 79px) 100vw, 79px\" \/><\/a><\/p>\n","protected":false},"excerpt":{"rendered":"<p>Tal i com marca la normativa d&#8217;administraci\u00f3 de medicaments, sempre que sigui possible s&#8217;administraran fora de l&#8217;horari escolar. De no poder ser aix\u00ed caldr\u00e0 presentar a l&#8217;escola la recepta i el full d&#8217;autoritzaci\u00f3 de medicaments degudament omplert.<br \/>\n<a href=\"https:\/\/agora.xtec.cat\/ceip-eltimo\/wp-content\/uploads\/usu533\/2019\/05\/Administraci\u00f3-de-medicaments.docx\">Autoritzaci\u00f3 de medicaments<\/a><br \/>\n<a href=\"https:\/\/agora.xtec.cat\/ceip-eltimo\/wp-content\/uploads\/usu533\/2019\/05\/Administraci\u00f3-de-medicaments.docx\"><\/a><\/p>\n","protected":false},"author":1,"featured_media":0,"parent":0,"menu_order":0,"comment_status":"closed","ping_status":"closed","template":"","meta":{"_bbp_topic_count":0,"_bbp_reply_count":0,"_bbp_total_topic_count":0,"_bbp_total_reply_count":0,"_bbp_voice_count":0,"_bbp_anonymous_reply_count":0,"_bbp_topic_count_hidden":0,"_bbp_reply_count_hidden":0,"_bbp_forum_subforum_count":0,"footnotes":""},"class_list":["post-1279","page","type-page","status-publish","hentry"],"post_mailing_queue_ids":[],"_links":{"self":[{"href":"https:\/\/agora.xtec.cat\/ceip-eltimo\/wp-json\/wp\/v2\/pages\/1279","targetHints":{"allow":["GET"]}}],"collection":[{"href":"https:\/\/agora.xtec.cat\/ceip-eltimo\/wp-json\/wp\/v2\/pages"}],"about":[{"href":"https:\/\/agora.xtec.cat\/ceip-eltimo\/wp-json\/wp\/v2\/types\/page"}],"author":[{"embeddable":true,"href":"https:\/\/agora.xtec.cat\/ceip-eltimo\/wp-json\/wp\/v2\/users\/1"}],"replies":[{"embeddable":true,"href":"https:\/\/agora.xtec.cat\/ceip-eltimo\/wp-json\/wp\/v2\/comments?post=1279"}],"version-history":[{"count":3,"href":"https:\/\/agora.xtec.cat\/ceip-eltimo\/wp-json\/wp\/v2\/pages\/1279\/revisions"}],"predecessor-version":[{"id":9302,"href":"https:\/\/agora.xtec.cat\/ceip-eltimo\/wp-json\/wp\/v2\/pages\/1279\/revisions\/9302"}],"wp:attachment":[{"href":"https:\/\/agora.xtec.cat\/ceip-eltimo\/wp-json\/wp\/v2\/media?parent=1279"}],"curies":[{"name":"wp","href":"https:\/\/api.w.org\/{rel}","templated":true}]}}