{"id":927,"date":"2021-10-20T10:49:47","date_gmt":"2021-10-20T08:49:47","guid":{"rendered":"https:\/\/agora.xtec.cat\/ceip-elsagrer\/?page_id=927"},"modified":"2025-09-19T01:08:52","modified_gmt":"2025-09-18T23:08:52","slug":"administracio","status":"publish","type":"page","link":"https:\/\/agora.xtec.cat\/ceip-elsagrer\/administracio\/","title":{"rendered":"ADMINISTRACI\u00d3"},"content":{"rendered":"<table style=\"border-collapse: collapse; width: 100%;\">\n<tbody>\n<tr>\n<td style=\"width: 100%;\">\n<h3>CURS ACTUAL<\/h3>\n<ul>\n<li><a href=\"https:\/\/agora.xtec.cat\/ceip-elsagrer\/wp-content\/uploads\/usu2270\/2025\/06\/Calendari-escolar-2025-2026.pdf\">CALENDARI ESCOLAR CURS 25-26<\/a><\/li>\n<li><a href=\"https:\/\/drive.google.com\/file\/d\/1fETgcroKo6pjYqbF-lCwbt5-dzeQQ_ay\/view?usp=drive_link\">CALENDARI DE PAGAMENTS<\/a><\/li>\n<li><a href=\"https:\/\/agora.xtec.cat\/ceip-elsagrer\/?page_id=1096&amp;preview=true\">AUTORITZACIONS<\/a><\/li>\n<li>BEQUES: <a style=\"font-family: inherit; font-size: 1em;\" href=\"https:\/\/www.edubcn.cat\/ca\/alumnat_i_familia\/ajuts_beques_i_subvencions\/ajuts_de_menjador_escolar\">Ajuts de menjador<\/a> <strong>\/<\/strong> <a href=\"https:\/\/educacio.gencat.cat\/ca\/tramits\/tramits-temes\/ajuts-nee\">Ajuts per a alumnes amb necessitat espec\u00edfica de suport educatiu<\/a><\/li>\n<li>ACORDS DEL CONSELL ESCOLAR<\/li>\n<\/ul>\n<\/td>\n<\/tr>\n<tr>\n<td style=\"width: 100%;\">\n<h3>PORTES OBERTES, PREINSCRIPCI\u00d3 I MATR\u00cdCULA (2025-2026)<\/h3>\n<p><a href=\"https:\/\/agora.xtec.cat\/ceip-elsagrer\/general\/dates-de-la-preinscripcio-del-curs-2023-2024\/\">Dates de la preinscripci\u00f3<\/a><\/p>\n<ul>\n<li><a href=\"https:\/\/agora.xtec.cat\/ceip-elsagrer\/general\/portes-obertes-2025-2026\/\">PORTES OBERTES DE L&#8217;ESCOLA 25-26: Visita guiada i Xerrada<\/a><\/li>\n<li><a href=\"https:\/\/www.edubcn.cat\/ca\/alumnat_i_familia\/informacio_general_matriculacio\/sessions_informatives_per_a_les_families\">Sessions informatives organitzades pel Consorci d&#8217;Educaci\u00f3 a cada districte municipal i adre\u00e7ades a les fam\u00edlies amb infants que han d&#8217;iniciar l\u2019escolaritat el curs 2025-2026.<\/a><\/li>\n<\/ul>\n<ul>\n<li><a href=\"https:\/\/agora.xtec.cat\/ceip-elsagrer\/general\/preinscripcio-escolar-curs-2024-2025\/\">CALENDARI<\/a><\/li>\n<\/ul>\n<p>Podeu trobar m\u00e9s informaci\u00f3 a la web del <a href=\"https:\/\/www.edubcn.cat\/ca\/alumnat_i_familia\/informacio_general_matriculacio\/preinscripcio_info\">Consorci d&#8217;Educaci\u00f3 de Barcelona<\/a> i del <a href=\"https:\/\/preinscripcio.gencat.cat\/ca\/inici\">Departament d&#8217;Educaci\u00f3 i Formaci\u00f3 Professional<\/a>.<\/td>\n<\/tr>\n<\/tbody>\n<\/table>\n","protected":false},"excerpt":{"rendered":"<p>CURS ACTUAL CALENDARI ESCOLAR CURS 25-26 CALENDARI DE PAGAMENTS AUTORITZACIONS BEQUES: Ajuts de menjador \/ Ajuts per a alumnes amb necessitat espec\u00edfica de suport educatiu ACORDS DEL CONSELL ESCOLAR PORTES OBERTES, PREINSCRIPCI\u00d3 I MATR\u00cdCULA (2025-2026) Dates de la preinscripci\u00f3 PORTES OBERTES DE L&#8217;ESCOLA 25-26: Visita guiada i Xerrada Sessions informatives organitzades pel Consorci d&#8217;Educaci\u00f3 a [&hellip;]<\/p>\n","protected":false},"author":1,"featured_media":0,"parent":0,"menu_order":0,"comment_status":"closed","ping_status":"closed","template":"","meta":{"_bbp_topic_count":0,"_bbp_reply_count":0,"_bbp_total_topic_count":0,"_bbp_total_reply_count":0,"_bbp_voice_count":0,"_bbp_anonymous_reply_count":0,"_bbp_topic_count_hidden":0,"_bbp_reply_count_hidden":0,"_bbp_forum_subforum_count":0,"site-sidebar-layout":"default","site-content-layout":"","ast-site-content-layout":"default","site-content-style":"default","site-sidebar-style":"default","ast-global-header-display":"","ast-banner-title-visibility":"","ast-main-header-display":"","ast-hfb-above-header-display":"","ast-hfb-below-header-display":"","ast-hfb-mobile-header-display":"","site-post-title":"","ast-breadcrumbs-content":"","ast-featured-img":"","footer-sml-layout":"","theme-transparent-header-meta":"","adv-header-id-meta":"","stick-header-meta":"","header-above-stick-meta":"","header-main-stick-meta":"","header-below-stick-meta":"","astra-migrate-meta-layouts":"set","ast-page-background-enabled":"default","ast-page-background-meta":{"desktop":{"background-color":"var(--ast-global-color-4)","background-image":"","background-repeat":"repeat","background-position":"center center","background-size":"auto","background-attachment":"scroll","background-type":"","background-media":"","overlay-type":"","overlay-color":"","overlay-opacity":"","overlay-gradient":""},"tablet":{"background-color":"","background-image":"","background-repeat":"repeat","background-position":"center center","background-size":"auto","background-attachment":"scroll","background-type":"","background-media":"","overlay-type":"","overlay-color":"","overlay-opacity":"","overlay-gradient":""},"mobile":{"background-color":"","background-image":"","background-repeat":"repeat","background-position":"center center","background-size":"auto","background-attachment":"scroll","background-type":"","background-media":"","overlay-type":"","overlay-color":"","overlay-opacity":"","overlay-gradient":""}},"ast-content-background-meta":{"desktop":{"background-color":"var(--ast-global-color-5)","background-image":"","background-repeat":"repeat","background-position":"center center","background-size":"auto","background-attachment":"scroll","background-type":"","background-media":"","overlay-type":"","overlay-color":"","overlay-opacity":"","overlay-gradient":""},"tablet":{"background-color":"var(--ast-global-color-5)","background-image":"","background-repeat":"repeat","background-position":"center center","background-size":"auto","background-attachment":"scroll","background-type":"","background-media":"","overlay-type":"","overlay-color":"","overlay-opacity":"","overlay-gradient":""},"mobile":{"background-color":"var(--ast-global-color-5)","background-image":"","background-repeat":"repeat","background-position":"center center","background-size":"auto","background-attachment":"scroll","background-type":"","background-media":"","overlay-type":"","overlay-color":"","overlay-opacity":"","overlay-gradient":""}},"footnotes":""},"class_list":["post-927","page","type-page","status-publish","hentry"],"post_mailing_queue_ids":[],"_links":{"self":[{"href":"https:\/\/agora.xtec.cat\/ceip-elsagrer\/wp-json\/wp\/v2\/pages\/927","targetHints":{"allow":["GET"]}}],"collection":[{"href":"https:\/\/agora.xtec.cat\/ceip-elsagrer\/wp-json\/wp\/v2\/pages"}],"about":[{"href":"https:\/\/agora.xtec.cat\/ceip-elsagrer\/wp-json\/wp\/v2\/types\/page"}],"author":[{"embeddable":true,"href":"https:\/\/agora.xtec.cat\/ceip-elsagrer\/wp-json\/wp\/v2\/users\/1"}],"replies":[{"embeddable":true,"href":"https:\/\/agora.xtec.cat\/ceip-elsagrer\/wp-json\/wp\/v2\/comments?post=927"}],"version-history":[{"count":6,"href":"https:\/\/agora.xtec.cat\/ceip-elsagrer\/wp-json\/wp\/v2\/pages\/927\/revisions"}],"predecessor-version":[{"id":8130,"href":"https:\/\/agora.xtec.cat\/ceip-elsagrer\/wp-json\/wp\/v2\/pages\/927\/revisions\/8130"}],"wp:attachment":[{"href":"https:\/\/agora.xtec.cat\/ceip-elsagrer\/wp-json\/wp\/v2\/media?parent=927"}],"curies":[{"name":"wp","href":"https:\/\/api.w.org\/{rel}","templated":true}]}}