{"id":8863,"date":"2026-02-24T12:19:46","date_gmt":"2026-02-24T11:19:46","guid":{"rendered":"https:\/\/agora.xtec.cat\/ceip-elsagrer\/?page_id=8863"},"modified":"2026-02-24T12:22:44","modified_gmt":"2026-02-24T11:22:44","slug":"xarxa-de-competencies-basiques","status":"publish","type":"page","link":"https:\/\/agora.xtec.cat\/ceip-elsagrer\/projectes-compartits\/xarxa-de-competencies-basiques\/","title":{"rendered":"Xarxa de compet\u00e8ncies b\u00e0siques"},"content":{"rendered":"\n<p><a href=\"https:\/\/projectes.xtec.cat\/xarxacb\/presentacio\/\" data-type=\"link\" data-id=\"https:\/\/projectes.xtec.cat\/xarxacb\/presentacio\/\">https:\/\/projectes.xtec.cat\/xarxacb\/presentacio\/<\/a><\/p>\n\n\n\n<h5 class=\"wp-block-heading\"><strong>\u00ab25 anys treballant per la millora dels aprenentatges de tots els alumnes!\u00bb<\/strong><\/h5>\n\n\n\n<h4 class=\"wp-block-heading\"><strong>Qui som?<\/strong><\/h4>\n\n\n\n<p>La Xarxa de Compet\u00e8ncies B\u00e0siques est\u00e0 formada per un grup de docents que reflexionen i actuen en equip per transformar l\u2019escola en un espai que afavoreixi l\u2019aprenentatge.<\/p>\n\n\n\n<h4 class=\"wp-block-heading\"><strong>Qu\u00e8 fem?<\/strong><\/h4>\n\n\n\n<ul class=\"wp-block-list\">\n<li>Promovem la creaci\u00f3 d\u2019espais pedag\u00f2gics en el si dels centres per apoderar els equips docents.<\/li>\n\n\n\n<li>Fomentem l\u2019intercanvi d\u2019experi\u00e8ncies i la creaci\u00f3 de sabers compartits.<\/li>\n\n\n\n<li>Compartim un modalitat de formaci\u00f3 docent entre iguals i en xarxa, per millorar els aprenentatges de l\u2019alumnat.<\/li>\n<\/ul>\n\n\n\n<figure class=\"wp-block-embed is-type-rich is-provider-gestor-del-servei wp-block-embed-gestor-del-servei\"><div class=\"wp-block-embed__wrapper\">\nhttps:\/\/youtube.com\/watch?v=cOBMrBBMs08%3Ffeature%3Doembed\n<\/div><\/figure>\n\n\n\n<h4 class=\"wp-block-heading\"><strong>Per qu\u00e8 ho fem?<\/strong><\/h4>\n\n\n\n<ul class=\"wp-block-list\">\n<li>Perqu\u00e8 volem afavorir que tots els alumnes aprenguin m\u00e9s i millor.<\/li>\n\n\n\n<li>Perqu\u00e8 creiem que l\u2019alumne ha de ser el protagonista del seu aprenentatge.<\/li>\n\n\n\n<li>Perqu\u00e8 entenem l\u2019avaluaci\u00f3 com un proc\u00e9s \u00fatil per aprendre.<\/li>\n\n\n\n<li>Perqu\u00e8 sabem que treballant en equip s\u2019apr\u00e8n m\u00e9s i millor.<\/li>\n\n\n\n<li>Perqu\u00e8, en un m\u00f3n global, s\u2019ha d\u2019afavorir l\u2019adquisici\u00f3 d\u2019aprenentatges aut\u00e8ntics, no fragmentats.<br>Perqu\u00e8, en un m\u00f3n canviant, volem fomentar la iniciativa, l\u2019esperit cr\u00edtic, la creativitat i el gust per aprendre.<\/li>\n\n\n\n<li>Perqu\u00e8 volem que els nostres alumnes siguin competents per continuar aprenent al llarg de tota la vida.<\/li>\n\n\n\n<li>Perqu\u00e8 sabem que cada alumne \u00e9s \u00fanic i tenim altes expectatives per a tots i cadascun d\u2019ells.<\/li>\n<\/ul>\n\n\n\n<figure class=\"wp-block-embed is-type-video is-provider-youtube wp-block-embed-youtube wp-embed-aspect-16-9 wp-has-aspect-ratio\"><div class=\"wp-block-embed__wrapper\">\n<div class=\"ast-oembed-container \" style=\"height: 100%;\"><iframe loading=\"lazy\" title=\"Xarxa de Compet\u00e8ncies\" width=\"500\" height=\"281\" src=\"https:\/\/www.youtube.com\/embed\/cOBMrBBMs08?feature=oembed\" frameborder=\"0\" allow=\"accelerometer; autoplay; clipboard-write; encrypted-media; gyroscope; picture-in-picture; web-share\" referrerpolicy=\"strict-origin-when-cross-origin\" allowfullscreen><\/iframe><\/div>\n<\/div><\/figure>\n","protected":false},"excerpt":{"rendered":"<p>https:\/\/projectes.xtec.cat\/xarxacb\/presentacio\/ \u00ab25 anys treballant per la millora dels aprenentatges de tots els alumnes!\u00bb Qui som? La Xarxa de Compet\u00e8ncies B\u00e0siques est\u00e0 formada per un grup de docents que reflexionen i actuen en equip per transformar l\u2019escola en un espai que afavoreixi l\u2019aprenentatge. Qu\u00e8 fem? Per qu\u00e8 ho fem?<\/p>\n","protected":false},"author":1,"featured_media":0,"parent":496,"menu_order":0,"comment_status":"closed","ping_status":"closed","template":"","meta":{"_bbp_topic_count":0,"_bbp_reply_count":0,"_bbp_total_topic_count":0,"_bbp_total_reply_count":0,"_bbp_voice_count":0,"_bbp_anonymous_reply_count":0,"_bbp_topic_count_hidden":0,"_bbp_reply_count_hidden":0,"_bbp_forum_subforum_count":0,"site-sidebar-layout":"default","site-content-layout":"","ast-site-content-layout":"default","site-content-style":"default","site-sidebar-style":"default","ast-global-header-display":"","ast-banner-title-visibility":"","ast-main-header-display":"","ast-hfb-above-header-display":"","ast-hfb-below-header-display":"","ast-hfb-mobile-header-display":"","site-post-title":"","ast-breadcrumbs-content":"","ast-featured-img":"","footer-sml-layout":"","theme-transparent-header-meta":"","adv-header-id-meta":"","stick-header-meta":"","header-above-stick-meta":"","header-main-stick-meta":"","header-below-stick-meta":"","astra-migrate-meta-layouts":"set","ast-page-background-enabled":"default","ast-page-background-meta":{"desktop":{"background-color":"var(--ast-global-color-4)","background-image":"","background-repeat":"repeat","background-position":"center center","background-size":"auto","background-attachment":"scroll","background-type":"","background-media":"","overlay-type":"","overlay-color":"","overlay-opacity":"","overlay-gradient":""},"tablet":{"background-color":"","background-image":"","background-repeat":"repeat","background-position":"center center","background-size":"auto","background-attachment":"scroll","background-type":"","background-media":"","overlay-type":"","overlay-color":"","overlay-opacity":"","overlay-gradient":""},"mobile":{"background-color":"","background-image":"","background-repeat":"repeat","background-position":"center center","background-size":"auto","background-attachment":"scroll","background-type":"","background-media":"","overlay-type":"","overlay-color":"","overlay-opacity":"","overlay-gradient":""}},"ast-content-background-meta":{"desktop":{"background-color":"var(--ast-global-color-5)","background-image":"","background-repeat":"repeat","background-position":"center center","background-size":"auto","background-attachment":"scroll","background-type":"","background-media":"","overlay-type":"","overlay-color":"","overlay-opacity":"","overlay-gradient":""},"tablet":{"background-color":"var(--ast-global-color-5)","background-image":"","background-repeat":"repeat","background-position":"center center","background-size":"auto","background-attachment":"scroll","background-type":"","background-media":"","overlay-type":"","overlay-color":"","overlay-opacity":"","overlay-gradient":""},"mobile":{"background-color":"var(--ast-global-color-5)","background-image":"","background-repeat":"repeat","background-position":"center center","background-size":"auto","background-attachment":"scroll","background-type":"","background-media":"","overlay-type":"","overlay-color":"","overlay-opacity":"","overlay-gradient":""}},"footnotes":""},"class_list":["post-8863","page","type-page","status-publish","hentry"],"post_mailing_queue_ids":[],"_links":{"self":[{"href":"https:\/\/agora.xtec.cat\/ceip-elsagrer\/wp-json\/wp\/v2\/pages\/8863","targetHints":{"allow":["GET"]}}],"collection":[{"href":"https:\/\/agora.xtec.cat\/ceip-elsagrer\/wp-json\/wp\/v2\/pages"}],"about":[{"href":"https:\/\/agora.xtec.cat\/ceip-elsagrer\/wp-json\/wp\/v2\/types\/page"}],"author":[{"embeddable":true,"href":"https:\/\/agora.xtec.cat\/ceip-elsagrer\/wp-json\/wp\/v2\/users\/1"}],"replies":[{"embeddable":true,"href":"https:\/\/agora.xtec.cat\/ceip-elsagrer\/wp-json\/wp\/v2\/comments?post=8863"}],"version-history":[{"count":2,"href":"https:\/\/agora.xtec.cat\/ceip-elsagrer\/wp-json\/wp\/v2\/pages\/8863\/revisions"}],"predecessor-version":[{"id":8866,"href":"https:\/\/agora.xtec.cat\/ceip-elsagrer\/wp-json\/wp\/v2\/pages\/8863\/revisions\/8866"}],"up":[{"embeddable":true,"href":"https:\/\/agora.xtec.cat\/ceip-elsagrer\/wp-json\/wp\/v2\/pages\/496"}],"wp:attachment":[{"href":"https:\/\/agora.xtec.cat\/ceip-elsagrer\/wp-json\/wp\/v2\/media?parent=8863"}],"curies":[{"name":"wp","href":"https:\/\/api.w.org\/{rel}","templated":true}]}}