{"id":8432,"date":"2025-11-04T23:22:59","date_gmt":"2025-11-04T22:22:59","guid":{"rendered":"https:\/\/agora.xtec.cat\/ceip-elsagrer\/?page_id=8432"},"modified":"2025-11-04T23:34:45","modified_gmt":"2025-11-04T22:34:45","slug":"comissio-de-families-i-inclusio","status":"publish","type":"page","link":"https:\/\/agora.xtec.cat\/ceip-elsagrer\/portada-afa\/comissio-de-families-i-inclusio\/","title":{"rendered":"Comissi\u00f3 de fam\u00edlies i inclusi\u00f3"},"content":{"rendered":"\n<figure class=\"wp-block-image size-large\"><a href=\"https:\/\/agora.xtec.cat\/ceip-elsagrer\/wp-content\/uploads\/usu2270\/2025\/11\/Banner-Comissio-de-FAMILIES-i-INCLUSIO.png\"><img loading=\"lazy\" decoding=\"async\" width=\"1024\" height=\"293\" src=\"https:\/\/agora.xtec.cat\/ceip-elsagrer\/wp-content\/uploads\/usu2270\/2025\/11\/Banner-Comissio-de-FAMILIES-i-INCLUSIO-1024x293.png\" alt=\"\" class=\"wp-image-8433\" srcset=\"https:\/\/agora.xtec.cat\/ceip-elsagrer\/wp-content\/uploads\/usu2270\/2025\/11\/Banner-Comissio-de-FAMILIES-i-INCLUSIO-1024x293.png 1024w, https:\/\/agora.xtec.cat\/ceip-elsagrer\/wp-content\/uploads\/usu2270\/2025\/11\/Banner-Comissio-de-FAMILIES-i-INCLUSIO-300x86.png 300w, https:\/\/agora.xtec.cat\/ceip-elsagrer\/wp-content\/uploads\/usu2270\/2025\/11\/Banner-Comissio-de-FAMILIES-i-INCLUSIO-768x219.png 768w, https:\/\/agora.xtec.cat\/ceip-elsagrer\/wp-content\/uploads\/usu2270\/2025\/11\/Banner-Comissio-de-FAMILIES-i-INCLUSIO.png 1400w\" sizes=\"auto, (max-width: 1024px) 100vw, 1024px\" \/><\/a><\/figure>\n\n\n\n<p>Entenem la comissi\u00f3 de fam\u00edlies i inclusi\u00f3 com una<strong>&nbsp;iniciativa que sorgeix per donar suport a les fam\u00edlies<\/strong>&nbsp;en l\u2019educaci\u00f3 de les seves filles i fills.&nbsp; Un&nbsp;<strong>espai d\u2019informaci\u00f3, formaci\u00f3, d\u2019intercanvi d\u2019experi\u00e8ncies i reflexi\u00f3&nbsp; col\u2022lectiva<\/strong>&nbsp;que esdevenen eines que ens permeten millorar la tasca educativa i desenvolupar estrat\u00e8gies que contribueixin a un desenvolupament integral dels nostres fills en els aspectes&nbsp; f\u00edsic, emocional, afectiu, social i escolar.<\/p>\n\n\n\n<p>Creiem que el futur de les nostres filles i fills dep\u00e8n en bona part de l\u2019educaci\u00f3 que rebin en l&#8217;\u00e0mbit familiar. D&#8217;aqu\u00ed la nostra responsabilitat i alhora la nostra por a no fer-ho b\u00e9, a equivocar-nos, a vegades ens sentim perduts, ens manquen models, maneres de fer. \u00c9s per aix\u00f2 que la comissi\u00f3 de fam\u00edlies i inclusi\u00f3 se&#8217;ns ofereix com una<strong>&nbsp;eina \u00fatil per tal d&#8217;intercanviar experi\u00e8ncies<\/strong>.<\/p>\n\n\n\n<p>Es programen<strong>&nbsp;xerrades-tallers, orientats a cada cicle<\/strong>&nbsp;i relacionada amb les viv\u00e8ncies o els continguts que s&#8217;estan treballant en aquell cicle en concret. D\u2019aquesta manera, s\u2019intenta oferir unes xerrades m\u00e9s espec\u00edfiques adre\u00e7ades principalment als pares i mares d\u2019aquests alumnes, i on es pugui: veure, copsar i entendre millor quines s\u00f3n les experi\u00e8ncies que es treballen amb els nostres infants.<\/p>\n\n\n\n<p><strong>Contacte<\/strong><\/p>\n\n\n\n<p><a href=\"mailto:comissio.families@afaelsagrer.cat\" target=\"_blank\" rel=\"noreferrer noopener\">comissio.families@afaelsagrer.<wbr>cat<\/a><\/p>\n\n\n\n        <div class=\"wp-block-getwid-post-slider custom-post-type-post has-arrows-inside has-dots-inside\">\n            <div data-slider-option=\"{&quot;getwid_fade_effect&quot;:&quot;slide&quot;,&quot;getwid_autoplay&quot;:false,&quot;getwid_pause_on_hover&quot;:false,&quot;getwid_autoplay_speed&quot;:6000,&quot;getwid_infinite&quot;:true,&quot;getwid_animation_speed&quot;:800,&quot;getwid_arrows&quot;:&quot;inside&quot;,&quot;getwid_dots&quot;:&quot;inside&quot;}\" class=\"wp-block-getwid-post-slider__content\">\n                \t\t\t\t\t\t\t<div class=\"wp-block-getwid-post-slider__slide\" style=\"\">\n\t\t\t\t\t\t\t\t\n<div class=\"wp-block-getwid-post-slider__post \">\n            <div class=\"wp-block-getwid-post-slider__post-thumbnail\">\n            <img loading=\"lazy\" decoding=\"async\" width=\"669\" height=\"512\" src=\"https:\/\/agora.xtec.cat\/ceip-elsagrer\/wp-content\/uploads\/usu2270\/2026\/03\/Cartell-BULLYING-Copy.png\" class=\"attachment-post-thumbnail size-post-thumbnail wp-post-image\" alt=\"\" srcset=\"https:\/\/agora.xtec.cat\/ceip-elsagrer\/wp-content\/uploads\/usu2270\/2026\/03\/Cartell-BULLYING-Copy.png 669w, https:\/\/agora.xtec.cat\/ceip-elsagrer\/wp-content\/uploads\/usu2270\/2026\/03\/Cartell-BULLYING-Copy-300x230.png 300w\" sizes=\"auto, (max-width: 669px) 100vw, 669px\" \/>        <\/div>\n        <div class=\"wp-block-getwid-post-slider__post-overlay \"><\/div>\n    <div class=\"wp-block-getwid-post-slider__post-content-wrapper\">\n        <h3 class=\"wp-block-getwid-post-slider__post-title\"><a href=\"https:\/\/agora.xtec.cat\/ceip-elsagrer\/general\/xerrada-del-25-de-marc-bullying-que-podem-fer-les-families-des-de-casa\/\">Xerrada\u00a0del\u00a025 de mar\u00e7: \u201cBULLYING:\u00a0qu\u00e8 podem fer les fam\u00edlies des de casa?\u201d<\/a><\/h3>        <div class=\"wp-block-getwid-post-slider__post-excerpt\"><p>Benvolgudes fam\u00edlies, Des de la&nbsp;Comissi\u00f3 de FAM\u00cdLIES i INCLUSI\u00d3 de l\u2019AFA del Sagrer, us convidem a la xerrada que estem preparant amb molta il\u00b7lusi\u00f3:&nbsp;\u201cBULLYING:&nbsp;qu\u00e8 podem fer les fam\u00edlies des de casa?\u201d, a c\u00e0rrec d\u2019Anna Serra. Una xerrada per a fam\u00edlies i referents adults d\u2019infants de 3 a 12 anys per sensibilitzar i prevenir situacions de [&hellip;]<\/p>\n<\/div>\n    <\/div>\n<\/div>\n\t\t\t\t\t\t\t<\/div>\n\t\t\t\t\t\t\t\t\t\t\t\t\t<div class=\"wp-block-getwid-post-slider__slide\" style=\"\">\n\t\t\t\t\t\t\t\t\n<div class=\"wp-block-getwid-post-slider__post \">\n            <div class=\"wp-block-getwid-post-slider__post-thumbnail\">\n            <img loading=\"lazy\" decoding=\"async\" width=\"1640\" height=\"706\" src=\"https:\/\/agora.xtec.cat\/ceip-elsagrer\/wp-content\/uploads\/usu2270\/2025\/06\/Xerrada-autisme.jpeg\" class=\"attachment-post-thumbnail size-post-thumbnail wp-post-image\" alt=\"\" srcset=\"https:\/\/agora.xtec.cat\/ceip-elsagrer\/wp-content\/uploads\/usu2270\/2025\/06\/Xerrada-autisme.jpeg 1640w, https:\/\/agora.xtec.cat\/ceip-elsagrer\/wp-content\/uploads\/usu2270\/2025\/06\/Xerrada-autisme-300x129.jpeg 300w, https:\/\/agora.xtec.cat\/ceip-elsagrer\/wp-content\/uploads\/usu2270\/2025\/06\/Xerrada-autisme-1024x441.jpeg 1024w, https:\/\/agora.xtec.cat\/ceip-elsagrer\/wp-content\/uploads\/usu2270\/2025\/06\/Xerrada-autisme-768x331.jpeg 768w, https:\/\/agora.xtec.cat\/ceip-elsagrer\/wp-content\/uploads\/usu2270\/2025\/06\/Xerrada-autisme-1536x661.jpeg 1536w\" sizes=\"auto, (max-width: 1640px) 100vw, 1640px\" \/>        <\/div>\n        <div class=\"wp-block-getwid-post-slider__post-overlay \"><\/div>\n    <div class=\"wp-block-getwid-post-slider__post-content-wrapper\">\n        <h3 class=\"wp-block-getwid-post-slider__post-title\"><a href=\"https:\/\/agora.xtec.cat\/ceip-elsagrer\/general\/xerrada-de-lautisme-des-del-paradigma-de-la-neurodiversitat\/\">Xerrada de l&#8217;autisme des del paradigma de la neurodiversitat<\/a><\/h3>        <div class=\"wp-block-getwid-post-slider__post-excerpt\"><p>Des de la Comissi\u00f3 de FAM\u00cdLIES i INCLUSI\u00d3 ens fa molta il\u00b7lusi\u00f3 compartir que la xerrada del passat dijous, \u201cL\u2019AUTISME des del paradigma de la NEURODIVERSITAT\u201d, va ser molt enriquidora i va posar de manifest l\u2019inter\u00e8s i el comprom\u00eds de les fam\u00edlies envers aquesta tem\u00e0tica tan rellevant. Vam agrair molt\u00edssim la participaci\u00f3 i les valuoses [&hellip;]<\/p>\n<\/div>\n    <\/div>\n<\/div>\n\t\t\t\t\t\t\t<\/div>\n\t\t\t\t\t\t\t\t\t\t\t\t\t<div class=\"wp-block-getwid-post-slider__slide\" style=\"\">\n\t\t\t\t\t\t\t\t\n<div class=\"wp-block-getwid-post-slider__post \">\n            <div class=\"wp-block-getwid-post-slider__post-thumbnail\">\n            <img loading=\"lazy\" decoding=\"async\" width=\"1600\" height=\"737\" src=\"https:\/\/agora.xtec.cat\/ceip-elsagrer\/wp-content\/uploads\/usu2270\/2025\/04\/1aXerrada-Comissio-de-FAMILIES-i-INCLUSIO.jpg\" class=\"attachment-post-thumbnail size-post-thumbnail wp-post-image\" alt=\"\" srcset=\"https:\/\/agora.xtec.cat\/ceip-elsagrer\/wp-content\/uploads\/usu2270\/2025\/04\/1aXerrada-Comissio-de-FAMILIES-i-INCLUSIO.jpg 1600w, https:\/\/agora.xtec.cat\/ceip-elsagrer\/wp-content\/uploads\/usu2270\/2025\/04\/1aXerrada-Comissio-de-FAMILIES-i-INCLUSIO-300x138.jpg 300w, https:\/\/agora.xtec.cat\/ceip-elsagrer\/wp-content\/uploads\/usu2270\/2025\/04\/1aXerrada-Comissio-de-FAMILIES-i-INCLUSIO-1024x472.jpg 1024w, https:\/\/agora.xtec.cat\/ceip-elsagrer\/wp-content\/uploads\/usu2270\/2025\/04\/1aXerrada-Comissio-de-FAMILIES-i-INCLUSIO-768x354.jpg 768w, https:\/\/agora.xtec.cat\/ceip-elsagrer\/wp-content\/uploads\/usu2270\/2025\/04\/1aXerrada-Comissio-de-FAMILIES-i-INCLUSIO-1536x708.jpg 1536w\" sizes=\"auto, (max-width: 1600px) 100vw, 1600px\" \/>        <\/div>\n        <div class=\"wp-block-getwid-post-slider__post-overlay \"><\/div>\n    <div class=\"wp-block-getwid-post-slider__post-content-wrapper\">\n        <h3 class=\"wp-block-getwid-post-slider__post-title\"><a href=\"https:\/\/agora.xtec.cat\/ceip-elsagrer\/portada-afa\/xerrada-de-limits-i-properes-xerrades\/\">Xerrada de L\u00edmits i properes xerrades<\/a><\/h3>        <div class=\"wp-block-getwid-post-slider__post-excerpt\"><p>Des de la Comissi\u00f3 de FAM\u00cdLIES i INCLUSI\u00d3, volem compartir amb vosaltres que la xerrada d\u2019ahir, \u201cL\u00cdMITS que cuiden: posar normes sense perdre el VINCLE\u201d, va ser tot un \u00e8xit. Hi va haver 78 persones inscrites i una assist\u00e8ncia final de 61 persones, fet que demostra l\u2019inter\u00e8s i la implicaci\u00f3 de les fam\u00edlies en aquest [&hellip;]<\/p>\n<\/div>\n    <\/div>\n<\/div>\n\t\t\t\t\t\t\t<\/div>\n\t\t\t\t\t\t            <\/div>\n        <\/div>\n        ","protected":false},"excerpt":{"rendered":"<p>Entenem la comissi\u00f3 de fam\u00edlies i inclusi\u00f3 com una&nbsp;iniciativa que sorgeix per donar suport a les fam\u00edlies&nbsp;en l\u2019educaci\u00f3 de les seves filles i fills.&nbsp; Un&nbsp;espai d\u2019informaci\u00f3, formaci\u00f3, d\u2019intercanvi d\u2019experi\u00e8ncies i reflexi\u00f3&nbsp; col\u2022lectiva&nbsp;que esdevenen eines que ens permeten millorar la tasca educativa i desenvolupar estrat\u00e8gies que contribueixin a un desenvolupament integral dels nostres fills en els [&hellip;]<\/p>\n","protected":false},"author":17,"featured_media":0,"parent":8252,"menu_order":9,"comment_status":"closed","ping_status":"close","template":"","meta":{"_bbp_topic_count":0,"_bbp_reply_count":0,"_bbp_total_topic_count":0,"_bbp_total_reply_count":0,"_bbp_voice_count":0,"_bbp_anonymous_reply_count":0,"_bbp_topic_count_hidden":0,"_bbp_reply_count_hidden":0,"_bbp_forum_subforum_count":0,"site-sidebar-layout":"default","site-content-layout":"","ast-site-content-layout":"default","site-content-style":"default","site-sidebar-style":"default","ast-global-header-display":"","ast-banner-title-visibility":"","ast-main-header-display":"","ast-hfb-above-header-display":"","ast-hfb-below-header-display":"","ast-hfb-mobile-header-display":"","site-post-title":"","ast-breadcrumbs-content":"","ast-featured-img":"","footer-sml-layout":"","theme-transparent-header-meta":"","adv-header-id-meta":"","stick-header-meta":"","header-above-stick-meta":"","header-main-stick-meta":"","header-below-stick-meta":"","astra-migrate-meta-layouts":"set","ast-page-background-enabled":"default","ast-page-background-meta":{"desktop":{"background-color":"var(--ast-global-color-4)","background-image":"","background-repeat":"repeat","background-position":"center center","background-size":"auto","background-attachment":"scroll","background-type":"","background-media":"","overlay-type":"","overlay-color":"","overlay-opacity":"","overlay-gradient":""},"tablet":{"background-color":"","background-image":"","background-repeat":"repeat","background-position":"center center","background-size":"auto","background-attachment":"scroll","background-type":"","background-media":"","overlay-type":"","overlay-color":"","overlay-opacity":"","overlay-gradient":""},"mobile":{"background-color":"","background-image":"","background-repeat":"repeat","background-position":"center center","background-size":"auto","background-attachment":"scroll","background-type":"","background-media":"","overlay-type":"","overlay-color":"","overlay-opacity":"","overlay-gradient":""}},"ast-content-background-meta":{"desktop":{"background-color":"var(--ast-global-color-5)","background-image":"","background-repeat":"repeat","background-position":"center center","background-size":"auto","background-attachment":"scroll","background-type":"","background-media":"","overlay-type":"","overlay-color":"","overlay-opacity":"","overlay-gradient":""},"tablet":{"background-color":"var(--ast-global-color-5)","background-image":"","background-repeat":"repeat","background-position":"center center","background-size":"auto","background-attachment":"scroll","background-type":"","background-media":"","overlay-type":"","overlay-color":"","overlay-opacity":"","overlay-gradient":""},"mobile":{"background-color":"var(--ast-global-color-5)","background-image":"","background-repeat":"repeat","background-position":"center center","background-size":"auto","background-attachment":"scroll","background-type":"","background-media":"","overlay-type":"","overlay-color":"","overlay-opacity":"","overlay-gradient":""}},"footnotes":""},"class_list":["post-8432","page","type-page","status-publish","hentry"],"post_mailing_queue_ids":[],"_links":{"self":[{"href":"https:\/\/agora.xtec.cat\/ceip-elsagrer\/wp-json\/wp\/v2\/pages\/8432","targetHints":{"allow":["GET"]}}],"collection":[{"href":"https:\/\/agora.xtec.cat\/ceip-elsagrer\/wp-json\/wp\/v2\/pages"}],"about":[{"href":"https:\/\/agora.xtec.cat\/ceip-elsagrer\/wp-json\/wp\/v2\/types\/page"}],"author":[{"embeddable":true,"href":"https:\/\/agora.xtec.cat\/ceip-elsagrer\/wp-json\/wp\/v2\/users\/17"}],"replies":[{"embeddable":true,"href":"https:\/\/agora.xtec.cat\/ceip-elsagrer\/wp-json\/wp\/v2\/comments?post=8432"}],"version-history":[{"count":5,"href":"https:\/\/agora.xtec.cat\/ceip-elsagrer\/wp-json\/wp\/v2\/pages\/8432\/revisions"}],"predecessor-version":[{"id":8441,"href":"https:\/\/agora.xtec.cat\/ceip-elsagrer\/wp-json\/wp\/v2\/pages\/8432\/revisions\/8441"}],"up":[{"embeddable":true,"href":"https:\/\/agora.xtec.cat\/ceip-elsagrer\/wp-json\/wp\/v2\/pages\/8252"}],"wp:attachment":[{"href":"https:\/\/agora.xtec.cat\/ceip-elsagrer\/wp-json\/wp\/v2\/media?parent=8432"}],"curies":[{"name":"wp","href":"https:\/\/api.w.org\/{rel}","templated":true}]}}