{"id":8420,"date":"2025-11-04T22:25:14","date_gmt":"2025-11-04T21:25:14","guid":{"rendered":"https:\/\/agora.xtec.cat\/ceip-elsagrer\/?page_id=8420"},"modified":"2026-04-11T00:58:46","modified_gmt":"2026-04-10T22:58:46","slug":"adreces-electroniques-dinteres","status":"publish","type":"page","link":"https:\/\/agora.xtec.cat\/ceip-elsagrer\/portada-afa\/lassociacio\/adreces-electroniques-dinteres\/","title":{"rendered":"Adreces electr\u00f2niques d\u2019inter\u00e8s"},"content":{"rendered":"\n<p>A continuaci\u00f3 s&#8217;indiquen les adreces electr\u00f2niques d&#8217;Inter\u00e9s com els de les diferents comissions, coordinadors i serveis que ofereix l&#8217;AFA.<\/p>\n\n\n\n<ul class=\"wp-block-list\">\n<li><strong>Avisos a coordinacions:&nbsp;<\/strong><a href=\"mailto:avisos@afaelsagrer.cat\">avisos@afaelsagrer.cat<\/a><\/li>\n\n\n\n<li><strong>Avisos a migdia\/cuina per r\u00e8gims:<\/strong> <a href=\"mailto:regims@afaelsagrer.cat\">regims@afaelsagrer.cat<\/a><\/li>\n\n\n\n<li><strong>Coordinaci\u00f3 Servei Migdia:<\/strong> <a href=\"mailto:migdia@afaelsagrer.cat\">migdia@afaelsagrer.cat<\/a><\/li>\n\n\n\n<li><strong>Coordinaci\u00f3 Servei Mati:\u00a0<\/strong> <a href=\"mailto:mati@afaelsagrer.cat\" target=\"_blank\" rel=\"noreferrer noopener\">mati@afaelsagrer.cat<\/a><\/li>\n\n\n\n<li><strong>Coordinaci\u00f3 de Servei Tarda:<\/strong>\u00a0 <a href=\"mailto:migdia@afaelsagrer.cat\" target=\"_blank\" rel=\"noreferrer noopener\">migdia@afaelsagrer.cat<\/a><\/li>\n\n\n\n<li><strong>Coordinaci\u00f3 Extraescolars:<\/strong> <a href=\"mailto:extraescolars@afaelsagrer.cat\">extraescolars@afaelsagrer.cat<\/a><\/li>\n\n\n\n<li><strong>Coordinaci\u00f3 Casals:<\/strong> <a href=\"mailto:casals@afaelsagrer.cat\">casals@afaelsagrer.cat<\/a><\/li>\n\n\n\n<li><strong>Equip Directiu AFA:<\/strong> <a href=\"mailto:directiva@afaelsagrer.cat\">directiva@afaelsagrer.cat<\/a><\/li>\n\n\n\n<li><strong>Administraci\u00f3 (Magda)<\/strong>: <a href=\"mailto:afa@afaelsagrer.cat\">afa@afaelsagrer.cat<\/a><\/li>\n<\/ul>\n\n\n\n<p><strong>Comissions<\/strong>:<\/p>\n\n\n\n<ul class=\"wp-block-list\">\n<li><strong>Intercanvi de Llibres<\/strong>: <a href=\"mailto:comissio.intercanvi@afaelsagrer.cat\" target=\"_blank\" rel=\"noreferrer noopener\">comissio.intercanvi@afaelsagrer.cat<\/a><\/li>\n\n\n\n<li><strong>Externes<\/strong>: <a href=\"mailto:comissio.externes@afaelsagrer.cat\" target=\"_blank\" rel=\"noreferrer noopener\">comissio.externes@afaelsagrer.cat<\/a><\/li>\n\n\n\n<li><strong>Extraescolars<\/strong>:<a href=\"mailto:comissio.extrascolars@afaelsagrer.cat\" target=\"_blank\" rel=\"noreferrer noopener\">comissio.extrascolars@afaelsagrer.cat<\/a><\/li>\n\n\n\n<li><strong>Festes<\/strong>: <a href=\"mailto:comissio.festes@afaelsagrer.cat\" target=\"_blank\" rel=\"noreferrer noopener\">comissio.festes@afaelsagrer.cat<\/a><\/li>\n\n\n\n<li><strong>Migdia<\/strong>: <a href=\"mailto:comissio.migdia@afaelsagrer.cat\" target=\"_blank\" rel=\"noreferrer noopener\">comissio.migdia@afaelsagrer.cat<\/a><\/li>\n\n\n\n<li><strong>Casals<\/strong>: <a href=\"mailto:comissio.casals@afaelsagrer.cat\" target=\"_blank\" rel=\"noreferrer noopener\">comissio.casals@afaelsagrer.cat<\/a><\/li>\n\n\n\n<li><strong>Butllet\u00ed<\/strong>: <a href=\"mailto:comissio.butlleti@afaelsagrer.cat\" target=\"_blank\" rel=\"noreferrer noopener\">comissio.butlleti@afaelsagrer.cat<\/a><\/li>\n\n\n\n<li><strong>Web\/Comunicaci\u00f3 Digital<\/strong>: <a href=\"mailto:comissio.comunicaciodigital@afaelsagrer.cat\" target=\"_blank\" rel=\"noreferrer noopener\">comissio.comunicaciodigital@afaelsagrer.cat<\/a><\/li>\n\n\n\n<li><strong>Espai Mat\u00ed\/Tarda<\/strong>: <a href=\"mailto:comissio.matitarda@afaelsagrer.cat\">comissio.matitarda@afaelsagrer.cat<\/a><\/li>\n\n\n\n<li><strong>Fam\u00edlies i inclusi\u00f3<\/strong>:&nbsp;<a href=\"mailto:comissio.families@afaelsagrer.cat\" target=\"_blank\" rel=\"noreferrer noopener\">comissio.families@afaelsagrer.cat<\/a><\/li>\n<\/ul>\n\n\n\n<p><strong>Segueix-nos al nostre instagram:<\/strong> <a href=\"https:\/\/www.instagram.com\/afa.elsagrer\/\">@afa.elsagrer<\/a><\/p>\n","protected":false},"excerpt":{"rendered":"<p>A continuaci\u00f3 s&#8217;indiquen les adreces electr\u00f2niques d&#8217;Inter\u00e9s com els de les diferents comissions, coordinadors i serveis que ofereix l&#8217;AFA. Comissions: Segueix-nos al nostre instagram: @afa.elsagrer<\/p>\n","protected":false},"author":17,"featured_media":0,"parent":3020,"menu_order":7,"comment_status":"closed","ping_status":"close","template":"","meta":{"_bbp_topic_count":0,"_bbp_reply_count":0,"_bbp_total_topic_count":0,"_bbp_total_reply_count":0,"_bbp_voice_count":0,"_bbp_anonymous_reply_count":0,"_bbp_topic_count_hidden":0,"_bbp_reply_count_hidden":0,"_bbp_forum_subforum_count":0,"site-sidebar-layout":"default","site-content-layout":"","ast-site-content-layout":"default","site-content-style":"default","site-sidebar-style":"default","ast-global-header-display":"","ast-banner-title-visibility":"","ast-main-header-display":"","ast-hfb-above-header-display":"","ast-hfb-below-header-display":"","ast-hfb-mobile-header-display":"","site-post-title":"","ast-breadcrumbs-content":"","ast-featured-img":"","footer-sml-layout":"","theme-transparent-header-meta":"","adv-header-id-meta":"","stick-header-meta":"","header-above-stick-meta":"","header-main-stick-meta":"","header-below-stick-meta":"","astra-migrate-meta-layouts":"set","ast-page-background-enabled":"default","ast-page-background-meta":{"desktop":{"background-color":"var(--ast-global-color-4)","background-image":"","background-repeat":"repeat","background-position":"center center","background-size":"auto","background-attachment":"scroll","background-type":"","background-media":"","overlay-type":"","overlay-color":"","overlay-opacity":"","overlay-gradient":""},"tablet":{"background-color":"","background-image":"","background-repeat":"repeat","background-position":"center center","background-size":"auto","background-attachment":"scroll","background-type":"","background-media":"","overlay-type":"","overlay-color":"","overlay-opacity":"","overlay-gradient":""},"mobile":{"background-color":"","background-image":"","background-repeat":"repeat","background-position":"center center","background-size":"auto","background-attachment":"scroll","background-type":"","background-media":"","overlay-type":"","overlay-color":"","overlay-opacity":"","overlay-gradient":""}},"ast-content-background-meta":{"desktop":{"background-color":"var(--ast-global-color-5)","background-image":"","background-repeat":"repeat","background-position":"center center","background-size":"auto","background-attachment":"scroll","background-type":"","background-media":"","overlay-type":"","overlay-color":"","overlay-opacity":"","overlay-gradient":""},"tablet":{"background-color":"var(--ast-global-color-5)","background-image":"","background-repeat":"repeat","background-position":"center center","background-size":"auto","background-attachment":"scroll","background-type":"","background-media":"","overlay-type":"","overlay-color":"","overlay-opacity":"","overlay-gradient":""},"mobile":{"background-color":"var(--ast-global-color-5)","background-image":"","background-repeat":"repeat","background-position":"center center","background-size":"auto","background-attachment":"scroll","background-type":"","background-media":"","overlay-type":"","overlay-color":"","overlay-opacity":"","overlay-gradient":""}},"footnotes":""},"class_list":["post-8420","page","type-page","status-publish","hentry"],"post_mailing_queue_ids":[],"_links":{"self":[{"href":"https:\/\/agora.xtec.cat\/ceip-elsagrer\/wp-json\/wp\/v2\/pages\/8420","targetHints":{"allow":["GET"]}}],"collection":[{"href":"https:\/\/agora.xtec.cat\/ceip-elsagrer\/wp-json\/wp\/v2\/pages"}],"about":[{"href":"https:\/\/agora.xtec.cat\/ceip-elsagrer\/wp-json\/wp\/v2\/types\/page"}],"author":[{"embeddable":true,"href":"https:\/\/agora.xtec.cat\/ceip-elsagrer\/wp-json\/wp\/v2\/users\/17"}],"replies":[{"embeddable":true,"href":"https:\/\/agora.xtec.cat\/ceip-elsagrer\/wp-json\/wp\/v2\/comments?post=8420"}],"version-history":[{"count":5,"href":"https:\/\/agora.xtec.cat\/ceip-elsagrer\/wp-json\/wp\/v2\/pages\/8420\/revisions"}],"predecessor-version":[{"id":8793,"href":"https:\/\/agora.xtec.cat\/ceip-elsagrer\/wp-json\/wp\/v2\/pages\/8420\/revisions\/8793"}],"up":[{"embeddable":true,"href":"https:\/\/agora.xtec.cat\/ceip-elsagrer\/wp-json\/wp\/v2\/pages\/3020"}],"wp:attachment":[{"href":"https:\/\/agora.xtec.cat\/ceip-elsagrer\/wp-json\/wp\/v2\/media?parent=8420"}],"curies":[{"name":"wp","href":"https:\/\/api.w.org\/{rel}","templated":true}]}}