{"id":8410,"date":"2025-11-02T15:12:09","date_gmt":"2025-11-02T14:12:09","guid":{"rendered":"https:\/\/agora.xtec.cat\/ceip-elsagrer\/?page_id=8410"},"modified":"2026-04-10T18:59:11","modified_gmt":"2026-04-10T16:59:11","slug":"comissio-de-comunicacio-digital","status":"publish","type":"page","link":"https:\/\/agora.xtec.cat\/ceip-elsagrer\/portada-afa\/comissio-de-comunicacio-digital\/","title":{"rendered":"Comissi\u00f3 de Comunicaci\u00f3 Digital"},"content":{"rendered":"\n<figure class=\"wp-block-image aligncenter\"><img decoding=\"async\" src=\"https:\/\/agora.xtec.cat\/ceip-elsagrer\/wp-content\/uploads\/usu2270\/2025\/05\/Comissio-Comunicacio-Web.png\" alt=\"\" class=\"wp-image-3465\"\/><\/figure>\n\n\n\n<p>La comissi\u00f3 web \u00e9s l\u2019encarregada de la posada en marxa i manteniment de la web de l&#8217;AFA. Aquesta tasca inclou tant els continguts informatius i l\u2019arxiu hist\u00f2ric, com totes les q\u00fcestions t\u00e8cniques relacionades amb l\u2019edici\u00f3 de la p\u00e0gina.<\/p>\n\n\n\n<p>L\u2019objectiu principal \u00e9s recollir totes les informacions importants per les fam\u00edlies i infants, pel que fa a les activitats de l\u2019AFA i el seu funcionament. La prioritat \u00e9s posar a disposici\u00f3 de la comunitat educativa de El Sagrer un espai de comunicaci\u00f3, de reflexi\u00f3 i debat que potenci\u00ef la participaci\u00f3 de totes i tots els que formem part de l\u2019escola.<\/p>\n\n\n\n<figure class=\"wp-block-image aligncenter is-resized\"><img decoding=\"async\" src=\"https:\/\/upload.wikimedia.org\/wikipedia\/commons\/e\/e7\/Instagram_logo_2016.svg\" alt=\"Instagram AFA El Sagrer\" style=\"width:42px;height:auto\"\/><\/figure>\n\n\n\n<p class=\"has-text-align-center\"><a href=\"https:\/\/www.instagram.com\/afa.elsagrer\/\" target=\"_blank\" rel=\"noreferrer noopener\"><strong>Segueix-nos a l&#8217;Instagram<\/strong><br>@afa.elsagrer<\/a><\/p>\n\n\n\n<p><\/p>\n","protected":false},"excerpt":{"rendered":"<p>La comissi\u00f3 web \u00e9s l\u2019encarregada de la posada en marxa i manteniment de la web de l&#8217;AFA. Aquesta tasca inclou tant els continguts informatius i l\u2019arxiu hist\u00f2ric, com totes les q\u00fcestions t\u00e8cniques relacionades amb l\u2019edici\u00f3 de la p\u00e0gina. L\u2019objectiu principal \u00e9s recollir totes les informacions importants per les fam\u00edlies i infants, pel que fa a [&hellip;]<\/p>\n","protected":false},"author":17,"featured_media":0,"parent":8252,"menu_order":8,"comment_status":"closed","ping_status":"close","template":"","meta":{"_bbp_topic_count":0,"_bbp_reply_count":0,"_bbp_total_topic_count":0,"_bbp_total_reply_count":0,"_bbp_voice_count":0,"_bbp_anonymous_reply_count":0,"_bbp_topic_count_hidden":0,"_bbp_reply_count_hidden":0,"_bbp_forum_subforum_count":0,"site-sidebar-layout":"default","site-content-layout":"","ast-site-content-layout":"default","site-content-style":"default","site-sidebar-style":"default","ast-global-header-display":"","ast-banner-title-visibility":"","ast-main-header-display":"","ast-hfb-above-header-display":"","ast-hfb-below-header-display":"","ast-hfb-mobile-header-display":"","site-post-title":"","ast-breadcrumbs-content":"","ast-featured-img":"","footer-sml-layout":"","theme-transparent-header-meta":"","adv-header-id-meta":"","stick-header-meta":"","header-above-stick-meta":"","header-main-stick-meta":"","header-below-stick-meta":"","astra-migrate-meta-layouts":"set","ast-page-background-enabled":"default","ast-page-background-meta":{"desktop":{"background-color":"var(--ast-global-color-4)","background-image":"","background-repeat":"repeat","background-position":"center center","background-size":"auto","background-attachment":"scroll","background-type":"","background-media":"","overlay-type":"","overlay-color":"","overlay-opacity":"","overlay-gradient":""},"tablet":{"background-color":"","background-image":"","background-repeat":"repeat","background-position":"center center","background-size":"auto","background-attachment":"scroll","background-type":"","background-media":"","overlay-type":"","overlay-color":"","overlay-opacity":"","overlay-gradient":""},"mobile":{"background-color":"","background-image":"","background-repeat":"repeat","background-position":"center center","background-size":"auto","background-attachment":"scroll","background-type":"","background-media":"","overlay-type":"","overlay-color":"","overlay-opacity":"","overlay-gradient":""}},"ast-content-background-meta":{"desktop":{"background-color":"var(--ast-global-color-5)","background-image":"","background-repeat":"repeat","background-position":"center center","background-size":"auto","background-attachment":"scroll","background-type":"","background-media":"","overlay-type":"","overlay-color":"","overlay-opacity":"","overlay-gradient":""},"tablet":{"background-color":"var(--ast-global-color-5)","background-image":"","background-repeat":"repeat","background-position":"center center","background-size":"auto","background-attachment":"scroll","background-type":"","background-media":"","overlay-type":"","overlay-color":"","overlay-opacity":"","overlay-gradient":""},"mobile":{"background-color":"var(--ast-global-color-5)","background-image":"","background-repeat":"repeat","background-position":"center center","background-size":"auto","background-attachment":"scroll","background-type":"","background-media":"","overlay-type":"","overlay-color":"","overlay-opacity":"","overlay-gradient":""}},"footnotes":""},"class_list":["post-8410","page","type-page","status-publish","hentry"],"post_mailing_queue_ids":[],"_links":{"self":[{"href":"https:\/\/agora.xtec.cat\/ceip-elsagrer\/wp-json\/wp\/v2\/pages\/8410","targetHints":{"allow":["GET"]}}],"collection":[{"href":"https:\/\/agora.xtec.cat\/ceip-elsagrer\/wp-json\/wp\/v2\/pages"}],"about":[{"href":"https:\/\/agora.xtec.cat\/ceip-elsagrer\/wp-json\/wp\/v2\/types\/page"}],"author":[{"embeddable":true,"href":"https:\/\/agora.xtec.cat\/ceip-elsagrer\/wp-json\/wp\/v2\/users\/17"}],"replies":[{"embeddable":true,"href":"https:\/\/agora.xtec.cat\/ceip-elsagrer\/wp-json\/wp\/v2\/comments?post=8410"}],"version-history":[{"count":5,"href":"https:\/\/agora.xtec.cat\/ceip-elsagrer\/wp-json\/wp\/v2\/pages\/8410\/revisions"}],"predecessor-version":[{"id":9100,"href":"https:\/\/agora.xtec.cat\/ceip-elsagrer\/wp-json\/wp\/v2\/pages\/8410\/revisions\/9100"}],"up":[{"embeddable":true,"href":"https:\/\/agora.xtec.cat\/ceip-elsagrer\/wp-json\/wp\/v2\/pages\/8252"}],"wp:attachment":[{"href":"https:\/\/agora.xtec.cat\/ceip-elsagrer\/wp-json\/wp\/v2\/media?parent=8410"}],"curies":[{"name":"wp","href":"https:\/\/api.w.org\/{rel}","templated":true}]}}