{"id":8404,"date":"2025-10-30T23:39:10","date_gmt":"2025-10-30T22:39:10","guid":{"rendered":"https:\/\/agora.xtec.cat\/ceip-elsagrer\/?page_id=8404"},"modified":"2025-10-30T23:39:10","modified_gmt":"2025-10-30T22:39:10","slug":"comissio-de-festes","status":"publish","type":"page","link":"https:\/\/agora.xtec.cat\/ceip-elsagrer\/portada-afa\/comissio-de-festes\/","title":{"rendered":"Comissi\u00f3 de Festes"},"content":{"rendered":"\n<figure class=\"wp-block-image aligncenter\"><img loading=\"lazy\" decoding=\"async\" width=\"851\" height=\"223\" src=\"https:\/\/agora.xtec.cat\/ceip-elsagrer\/wp-content\/uploads\/usu2270\/2025\/10\/Comissio-Festes.png\" alt=\"\" class=\"wp-image-8406\" srcset=\"https:\/\/agora.xtec.cat\/ceip-elsagrer\/wp-content\/uploads\/usu2270\/2025\/10\/Comissio-Festes.png 851w, https:\/\/agora.xtec.cat\/ceip-elsagrer\/wp-content\/uploads\/usu2270\/2025\/10\/Comissio-Festes-300x79.png 300w, https:\/\/agora.xtec.cat\/ceip-elsagrer\/wp-content\/uploads\/usu2270\/2025\/10\/Comissio-Festes-768x201.png 768w\" sizes=\"auto, (max-width: 851px) 100vw, 851px\" \/><\/figure>\n\n\n\n<p>Col\u00b7labora amb l\u2019escola en la preparaci\u00f3 i organitzaci\u00f3 d\u2019activitats tradicionals i festives que es realitzen durant l\u2019any, i organitza els actes festius de l\u2019AFA. La comissi\u00f3 participa b\u00e0sicament en les activitats seg\u00fcents: Cursa Popular de la Festa Major de La Sagrera, Concert de Nadal, Sopar de fi de curs (revetlla) i Matinal de fi de curs.<\/p>\n\n\n\n<p>Contacte: <a href=\"mailto:comissio.festes@afaelsagrer.cat\" target=\"_blank\" rel=\"noreferrer noopener\">comissio.festes@afaelsagrer.cat<\/a><\/p>\n\n\n\n        <div class=\"wp-block-getwid-post-slider custom-post-type-post has-arrows-inside has-dots-inside\">\n            <div data-slider-option=\"{&quot;getwid_fade_effect&quot;:&quot;slide&quot;,&quot;getwid_autoplay&quot;:false,&quot;getwid_pause_on_hover&quot;:false,&quot;getwid_autoplay_speed&quot;:6000,&quot;getwid_infinite&quot;:true,&quot;getwid_animation_speed&quot;:800,&quot;getwid_arrows&quot;:&quot;inside&quot;,&quot;getwid_dots&quot;:&quot;inside&quot;}\" class=\"wp-block-getwid-post-slider__content\">\n                \t\t\t\t\t\t\t<div class=\"wp-block-getwid-post-slider__slide\" style=\"\">\n\t\t\t\t\t\t\t\t\n<div class=\"wp-block-getwid-post-slider__post \">\n            <div class=\"wp-block-getwid-post-slider__post-thumbnail\">\n            <img loading=\"lazy\" decoding=\"async\" width=\"2560\" height=\"1322\" src=\"https:\/\/agora.xtec.cat\/ceip-elsagrer\/wp-content\/uploads\/usu2270\/2025\/12\/IMG_20251217_072317-1-scaled.jpg\" class=\"attachment-post-thumbnail size-post-thumbnail wp-post-image\" alt=\"\" srcset=\"https:\/\/agora.xtec.cat\/ceip-elsagrer\/wp-content\/uploads\/usu2270\/2025\/12\/IMG_20251217_072317-1-scaled.jpg 2560w, https:\/\/agora.xtec.cat\/ceip-elsagrer\/wp-content\/uploads\/usu2270\/2025\/12\/IMG_20251217_072317-1-300x155.jpg 300w, https:\/\/agora.xtec.cat\/ceip-elsagrer\/wp-content\/uploads\/usu2270\/2025\/12\/IMG_20251217_072317-1-1024x529.jpg 1024w, https:\/\/agora.xtec.cat\/ceip-elsagrer\/wp-content\/uploads\/usu2270\/2025\/12\/IMG_20251217_072317-1-768x396.jpg 768w, https:\/\/agora.xtec.cat\/ceip-elsagrer\/wp-content\/uploads\/usu2270\/2025\/12\/IMG_20251217_072317-1-1536x793.jpg 1536w, https:\/\/agora.xtec.cat\/ceip-elsagrer\/wp-content\/uploads\/usu2270\/2025\/12\/IMG_20251217_072317-1-2048x1057.jpg 2048w\" sizes=\"auto, (max-width: 2560px) 100vw, 2560px\" \/>        <\/div>\n        <div class=\"wp-block-getwid-post-slider__post-overlay \"><\/div>\n    <div class=\"wp-block-getwid-post-slider__post-content-wrapper\">\n        <h3 class=\"wp-block-getwid-post-slider__post-title\"><a href=\"https:\/\/agora.xtec.cat\/ceip-elsagrer\/general\/el-vestibul-es-vesteix-dhivern\/\">El vest\u00edbul es vesteix d&#8217;hivern<\/a><\/h3>        <div class=\"wp-block-getwid-post-slider__post-excerpt\"><p>A punt per comen\u00e7ar l&#8217;hivern el 21 de desembre, a l&#8217;escola ja hem vestit el vest\u00edbul amb tot all\u00f2 que ens recorda aquesta estaci\u00f3: l&#8217;escalfor de la llar de foc, la quietud d&#8217;un paisatge fred a trav\u00e9s d&#8217;una finestra, l&#8217;arbre de Nadal&#8230; Per\u00f2, sobretot, una taula. Una taula parada que simbolitza un espai de trobada, [&hellip;]<\/p>\n<\/div>\n    <\/div>\n<\/div>\n\t\t\t\t\t\t\t<\/div>\n\t\t\t\t\t\t\t\t\t\t\t\t\t<div class=\"wp-block-getwid-post-slider__slide\" style=\"\">\n\t\t\t\t\t\t\t\t\n<div class=\"wp-block-getwid-post-slider__post \">\n            <div class=\"wp-block-getwid-post-slider__post-thumbnail\">\n            <img loading=\"lazy\" decoding=\"async\" width=\"1024\" height=\"1024\" src=\"https:\/\/agora.xtec.cat\/ceip-elsagrer\/wp-content\/uploads\/usu2270\/2025\/12\/Nuvol-de-paraules-setmana-ultima-de-trimestre.png\" class=\"attachment-post-thumbnail size-post-thumbnail wp-post-image\" alt=\"\" srcset=\"https:\/\/agora.xtec.cat\/ceip-elsagrer\/wp-content\/uploads\/usu2270\/2025\/12\/Nuvol-de-paraules-setmana-ultima-de-trimestre.png 1024w, https:\/\/agora.xtec.cat\/ceip-elsagrer\/wp-content\/uploads\/usu2270\/2025\/12\/Nuvol-de-paraules-setmana-ultima-de-trimestre-300x300.png 300w, https:\/\/agora.xtec.cat\/ceip-elsagrer\/wp-content\/uploads\/usu2270\/2025\/12\/Nuvol-de-paraules-setmana-ultima-de-trimestre-150x150.png 150w, https:\/\/agora.xtec.cat\/ceip-elsagrer\/wp-content\/uploads\/usu2270\/2025\/12\/Nuvol-de-paraules-setmana-ultima-de-trimestre-768x768.png 768w\" sizes=\"auto, (max-width: 1024px) 100vw, 1024px\" \/>        <\/div>\n        <div class=\"wp-block-getwid-post-slider__post-overlay \"><\/div>\n    <div class=\"wp-block-getwid-post-slider__post-content-wrapper\">\n        <h3 class=\"wp-block-getwid-post-slider__post-title\"><a href=\"https:\/\/agora.xtec.cat\/ceip-elsagrer\/general\/ultima-nevada-de-lany\/\">\u00daltima nevada de l&#8217;any!<\/a><\/h3>        <div class=\"wp-block-getwid-post-slider__post-excerpt\"><p>\u00daltimes not\u00edcies! Divendres, 19 de desembre a les 9\u202fh s\u2019espera precipitaci\u00f3 d\u2019intensitat feble o localment moderada en forma de NEU a tot el litoral de l\u2019escola El Sagrer a primera hora del mat\u00ed. L\u2019acumulaci\u00f3 de neu ser\u00e0 de 2 a 3 cm de gruix. Vigileu molt i, sobretot, abrigueu-vos!<\/p>\n<\/div>\n    <\/div>\n<\/div>\n\t\t\t\t\t\t\t<\/div>\n\t\t\t\t\t\t\t\t\t\t\t\t\t<div class=\"wp-block-getwid-post-slider__slide\" style=\"\">\n\t\t\t\t\t\t\t\t\n<div class=\"wp-block-getwid-post-slider__post \">\n            <div class=\"wp-block-getwid-post-slider__post-thumbnail\">\n            <img loading=\"lazy\" decoding=\"async\" width=\"2000\" height=\"1500\" src=\"https:\/\/agora.xtec.cat\/ceip-elsagrer\/wp-content\/uploads\/usu2270\/2025\/06\/2025-06-15-13.02.31.jpg\" class=\"attachment-post-thumbnail size-post-thumbnail wp-post-image\" alt=\"\" srcset=\"https:\/\/agora.xtec.cat\/ceip-elsagrer\/wp-content\/uploads\/usu2270\/2025\/06\/2025-06-15-13.02.31.jpg 2000w, https:\/\/agora.xtec.cat\/ceip-elsagrer\/wp-content\/uploads\/usu2270\/2025\/06\/2025-06-15-13.02.31-300x225.jpg 300w, https:\/\/agora.xtec.cat\/ceip-elsagrer\/wp-content\/uploads\/usu2270\/2025\/06\/2025-06-15-13.02.31-1024x768.jpg 1024w, https:\/\/agora.xtec.cat\/ceip-elsagrer\/wp-content\/uploads\/usu2270\/2025\/06\/2025-06-15-13.02.31-768x576.jpg 768w, https:\/\/agora.xtec.cat\/ceip-elsagrer\/wp-content\/uploads\/usu2270\/2025\/06\/2025-06-15-13.02.31-1536x1152.jpg 1536w, https:\/\/agora.xtec.cat\/ceip-elsagrer\/wp-content\/uploads\/usu2270\/2025\/06\/2025-06-15-13.02.31-200x150.jpg 200w\" sizes=\"auto, (max-width: 2000px) 100vw, 2000px\" \/>        <\/div>\n        <div class=\"wp-block-getwid-post-slider__post-overlay \"><\/div>\n    <div class=\"wp-block-getwid-post-slider__post-content-wrapper\">\n        <h3 class=\"wp-block-getwid-post-slider__post-title\"><a href=\"https:\/\/agora.xtec.cat\/ceip-elsagrer\/general\/matinal-2025-festa-de-fi-de-curs\/\">Matinal 2025 &#8211; Festa de fi de curs<\/a><\/h3>        <div class=\"wp-block-getwid-post-slider__post-excerpt\"><p>Yo quiero bailaaaar\u2026 tota la matinal! Quina festassa hem celebrat aquest diumenge 15! I tot gr\u00e0cies\u2026 No hi ha millor manera de celebrar el final del curs 2024-25! Gr\u00e0cies, fam\u00edlies, per acompanyar-nos!!<\/p>\n<\/div>\n    <\/div>\n<\/div>\n\t\t\t\t\t\t\t<\/div>\n\t\t\t\t\t\t\t\t\t\t\t\t\t<div class=\"wp-block-getwid-post-slider__slide\" style=\"\">\n\t\t\t\t\t\t\t\t\n<div class=\"wp-block-getwid-post-slider__post \">\n            <div class=\"wp-block-getwid-post-slider__post-thumbnail\">\n            <img loading=\"lazy\" decoding=\"async\" width=\"998\" height=\"381\" src=\"https:\/\/agora.xtec.cat\/ceip-elsagrer\/wp-content\/uploads\/usu2270\/2025\/06\/IMG_5115.jpeg\" class=\"attachment-post-thumbnail size-post-thumbnail wp-post-image\" alt=\"\" srcset=\"https:\/\/agora.xtec.cat\/ceip-elsagrer\/wp-content\/uploads\/usu2270\/2025\/06\/IMG_5115.jpeg 998w, https:\/\/agora.xtec.cat\/ceip-elsagrer\/wp-content\/uploads\/usu2270\/2025\/06\/IMG_5115-300x115.jpeg 300w, https:\/\/agora.xtec.cat\/ceip-elsagrer\/wp-content\/uploads\/usu2270\/2025\/06\/IMG_5115-768x293.jpeg 768w\" sizes=\"auto, (max-width: 998px) 100vw, 998px\" \/>        <\/div>\n        <div class=\"wp-block-getwid-post-slider__post-overlay \"><\/div>\n    <div class=\"wp-block-getwid-post-slider__post-content-wrapper\">\n        <h3 class=\"wp-block-getwid-post-slider__post-title\"><a href=\"https:\/\/agora.xtec.cat\/ceip-elsagrer\/portada\/celebracio-de-la-revetlla-el-sagrer-2025\/\">Celebraci\u00f3 de la revetlla El Sagrer 2025<\/a><\/h3>        <div class=\"wp-block-getwid-post-slider__post-excerpt\"><p>Gr\u00e0cies a tots per participar. Us esperem l&#8217;any vinent!!!<\/p>\n<\/div>\n    <\/div>\n<\/div>\n\t\t\t\t\t\t\t<\/div>\n\t\t\t\t\t\t\t\t\t\t\t\t\t<div class=\"wp-block-getwid-post-slider__slide\" style=\"\">\n\t\t\t\t\t\t\t\t\n<div class=\"wp-block-getwid-post-slider__post \">\n            <div class=\"wp-block-getwid-post-slider__post-thumbnail\">\n            <img loading=\"lazy\" decoding=\"async\" width=\"513\" height=\"271\" src=\"https:\/\/agora.xtec.cat\/ceip-elsagrer\/wp-content\/uploads\/usu2270\/2025\/05\/FIDEUA.jpg\" class=\"attachment-post-thumbnail size-post-thumbnail wp-post-image\" alt=\"\" srcset=\"https:\/\/agora.xtec.cat\/ceip-elsagrer\/wp-content\/uploads\/usu2270\/2025\/05\/FIDEUA.jpg 513w, https:\/\/agora.xtec.cat\/ceip-elsagrer\/wp-content\/uploads\/usu2270\/2025\/05\/FIDEUA-300x158.jpg 300w\" sizes=\"auto, (max-width: 513px) 100vw, 513px\" \/>        <\/div>\n        <div class=\"wp-block-getwid-post-slider__post-overlay \"><\/div>\n    <div class=\"wp-block-getwid-post-slider__post-content-wrapper\">\n        <h3 class=\"wp-block-getwid-post-slider__post-title\"><a href=\"https:\/\/agora.xtec.cat\/ceip-elsagrer\/general\/festa-de-fi-de-curs-fideua-popular\/\">Festa de fi de curs &#8211; Fideu\u00e0 Popular<\/a><\/h3>        <div class=\"wp-block-getwid-post-slider__post-excerpt\"><p>No et quedis sense el teu tiquet! Ja queda poquet per a la Festa de Fi de Curs i si vols assegurar-te una raci\u00f3 de fideu\u00e0 per llepar-se els dits el 15 de juny, recorda que has de comprar el teu tiquet! Com el pots comprar?A les persones de la comissi\u00f3. On?A la porta de [&hellip;]<\/p>\n<\/div>\n    <\/div>\n<\/div>\n\t\t\t\t\t\t\t<\/div>\n\t\t\t\t\t\t            <\/div>\n        <\/div>\n        ","protected":false},"excerpt":{"rendered":"<p>Col\u00b7labora amb l\u2019escola en la preparaci\u00f3 i organitzaci\u00f3 d\u2019activitats tradicionals i festives que es realitzen durant l\u2019any, i organitza els actes festius de l\u2019AFA. La comissi\u00f3 participa b\u00e0sicament en les activitats seg\u00fcents: Cursa Popular de la Festa Major de La Sagrera, Concert de Nadal, Sopar de fi de curs (revetlla) i Matinal de fi de [&hellip;]<\/p>\n","protected":false},"author":17,"featured_media":0,"parent":8252,"menu_order":7,"comment_status":"closed","ping_status":"close","template":"","meta":{"_bbp_topic_count":0,"_bbp_reply_count":0,"_bbp_total_topic_count":0,"_bbp_total_reply_count":0,"_bbp_voice_count":0,"_bbp_anonymous_reply_count":0,"_bbp_topic_count_hidden":0,"_bbp_reply_count_hidden":0,"_bbp_forum_subforum_count":0,"site-sidebar-layout":"default","site-content-layout":"","ast-site-content-layout":"default","site-content-style":"default","site-sidebar-style":"default","ast-global-header-display":"","ast-banner-title-visibility":"","ast-main-header-display":"","ast-hfb-above-header-display":"","ast-hfb-below-header-display":"","ast-hfb-mobile-header-display":"","site-post-title":"","ast-breadcrumbs-content":"","ast-featured-img":"","footer-sml-layout":"","theme-transparent-header-meta":"","adv-header-id-meta":"","stick-header-meta":"","header-above-stick-meta":"","header-main-stick-meta":"","header-below-stick-meta":"","astra-migrate-meta-layouts":"set","ast-page-background-enabled":"default","ast-page-background-meta":{"desktop":{"background-color":"var(--ast-global-color-4)","background-image":"","background-repeat":"repeat","background-position":"center center","background-size":"auto","background-attachment":"scroll","background-type":"","background-media":"","overlay-type":"","overlay-color":"","overlay-opacity":"","overlay-gradient":""},"tablet":{"background-color":"","background-image":"","background-repeat":"repeat","background-position":"center center","background-size":"auto","background-attachment":"scroll","background-type":"","background-media":"","overlay-type":"","overlay-color":"","overlay-opacity":"","overlay-gradient":""},"mobile":{"background-color":"","background-image":"","background-repeat":"repeat","background-position":"center center","background-size":"auto","background-attachment":"scroll","background-type":"","background-media":"","overlay-type":"","overlay-color":"","overlay-opacity":"","overlay-gradient":""}},"ast-content-background-meta":{"desktop":{"background-color":"var(--ast-global-color-5)","background-image":"","background-repeat":"repeat","background-position":"center center","background-size":"auto","background-attachment":"scroll","background-type":"","background-media":"","overlay-type":"","overlay-color":"","overlay-opacity":"","overlay-gradient":""},"tablet":{"background-color":"var(--ast-global-color-5)","background-image":"","background-repeat":"repeat","background-position":"center center","background-size":"auto","background-attachment":"scroll","background-type":"","background-media":"","overlay-type":"","overlay-color":"","overlay-opacity":"","overlay-gradient":""},"mobile":{"background-color":"var(--ast-global-color-5)","background-image":"","background-repeat":"repeat","background-position":"center center","background-size":"auto","background-attachment":"scroll","background-type":"","background-media":"","overlay-type":"","overlay-color":"","overlay-opacity":"","overlay-gradient":""}},"footnotes":""},"class_list":["post-8404","page","type-page","status-publish","hentry"],"post_mailing_queue_ids":[],"_links":{"self":[{"href":"https:\/\/agora.xtec.cat\/ceip-elsagrer\/wp-json\/wp\/v2\/pages\/8404","targetHints":{"allow":["GET"]}}],"collection":[{"href":"https:\/\/agora.xtec.cat\/ceip-elsagrer\/wp-json\/wp\/v2\/pages"}],"about":[{"href":"https:\/\/agora.xtec.cat\/ceip-elsagrer\/wp-json\/wp\/v2\/types\/page"}],"author":[{"embeddable":true,"href":"https:\/\/agora.xtec.cat\/ceip-elsagrer\/wp-json\/wp\/v2\/users\/17"}],"replies":[{"embeddable":true,"href":"https:\/\/agora.xtec.cat\/ceip-elsagrer\/wp-json\/wp\/v2\/comments?post=8404"}],"version-history":[{"count":2,"href":"https:\/\/agora.xtec.cat\/ceip-elsagrer\/wp-json\/wp\/v2\/pages\/8404\/revisions"}],"predecessor-version":[{"id":8407,"href":"https:\/\/agora.xtec.cat\/ceip-elsagrer\/wp-json\/wp\/v2\/pages\/8404\/revisions\/8407"}],"up":[{"embeddable":true,"href":"https:\/\/agora.xtec.cat\/ceip-elsagrer\/wp-json\/wp\/v2\/pages\/8252"}],"wp:attachment":[{"href":"https:\/\/agora.xtec.cat\/ceip-elsagrer\/wp-json\/wp\/v2\/media?parent=8404"}],"curies":[{"name":"wp","href":"https:\/\/api.w.org\/{rel}","templated":true}]}}