{"id":8394,"date":"2025-10-30T23:24:03","date_gmt":"2025-10-30T22:24:03","guid":{"rendered":"https:\/\/agora.xtec.cat\/ceip-elsagrer\/?page_id=8394"},"modified":"2025-10-30T23:24:03","modified_gmt":"2025-10-30T22:24:03","slug":"comissio-de-relacions-externes","status":"publish","type":"page","link":"https:\/\/agora.xtec.cat\/ceip-elsagrer\/portada-afa\/comissio-de-relacions-externes\/","title":{"rendered":"Comissi\u00f3 de Relacions Externes"},"content":{"rendered":"\n<figure class=\"wp-block-image aligncenter\"><img loading=\"lazy\" decoding=\"async\" width=\"851\" height=\"223\" src=\"https:\/\/agora.xtec.cat\/ceip-elsagrer\/wp-content\/uploads\/usu2270\/2025\/10\/Comissio-Relacions-Externes.png\" alt=\"\" class=\"wp-image-8396\" srcset=\"https:\/\/agora.xtec.cat\/ceip-elsagrer\/wp-content\/uploads\/usu2270\/2025\/10\/Comissio-Relacions-Externes.png 851w, https:\/\/agora.xtec.cat\/ceip-elsagrer\/wp-content\/uploads\/usu2270\/2025\/10\/Comissio-Relacions-Externes-300x79.png 300w, https:\/\/agora.xtec.cat\/ceip-elsagrer\/wp-content\/uploads\/usu2270\/2025\/10\/Comissio-Relacions-Externes-768x201.png 768w\" sizes=\"auto, (max-width: 851px) 100vw, 851px\" \/><\/figure>\n\n\n\n<p>Amb el convenciment que l&#8217;AFA, i per tant l&#8217;escola, ha de tenir vida dins i fora del recinte escolar, ens encarreguem de representar l&#8217;AFA davant les diferents institucions, organismes i entitats: Ajuntament de Barcelona, Districte de Sant Andreu, Generalitat de Catalunya, Coordinadora d&#8217;Ampa del Districte, FAPAC, Associacions Culturals,&#8230;<\/p>\n\n\n\n<p>Aquests contactes ens ajuden a estar al dia de tot all\u00f2 que passa a l&#8217;\u00e0mbit institucional i a donar-nos a con\u00e8ixer, i contribueixen a fer de la nostra escola un referent tan educatiu com social dins del barri.<\/p>\n\n\n\n<p>El nostre objectiu \u00e9s alimentar la comunicaci\u00f3 amb els diferents ens que d&#8217;una manera o altra tenen relaci\u00f3 amb l&#8217;escola i l&#8217;AFA, el que ens permet mantenir un lligam permanent amb el nostre entorn m\u00e9s proper i participar de les decisions que es prenen en aquests \u00e0mbits en benefici de l&#8217;escola.<\/p>\n\n\n\n<p>Com a membres actius de la Coordinadora d&#8217;AMPA del Districte participem junt amb altres associacions del Districte en la definici\u00f3 de les necessitats i problem\u00e0tiques manifestades pels centres educatius i a vincular-les cap a l&#8217;Administraci\u00f3:<\/p>\n\n\n\n<p>&#8211; Matr\u00edcula \u00fanica per prim\u00e0ria i secund\u00e0ria.<\/p>\n\n\n\n<p>&#8211; Planificaci\u00f3 de places escolars i previsions de nous centres.<\/p>\n\n\n\n<p>&#8211; Barreres arquitect\u00f2niques i camins escolars.<\/p>\n\n\n\n<p>&#8211; Manteniment de les escoles per part de l&#8217;Ajuntament<\/p>\n\n\n\n<p>Aquests son alguns dels \u00e8xits assolits gr\u00e0cies a la tasca realitzada durant els darrers cursos:<\/p>\n\n\n\n<p>&#8211; Adequaci\u00f3 del projecte d&#8217;urbanitzaci\u00f3 del carrer Sant Antoni Maria Claret, on hem aconsseguit introduir mesures per a la pacificaci\u00f3 del tr\u00e0nsit i per millorar la seguritat i confort per part dels usuaris de l&#8217;espai p\u00fablic de l&#8217;entorn de l&#8217;escola.<\/p>\n\n\n\n<p>&#8211; Obtenci\u00f3, com a membres de la Coordinadora d&#8217;AMPA del Districte de Sant Andreu, del 3r. premi FAPAC 2014 en la categoria &#8220;Fem xarxa per l&#8217;\u00e8xit escolar&#8221; per l&#8217;acte organitzat sota el nom &#8220;Passeig per l&#8217;educaci\u00f3 p\u00fablica&#8221;<\/p>\n\n\n\n<p>&#8211; Participaci\u00f3 en diversos actes reivindicatius a favor de l&#8217;escola p\u00fablica.<\/p>\n\n\n\n<p>&#8211; Participaci\u00f3 en actes culturals diversos<\/p>\n\n\n\n<p>Contacte: <a href=\"mailto:comissio.externes@afaelsagrer.cat\" target=\"_blank\" rel=\"noreferrer noopener\">comissio.externes@afaelsagrer.cat<\/a><\/p>\n\n\n\n        <div class=\"wp-block-getwid-post-slider custom-post-type-post has-arrows-inside has-dots-inside\">\n            <div data-slider-option=\"{&quot;getwid_fade_effect&quot;:&quot;slide&quot;,&quot;getwid_autoplay&quot;:false,&quot;getwid_pause_on_hover&quot;:false,&quot;getwid_autoplay_speed&quot;:6000,&quot;getwid_infinite&quot;:true,&quot;getwid_animation_speed&quot;:800,&quot;getwid_arrows&quot;:&quot;inside&quot;,&quot;getwid_dots&quot;:&quot;inside&quot;}\" class=\"wp-block-getwid-post-slider__content\">\n                \t\t\t\t\t\t\t<div class=\"wp-block-getwid-post-slider__slide\" style=\"\">\n\t\t\t\t\t\t\t\t\n<div class=\"wp-block-getwid-post-slider__post \">\n            <div class=\"wp-block-getwid-post-slider__post-thumbnail\">\n            <img loading=\"lazy\" decoding=\"async\" width=\"446\" height=\"425\" src=\"https:\/\/agora.xtec.cat\/ceip-elsagrer\/wp-content\/uploads\/usu2270\/2026\/03\/IV.2.jpg\" class=\"attachment-post-thumbnail size-post-thumbnail wp-post-image\" alt=\"\" srcset=\"https:\/\/agora.xtec.cat\/ceip-elsagrer\/wp-content\/uploads\/usu2270\/2026\/03\/IV.2.jpg 446w, https:\/\/agora.xtec.cat\/ceip-elsagrer\/wp-content\/uploads\/usu2270\/2026\/03\/IV.2-300x286.jpg 300w\" sizes=\"auto, (max-width: 446px) 100vw, 446px\" \/>        <\/div>\n        <div class=\"wp-block-getwid-post-slider__post-overlay \"><\/div>\n    <div class=\"wp-block-getwid-post-slider__post-content-wrapper\">\n        <h3 class=\"wp-block-getwid-post-slider__post-title\"><a href=\"https:\/\/agora.xtec.cat\/ceip-elsagrer\/general\/calcotada-popular-de-la-sagrera\/\">Cal\u00e7otada popular de la Sagrera<\/a><\/h3>        <div class=\"wp-block-getwid-post-slider__post-excerpt\"><p>Aquest \u00e9s ja el 4t any que es fa cal\u00e7otada popular a La Sagrera en la qual hi participem com a entitat del barri\ud83e\udd73 Els tiquets es comencen a vendre a partir del, 5 de mar\u00e7, a La Torre de La Sagrera (en el seu horari d\u2019obertura habitual!)\ud83c\udf9f\ufe0fCom a m\u00e0xim es poden comprar 5 tiquets [&hellip;]<\/p>\n<\/div>\n    <\/div>\n<\/div>\n\t\t\t\t\t\t\t<\/div>\n\t\t\t\t\t\t\t\t\t\t\t\t\t<div class=\"wp-block-getwid-post-slider__slide\" style=\"\">\n\t\t\t\t\t\t\t\t\n<div class=\"wp-block-getwid-post-slider__post \">\n            <div class=\"wp-block-getwid-post-slider__post-thumbnail\">\n            <img loading=\"lazy\" decoding=\"async\" width=\"1080\" height=\"420\" src=\"https:\/\/agora.xtec.cat\/ceip-elsagrer\/wp-content\/uploads\/usu2270\/2025\/05\/Imagefire.jpg\" class=\"attachment-post-thumbnail size-post-thumbnail wp-post-image\" alt=\"\" srcset=\"https:\/\/agora.xtec.cat\/ceip-elsagrer\/wp-content\/uploads\/usu2270\/2025\/05\/Imagefire.jpg 1080w, https:\/\/agora.xtec.cat\/ceip-elsagrer\/wp-content\/uploads\/usu2270\/2025\/05\/Imagefire-300x117.jpg 300w, https:\/\/agora.xtec.cat\/ceip-elsagrer\/wp-content\/uploads\/usu2270\/2025\/05\/Imagefire-1024x398.jpg 1024w, https:\/\/agora.xtec.cat\/ceip-elsagrer\/wp-content\/uploads\/usu2270\/2025\/05\/Imagefire-768x299.jpg 768w\" sizes=\"auto, (max-width: 1080px) 100vw, 1080px\" \/>        <\/div>\n        <div class=\"wp-block-getwid-post-slider__post-overlay \"><\/div>\n    <div class=\"wp-block-getwid-post-slider__post-content-wrapper\">\n        <h3 class=\"wp-block-getwid-post-slider__post-title\"><a href=\"https:\/\/agora.xtec.cat\/ceip-elsagrer\/general\/fira-solidaria-firem-nos-2025\/\">Fira solid\u00e0ria Firem-nos 2025<\/a><\/h3>        <div class=\"wp-block-getwid-post-slider__post-excerpt\"><p>Hola, fam\u00edlies! Diumenge 18 de maig, de 11 a 13 hores, celebrem la fira solid\u00e0ria Firem-nos, una iniciativa impulsada per \u201cLa Sagrera es mou\u201d i les escoles p\u00fabliques del barri (El Sagrer, L\u2019Estel, Congr\u00e9s-Indians, Pegaso, Els 30 Passos i Tur\u00f3 Blau) per fomentar la solidaritat i donar suport als infants de la comunitat educativa en [&hellip;]<\/p>\n<\/div>\n    <\/div>\n<\/div>\n\t\t\t\t\t\t\t<\/div>\n\t\t\t\t\t\t\t\t\t\t\t\t\t<div class=\"wp-block-getwid-post-slider__slide\" style=\"\">\n\t\t\t\t\t\t\t\t\n<div class=\"wp-block-getwid-post-slider__post \">\n            <div class=\"wp-block-getwid-post-slider__post-thumbnail\">\n            <img loading=\"lazy\" decoding=\"async\" width=\"1600\" height=\"737\" src=\"https:\/\/agora.xtec.cat\/ceip-elsagrer\/wp-content\/uploads\/usu2270\/2025\/04\/1aXerrada-Comissio-de-FAMILIES-i-INCLUSIO.jpg\" class=\"attachment-post-thumbnail size-post-thumbnail wp-post-image\" alt=\"\" srcset=\"https:\/\/agora.xtec.cat\/ceip-elsagrer\/wp-content\/uploads\/usu2270\/2025\/04\/1aXerrada-Comissio-de-FAMILIES-i-INCLUSIO.jpg 1600w, https:\/\/agora.xtec.cat\/ceip-elsagrer\/wp-content\/uploads\/usu2270\/2025\/04\/1aXerrada-Comissio-de-FAMILIES-i-INCLUSIO-300x138.jpg 300w, https:\/\/agora.xtec.cat\/ceip-elsagrer\/wp-content\/uploads\/usu2270\/2025\/04\/1aXerrada-Comissio-de-FAMILIES-i-INCLUSIO-1024x472.jpg 1024w, https:\/\/agora.xtec.cat\/ceip-elsagrer\/wp-content\/uploads\/usu2270\/2025\/04\/1aXerrada-Comissio-de-FAMILIES-i-INCLUSIO-768x354.jpg 768w, https:\/\/agora.xtec.cat\/ceip-elsagrer\/wp-content\/uploads\/usu2270\/2025\/04\/1aXerrada-Comissio-de-FAMILIES-i-INCLUSIO-1536x708.jpg 1536w\" sizes=\"auto, (max-width: 1600px) 100vw, 1600px\" \/>        <\/div>\n        <div class=\"wp-block-getwid-post-slider__post-overlay \"><\/div>\n    <div class=\"wp-block-getwid-post-slider__post-content-wrapper\">\n        <h3 class=\"wp-block-getwid-post-slider__post-title\"><a href=\"https:\/\/agora.xtec.cat\/ceip-elsagrer\/portada-afa\/xerrada-de-limits-i-properes-xerrades\/\">Xerrada de L\u00edmits i properes xerrades<\/a><\/h3>        <div class=\"wp-block-getwid-post-slider__post-excerpt\"><p>Des de la Comissi\u00f3 de FAM\u00cdLIES i INCLUSI\u00d3, volem compartir amb vosaltres que la xerrada d\u2019ahir, \u201cL\u00cdMITS que cuiden: posar normes sense perdre el VINCLE\u201d, va ser tot un \u00e8xit. Hi va haver 78 persones inscrites i una assist\u00e8ncia final de 61 persones, fet que demostra l\u2019inter\u00e8s i la implicaci\u00f3 de les fam\u00edlies en aquest [&hellip;]<\/p>\n<\/div>\n    <\/div>\n<\/div>\n\t\t\t\t\t\t\t<\/div>\n\t\t\t\t\t\t            <\/div>\n        <\/div>\n        ","protected":false},"excerpt":{"rendered":"<p>Amb el convenciment que l&#8217;AFA, i per tant l&#8217;escola, ha de tenir vida dins i fora del recinte escolar, ens encarreguem de representar l&#8217;AFA davant les diferents institucions, organismes i entitats: Ajuntament de Barcelona, Districte de Sant Andreu, Generalitat de Catalunya, Coordinadora d&#8217;Ampa del Districte, FAPAC, Associacions Culturals,&#8230; Aquests contactes ens ajuden a estar al [&hellip;]<\/p>\n","protected":false},"author":17,"featured_media":0,"parent":8252,"menu_order":5,"comment_status":"closed","ping_status":"close","template":"","meta":{"_bbp_topic_count":0,"_bbp_reply_count":0,"_bbp_total_topic_count":0,"_bbp_total_reply_count":0,"_bbp_voice_count":0,"_bbp_anonymous_reply_count":0,"_bbp_topic_count_hidden":0,"_bbp_reply_count_hidden":0,"_bbp_forum_subforum_count":0,"site-sidebar-layout":"default","site-content-layout":"","ast-site-content-layout":"default","site-content-style":"default","site-sidebar-style":"default","ast-global-header-display":"","ast-banner-title-visibility":"","ast-main-header-display":"","ast-hfb-above-header-display":"","ast-hfb-below-header-display":"","ast-hfb-mobile-header-display":"","site-post-title":"","ast-breadcrumbs-content":"","ast-featured-img":"","footer-sml-layout":"","theme-transparent-header-meta":"","adv-header-id-meta":"","stick-header-meta":"","header-above-stick-meta":"","header-main-stick-meta":"","header-below-stick-meta":"","astra-migrate-meta-layouts":"set","ast-page-background-enabled":"default","ast-page-background-meta":{"desktop":{"background-color":"var(--ast-global-color-4)","background-image":"","background-repeat":"repeat","background-position":"center center","background-size":"auto","background-attachment":"scroll","background-type":"","background-media":"","overlay-type":"","overlay-color":"","overlay-opacity":"","overlay-gradient":""},"tablet":{"background-color":"","background-image":"","background-repeat":"repeat","background-position":"center center","background-size":"auto","background-attachment":"scroll","background-type":"","background-media":"","overlay-type":"","overlay-color":"","overlay-opacity":"","overlay-gradient":""},"mobile":{"background-color":"","background-image":"","background-repeat":"repeat","background-position":"center center","background-size":"auto","background-attachment":"scroll","background-type":"","background-media":"","overlay-type":"","overlay-color":"","overlay-opacity":"","overlay-gradient":""}},"ast-content-background-meta":{"desktop":{"background-color":"var(--ast-global-color-5)","background-image":"","background-repeat":"repeat","background-position":"center center","background-size":"auto","background-attachment":"scroll","background-type":"","background-media":"","overlay-type":"","overlay-color":"","overlay-opacity":"","overlay-gradient":""},"tablet":{"background-color":"var(--ast-global-color-5)","background-image":"","background-repeat":"repeat","background-position":"center center","background-size":"auto","background-attachment":"scroll","background-type":"","background-media":"","overlay-type":"","overlay-color":"","overlay-opacity":"","overlay-gradient":""},"mobile":{"background-color":"var(--ast-global-color-5)","background-image":"","background-repeat":"repeat","background-position":"center center","background-size":"auto","background-attachment":"scroll","background-type":"","background-media":"","overlay-type":"","overlay-color":"","overlay-opacity":"","overlay-gradient":""}},"footnotes":""},"class_list":["post-8394","page","type-page","status-publish","hentry"],"post_mailing_queue_ids":[],"_links":{"self":[{"href":"https:\/\/agora.xtec.cat\/ceip-elsagrer\/wp-json\/wp\/v2\/pages\/8394","targetHints":{"allow":["GET"]}}],"collection":[{"href":"https:\/\/agora.xtec.cat\/ceip-elsagrer\/wp-json\/wp\/v2\/pages"}],"about":[{"href":"https:\/\/agora.xtec.cat\/ceip-elsagrer\/wp-json\/wp\/v2\/types\/page"}],"author":[{"embeddable":true,"href":"https:\/\/agora.xtec.cat\/ceip-elsagrer\/wp-json\/wp\/v2\/users\/17"}],"replies":[{"embeddable":true,"href":"https:\/\/agora.xtec.cat\/ceip-elsagrer\/wp-json\/wp\/v2\/comments?post=8394"}],"version-history":[{"count":2,"href":"https:\/\/agora.xtec.cat\/ceip-elsagrer\/wp-json\/wp\/v2\/pages\/8394\/revisions"}],"predecessor-version":[{"id":8397,"href":"https:\/\/agora.xtec.cat\/ceip-elsagrer\/wp-json\/wp\/v2\/pages\/8394\/revisions\/8397"}],"up":[{"embeddable":true,"href":"https:\/\/agora.xtec.cat\/ceip-elsagrer\/wp-json\/wp\/v2\/pages\/8252"}],"wp:attachment":[{"href":"https:\/\/agora.xtec.cat\/ceip-elsagrer\/wp-json\/wp\/v2\/media?parent=8394"}],"curies":[{"name":"wp","href":"https:\/\/api.w.org\/{rel}","templated":true}]}}