{"id":8362,"date":"2025-10-26T16:04:14","date_gmt":"2025-10-26T15:04:14","guid":{"rendered":"https:\/\/agora.xtec.cat\/ceip-elsagrer\/?page_id=8362"},"modified":"2025-10-26T16:07:36","modified_gmt":"2025-10-26T15:07:36","slug":"activitats-infants","status":"publish","type":"page","link":"https:\/\/agora.xtec.cat\/ceip-elsagrer\/portada-afa\/comissio-dextraescolars\/activitats-infants\/","title":{"rendered":"Activitats infants"},"content":{"rendered":"\n<p>La&nbsp;<strong>Comissi\u00f3 d&#8217;Esports<\/strong>&nbsp;organitza les activitats en funci\u00f3 de les&nbsp;<strong>edats dels participants, la disponibilitat d&#8217;espais i el nombre de participants<\/strong>&nbsp;en cada grup. Tamb\u00e9 est\u00e0 oberta a&nbsp;<strong>estudiar la viabilitat de noves propostes<\/strong>&nbsp;en funci\u00f3 dels criteris esmentats.<\/p>\n\n\n\n        <div class=\"wp-block-getwid-post-slider custom-post-type-post has-arrows-inside has-dots-inside\">\n            <div data-slider-option=\"{&quot;getwid_fade_effect&quot;:&quot;slide&quot;,&quot;getwid_autoplay&quot;:false,&quot;getwid_pause_on_hover&quot;:false,&quot;getwid_autoplay_speed&quot;:6000,&quot;getwid_infinite&quot;:true,&quot;getwid_animation_speed&quot;:800,&quot;getwid_arrows&quot;:&quot;inside&quot;,&quot;getwid_dots&quot;:&quot;inside&quot;}\" class=\"wp-block-getwid-post-slider__content\">\n                \t\t\t\t\t\t\t<div class=\"wp-block-getwid-post-slider__slide\" style=\"\">\n\t\t\t\t\t\t\t\t\n<div class=\"wp-block-getwid-post-slider__post \">\n            <div class=\"wp-block-getwid-post-slider__post-thumbnail\">\n            <img loading=\"lazy\" decoding=\"async\" width=\"1536\" height=\"1024\" src=\"https:\/\/agora.xtec.cat\/ceip-elsagrer\/wp-content\/uploads\/usu2270\/2026\/04\/Extraescolarkids.png\" class=\"attachment-post-thumbnail size-post-thumbnail wp-post-image\" alt=\"\" srcset=\"https:\/\/agora.xtec.cat\/ceip-elsagrer\/wp-content\/uploads\/usu2270\/2026\/04\/Extraescolarkids.png 1536w, https:\/\/agora.xtec.cat\/ceip-elsagrer\/wp-content\/uploads\/usu2270\/2026\/04\/Extraescolarkids-300x200.png 300w, https:\/\/agora.xtec.cat\/ceip-elsagrer\/wp-content\/uploads\/usu2270\/2026\/04\/Extraescolarkids-1024x683.png 1024w, https:\/\/agora.xtec.cat\/ceip-elsagrer\/wp-content\/uploads\/usu2270\/2026\/04\/Extraescolarkids-768x512.png 768w\" sizes=\"auto, (max-width: 1536px) 100vw, 1536px\" \/>        <\/div>\n        <div class=\"wp-block-getwid-post-slider__post-overlay \"><\/div>\n    <div class=\"wp-block-getwid-post-slider__post-content-wrapper\">\n        <h3 class=\"wp-block-getwid-post-slider__post-title\"><a href=\"https:\/\/agora.xtec.cat\/ceip-elsagrer\/general\/portes-obertes-extraescolars-2025-26\/\">Portes obertes extraescolars  2025-26<\/a><\/h3>        <div class=\"wp-block-getwid-post-slider__post-excerpt\"><p>Hola, fam\u00edlies! Durant el mes d&#8217;abril obrim les portes de les activitats extraescolars perqu\u00e8 les fam\u00edlies pugueu veure en directe com es desenvolupen. \u00c9s una oportunitat per con\u00e8ixer els espais, l\u2019equip i el que fan els infants en cada activitat. Qu\u00e8 \u00e9s el calendari de Portes Obertes?&nbsp; Us indiquem quins dies podreu venir a veure [&hellip;]<\/p>\n<\/div>\n    <\/div>\n<\/div>\n\t\t\t\t\t\t\t<\/div>\n\t\t\t\t\t\t\t\t\t\t\t\t\t<div class=\"wp-block-getwid-post-slider__slide\" style=\"\">\n\t\t\t\t\t\t\t\t\n<div class=\"wp-block-getwid-post-slider__post \">\n        <div class=\"wp-block-getwid-post-slider__post-overlay \"><\/div>\n    <div class=\"wp-block-getwid-post-slider__post-content-wrapper\">\n        <h3 class=\"wp-block-getwid-post-slider__post-title\"><a href=\"https:\/\/agora.xtec.cat\/ceip-elsagrer\/general\/resolucions-provisionals-de-beques-casal-i-extraescolars\/\">Resolucions Provisionals de beques casal i extraescolars<\/a><\/h3>        <div class=\"wp-block-getwid-post-slider__post-excerpt\"><p>Benvolgudes fam\u00edlies, Us informem que ja es pot consultar el resultat provisional de la sol\u00b7licitud de l\u2019ajut econ\u00f2mic per a activitats d\u2019estiu i extraescolars a l\u2019 Oficina Virtual de Tr\u00e0mits . Trobareu la informaci\u00f3 dins l\u2019apartat \u201cEl meu espai\u201d (situat al marge superior dret de la pantalla). Properament, tamb\u00e9 rebreu un SMS informatiu amb la [&hellip;]<\/p>\n<\/div>\n    <\/div>\n<\/div>\n\t\t\t\t\t\t\t<\/div>\n\t\t\t\t\t\t\t\t\t\t\t\t\t<div class=\"wp-block-getwid-post-slider__slide\" style=\"\">\n\t\t\t\t\t\t\t\t\n<div class=\"wp-block-getwid-post-slider__post \">\n            <div class=\"wp-block-getwid-post-slider__post-thumbnail\">\n            <img loading=\"lazy\" decoding=\"async\" width=\"346\" height=\"336\" src=\"https:\/\/agora.xtec.cat\/ceip-elsagrer\/wp-content\/uploads\/usu2270\/2026\/01\/adjut-economic3.jpg\" class=\"attachment-post-thumbnail size-post-thumbnail wp-post-image\" alt=\"\" srcset=\"https:\/\/agora.xtec.cat\/ceip-elsagrer\/wp-content\/uploads\/usu2270\/2026\/01\/adjut-economic3.jpg 346w, https:\/\/agora.xtec.cat\/ceip-elsagrer\/wp-content\/uploads\/usu2270\/2026\/01\/adjut-economic3-300x291.jpg 300w\" sizes=\"auto, (max-width: 346px) 100vw, 346px\" \/>        <\/div>\n        <div class=\"wp-block-getwid-post-slider__post-overlay \"><\/div>\n    <div class=\"wp-block-getwid-post-slider__post-content-wrapper\">\n        <h3 class=\"wp-block-getwid-post-slider__post-title\"><a href=\"https:\/\/agora.xtec.cat\/ceip-elsagrer\/general\/infomacio-aplicatiu-beques\/\">Informaci\u00f3 aplicatiu beques<\/a><\/h3>        <div class=\"wp-block-getwid-post-slider__post-excerpt\"><p>Bon dia!&nbsp; El 15 de gener s&#8217;ha obert el tr\u00e0mit d&#8217;ajut unificat, aquest ajut dona posterior acc\u00e9s als ajuts de la campanya d&#8217;estiu (casals i campus d&#8217;estiu) i a les activitats extraescolars i tardes educatives (del curs 2026\/27).Es podr\u00e0 sol\u00b7licitar fins el dia 11 de febrer. Aquest \u00e9s l&#8217;enlla\u00e7 per a sol\u00b7licitar l&#8217;ajut:https:\/\/seuelectronica.ajuntament.barcelona.cat\/oficinavirtual\/ca\/tramit\/20250001734 Podeu fer-ho [&hellip;]<\/p>\n<\/div>\n    <\/div>\n<\/div>\n\t\t\t\t\t\t\t<\/div>\n\t\t\t\t\t\t\t\t\t\t\t\t\t<div class=\"wp-block-getwid-post-slider__slide\" style=\"\">\n\t\t\t\t\t\t\t\t\n<div class=\"wp-block-getwid-post-slider__post \">\n            <div class=\"wp-block-getwid-post-slider__post-thumbnail\">\n            <img loading=\"lazy\" decoding=\"async\" width=\"1198\" height=\"1029\" src=\"https:\/\/agora.xtec.cat\/ceip-elsagrer\/wp-content\/uploads\/usu2270\/2025\/12\/adjut-economic2.jpg\" class=\"attachment-post-thumbnail size-post-thumbnail wp-post-image\" alt=\"\" srcset=\"https:\/\/agora.xtec.cat\/ceip-elsagrer\/wp-content\/uploads\/usu2270\/2025\/12\/adjut-economic2.jpg 1198w, https:\/\/agora.xtec.cat\/ceip-elsagrer\/wp-content\/uploads\/usu2270\/2025\/12\/adjut-economic2-300x258.jpg 300w, https:\/\/agora.xtec.cat\/ceip-elsagrer\/wp-content\/uploads\/usu2270\/2025\/12\/adjut-economic2-1024x880.jpg 1024w, https:\/\/agora.xtec.cat\/ceip-elsagrer\/wp-content\/uploads\/usu2270\/2025\/12\/adjut-economic2-768x660.jpg 768w\" sizes=\"auto, (max-width: 1198px) 100vw, 1198px\" \/>        <\/div>\n        <div class=\"wp-block-getwid-post-slider__post-overlay \"><\/div>\n    <div class=\"wp-block-getwid-post-slider__post-content-wrapper\">\n        <h3 class=\"wp-block-getwid-post-slider__post-title\"><a href=\"https:\/\/agora.xtec.cat\/ceip-elsagrer\/portada\/nou-model-per-sollicita-lajut-economic-per-a-activitats-destiu-i-extraescolars\/\">Nou model per sol\u00b7licitar l&#8217;ajut econ\u00f2mic per a activitats d&#8217;estiu i extraescolars<\/a><\/h3>        <div class=\"wp-block-getwid-post-slider__post-excerpt\"><p>Benvolgudes fam\u00edlies, Per a l&#8217;any 2026, l&#8217;Ajuntament de Barcelona impulsa un&nbsp;nou model&nbsp;de gesti\u00f3 integrada dels ajuts per a infants i joves fins a 17 anys per a les activitats de vacances d&#8217;estiu, extraescolars esportives i tardes educatives. Les fam\u00edlies&nbsp; haureu de fer un&nbsp;\u00daNIC TR\u00c0MIT&nbsp;per a totes les campanyes (Casals, extraescolars o tardes educatives), que servir\u00e0 [&hellip;]<\/p>\n<\/div>\n    <\/div>\n<\/div>\n\t\t\t\t\t\t\t<\/div>\n\t\t\t\t\t\t\t\t\t\t\t\t\t<div class=\"wp-block-getwid-post-slider__slide\" style=\"\">\n\t\t\t\t\t\t\t\t\n<div class=\"wp-block-getwid-post-slider__post \">\n        <div class=\"wp-block-getwid-post-slider__post-overlay \"><\/div>\n    <div class=\"wp-block-getwid-post-slider__post-content-wrapper\">\n        <h3 class=\"wp-block-getwid-post-slider__post-title\"><a href=\"https:\/\/agora.xtec.cat\/ceip-elsagrer\/general\/8111\/\">Beques activitats extraescolars 25-26<\/a><\/h3>        <div class=\"wp-block-getwid-post-slider__post-excerpt\"><p>Com cada any des de l&#8217;Ajuntament de Barcelona, s&#8217;obre la convocat\u00f2ria per les beques a les activitats extraescolars homologades de caire esportiu. El per\u00edode de presentaci\u00f3 de les sol\u00b7licituds de la subvenci\u00f3 \u00e9s del 16 de setembre al 9 d&#8217;octubre. Us recordem que l&#8217;acc\u00e9s a les beques son per la participaci\u00f3 de nens\/es entre 6 [&hellip;]<\/p>\n<\/div>\n    <\/div>\n<\/div>\n\t\t\t\t\t\t\t<\/div>\n\t\t\t\t\t\t            <\/div>\n        <\/div>\n        ","protected":false},"excerpt":{"rendered":"<p>La&nbsp;Comissi\u00f3 d&#8217;Esports&nbsp;organitza les activitats en funci\u00f3 de les&nbsp;edats dels participants, la disponibilitat d&#8217;espais i el nombre de participants&nbsp;en cada grup. Tamb\u00e9 est\u00e0 oberta a&nbsp;estudiar la viabilitat de noves propostes&nbsp;en funci\u00f3 dels criteris esmentats.<\/p>\n","protected":false},"author":17,"featured_media":0,"parent":8356,"menu_order":2,"comment_status":"closed","ping_status":"close","template":"","meta":{"_bbp_topic_count":0,"_bbp_reply_count":0,"_bbp_total_topic_count":0,"_bbp_total_reply_count":0,"_bbp_voice_count":0,"_bbp_anonymous_reply_count":0,"_bbp_topic_count_hidden":0,"_bbp_reply_count_hidden":0,"_bbp_forum_subforum_count":0,"site-sidebar-layout":"default","site-content-layout":"","ast-site-content-layout":"default","site-content-style":"default","site-sidebar-style":"default","ast-global-header-display":"","ast-banner-title-visibility":"","ast-main-header-display":"","ast-hfb-above-header-display":"","ast-hfb-below-header-display":"","ast-hfb-mobile-header-display":"","site-post-title":"","ast-breadcrumbs-content":"","ast-featured-img":"","footer-sml-layout":"","theme-transparent-header-meta":"","adv-header-id-meta":"","stick-header-meta":"","header-above-stick-meta":"","header-main-stick-meta":"","header-below-stick-meta":"","astra-migrate-meta-layouts":"set","ast-page-background-enabled":"default","ast-page-background-meta":{"desktop":{"background-color":"var(--ast-global-color-4)","background-image":"","background-repeat":"repeat","background-position":"center center","background-size":"auto","background-attachment":"scroll","background-type":"","background-media":"","overlay-type":"","overlay-color":"","overlay-opacity":"","overlay-gradient":""},"tablet":{"background-color":"","background-image":"","background-repeat":"repeat","background-position":"center center","background-size":"auto","background-attachment":"scroll","background-type":"","background-media":"","overlay-type":"","overlay-color":"","overlay-opacity":"","overlay-gradient":""},"mobile":{"background-color":"","background-image":"","background-repeat":"repeat","background-position":"center center","background-size":"auto","background-attachment":"scroll","background-type":"","background-media":"","overlay-type":"","overlay-color":"","overlay-opacity":"","overlay-gradient":""}},"ast-content-background-meta":{"desktop":{"background-color":"var(--ast-global-color-5)","background-image":"","background-repeat":"repeat","background-position":"center center","background-size":"auto","background-attachment":"scroll","background-type":"","background-media":"","overlay-type":"","overlay-color":"","overlay-opacity":"","overlay-gradient":""},"tablet":{"background-color":"var(--ast-global-color-5)","background-image":"","background-repeat":"repeat","background-position":"center center","background-size":"auto","background-attachment":"scroll","background-type":"","background-media":"","overlay-type":"","overlay-color":"","overlay-opacity":"","overlay-gradient":""},"mobile":{"background-color":"var(--ast-global-color-5)","background-image":"","background-repeat":"repeat","background-position":"center center","background-size":"auto","background-attachment":"scroll","background-type":"","background-media":"","overlay-type":"","overlay-color":"","overlay-opacity":"","overlay-gradient":""}},"footnotes":""},"class_list":["post-8362","page","type-page","status-publish","hentry"],"post_mailing_queue_ids":[],"_links":{"self":[{"href":"https:\/\/agora.xtec.cat\/ceip-elsagrer\/wp-json\/wp\/v2\/pages\/8362","targetHints":{"allow":["GET"]}}],"collection":[{"href":"https:\/\/agora.xtec.cat\/ceip-elsagrer\/wp-json\/wp\/v2\/pages"}],"about":[{"href":"https:\/\/agora.xtec.cat\/ceip-elsagrer\/wp-json\/wp\/v2\/types\/page"}],"author":[{"embeddable":true,"href":"https:\/\/agora.xtec.cat\/ceip-elsagrer\/wp-json\/wp\/v2\/users\/17"}],"replies":[{"embeddable":true,"href":"https:\/\/agora.xtec.cat\/ceip-elsagrer\/wp-json\/wp\/v2\/comments?post=8362"}],"version-history":[{"count":2,"href":"https:\/\/agora.xtec.cat\/ceip-elsagrer\/wp-json\/wp\/v2\/pages\/8362\/revisions"}],"predecessor-version":[{"id":8364,"href":"https:\/\/agora.xtec.cat\/ceip-elsagrer\/wp-json\/wp\/v2\/pages\/8362\/revisions\/8364"}],"up":[{"embeddable":true,"href":"https:\/\/agora.xtec.cat\/ceip-elsagrer\/wp-json\/wp\/v2\/pages\/8356"}],"wp:attachment":[{"href":"https:\/\/agora.xtec.cat\/ceip-elsagrer\/wp-json\/wp\/v2\/media?parent=8362"}],"curies":[{"name":"wp","href":"https:\/\/api.w.org\/{rel}","templated":true}]}}