{"id":8356,"date":"2025-10-26T15:32:17","date_gmt":"2025-10-26T14:32:17","guid":{"rendered":"https:\/\/agora.xtec.cat\/ceip-elsagrer\/?page_id=8356"},"modified":"2025-10-30T23:00:17","modified_gmt":"2025-10-30T22:00:17","slug":"comissio-dextraescolars","status":"publish","type":"page","link":"https:\/\/agora.xtec.cat\/ceip-elsagrer\/portada-afa\/comissio-dextraescolars\/","title":{"rendered":"Comissi\u00f3 d&#8217;Extraescolars"},"content":{"rendered":"\n<figure class=\"wp-block-image aligncenter\"><img loading=\"lazy\" decoding=\"async\" width=\"851\" height=\"223\" src=\"https:\/\/agora.xtec.cat\/ceip-elsagrer\/wp-content\/uploads\/usu2270\/2025\/10\/Comissio-dEsports-Activitats-Extraescolars-i-de-Socis.png\" alt=\"\" class=\"wp-image-8357\" srcset=\"https:\/\/agora.xtec.cat\/ceip-elsagrer\/wp-content\/uploads\/usu2270\/2025\/10\/Comissio-dEsports-Activitats-Extraescolars-i-de-Socis.png 851w, https:\/\/agora.xtec.cat\/ceip-elsagrer\/wp-content\/uploads\/usu2270\/2025\/10\/Comissio-dEsports-Activitats-Extraescolars-i-de-Socis-300x79.png 300w, https:\/\/agora.xtec.cat\/ceip-elsagrer\/wp-content\/uploads\/usu2270\/2025\/10\/Comissio-dEsports-Activitats-Extraescolars-i-de-Socis-768x201.png 768w\" sizes=\"auto, (max-width: 851px) 100vw, 851px\" \/><\/figure>\n\n\n\n<p>La comissi\u00f3 organitza i coordina la pr\u00e0ctica esportiva i de les activitats que cada any<br>es puguin programar dels infants en l\u2019horari no lectiu amb la finalitat de:<\/p>\n\n\n\n<ul class=\"wp-block-list\">\n<li>Fomentar la motivaci\u00f3 dels infants en la pr\u00e0ctica de l\u2019esport i de les diferents activitats f\u00edsiques.<\/li>\n\n\n\n<li>Millorar la relaci\u00f3 entre companys.<\/li>\n\n\n\n<li>Incidir en l\u2019esperit de l\u2019esfor\u00e7 i la superaci\u00f3.<\/li>\n\n\n\n<li>Crear uns bons h\u00e0bits de conducta i disciplina.<\/li>\n\n\n\n<li>Con\u00e8ixer diferents pr\u00e0ctiques d\u2019activitats f\u00edsiques i esportives.<\/li>\n\n\n\n<li>Aprendre a acceptar-se a si mateix i als companys.<\/li>\n<\/ul>\n\n\n\n        <div class=\"wp-block-getwid-post-slider custom-post-type-post has-arrows-inside has-dots-inside\">\n            <div data-slider-option=\"{&quot;getwid_fade_effect&quot;:&quot;slide&quot;,&quot;getwid_autoplay&quot;:false,&quot;getwid_pause_on_hover&quot;:false,&quot;getwid_autoplay_speed&quot;:6000,&quot;getwid_infinite&quot;:true,&quot;getwid_animation_speed&quot;:800,&quot;getwid_arrows&quot;:&quot;inside&quot;,&quot;getwid_dots&quot;:&quot;inside&quot;}\" class=\"wp-block-getwid-post-slider__content\">\n                \t\t\t\t\t\t\t<div class=\"wp-block-getwid-post-slider__slide\" style=\"\">\n\t\t\t\t\t\t\t\t\n<div class=\"wp-block-getwid-post-slider__post \">\n            <div class=\"wp-block-getwid-post-slider__post-thumbnail\">\n            <img loading=\"lazy\" decoding=\"async\" width=\"676\" height=\"178\" src=\"https:\/\/agora.xtec.cat\/ceip-elsagrer\/wp-content\/uploads\/usu2270\/2026\/04\/Torneig2026.jpg\" class=\"attachment-post-thumbnail size-post-thumbnail wp-post-image\" alt=\"\" srcset=\"https:\/\/agora.xtec.cat\/ceip-elsagrer\/wp-content\/uploads\/usu2270\/2026\/04\/Torneig2026.jpg 676w, https:\/\/agora.xtec.cat\/ceip-elsagrer\/wp-content\/uploads\/usu2270\/2026\/04\/Torneig2026-300x79.jpg 300w\" sizes=\"auto, (max-width: 676px) 100vw, 676px\" \/>        <\/div>\n        <div class=\"wp-block-getwid-post-slider__post-overlay \"><\/div>\n    <div class=\"wp-block-getwid-post-slider__post-content-wrapper\">\n        <h3 class=\"wp-block-getwid-post-slider__post-title\"><a href=\"https:\/\/agora.xtec.cat\/ceip-elsagrer\/general\/torneig-mixt-de-futbol-el-sagrer-2026\/\">Torneig mixt de f\u00fatbol El Sagrer 2026<\/a><\/h3>        <div class=\"wp-block-getwid-post-slider__post-excerpt\"><p>Benvolgudes fam\u00edlies, Ens plau anunciar-vos que aquest any torna el VI Torneig Mixt de Futbol El Sagrer. \u26bd\ud83e\udd73 \ud83d\udcc6 Quan? El dissabte 9 de maig, entre les 9h i les 19h (aprox).\ud83e\udd37\ud83c\udffb\u200d\u2640 Qui pot participar? Fam\u00edlies, monitors i mestres majors de 18 anys.\ud83e\udd37\ud83c\udffb\u200d\u2642 Qu\u00e8 haig de fer per participar? Inscriure&#8217;s a trav\u00e9s del formulari abans [&hellip;]<\/p>\n<\/div>\n    <\/div>\n<\/div>\n\t\t\t\t\t\t\t<\/div>\n\t\t\t\t\t\t\t\t\t\t\t\t\t<div class=\"wp-block-getwid-post-slider__slide\" style=\"\">\n\t\t\t\t\t\t\t\t\n<div class=\"wp-block-getwid-post-slider__post \">\n            <div class=\"wp-block-getwid-post-slider__post-thumbnail\">\n            <img loading=\"lazy\" decoding=\"async\" width=\"1536\" height=\"1024\" src=\"https:\/\/agora.xtec.cat\/ceip-elsagrer\/wp-content\/uploads\/usu2270\/2026\/04\/Extraescolarkids.png\" class=\"attachment-post-thumbnail size-post-thumbnail wp-post-image\" alt=\"\" srcset=\"https:\/\/agora.xtec.cat\/ceip-elsagrer\/wp-content\/uploads\/usu2270\/2026\/04\/Extraescolarkids.png 1536w, https:\/\/agora.xtec.cat\/ceip-elsagrer\/wp-content\/uploads\/usu2270\/2026\/04\/Extraescolarkids-300x200.png 300w, https:\/\/agora.xtec.cat\/ceip-elsagrer\/wp-content\/uploads\/usu2270\/2026\/04\/Extraescolarkids-1024x683.png 1024w, https:\/\/agora.xtec.cat\/ceip-elsagrer\/wp-content\/uploads\/usu2270\/2026\/04\/Extraescolarkids-768x512.png 768w\" sizes=\"auto, (max-width: 1536px) 100vw, 1536px\" \/>        <\/div>\n        <div class=\"wp-block-getwid-post-slider__post-overlay \"><\/div>\n    <div class=\"wp-block-getwid-post-slider__post-content-wrapper\">\n        <h3 class=\"wp-block-getwid-post-slider__post-title\"><a href=\"https:\/\/agora.xtec.cat\/ceip-elsagrer\/general\/portes-obertes-extraescolars-2025-26\/\">Portes obertes extraescolars  2025-26<\/a><\/h3>        <div class=\"wp-block-getwid-post-slider__post-excerpt\"><p>Hola, fam\u00edlies! Durant el mes d&#8217;abril obrim les portes de les activitats extraescolars perqu\u00e8 les fam\u00edlies pugueu veure en directe com es desenvolupen. \u00c9s una oportunitat per con\u00e8ixer els espais, l\u2019equip i el que fan els infants en cada activitat. Qu\u00e8 \u00e9s el calendari de Portes Obertes?&nbsp; Us indiquem quins dies podreu venir a veure [&hellip;]<\/p>\n<\/div>\n    <\/div>\n<\/div>\n\t\t\t\t\t\t\t<\/div>\n\t\t\t\t\t\t\t\t\t\t\t\t\t<div class=\"wp-block-getwid-post-slider__slide\" style=\"\">\n\t\t\t\t\t\t\t\t\n<div class=\"wp-block-getwid-post-slider__post \">\n            <div class=\"wp-block-getwid-post-slider__post-thumbnail\">\n            <img loading=\"lazy\" decoding=\"async\" width=\"1536\" height=\"1024\" src=\"https:\/\/agora.xtec.cat\/ceip-elsagrer\/wp-content\/uploads\/usu2270\/2026\/03\/Designer.png\" class=\"attachment-post-thumbnail size-post-thumbnail wp-post-image\" alt=\"\" srcset=\"https:\/\/agora.xtec.cat\/ceip-elsagrer\/wp-content\/uploads\/usu2270\/2026\/03\/Designer.png 1536w, https:\/\/agora.xtec.cat\/ceip-elsagrer\/wp-content\/uploads\/usu2270\/2026\/03\/Designer-300x200.png 300w, https:\/\/agora.xtec.cat\/ceip-elsagrer\/wp-content\/uploads\/usu2270\/2026\/03\/Designer-1024x683.png 1024w, https:\/\/agora.xtec.cat\/ceip-elsagrer\/wp-content\/uploads\/usu2270\/2026\/03\/Designer-768x512.png 768w\" sizes=\"auto, (max-width: 1536px) 100vw, 1536px\" \/>        <\/div>\n        <div class=\"wp-block-getwid-post-slider__post-overlay \"><\/div>\n    <div class=\"wp-block-getwid-post-slider__post-content-wrapper\">\n        <h3 class=\"wp-block-getwid-post-slider__post-title\"><a href=\"https:\/\/agora.xtec.cat\/ceip-elsagrer\/general\/3r-trimestre-dactivitats-per-a-families\/\">3r trimestre d&#8217;activitats per a fam\u00edlies!<\/a><\/h3>        <div class=\"wp-block-getwid-post-slider__post-excerpt\"><p>\u00a0\u2600\ufe0f Recta final amb energia: Inscriu-te al 3r trimestre d&#8217;activitats per a fam\u00edlies! Arriba el bon temps i amb ell l&#8217;\u00faltim tram del curs escolar. Vols aprofitar les setmanes que queden per posar-te en forma i gaudir de la comunitat de l&#8217;escola? Obrim les inscripcions del tercer trimestre per a tots aquells pares i mares [&hellip;]<\/p>\n<\/div>\n    <\/div>\n<\/div>\n\t\t\t\t\t\t\t<\/div>\n\t\t\t\t\t\t\t\t\t\t\t\t\t<div class=\"wp-block-getwid-post-slider__slide\" style=\"\">\n\t\t\t\t\t\t\t\t\n<div class=\"wp-block-getwid-post-slider__post \">\n        <div class=\"wp-block-getwid-post-slider__post-overlay \"><\/div>\n    <div class=\"wp-block-getwid-post-slider__post-content-wrapper\">\n        <h3 class=\"wp-block-getwid-post-slider__post-title\"><a href=\"https:\/\/agora.xtec.cat\/ceip-elsagrer\/general\/resolucions-provisionals-de-beques-casal-i-extraescolars\/\">Resolucions Provisionals de beques casal i extraescolars<\/a><\/h3>        <div class=\"wp-block-getwid-post-slider__post-excerpt\"><p>Benvolgudes fam\u00edlies, Us informem que ja es pot consultar el resultat provisional de la sol\u00b7licitud de l\u2019ajut econ\u00f2mic per a activitats d\u2019estiu i extraescolars a l\u2019 Oficina Virtual de Tr\u00e0mits . Trobareu la informaci\u00f3 dins l\u2019apartat \u201cEl meu espai\u201d (situat al marge superior dret de la pantalla). Properament, tamb\u00e9 rebreu un SMS informatiu amb la [&hellip;]<\/p>\n<\/div>\n    <\/div>\n<\/div>\n\t\t\t\t\t\t\t<\/div>\n\t\t\t\t\t\t\t\t\t\t\t\t\t<div class=\"wp-block-getwid-post-slider__slide\" style=\"\">\n\t\t\t\t\t\t\t\t\n<div class=\"wp-block-getwid-post-slider__post \">\n            <div class=\"wp-block-getwid-post-slider__post-thumbnail\">\n            <img loading=\"lazy\" decoding=\"async\" width=\"346\" height=\"336\" src=\"https:\/\/agora.xtec.cat\/ceip-elsagrer\/wp-content\/uploads\/usu2270\/2026\/01\/adjut-economic3.jpg\" class=\"attachment-post-thumbnail size-post-thumbnail wp-post-image\" alt=\"\" srcset=\"https:\/\/agora.xtec.cat\/ceip-elsagrer\/wp-content\/uploads\/usu2270\/2026\/01\/adjut-economic3.jpg 346w, https:\/\/agora.xtec.cat\/ceip-elsagrer\/wp-content\/uploads\/usu2270\/2026\/01\/adjut-economic3-300x291.jpg 300w\" sizes=\"auto, (max-width: 346px) 100vw, 346px\" \/>        <\/div>\n        <div class=\"wp-block-getwid-post-slider__post-overlay \"><\/div>\n    <div class=\"wp-block-getwid-post-slider__post-content-wrapper\">\n        <h3 class=\"wp-block-getwid-post-slider__post-title\"><a href=\"https:\/\/agora.xtec.cat\/ceip-elsagrer\/general\/infomacio-aplicatiu-beques\/\">Informaci\u00f3 aplicatiu beques<\/a><\/h3>        <div class=\"wp-block-getwid-post-slider__post-excerpt\"><p>Bon dia!&nbsp; El 15 de gener s&#8217;ha obert el tr\u00e0mit d&#8217;ajut unificat, aquest ajut dona posterior acc\u00e9s als ajuts de la campanya d&#8217;estiu (casals i campus d&#8217;estiu) i a les activitats extraescolars i tardes educatives (del curs 2026\/27).Es podr\u00e0 sol\u00b7licitar fins el dia 11 de febrer. Aquest \u00e9s l&#8217;enlla\u00e7 per a sol\u00b7licitar l&#8217;ajut:https:\/\/seuelectronica.ajuntament.barcelona.cat\/oficinavirtual\/ca\/tramit\/20250001734 Podeu fer-ho [&hellip;]<\/p>\n<\/div>\n    <\/div>\n<\/div>\n\t\t\t\t\t\t\t<\/div>\n\t\t\t\t\t\t            <\/div>\n        <\/div>\n        ","protected":false},"excerpt":{"rendered":"<p>La comissi\u00f3 organitza i coordina la pr\u00e0ctica esportiva i de les activitats que cada anyes puguin programar dels infants en l\u2019horari no lectiu amb la finalitat de:<\/p>\n","protected":false},"author":17,"featured_media":0,"parent":8252,"menu_order":4,"comment_status":"closed","ping_status":"close","template":"","meta":{"_bbp_topic_count":0,"_bbp_reply_count":0,"_bbp_total_topic_count":0,"_bbp_total_reply_count":0,"_bbp_voice_count":0,"_bbp_anonymous_reply_count":0,"_bbp_topic_count_hidden":0,"_bbp_reply_count_hidden":0,"_bbp_forum_subforum_count":0,"site-sidebar-layout":"default","site-content-layout":"","ast-site-content-layout":"default","site-content-style":"default","site-sidebar-style":"default","ast-global-header-display":"","ast-banner-title-visibility":"","ast-main-header-display":"","ast-hfb-above-header-display":"","ast-hfb-below-header-display":"","ast-hfb-mobile-header-display":"","site-post-title":"","ast-breadcrumbs-content":"","ast-featured-img":"","footer-sml-layout":"","theme-transparent-header-meta":"","adv-header-id-meta":"","stick-header-meta":"","header-above-stick-meta":"","header-main-stick-meta":"","header-below-stick-meta":"","astra-migrate-meta-layouts":"set","ast-page-background-enabled":"default","ast-page-background-meta":{"desktop":{"background-color":"var(--ast-global-color-4)","background-image":"","background-repeat":"repeat","background-position":"center center","background-size":"auto","background-attachment":"scroll","background-type":"","background-media":"","overlay-type":"","overlay-color":"","overlay-opacity":"","overlay-gradient":""},"tablet":{"background-color":"","background-image":"","background-repeat":"repeat","background-position":"center center","background-size":"auto","background-attachment":"scroll","background-type":"","background-media":"","overlay-type":"","overlay-color":"","overlay-opacity":"","overlay-gradient":""},"mobile":{"background-color":"","background-image":"","background-repeat":"repeat","background-position":"center center","background-size":"auto","background-attachment":"scroll","background-type":"","background-media":"","overlay-type":"","overlay-color":"","overlay-opacity":"","overlay-gradient":""}},"ast-content-background-meta":{"desktop":{"background-color":"var(--ast-global-color-5)","background-image":"","background-repeat":"repeat","background-position":"center center","background-size":"auto","background-attachment":"scroll","background-type":"","background-media":"","overlay-type":"","overlay-color":"","overlay-opacity":"","overlay-gradient":""},"tablet":{"background-color":"var(--ast-global-color-5)","background-image":"","background-repeat":"repeat","background-position":"center center","background-size":"auto","background-attachment":"scroll","background-type":"","background-media":"","overlay-type":"","overlay-color":"","overlay-opacity":"","overlay-gradient":""},"mobile":{"background-color":"var(--ast-global-color-5)","background-image":"","background-repeat":"repeat","background-position":"center center","background-size":"auto","background-attachment":"scroll","background-type":"","background-media":"","overlay-type":"","overlay-color":"","overlay-opacity":"","overlay-gradient":""}},"footnotes":""},"class_list":["post-8356","page","type-page","status-publish","hentry"],"post_mailing_queue_ids":[],"_links":{"self":[{"href":"https:\/\/agora.xtec.cat\/ceip-elsagrer\/wp-json\/wp\/v2\/pages\/8356","targetHints":{"allow":["GET"]}}],"collection":[{"href":"https:\/\/agora.xtec.cat\/ceip-elsagrer\/wp-json\/wp\/v2\/pages"}],"about":[{"href":"https:\/\/agora.xtec.cat\/ceip-elsagrer\/wp-json\/wp\/v2\/types\/page"}],"author":[{"embeddable":true,"href":"https:\/\/agora.xtec.cat\/ceip-elsagrer\/wp-json\/wp\/v2\/users\/17"}],"replies":[{"embeddable":true,"href":"https:\/\/agora.xtec.cat\/ceip-elsagrer\/wp-json\/wp\/v2\/comments?post=8356"}],"version-history":[{"count":2,"href":"https:\/\/agora.xtec.cat\/ceip-elsagrer\/wp-json\/wp\/v2\/pages\/8356\/revisions"}],"predecessor-version":[{"id":8361,"href":"https:\/\/agora.xtec.cat\/ceip-elsagrer\/wp-json\/wp\/v2\/pages\/8356\/revisions\/8361"}],"up":[{"embeddable":true,"href":"https:\/\/agora.xtec.cat\/ceip-elsagrer\/wp-json\/wp\/v2\/pages\/8252"}],"wp:attachment":[{"href":"https:\/\/agora.xtec.cat\/ceip-elsagrer\/wp-json\/wp\/v2\/media?parent=8356"}],"curies":[{"name":"wp","href":"https:\/\/api.w.org\/{rel}","templated":true}]}}