{"id":8341,"date":"2025-10-26T10:39:09","date_gmt":"2025-10-26T09:39:09","guid":{"rendered":"https:\/\/agora.xtec.cat\/ceip-elsagrer\/?page_id=8341"},"modified":"2025-10-30T23:00:33","modified_gmt":"2025-10-30T22:00:33","slug":"comissio-espai-migdia","status":"publish","type":"page","link":"https:\/\/agora.xtec.cat\/ceip-elsagrer\/portada-afa\/comissio-espai-migdia\/","title":{"rendered":"Comissi\u00f3 Espai Migdia"},"content":{"rendered":"\n<figure class=\"wp-block-image aligncenter\"><img loading=\"lazy\" decoding=\"async\" width=\"851\" height=\"223\" src=\"https:\/\/agora.xtec.cat\/ceip-elsagrer\/wp-content\/uploads\/usu2270\/2025\/10\/Comissio-dEspai-Migdia.png\" alt=\"\" class=\"wp-image-8343\" srcset=\"https:\/\/agora.xtec.cat\/ceip-elsagrer\/wp-content\/uploads\/usu2270\/2025\/10\/Comissio-dEspai-Migdia.png 851w, https:\/\/agora.xtec.cat\/ceip-elsagrer\/wp-content\/uploads\/usu2270\/2025\/10\/Comissio-dEspai-Migdia-300x79.png 300w, https:\/\/agora.xtec.cat\/ceip-elsagrer\/wp-content\/uploads\/usu2270\/2025\/10\/Comissio-dEspai-Migdia-768x201.png 768w\" sizes=\"auto, (max-width: 851px) 100vw, 851px\" \/><\/figure>\n\n\n\n<p>La comissi\u00f3 s\u2019ocupa de vetllar pel bon funcionament dels serveis i les activitats que s\u2019ofereixen a l\u2019alumnat de l\u2019escola El Sagrer en la franja hor\u00e0ria del migdia. La comissi\u00f3 enfoca el treball en dos vessants: cuina (personal i instal\u00b7lacions) i menjador (instal\u00b7lacions i monitoratge), amb la coordinaci\u00f3 d\u2019aquests serveis d\u2019acord el Projecte Educatiu de l\u2019escola El Sagrer per tal d\u2019assegurar els canals de comunicaci\u00f3 entre mestres, personal i fam\u00edlies.<\/p>\n\n\n\n        <div class=\"wp-block-getwid-post-slider custom-post-type-post has-arrows-inside has-dots-inside\">\n            <div data-slider-option=\"{&quot;getwid_fade_effect&quot;:&quot;slide&quot;,&quot;getwid_autoplay&quot;:false,&quot;getwid_pause_on_hover&quot;:false,&quot;getwid_autoplay_speed&quot;:6000,&quot;getwid_infinite&quot;:true,&quot;getwid_animation_speed&quot;:800,&quot;getwid_arrows&quot;:&quot;inside&quot;,&quot;getwid_dots&quot;:&quot;inside&quot;}\" class=\"wp-block-getwid-post-slider__content\">\n                \t\t\t\t\t\t\t<div class=\"wp-block-getwid-post-slider__slide\" style=\"\">\n\t\t\t\t\t\t\t\t\n<div class=\"wp-block-getwid-post-slider__post \">\n            <div class=\"wp-block-getwid-post-slider__post-thumbnail\">\n            <img loading=\"lazy\" decoding=\"async\" width=\"500\" height=\"220\" src=\"https:\/\/agora.xtec.cat\/ceip-elsagrer\/wp-content\/uploads\/usu2270\/2025\/01\/menu-1.jpg\" class=\"attachment-post-thumbnail size-post-thumbnail wp-post-image\" alt=\"\" srcset=\"https:\/\/agora.xtec.cat\/ceip-elsagrer\/wp-content\/uploads\/usu2270\/2025\/01\/menu-1.jpg 500w, https:\/\/agora.xtec.cat\/ceip-elsagrer\/wp-content\/uploads\/usu2270\/2025\/01\/menu-1-300x132.jpg 300w\" sizes=\"auto, (max-width: 500px) 100vw, 500px\" \/>        <\/div>\n        <div class=\"wp-block-getwid-post-slider__post-overlay \"><\/div>\n    <div class=\"wp-block-getwid-post-slider__post-content-wrapper\">\n        <h3 class=\"wp-block-getwid-post-slider__post-title\"><a href=\"https:\/\/agora.xtec.cat\/ceip-elsagrer\/general\/menu-3r-trimestre-25-26\/\">Menu 3r trimestre  25-26<\/a><\/h3>        <div class=\"wp-block-getwid-post-slider__post-excerpt\"><p>Benvolgudes fam\u00edlies, Aqu\u00ed trobareu el men\u00fa corresponent al tercer trimestre * De manera temporal el l\u00e0ctic especificat al men\u00fa no es pot realitzar. Esperem que un cop solucionat un problema t\u00e8cnic podrem tornar a servir iogurt un cop a la setmana com est\u00e0 previst al men\u00fa. Disculpeu les mol\u00e8sties<\/p>\n<\/div>\n    <\/div>\n<\/div>\n\t\t\t\t\t\t\t<\/div>\n\t\t\t\t\t\t\t\t\t\t\t\t\t<div class=\"wp-block-getwid-post-slider__slide\" style=\"\">\n\t\t\t\t\t\t\t\t\n<div class=\"wp-block-getwid-post-slider__post \">\n            <div class=\"wp-block-getwid-post-slider__post-thumbnail\">\n            <img loading=\"lazy\" decoding=\"async\" width=\"500\" height=\"220\" src=\"https:\/\/agora.xtec.cat\/ceip-elsagrer\/wp-content\/uploads\/usu2270\/2025\/01\/menu-1.jpg\" class=\"attachment-post-thumbnail size-post-thumbnail wp-post-image\" alt=\"\" srcset=\"https:\/\/agora.xtec.cat\/ceip-elsagrer\/wp-content\/uploads\/usu2270\/2025\/01\/menu-1.jpg 500w, https:\/\/agora.xtec.cat\/ceip-elsagrer\/wp-content\/uploads\/usu2270\/2025\/01\/menu-1-300x132.jpg 300w\" sizes=\"auto, (max-width: 500px) 100vw, 500px\" \/>        <\/div>\n        <div class=\"wp-block-getwid-post-slider__post-overlay \"><\/div>\n    <div class=\"wp-block-getwid-post-slider__post-content-wrapper\">\n        <h3 class=\"wp-block-getwid-post-slider__post-title\"><a href=\"https:\/\/agora.xtec.cat\/ceip-elsagrer\/general\/menu-abril-26\/\">Men\u00fa Abril 26<\/a><\/h3>        <div class=\"wp-block-getwid-post-slider__post-excerpt\"><p>Benvolgudes fam\u00edlies, Aqu\u00ed trobareu el men\u00fa corresponent al mesos de abril Tamb\u00e9 us podeu subscriure&#8217;s al Calendari de Menus: https:\/\/agora.xtec.cat\/ceip-elsagrer\/portada-afa\/comissio-espai-migdia\/subscriures-al-google-calendar-menus\/ Per acabar, us volem recordar com contactar amb nosaltres: Bones festes i feli\u00e7 any nou! Coordinadors de Cuina i Comissi\u00f3 Espai Migdia<\/p>\n<\/div>\n    <\/div>\n<\/div>\n\t\t\t\t\t\t\t<\/div>\n\t\t\t\t\t\t\t\t\t\t\t\t\t<div class=\"wp-block-getwid-post-slider__slide\" style=\"\">\n\t\t\t\t\t\t\t\t\n<div class=\"wp-block-getwid-post-slider__post \">\n            <div class=\"wp-block-getwid-post-slider__post-thumbnail\">\n            <img loading=\"lazy\" decoding=\"async\" width=\"500\" height=\"220\" src=\"https:\/\/agora.xtec.cat\/ceip-elsagrer\/wp-content\/uploads\/usu2270\/2025\/01\/menu-1.jpg\" class=\"attachment-post-thumbnail size-post-thumbnail wp-post-image\" alt=\"\" srcset=\"https:\/\/agora.xtec.cat\/ceip-elsagrer\/wp-content\/uploads\/usu2270\/2025\/01\/menu-1.jpg 500w, https:\/\/agora.xtec.cat\/ceip-elsagrer\/wp-content\/uploads\/usu2270\/2025\/01\/menu-1-300x132.jpg 300w\" sizes=\"auto, (max-width: 500px) 100vw, 500px\" \/>        <\/div>\n        <div class=\"wp-block-getwid-post-slider__post-overlay \"><\/div>\n    <div class=\"wp-block-getwid-post-slider__post-content-wrapper\">\n        <h3 class=\"wp-block-getwid-post-slider__post-title\"><a href=\"https:\/\/agora.xtec.cat\/ceip-elsagrer\/general\/menu-2n-trim-gener-febrer-marc-25-26\/\">Men\u00fa 2n trim gener &#8211; febrer -mar\u00e7 25-26<\/a><\/h3>        <div class=\"wp-block-getwid-post-slider__post-excerpt\"><p>Benvolgudes fam\u00edlies, Aqu\u00ed trobareu el men\u00fa corresponent als mesos de gener, febrer i mar\u00e7 Tamb\u00e9 us podeu subscriure&#8217;s al Calendari de Menus: https:\/\/agora.xtec.cat\/ceip-elsagrer\/portada-afa\/comissio-espai-migdia\/subscriures-al-google-calendar-menus\/ Per acabar, us volem recordar com contactar amb nosaltres: Bones festes i feli\u00e7 any nou! Coordinadors de Cuina i Comissi\u00f3 Espai Migdia<\/p>\n<\/div>\n    <\/div>\n<\/div>\n\t\t\t\t\t\t\t<\/div>\n\t\t\t\t\t\t\t\t\t\t\t\t\t<div class=\"wp-block-getwid-post-slider__slide\" style=\"\">\n\t\t\t\t\t\t\t\t\n<div class=\"wp-block-getwid-post-slider__post \">\n            <div class=\"wp-block-getwid-post-slider__post-thumbnail\">\n            <img loading=\"lazy\" decoding=\"async\" width=\"500\" height=\"220\" src=\"https:\/\/agora.xtec.cat\/ceip-elsagrer\/wp-content\/uploads\/usu2270\/2025\/01\/menu-1.jpg\" class=\"attachment-post-thumbnail size-post-thumbnail wp-post-image\" alt=\"\" srcset=\"https:\/\/agora.xtec.cat\/ceip-elsagrer\/wp-content\/uploads\/usu2270\/2025\/01\/menu-1.jpg 500w, https:\/\/agora.xtec.cat\/ceip-elsagrer\/wp-content\/uploads\/usu2270\/2025\/01\/menu-1-300x132.jpg 300w\" sizes=\"auto, (max-width: 500px) 100vw, 500px\" \/>        <\/div>\n        <div class=\"wp-block-getwid-post-slider__post-overlay \"><\/div>\n    <div class=\"wp-block-getwid-post-slider__post-content-wrapper\">\n        <h3 class=\"wp-block-getwid-post-slider__post-title\"><a href=\"https:\/\/agora.xtec.cat\/ceip-elsagrer\/general\/menu-1r-trim-novembre-desembre-25-26\/\">Men\u00fa 1r trim novembre-desembre 25-26<\/a><\/h3>        <div class=\"wp-block-getwid-post-slider__post-excerpt\"><p>Benvolgudes fam\u00edlies, Aqu\u00ed trobareu el men\u00fa corresponent als mesos de novembre i desembre. Per acabar, us volem recordar que des de la Comissi\u00f3 vetllem per tots els aspectes relacionats amb el servei d\u2019espai migdia i que som el vostre punt de contacte per resoldre dubtes o recollir suggeriments de millora. Si teniu qualsevol consulta o [&hellip;]<\/p>\n<\/div>\n    <\/div>\n<\/div>\n\t\t\t\t\t\t\t<\/div>\n\t\t\t\t\t\t\t\t\t\t\t\t\t<div class=\"wp-block-getwid-post-slider__slide\" style=\"\">\n\t\t\t\t\t\t\t\t\n<div class=\"wp-block-getwid-post-slider__post \">\n            <div class=\"wp-block-getwid-post-slider__post-thumbnail\">\n            <img loading=\"lazy\" decoding=\"async\" width=\"500\" height=\"220\" src=\"https:\/\/agora.xtec.cat\/ceip-elsagrer\/wp-content\/uploads\/usu2270\/2025\/01\/menu-1.jpg\" class=\"attachment-post-thumbnail size-post-thumbnail wp-post-image\" alt=\"\" srcset=\"https:\/\/agora.xtec.cat\/ceip-elsagrer\/wp-content\/uploads\/usu2270\/2025\/01\/menu-1.jpg 500w, https:\/\/agora.xtec.cat\/ceip-elsagrer\/wp-content\/uploads\/usu2270\/2025\/01\/menu-1-300x132.jpg 300w\" sizes=\"auto, (max-width: 500px) 100vw, 500px\" \/>        <\/div>\n        <div class=\"wp-block-getwid-post-slider__post-overlay \"><\/div>\n    <div class=\"wp-block-getwid-post-slider__post-content-wrapper\">\n        <h3 class=\"wp-block-getwid-post-slider__post-title\"><a href=\"https:\/\/agora.xtec.cat\/ceip-elsagrer\/general\/menu-1r-trim-setembre-octubre-25-26\/\">Men\u00fa 1r trim setembre &#8211; octubre 25-26<\/a><\/h3>        <div class=\"wp-block-getwid-post-slider__post-excerpt\"><p>Benvolgudes fam\u00edlies, Aqu\u00ed trobareu el men\u00fa corresponent als mesos de setembre i octubre. Per acabar, us volem recordar que des de la Comissi\u00f3 vetllem per tots els aspectes relacionats amb el servei d\u2019espai migdia i que som el vostre punt de contacte per resoldre dubtes o recollir suggeriments de millora. Si teniu qualsevol consulta o [&hellip;]<\/p>\n<\/div>\n    <\/div>\n<\/div>\n\t\t\t\t\t\t\t<\/div>\n\t\t\t\t\t\t            <\/div>\n        <\/div>\n        ","protected":false},"excerpt":{"rendered":"<p>La comissi\u00f3 s\u2019ocupa de vetllar pel bon funcionament dels serveis i les activitats que s\u2019ofereixen a l\u2019alumnat de l\u2019escola El Sagrer en la franja hor\u00e0ria del migdia. La comissi\u00f3 enfoca el treball en dos vessants: cuina (personal i instal\u00b7lacions) i menjador (instal\u00b7lacions i monitoratge), amb la coordinaci\u00f3 d\u2019aquests serveis d\u2019acord el Projecte Educatiu de l\u2019escola [&hellip;]<\/p>\n","protected":false},"author":17,"featured_media":0,"parent":8252,"menu_order":3,"comment_status":"closed","ping_status":"close","template":"","meta":{"_bbp_topic_count":0,"_bbp_reply_count":0,"_bbp_total_topic_count":0,"_bbp_total_reply_count":0,"_bbp_voice_count":0,"_bbp_anonymous_reply_count":0,"_bbp_topic_count_hidden":0,"_bbp_reply_count_hidden":0,"_bbp_forum_subforum_count":0,"site-sidebar-layout":"default","site-content-layout":"","ast-site-content-layout":"default","site-content-style":"default","site-sidebar-style":"default","ast-global-header-display":"","ast-banner-title-visibility":"","ast-main-header-display":"","ast-hfb-above-header-display":"","ast-hfb-below-header-display":"","ast-hfb-mobile-header-display":"","site-post-title":"","ast-breadcrumbs-content":"","ast-featured-img":"","footer-sml-layout":"","theme-transparent-header-meta":"","adv-header-id-meta":"","stick-header-meta":"","header-above-stick-meta":"","header-main-stick-meta":"","header-below-stick-meta":"","astra-migrate-meta-layouts":"set","ast-page-background-enabled":"default","ast-page-background-meta":{"desktop":{"background-color":"var(--ast-global-color-4)","background-image":"","background-repeat":"repeat","background-position":"center center","background-size":"auto","background-attachment":"scroll","background-type":"","background-media":"","overlay-type":"","overlay-color":"","overlay-opacity":"","overlay-gradient":""},"tablet":{"background-color":"","background-image":"","background-repeat":"repeat","background-position":"center center","background-size":"auto","background-attachment":"scroll","background-type":"","background-media":"","overlay-type":"","overlay-color":"","overlay-opacity":"","overlay-gradient":""},"mobile":{"background-color":"","background-image":"","background-repeat":"repeat","background-position":"center center","background-size":"auto","background-attachment":"scroll","background-type":"","background-media":"","overlay-type":"","overlay-color":"","overlay-opacity":"","overlay-gradient":""}},"ast-content-background-meta":{"desktop":{"background-color":"var(--ast-global-color-5)","background-image":"","background-repeat":"repeat","background-position":"center center","background-size":"auto","background-attachment":"scroll","background-type":"","background-media":"","overlay-type":"","overlay-color":"","overlay-opacity":"","overlay-gradient":""},"tablet":{"background-color":"var(--ast-global-color-5)","background-image":"","background-repeat":"repeat","background-position":"center center","background-size":"auto","background-attachment":"scroll","background-type":"","background-media":"","overlay-type":"","overlay-color":"","overlay-opacity":"","overlay-gradient":""},"mobile":{"background-color":"var(--ast-global-color-5)","background-image":"","background-repeat":"repeat","background-position":"center center","background-size":"auto","background-attachment":"scroll","background-type":"","background-media":"","overlay-type":"","overlay-color":"","overlay-opacity":"","overlay-gradient":""}},"footnotes":""},"class_list":["post-8341","page","type-page","status-publish","hentry"],"post_mailing_queue_ids":[],"_links":{"self":[{"href":"https:\/\/agora.xtec.cat\/ceip-elsagrer\/wp-json\/wp\/v2\/pages\/8341","targetHints":{"allow":["GET"]}}],"collection":[{"href":"https:\/\/agora.xtec.cat\/ceip-elsagrer\/wp-json\/wp\/v2\/pages"}],"about":[{"href":"https:\/\/agora.xtec.cat\/ceip-elsagrer\/wp-json\/wp\/v2\/types\/page"}],"author":[{"embeddable":true,"href":"https:\/\/agora.xtec.cat\/ceip-elsagrer\/wp-json\/wp\/v2\/users\/17"}],"replies":[{"embeddable":true,"href":"https:\/\/agora.xtec.cat\/ceip-elsagrer\/wp-json\/wp\/v2\/comments?post=8341"}],"version-history":[{"count":1,"href":"https:\/\/agora.xtec.cat\/ceip-elsagrer\/wp-json\/wp\/v2\/pages\/8341\/revisions"}],"predecessor-version":[{"id":8344,"href":"https:\/\/agora.xtec.cat\/ceip-elsagrer\/wp-json\/wp\/v2\/pages\/8341\/revisions\/8344"}],"up":[{"embeddable":true,"href":"https:\/\/agora.xtec.cat\/ceip-elsagrer\/wp-json\/wp\/v2\/pages\/8252"}],"wp:attachment":[{"href":"https:\/\/agora.xtec.cat\/ceip-elsagrer\/wp-json\/wp\/v2\/media?parent=8341"}],"curies":[{"name":"wp","href":"https:\/\/api.w.org\/{rel}","templated":true}]}}