{"id":567,"date":"2021-02-08T12:37:56","date_gmt":"2021-02-08T11:37:56","guid":{"rendered":"https:\/\/agora.xtec.cat\/ceip-elsagrer\/?page_id=567"},"modified":"2021-02-08T12:37:56","modified_gmt":"2021-02-08T11:37:56","slug":"installacions","status":"publish","type":"page","link":"https:\/\/agora.xtec.cat\/ceip-elsagrer\/installacions\/","title":{"rendered":"Instal\u00b7lacions"},"content":{"rendered":"<p>L\u2019escola disposa dels espais i dels equipaments adequats per garantir la qualitat de les activitats que hi fem.<\/p>\n<p>&nbsp;<\/p>\n<p>Aix\u00ed, doncs, comptem amb:<\/p>\n<p>\u25a0\u00a0Cuina pr\u00f2pia<\/p>\n<p>\u25a0\u00a0Menjador per als alumnes de prim\u00e0ria<\/p>\n<p>\u25a0\u00a0Menjador per als alumnes d&#8217;educaci\u00f3 infantil<\/p>\n<p>\u25a0\u00a0Pati de sorra: hort, sorral, pista de voleibol&#8230;<\/p>\n<p>\u25a0\u00a0Pista esportiva<\/p>\n<p>\u25a0\u00a02 patis coberts per a parvulari<\/p>\n<p>\u25a0\u00a0Gimn\u00e0s<\/p>\n<p>\u25a0\u00a0Aula de psicomotricitat<\/p>\n<p>\u25a0\u00a0Aula de m\u00fasica<\/p>\n<p>\u25a0\u00a0Aula de pl\u00e0stica<\/p>\n<p>\u25a0\u00a0Aula d&#8217;inform\u00e0tica<\/p>\n<p>\u25a0\u00a0Aula d&#8217;angl\u00e8s<\/p>\n<p>\u25a0\u00a0Aula de ci\u00e8ncia<\/p>\n<p>\u25a0\u00a0Biblioteca<\/p>\n<p>\u25a0\u00a0Teatre per a educaci\u00f3 infantil<\/p>\n<p>&nbsp;<\/p>\n<p><strong>Les aules disposen de pissarres digitals i projectors.<\/strong><\/p>\n<p><strong>L&#8217;escola \u00e9s accessible a les persones amb disminuci\u00f3 f\u00edsica.<\/strong><\/p>\n<p>&nbsp;<\/p>\n","protected":false},"excerpt":{"rendered":"<p>L\u2019escola disposa dels espais i dels equipaments adequats per garantir la qualitat de les activitats que hi fem. &nbsp; Aix\u00ed, doncs, comptem amb: \u25a0\u00a0Cuina pr\u00f2pia \u25a0\u00a0Menjador per als alumnes de prim\u00e0ria \u25a0\u00a0Menjador per als alumnes d&#8217;educaci\u00f3 infantil \u25a0\u00a0Pati de sorra: hort, sorral, pista de voleibol&#8230; \u25a0\u00a0Pista esportiva \u25a0\u00a02 patis coberts per a parvulari \u25a0\u00a0Gimn\u00e0s \u25a0\u00a0Aula [&hellip;]<\/p>\n","protected":false},"author":1,"featured_media":0,"parent":0,"menu_order":0,"comment_status":"closed","ping_status":"closed","template":"","meta":{"_bbp_topic_count":0,"_bbp_reply_count":0,"_bbp_total_topic_count":0,"_bbp_total_reply_count":0,"_bbp_voice_count":0,"_bbp_anonymous_reply_count":0,"_bbp_topic_count_hidden":0,"_bbp_reply_count_hidden":0,"_bbp_forum_subforum_count":0,"site-sidebar-layout":"default","site-content-layout":"","ast-site-content-layout":"","site-content-style":"default","site-sidebar-style":"default","ast-global-header-display":"","ast-banner-title-visibility":"","ast-main-header-display":"","ast-hfb-above-header-display":"","ast-hfb-below-header-display":"","ast-hfb-mobile-header-display":"","site-post-title":"","ast-breadcrumbs-content":"","ast-featured-img":"","footer-sml-layout":"","theme-transparent-header-meta":"","adv-header-id-meta":"","stick-header-meta":"","header-above-stick-meta":"","header-main-stick-meta":"","header-below-stick-meta":"","astra-migrate-meta-layouts":"default","ast-page-background-enabled":"default","ast-page-background-meta":{"desktop":{"background-color":"var(--ast-global-color-4)","background-image":"","background-repeat":"repeat","background-position":"center center","background-size":"auto","background-attachment":"scroll","background-type":"","background-media":"","overlay-type":"","overlay-color":"","overlay-opacity":"","overlay-gradient":""},"tablet":{"background-color":"","background-image":"","background-repeat":"repeat","background-position":"center center","background-size":"auto","background-attachment":"scroll","background-type":"","background-media":"","overlay-type":"","overlay-color":"","overlay-opacity":"","overlay-gradient":""},"mobile":{"background-color":"","background-image":"","background-repeat":"repeat","background-position":"center center","background-size":"auto","background-attachment":"scroll","background-type":"","background-media":"","overlay-type":"","overlay-color":"","overlay-opacity":"","overlay-gradient":""}},"ast-content-background-meta":{"desktop":{"background-color":"var(--ast-global-color-5)","background-image":"","background-repeat":"repeat","background-position":"center center","background-size":"auto","background-attachment":"scroll","background-type":"","background-media":"","overlay-type":"","overlay-color":"","overlay-opacity":"","overlay-gradient":""},"tablet":{"background-color":"var(--ast-global-color-5)","background-image":"","background-repeat":"repeat","background-position":"center center","background-size":"auto","background-attachment":"scroll","background-type":"","background-media":"","overlay-type":"","overlay-color":"","overlay-opacity":"","overlay-gradient":""},"mobile":{"background-color":"var(--ast-global-color-5)","background-image":"","background-repeat":"repeat","background-position":"center center","background-size":"auto","background-attachment":"scroll","background-type":"","background-media":"","overlay-type":"","overlay-color":"","overlay-opacity":"","overlay-gradient":""}},"footnotes":""},"class_list":["post-567","page","type-page","status-publish","hentry"],"post_mailing_queue_ids":[],"_links":{"self":[{"href":"https:\/\/agora.xtec.cat\/ceip-elsagrer\/wp-json\/wp\/v2\/pages\/567","targetHints":{"allow":["GET"]}}],"collection":[{"href":"https:\/\/agora.xtec.cat\/ceip-elsagrer\/wp-json\/wp\/v2\/pages"}],"about":[{"href":"https:\/\/agora.xtec.cat\/ceip-elsagrer\/wp-json\/wp\/v2\/types\/page"}],"author":[{"embeddable":true,"href":"https:\/\/agora.xtec.cat\/ceip-elsagrer\/wp-json\/wp\/v2\/users\/1"}],"replies":[{"embeddable":true,"href":"https:\/\/agora.xtec.cat\/ceip-elsagrer\/wp-json\/wp\/v2\/comments?post=567"}],"version-history":[{"count":1,"href":"https:\/\/agora.xtec.cat\/ceip-elsagrer\/wp-json\/wp\/v2\/pages\/567\/revisions"}],"predecessor-version":[{"id":568,"href":"https:\/\/agora.xtec.cat\/ceip-elsagrer\/wp-json\/wp\/v2\/pages\/567\/revisions\/568"}],"wp:attachment":[{"href":"https:\/\/agora.xtec.cat\/ceip-elsagrer\/wp-json\/wp\/v2\/media?parent=567"}],"curies":[{"name":"wp","href":"https:\/\/api.w.org\/{rel}","templated":true}]}}