{"id":526,"date":"2021-02-08T12:37:56","date_gmt":"2021-02-08T11:37:56","guid":{"rendered":"https:\/\/agora.xtec.cat\/ceip-elsagrer\/?page_id=526"},"modified":"2025-06-25T12:29:46","modified_gmt":"2025-06-25T10:29:46","slug":"english-blog","status":"publish","type":"page","link":"https:\/\/agora.xtec.cat\/ceip-elsagrer\/com-treballem\/english-blog\/","title":{"rendered":"English"},"content":{"rendered":"<p><span style=\"font-weight: 400;\">A l&#8217;escola treballem l&#8217;angl\u00e8s a partir de I5 i a tota la prim\u00e0ria. Ens enfoquem sobretot en la part oral fent activitats i jocs m\u00e9s l\u00fadics, tan manipulatius com amb la PDI, aprenent aix\u00ed vocabulari de diferents temes i estructures gramaticals b\u00e0siques. A partir de cicle mitj\u00e0 comencem a donar m\u00e9s import\u00e0ncia a la lectura i escriptura de la llengua.<\/span><\/p>\n<p><strong>Activitats complement\u00e0ries i de consolidaci\u00f3 i millora de la llengua anglesa:<\/strong><\/p>\n<p><span style=\"font-weight: 400;\">&#8211; Espais en llengua anglesa, un a cicle inicial i un altre a cicle mitj\u00e0 i dos a cicle superior.<\/span><\/p>\n<p><span style=\"font-weight: 400;\">&#8211; A <\/span><span style=\"font-weight: 400;\">sis\u00e8\u00a0 es fan peri\u00f2dicament sessions de conversa en grups redu\u00efts.<\/span><\/p>\n<p><span style=\"font-weight: 400;\">&#8211; A Cicle Mitj\u00e0 i Superior cada curs s\u2019assisteix a una representaci\u00f3 teatral en angl\u00e8s interpretat per actors i actrius nadius per potenciar la comprensi\u00f3 oral.<\/span><\/p>\n<p><span style=\"font-weight: 400;\">&#8211; Activitats<\/span><span style=\"font-weight: 400;\"> intercicle on els alumnes m\u00e9s grans actuen de models ling\u00fc\u00edstics als m\u00e9s petits.<\/span><\/p>\n","protected":false},"excerpt":{"rendered":"<p>A l&#8217;escola treballem l&#8217;angl\u00e8s a partir de I5 i a tota la prim\u00e0ria. Ens enfoquem sobretot en la part oral fent activitats i jocs m\u00e9s l\u00fadics, tan manipulatius com amb la PDI, aprenent aix\u00ed vocabulari de diferents temes i estructures gramaticals b\u00e0siques. A partir de cicle mitj\u00e0 comencem a donar m\u00e9s import\u00e0ncia a la lectura [&hellip;]<\/p>\n","protected":false},"author":1,"featured_media":0,"parent":503,"menu_order":0,"comment_status":"closed","ping_status":"closed","template":"","meta":{"_bbp_topic_count":0,"_bbp_reply_count":0,"_bbp_total_topic_count":0,"_bbp_total_reply_count":0,"_bbp_voice_count":0,"_bbp_anonymous_reply_count":0,"_bbp_topic_count_hidden":0,"_bbp_reply_count_hidden":0,"_bbp_forum_subforum_count":0,"site-sidebar-layout":"default","site-content-layout":"","ast-site-content-layout":"default","site-content-style":"default","site-sidebar-style":"default","ast-global-header-display":"","ast-banner-title-visibility":"","ast-main-header-display":"","ast-hfb-above-header-display":"","ast-hfb-below-header-display":"","ast-hfb-mobile-header-display":"","site-post-title":"","ast-breadcrumbs-content":"","ast-featured-img":"","footer-sml-layout":"","theme-transparent-header-meta":"","adv-header-id-meta":"","stick-header-meta":"","header-above-stick-meta":"","header-main-stick-meta":"","header-below-stick-meta":"","astra-migrate-meta-layouts":"set","ast-page-background-enabled":"default","ast-page-background-meta":{"desktop":{"background-color":"var(--ast-global-color-4)","background-image":"","background-repeat":"repeat","background-position":"center center","background-size":"auto","background-attachment":"scroll","background-type":"","background-media":"","overlay-type":"","overlay-color":"","overlay-opacity":"","overlay-gradient":""},"tablet":{"background-color":"","background-image":"","background-repeat":"repeat","background-position":"center center","background-size":"auto","background-attachment":"scroll","background-type":"","background-media":"","overlay-type":"","overlay-color":"","overlay-opacity":"","overlay-gradient":""},"mobile":{"background-color":"","background-image":"","background-repeat":"repeat","background-position":"center center","background-size":"auto","background-attachment":"scroll","background-type":"","background-media":"","overlay-type":"","overlay-color":"","overlay-opacity":"","overlay-gradient":""}},"ast-content-background-meta":{"desktop":{"background-color":"var(--ast-global-color-5)","background-image":"","background-repeat":"repeat","background-position":"center center","background-size":"auto","background-attachment":"scroll","background-type":"","background-media":"","overlay-type":"","overlay-color":"","overlay-opacity":"","overlay-gradient":""},"tablet":{"background-color":"var(--ast-global-color-5)","background-image":"","background-repeat":"repeat","background-position":"center center","background-size":"auto","background-attachment":"scroll","background-type":"","background-media":"","overlay-type":"","overlay-color":"","overlay-opacity":"","overlay-gradient":""},"mobile":{"background-color":"var(--ast-global-color-5)","background-image":"","background-repeat":"repeat","background-position":"center center","background-size":"auto","background-attachment":"scroll","background-type":"","background-media":"","overlay-type":"","overlay-color":"","overlay-opacity":"","overlay-gradient":""}},"footnotes":""},"class_list":["post-526","page","type-page","status-publish","hentry"],"post_mailing_queue_ids":[],"_links":{"self":[{"href":"https:\/\/agora.xtec.cat\/ceip-elsagrer\/wp-json\/wp\/v2\/pages\/526","targetHints":{"allow":["GET"]}}],"collection":[{"href":"https:\/\/agora.xtec.cat\/ceip-elsagrer\/wp-json\/wp\/v2\/pages"}],"about":[{"href":"https:\/\/agora.xtec.cat\/ceip-elsagrer\/wp-json\/wp\/v2\/types\/page"}],"author":[{"embeddable":true,"href":"https:\/\/agora.xtec.cat\/ceip-elsagrer\/wp-json\/wp\/v2\/users\/1"}],"replies":[{"embeddable":true,"href":"https:\/\/agora.xtec.cat\/ceip-elsagrer\/wp-json\/wp\/v2\/comments?post=526"}],"version-history":[{"count":6,"href":"https:\/\/agora.xtec.cat\/ceip-elsagrer\/wp-json\/wp\/v2\/pages\/526\/revisions"}],"predecessor-version":[{"id":8057,"href":"https:\/\/agora.xtec.cat\/ceip-elsagrer\/wp-json\/wp\/v2\/pages\/526\/revisions\/8057"}],"up":[{"embeddable":true,"href":"https:\/\/agora.xtec.cat\/ceip-elsagrer\/wp-json\/wp\/v2\/pages\/503"}],"wp:attachment":[{"href":"https:\/\/agora.xtec.cat\/ceip-elsagrer\/wp-json\/wp\/v2\/media?parent=526"}],"curies":[{"name":"wp","href":"https:\/\/api.w.org\/{rel}","templated":true}]}}