{"id":515,"date":"2021-02-08T12:37:56","date_gmt":"2021-02-08T11:37:56","guid":{"rendered":"https:\/\/agora.xtec.cat\/ceip-elsagrer\/?page_id=515"},"modified":"2025-06-25T09:51:54","modified_gmt":"2025-06-25T07:51:54","slug":"pares-i-mares-delegats","status":"publish","type":"page","link":"https:\/\/agora.xtec.cat\/ceip-elsagrer\/participacio\/pares-i-mares-delegats\/","title":{"rendered":"Fam\u00edlies delegades de classe"},"content":{"rendered":"<h2><\/h2>\n<p><span lang=\"ES\">Per portar a terme el tipus d&#8217;educaci\u00f3 que pretenem, considerem indispensables la cooperaci\u00f3 amb les fam\u00edlies i la seva participaci\u00f3. Tal com diu un proverbi afric\u00e0,\u00a0\u00abper educar un infant cal la tribu sencera\u00bb.<\/span><\/p>\n<p><span lang=\"ES\">\u25a0<\/span><span lang=\"ES\">\u00a0Cadasc\u00fa educa des del seu rol. L&#8217;escola honora l&#8217;educaci\u00f3 rebuda a casa i les fam\u00edlies respecten l&#8217;escola. El reconeixement, l&#8217;empatia i la confian\u00e7a s\u00f3n actituds pr\u00f2pies de la relaci\u00f3 fam\u00edlia-escola.<\/span><\/p>\n<p><span lang=\"ES\">\u25a0<\/span><span lang=\"ES\">\u00a0Les fam\u00edlies tenen les portes de l&#8217;escola obertes. A parvulari, cada dia les fam\u00edlies acompanyen i van a buscar el seu fill o filla a l&#8217;aula. \u00c9s una ocasi\u00f3 per dialogar amb el mestre, intercanviar impressions i anar teixint complicitats. A prim\u00e0ria aquest intercanvi es fa un cop per setmana, cada divendres a la tarda.<\/span><\/p>\n<p><span lang=\"ES\">\u25a0<\/span><span lang=\"ES\">\u00a0La porta de l&#8217;aula, els passadissos, els vest\u00edbuls&#8230; s\u00f3n llocs de trobada de les fam\u00edlies: hi emergeixen converses i es genera confian\u00e7a i coneixement mutu.<\/span><\/p>\n<p><span lang=\"ES\">\u25a0<\/span><span lang=\"ES\">\u00a0Es d\u00f3na tamb\u00e9 molta informaci\u00f3 visual a trav\u00e9s de fotografies, not\u00edcies i anuncis a les cartelleres, murals, exposicions de treballs, com tamb\u00e9 del Butllet\u00ed, els blocs de cada cicle, el web&#8230;<\/span><\/p>\n<p><span lang=\"ES\">\u25a0<\/span><span lang=\"ES\">\u00a0En les activitats d\u2019aprenentatge, les fam\u00edlies participen en els projectes de classe en tot all\u00f2 que se&#8217;ls demana.<\/span><\/p>\n<p><span lang=\"ES\">\u25a0<\/span><span lang=\"ES\">\u00a0Regularment, s&#8217;ofereixen xerrades o confer\u00e8ncies per tractar aspectes educatius que interessen a tota la comunitat, per, d&#8217;aquesta manera, anar creant un p\u00f2sit de cultura comuna.<\/span><\/p>\n<p><strong><span lang=\"ES\">\u00a0<\/span><\/strong><\/p>\n<p><span lang=\"ES\">\u00a0<strong>Assemblea de pares i mares delegats<\/strong><\/span><\/p>\n<p><span lang=\"ES\">\u00a0\u00c9s un \u00f2rgan de participaci\u00f3 i d&#8217;informaci\u00f3 de l\u2019escola cap a les fam\u00edlies i de les fam\u00edlies cap a l&#8217;escola. En formen part els delegats de cada classe. La directora de l\u2019escola en convoca una reuni\u00f3 de forma ordin\u00e0ria, com a m\u00ednim un cop per trimestre<\/span><\/p>\n<p>Els delegats de classe s\u00f3n els representants de les fam\u00edlies del grup-classe en l&#8217;assemblea de delegats i\u00a0s\u00f3n escollits en la reuni\u00f3 d&#8217;inici de curs que es fa per nivells.<\/p>\n<p>\u00c9s funci\u00f3 dels delegats:<\/p>\n<p>\u25a0\u00a0Dinamitzar la participaci\u00f3 dels pares en la vida escolar.\u00a0<span lang=\"ES\"><br \/>\n<\/span>\u25a0\u00a0Recollir \u00a0les inquietuds pedag\u00f2giques i de funcionament de les fam\u00edlies.\u00a0<span lang=\"ES\"><br \/>\n<\/span>\u25a0\u00a0Fer de transmissor d&#8217;informacions, avisos, consultes, propostes\u2026 entre el mestre tutor i les fam\u00edlies de la classe en assumptes d&#8217;inter\u00e8s general.<span lang=\"ES\"><br \/>\n<\/span>\u25a0\u00a0Facilitar la relaci\u00f3 de les fam\u00edlies entre elles organitzant activitats que la potenci\u00efn.<span lang=\"ES\"><br \/>\n<\/span>\u25a0\u00a0Animar la participaci\u00f3 dels pares en aquelles activitats col\u00b7lectives programades.<span lang=\"ES\"><br \/>\n<\/span>\u25a0\u00a0Col\u00b7laborar amb el tutor i l&#8217;escola en aquelles tasques que calgui la coordinaci\u00f3 dels pares de\u00a0 la classe.\u00a0<span lang=\"ES\"><br \/>\n<\/span>\u25a0\u00a0Convocar els pares del curs quan sigui convenient, despr\u00e9s de presentar l&#8217;ordre del dia previst a la direcci\u00f3.\u00a0<span lang=\"ES\"><br \/>\n<\/span>\u25a0\u00a0Poder ser convocats pel consell escolar, l\u2019equip directiu o l\u2019AMPA per col\u00b7laborar, ser informats i participar.\u00a0<span lang=\"ES\"><br \/>\n<\/span>\u25a0\u00a0Representar el grup-classe en l&#8217;assemblea de delegats.<span lang=\"ES\"><br \/>\n<\/span>\u25a0\u00a0Acollir i ajudar a les fam\u00edlies noves que s\u2019integren al grup classe.<\/p>\n","protected":false},"excerpt":{"rendered":"<p>Per portar a terme el tipus d&#8217;educaci\u00f3 que pretenem, considerem indispensables la cooperaci\u00f3 amb les fam\u00edlies i la seva participaci\u00f3. Tal com diu un proverbi afric\u00e0,\u00a0\u00abper educar un infant cal la tribu sencera\u00bb. \u25a0\u00a0Cadasc\u00fa educa des del seu rol. L&#8217;escola honora l&#8217;educaci\u00f3 rebuda a casa i les fam\u00edlies respecten l&#8217;escola. El reconeixement, l&#8217;empatia i la [&hellip;]<\/p>\n","protected":false},"author":1,"featured_media":0,"parent":511,"menu_order":0,"comment_status":"closed","ping_status":"closed","template":"","meta":{"_bbp_topic_count":0,"_bbp_reply_count":0,"_bbp_total_topic_count":0,"_bbp_total_reply_count":0,"_bbp_voice_count":0,"_bbp_anonymous_reply_count":0,"_bbp_topic_count_hidden":0,"_bbp_reply_count_hidden":0,"_bbp_forum_subforum_count":0,"site-sidebar-layout":"default","site-content-layout":"","ast-site-content-layout":"default","site-content-style":"default","site-sidebar-style":"default","ast-global-header-display":"","ast-banner-title-visibility":"","ast-main-header-display":"","ast-hfb-above-header-display":"","ast-hfb-below-header-display":"","ast-hfb-mobile-header-display":"","site-post-title":"","ast-breadcrumbs-content":"","ast-featured-img":"","footer-sml-layout":"","theme-transparent-header-meta":"","adv-header-id-meta":"","stick-header-meta":"","header-above-stick-meta":"","header-main-stick-meta":"","header-below-stick-meta":"","astra-migrate-meta-layouts":"set","ast-page-background-enabled":"default","ast-page-background-meta":{"desktop":{"background-color":"var(--ast-global-color-4)","background-image":"","background-repeat":"repeat","background-position":"center center","background-size":"auto","background-attachment":"scroll","background-type":"","background-media":"","overlay-type":"","overlay-color":"","overlay-opacity":"","overlay-gradient":""},"tablet":{"background-color":"","background-image":"","background-repeat":"repeat","background-position":"center center","background-size":"auto","background-attachment":"scroll","background-type":"","background-media":"","overlay-type":"","overlay-color":"","overlay-opacity":"","overlay-gradient":""},"mobile":{"background-color":"","background-image":"","background-repeat":"repeat","background-position":"center center","background-size":"auto","background-attachment":"scroll","background-type":"","background-media":"","overlay-type":"","overlay-color":"","overlay-opacity":"","overlay-gradient":""}},"ast-content-background-meta":{"desktop":{"background-color":"var(--ast-global-color-5)","background-image":"","background-repeat":"repeat","background-position":"center center","background-size":"auto","background-attachment":"scroll","background-type":"","background-media":"","overlay-type":"","overlay-color":"","overlay-opacity":"","overlay-gradient":""},"tablet":{"background-color":"var(--ast-global-color-5)","background-image":"","background-repeat":"repeat","background-position":"center center","background-size":"auto","background-attachment":"scroll","background-type":"","background-media":"","overlay-type":"","overlay-color":"","overlay-opacity":"","overlay-gradient":""},"mobile":{"background-color":"var(--ast-global-color-5)","background-image":"","background-repeat":"repeat","background-position":"center center","background-size":"auto","background-attachment":"scroll","background-type":"","background-media":"","overlay-type":"","overlay-color":"","overlay-opacity":"","overlay-gradient":""}},"footnotes":""},"class_list":["post-515","page","type-page","status-publish","hentry"],"post_mailing_queue_ids":[],"_links":{"self":[{"href":"https:\/\/agora.xtec.cat\/ceip-elsagrer\/wp-json\/wp\/v2\/pages\/515","targetHints":{"allow":["GET"]}}],"collection":[{"href":"https:\/\/agora.xtec.cat\/ceip-elsagrer\/wp-json\/wp\/v2\/pages"}],"about":[{"href":"https:\/\/agora.xtec.cat\/ceip-elsagrer\/wp-json\/wp\/v2\/types\/page"}],"author":[{"embeddable":true,"href":"https:\/\/agora.xtec.cat\/ceip-elsagrer\/wp-json\/wp\/v2\/users\/1"}],"replies":[{"embeddable":true,"href":"https:\/\/agora.xtec.cat\/ceip-elsagrer\/wp-json\/wp\/v2\/comments?post=515"}],"version-history":[{"count":5,"href":"https:\/\/agora.xtec.cat\/ceip-elsagrer\/wp-json\/wp\/v2\/pages\/515\/revisions"}],"predecessor-version":[{"id":8012,"href":"https:\/\/agora.xtec.cat\/ceip-elsagrer\/wp-json\/wp\/v2\/pages\/515\/revisions\/8012"}],"up":[{"embeddable":true,"href":"https:\/\/agora.xtec.cat\/ceip-elsagrer\/wp-json\/wp\/v2\/pages\/511"}],"wp:attachment":[{"href":"https:\/\/agora.xtec.cat\/ceip-elsagrer\/wp-json\/wp\/v2\/media?parent=515"}],"curies":[{"name":"wp","href":"https:\/\/api.w.org\/{rel}","templated":true}]}}