{"id":512,"date":"2021-02-08T12:37:56","date_gmt":"2021-02-08T11:37:56","guid":{"rendered":"https:\/\/agora.xtec.cat\/ceip-elsagrer\/?page_id=512"},"modified":"2026-04-13T16:51:54","modified_gmt":"2026-04-13T14:51:54","slug":"consell-escolar","status":"publish","type":"page","link":"https:\/\/agora.xtec.cat\/ceip-elsagrer\/participacio\/consell-escolar\/","title":{"rendered":"Consell Escolar"},"content":{"rendered":"<p style=\"font-weight: 400;\">El Consell Escolar \u00e9s l\u2019\u00f2rgan m\u00e0xim de decisi\u00f3 i participaci\u00f3 en la gesti\u00f3 i l\u2019avaluaci\u00f3 de l\u2019escola.<\/p>\n<p style=\"font-weight: 400;\">En formen part:<\/p>\n<p style=\"font-weight: 400;\">\u25a0\u00a0La directora, que n\u2019\u00e9s \u00a0la presidenta.<\/p>\n<p style=\"font-weight: 400;\">\u25a0\u00a0La cap d\u2019estudis i sis mestres triats pel claustre.<\/p>\n<p style=\"font-weight: 400;\">\u25a0\u00a0Sis representants de les fam\u00edlies dels alumnes.<\/p>\n<p style=\"font-weight: 400;\">\u25a0 La presidenta de l\u2019AFA.<\/p>\n<p style=\"font-weight: 400;\">\u25a0\u00a0La coordinadora de l\u2019Espai migdia.<\/p>\n<p style=\"font-weight: 400;\">\u25a0\u00a0Un representant del personal d\u2019administraci\u00f3 i serveis.<\/p>\n<p style=\"font-weight: 400;\">\u25a0\u00a0Un representant de l\u2019Ajuntament.<\/p>\n<p style=\"font-weight: 400;\">\u25a0\u00a0El secretari de l\u2019escola, que actua com a secretari del Consell Escolar. T\u00e9 veu, per\u00f2 no vot.<\/p>\n<p style=\"font-weight: 400;\">\u00c9s preceptiu que es faci una reuni\u00f3 a principis de curs i una altra al final. De fet, es reuneix, com a m\u00ednim, una vegada al trimestre i sempre que el convoqui la presidenta o quan sigui sol\u00b7licitat per almenys un ter\u00e7 dels seus membres. L\u2019assist\u00e8ncia a les sessions del Consell Escolar \u00e9s obligat\u00f2ria per a tots els seus membres.<\/p>\n<p style=\"font-weight: 400;\">El Consell Escolar adoptar\u00e0 els acords per majoria simple excepte en els seg\u00fcents casos:<\/p>\n<p style=\"font-weight: 400;\">\u25a0\u00a0Aprovaci\u00f3 del pressupost i de la seva execuci\u00f3, per a la qual cosa cal majoria absoluta.<\/p>\n<p style=\"font-weight: 400;\">\u25a0\u00a0Aprovaci\u00f3 del Projecte Educatiu i de les Normes d\u2019Organitzaci\u00f3 i Funcionament i de les seves modificacions, cosa que es fa per majoria de dos ter\u00e7os.<\/p>\n<p style=\"font-weight: 400;\"><strong>Funcions del consell escolar<\/strong><\/p>\n<p style=\"font-weight: 400;\">\u25a0\u00a0Tenir en compte les opinions dels seus membres per prendre les decisions importants de l&#8217;escola.<\/p>\n<p style=\"font-weight: 400;\">\u25a0\u00a0Valorar el Pla anual de centre i la Mem\u00f2ria per tal de fer propostes de millora.<\/p>\n<p><strong>ACORDS DEL CONSELL ESCOLAR:<\/strong><\/p>\n<p><strong>Curs 2025-2026<\/strong>:\u00a0<\/p>\n<ul>\n<li><a href=\"https:\/\/drive.google.com\/file\/d\/1W01dZzy8nC9uZV3Az_JLG3OtOhrryPxu\/view?usp=sharing\">Sessi\u00f3 1 &#8211; 17 de setembre de 2025<\/a><\/li>\n<li><a href=\"https:\/\/drive.google.com\/file\/d\/1NlDB2IV8OCvtcV0APTBBa3eN0yadhuxx\/view?usp=sharing\">Sessi\u00f3 2 &#8211; 23 d&#8217;octubre de 2025<\/a><\/li>\n<li><a href=\"https:\/\/drive.google.com\/file\/d\/1KIu4ngP1QRTjxpOw-XYquhPhd-aDwx78\/view?usp=sharing\">Sessi\u00f3 3 &#8211; 16 de desembre de 2025<\/a><\/li>\n<li><a href=\"https:\/\/drive.google.com\/file\/d\/1JlE3r5LaymgprrRdTCuRu_Jrac429Zol\/view?usp=drive_link\">Sessi\u00f3 4 &#8211; 2 de febrer de 2026<\/a><\/li>\n<li><a href=\"https:\/\/drive.google.com\/file\/d\/1PsF8x-5PzoC5xzxGQ7P9IzHpkx30P32g\/view?usp=sharing\">Sessi\u00f3 5 &#8211; 4 de mar\u00e7 de 2026<\/a><\/li>\n<li><a href=\"https:\/\/drive.google.com\/file\/d\/1dDLduDnG_NwZqkS_tQEwsGxem7xuUgaz\/view?usp=sharing\">Sessi\u00f3 6 &#8211; 12 de mar\u00e7 de 2026<\/a><\/li>\n<\/ul>\n<p>\u00a0<\/p>\n<p><a href=\"https:\/\/sites.google.com\/xtec.cat\/escolaelsagrer\/p%C3%A0gina-principal\"><button>Acords consell escolar cursos anteriors<\/button><\/a><\/p>\n\n\n<p><\/p>\n","protected":false},"excerpt":{"rendered":"<p>El Consell Escolar \u00e9s l\u2019\u00f2rgan m\u00e0xim de decisi\u00f3 i participaci\u00f3 en la gesti\u00f3 i l\u2019avaluaci\u00f3 de l\u2019escola. En formen part: \u25a0\u00a0La directora, que n\u2019\u00e9s \u00a0la presidenta. \u25a0\u00a0La cap d\u2019estudis i sis mestres triats pel claustre. \u25a0\u00a0Sis representants de les fam\u00edlies dels alumnes. \u25a0 La presidenta de l\u2019AFA. \u25a0\u00a0La coordinadora de l\u2019Espai migdia. \u25a0\u00a0Un representant del [&hellip;]<\/p>\n","protected":false},"author":1,"featured_media":0,"parent":511,"menu_order":0,"comment_status":"closed","ping_status":"closed","template":"","meta":{"_bbp_topic_count":0,"_bbp_reply_count":0,"_bbp_total_topic_count":0,"_bbp_total_reply_count":0,"_bbp_voice_count":0,"_bbp_anonymous_reply_count":0,"_bbp_topic_count_hidden":0,"_bbp_reply_count_hidden":0,"_bbp_forum_subforum_count":0,"site-sidebar-layout":"default","site-content-layout":"","ast-site-content-layout":"default","site-content-style":"default","site-sidebar-style":"default","ast-global-header-display":"","ast-banner-title-visibility":"","ast-main-header-display":"","ast-hfb-above-header-display":"","ast-hfb-below-header-display":"","ast-hfb-mobile-header-display":"","site-post-title":"","ast-breadcrumbs-content":"","ast-featured-img":"","footer-sml-layout":"","theme-transparent-header-meta":"","adv-header-id-meta":"","stick-header-meta":"","header-above-stick-meta":"","header-main-stick-meta":"","header-below-stick-meta":"","astra-migrate-meta-layouts":"set","ast-page-background-enabled":"default","ast-page-background-meta":{"desktop":{"background-color":"var(--ast-global-color-4)","background-image":"","background-repeat":"repeat","background-position":"center center","background-size":"auto","background-attachment":"scroll","background-type":"","background-media":"","overlay-type":"","overlay-color":"","overlay-opacity":"","overlay-gradient":""},"tablet":{"background-color":"","background-image":"","background-repeat":"repeat","background-position":"center center","background-size":"auto","background-attachment":"scroll","background-type":"","background-media":"","overlay-type":"","overlay-color":"","overlay-opacity":"","overlay-gradient":""},"mobile":{"background-color":"","background-image":"","background-repeat":"repeat","background-position":"center center","background-size":"auto","background-attachment":"scroll","background-type":"","background-media":"","overlay-type":"","overlay-color":"","overlay-opacity":"","overlay-gradient":""}},"ast-content-background-meta":{"desktop":{"background-color":"var(--ast-global-color-5)","background-image":"","background-repeat":"repeat","background-position":"center center","background-size":"auto","background-attachment":"scroll","background-type":"","background-media":"","overlay-type":"","overlay-color":"","overlay-opacity":"","overlay-gradient":""},"tablet":{"background-color":"var(--ast-global-color-5)","background-image":"","background-repeat":"repeat","background-position":"center center","background-size":"auto","background-attachment":"scroll","background-type":"","background-media":"","overlay-type":"","overlay-color":"","overlay-opacity":"","overlay-gradient":""},"mobile":{"background-color":"var(--ast-global-color-5)","background-image":"","background-repeat":"repeat","background-position":"center center","background-size":"auto","background-attachment":"scroll","background-type":"","background-media":"","overlay-type":"","overlay-color":"","overlay-opacity":"","overlay-gradient":""}},"footnotes":""},"class_list":["post-512","page","type-page","status-publish","hentry"],"post_mailing_queue_ids":[],"_links":{"self":[{"href":"https:\/\/agora.xtec.cat\/ceip-elsagrer\/wp-json\/wp\/v2\/pages\/512","targetHints":{"allow":["GET"]}}],"collection":[{"href":"https:\/\/agora.xtec.cat\/ceip-elsagrer\/wp-json\/wp\/v2\/pages"}],"about":[{"href":"https:\/\/agora.xtec.cat\/ceip-elsagrer\/wp-json\/wp\/v2\/types\/page"}],"author":[{"embeddable":true,"href":"https:\/\/agora.xtec.cat\/ceip-elsagrer\/wp-json\/wp\/v2\/users\/1"}],"replies":[{"embeddable":true,"href":"https:\/\/agora.xtec.cat\/ceip-elsagrer\/wp-json\/wp\/v2\/comments?post=512"}],"version-history":[{"count":6,"href":"https:\/\/agora.xtec.cat\/ceip-elsagrer\/wp-json\/wp\/v2\/pages\/512\/revisions"}],"predecessor-version":[{"id":9120,"href":"https:\/\/agora.xtec.cat\/ceip-elsagrer\/wp-json\/wp\/v2\/pages\/512\/revisions\/9120"}],"up":[{"embeddable":true,"href":"https:\/\/agora.xtec.cat\/ceip-elsagrer\/wp-json\/wp\/v2\/pages\/511"}],"wp:attachment":[{"href":"https:\/\/agora.xtec.cat\/ceip-elsagrer\/wp-json\/wp\/v2\/media?parent=512"}],"curies":[{"name":"wp","href":"https:\/\/api.w.org\/{rel}","templated":true}]}}