{"id":506,"date":"2021-02-08T12:37:56","date_gmt":"2021-02-08T11:37:56","guid":{"rendered":"https:\/\/agora.xtec.cat\/ceip-elsagrer\/?page_id=506"},"modified":"2025-06-23T11:07:46","modified_gmt":"2025-06-23T09:07:46","slug":"musica","status":"publish","type":"page","link":"https:\/\/agora.xtec.cat\/ceip-elsagrer\/com-treballem\/musica\/","title":{"rendered":"M\u00fasica"},"content":{"rendered":"<p style=\"font-weight: 400;\">LA M\u00daSICA<\/p>\n<p style=\"font-weight: 400;\">La m\u00fasica \u00e9s un llenguatge art\u00edstic que ens permet expressar emocions, sentiments i viv\u00e8ncies. Amb l\u2019educaci\u00f3 musical a l&#8217;escola El Sagrer pretenem contribuir en el desenvolupament integral dels nostres alumnes: facilitem els mitjans per a fomentar les seves possibilitats d\u2019expressi\u00f3 i relaci\u00f3, i les aptituds auditives, r\u00edtmiques, de coordinaci\u00f3 i moviment; estimulant la creativitat; i afavorint la sensibilitat i l&#8217;espontane\u00eftat, la concentraci\u00f3 i la mem\u00f2ria.<\/p>\n<p style=\"font-weight: 400;\">Amb la m\u00fasica aprenem a gaudir de la veu, el cant conjunt, el ritme i el moviment, l\u2019acompanyament amb els instruments de percussi\u00f3, la percussi\u00f3 corporal, la dansa i la interpretaci\u00f3 amb la flauta (a partir de 4t); i tamb\u00e9 a valorar la m\u00fasica dels grans compositors i con\u00e8ixer el llenguatge musical.<\/p>\n<p>Treballem amb les mestres especialistes des de P3, sempre de manera molt vivencial. Cada curs assistim a algun espectacle musical a les diverses sales de la ciutat: l&#8217;Auditori, el Palau de la M\u00fasica, el Gran Teatre del Liceu&#8230;<\/p>\n<p>La m\u00fasica \u00e9s sempre present en la vida de la nostra escola. Durant el curs hi ha actes musicals significatius: el concert de Nadal de tots els alumnes, la participaci\u00f3 dels de 6\u00e8 en el Concert de Nadal de nit amb la coral d&#8217;El Sagrer, la creaci\u00f3 de can\u00e7ons i danses per les obres de teatre, les Caramelles, les danses de Sant Jordi, el Concert de primavera que ofereixen alguns alumnes als seus companys\u2026<\/p>\n<p style=\"font-weight: 400;\">\n","protected":false},"excerpt":{"rendered":"<p>LA M\u00daSICA La m\u00fasica \u00e9s un llenguatge art\u00edstic que ens permet expressar emocions, sentiments i viv\u00e8ncies. Amb l\u2019educaci\u00f3 musical a l&#8217;escola El Sagrer pretenem contribuir en el desenvolupament integral dels nostres alumnes: facilitem els mitjans per a fomentar les seves possibilitats d\u2019expressi\u00f3 i relaci\u00f3, i les aptituds auditives, r\u00edtmiques, de coordinaci\u00f3 i moviment; estimulant la [&hellip;]<\/p>\n","protected":false},"author":1,"featured_media":0,"parent":503,"menu_order":0,"comment_status":"closed","ping_status":"closed","template":"","meta":{"_bbp_topic_count":0,"_bbp_reply_count":0,"_bbp_total_topic_count":0,"_bbp_total_reply_count":0,"_bbp_voice_count":0,"_bbp_anonymous_reply_count":0,"_bbp_topic_count_hidden":0,"_bbp_reply_count_hidden":0,"_bbp_forum_subforum_count":0,"site-sidebar-layout":"default","site-content-layout":"","ast-site-content-layout":"default","site-content-style":"default","site-sidebar-style":"default","ast-global-header-display":"","ast-banner-title-visibility":"","ast-main-header-display":"","ast-hfb-above-header-display":"","ast-hfb-below-header-display":"","ast-hfb-mobile-header-display":"","site-post-title":"","ast-breadcrumbs-content":"","ast-featured-img":"","footer-sml-layout":"","theme-transparent-header-meta":"","adv-header-id-meta":"","stick-header-meta":"","header-above-stick-meta":"","header-main-stick-meta":"","header-below-stick-meta":"","astra-migrate-meta-layouts":"set","ast-page-background-enabled":"default","ast-page-background-meta":{"desktop":{"background-color":"var(--ast-global-color-4)","background-image":"","background-repeat":"repeat","background-position":"center center","background-size":"auto","background-attachment":"scroll","background-type":"","background-media":"","overlay-type":"","overlay-color":"","overlay-opacity":"","overlay-gradient":""},"tablet":{"background-color":"","background-image":"","background-repeat":"repeat","background-position":"center center","background-size":"auto","background-attachment":"scroll","background-type":"","background-media":"","overlay-type":"","overlay-color":"","overlay-opacity":"","overlay-gradient":""},"mobile":{"background-color":"","background-image":"","background-repeat":"repeat","background-position":"center center","background-size":"auto","background-attachment":"scroll","background-type":"","background-media":"","overlay-type":"","overlay-color":"","overlay-opacity":"","overlay-gradient":""}},"ast-content-background-meta":{"desktop":{"background-color":"var(--ast-global-color-5)","background-image":"","background-repeat":"repeat","background-position":"center center","background-size":"auto","background-attachment":"scroll","background-type":"","background-media":"","overlay-type":"","overlay-color":"","overlay-opacity":"","overlay-gradient":""},"tablet":{"background-color":"var(--ast-global-color-5)","background-image":"","background-repeat":"repeat","background-position":"center center","background-size":"auto","background-attachment":"scroll","background-type":"","background-media":"","overlay-type":"","overlay-color":"","overlay-opacity":"","overlay-gradient":""},"mobile":{"background-color":"var(--ast-global-color-5)","background-image":"","background-repeat":"repeat","background-position":"center center","background-size":"auto","background-attachment":"scroll","background-type":"","background-media":"","overlay-type":"","overlay-color":"","overlay-opacity":"","overlay-gradient":""}},"footnotes":""},"class_list":["post-506","page","type-page","status-publish","hentry"],"post_mailing_queue_ids":[],"_links":{"self":[{"href":"https:\/\/agora.xtec.cat\/ceip-elsagrer\/wp-json\/wp\/v2\/pages\/506","targetHints":{"allow":["GET"]}}],"collection":[{"href":"https:\/\/agora.xtec.cat\/ceip-elsagrer\/wp-json\/wp\/v2\/pages"}],"about":[{"href":"https:\/\/agora.xtec.cat\/ceip-elsagrer\/wp-json\/wp\/v2\/types\/page"}],"author":[{"embeddable":true,"href":"https:\/\/agora.xtec.cat\/ceip-elsagrer\/wp-json\/wp\/v2\/users\/1"}],"replies":[{"embeddable":true,"href":"https:\/\/agora.xtec.cat\/ceip-elsagrer\/wp-json\/wp\/v2\/comments?post=506"}],"version-history":[{"count":2,"href":"https:\/\/agora.xtec.cat\/ceip-elsagrer\/wp-json\/wp\/v2\/pages\/506\/revisions"}],"predecessor-version":[{"id":7999,"href":"https:\/\/agora.xtec.cat\/ceip-elsagrer\/wp-json\/wp\/v2\/pages\/506\/revisions\/7999"}],"up":[{"embeddable":true,"href":"https:\/\/agora.xtec.cat\/ceip-elsagrer\/wp-json\/wp\/v2\/pages\/503"}],"wp:attachment":[{"href":"https:\/\/agora.xtec.cat\/ceip-elsagrer\/wp-json\/wp\/v2\/media?parent=506"}],"curies":[{"name":"wp","href":"https:\/\/api.w.org\/{rel}","templated":true}]}}