{"id":501,"date":"2021-02-08T12:37:55","date_gmt":"2021-02-08T11:37:55","guid":{"rendered":"https:\/\/agora.xtec.cat\/ceip-elsagrer\/?page_id=501"},"modified":"2025-06-25T10:08:02","modified_gmt":"2025-06-25T08:08:02","slug":"formadora-de-mestres","status":"publish","type":"page","link":"https:\/\/agora.xtec.cat\/ceip-elsagrer\/projectes-compartits\/formadora-de-mestres\/","title":{"rendered":"Formadora de mestres"},"content":{"rendered":"<p>A l&#8217;escola acollim estudiants del grau de mestre i t\u00e8cnics d&#8217;educaci\u00f3 infantil per tal que puguin realitzar-hi pr\u00e0ctiques amb la finalitat de:<\/p>\n<p>\u25a0\u00a0Facilitar l\u2019adquisici\u00f3 de les compet\u00e8ncies professionals docents.<\/p>\n<p>\u25a0\u00a0Generar din\u00e0miques i espais de reflexi\u00f3 did\u00e0ctica i pedag\u00f2gica que afavoreixin la innovaci\u00f3, la recerca, la transfer\u00e8ncia del coneixement i els valors educatius.<\/p>\n<p>L&#8217;escola vol facilitar la incorporaci\u00f3 dels estudiants en la seva din\u00e0mica i afavorir la seva formaci\u00f3 en aquest per\u00edode de pr\u00e0ctiques. Per aix\u00f2 es planifiquen i sistematitzen un conjunt d&#8217;actuacions d&#8217;acord amb la universitat corresponent com ara presentacions, visita a les instal\u00b7lacions, coneixement de documentaci\u00f3 del centre, reunions amb la persona responsable de les pr\u00e0ctiques i la tutora o tutor del grup de refer\u00e8ncia.<\/p>\n<p>Rebem estudiants de les universitats: UB, UAB, UV, URL&#8230;.<\/p>\n","protected":false},"excerpt":{"rendered":"<p>A l&#8217;escola acollim estudiants del grau de mestre i t\u00e8cnics d&#8217;educaci\u00f3 infantil per tal que puguin realitzar-hi pr\u00e0ctiques amb la finalitat de: \u25a0\u00a0Facilitar l\u2019adquisici\u00f3 de les compet\u00e8ncies professionals docents. \u25a0\u00a0Generar din\u00e0miques i espais de reflexi\u00f3 did\u00e0ctica i pedag\u00f2gica que afavoreixin la innovaci\u00f3, la recerca, la transfer\u00e8ncia del coneixement i els valors educatius. L&#8217;escola vol facilitar [&hellip;]<\/p>\n","protected":false},"author":1,"featured_media":0,"parent":496,"menu_order":0,"comment_status":"closed","ping_status":"closed","template":"","meta":{"_bbp_topic_count":0,"_bbp_reply_count":0,"_bbp_total_topic_count":0,"_bbp_total_reply_count":0,"_bbp_voice_count":0,"_bbp_anonymous_reply_count":0,"_bbp_topic_count_hidden":0,"_bbp_reply_count_hidden":0,"_bbp_forum_subforum_count":0,"site-sidebar-layout":"default","site-content-layout":"","ast-site-content-layout":"default","site-content-style":"default","site-sidebar-style":"default","ast-global-header-display":"","ast-banner-title-visibility":"","ast-main-header-display":"","ast-hfb-above-header-display":"","ast-hfb-below-header-display":"","ast-hfb-mobile-header-display":"","site-post-title":"","ast-breadcrumbs-content":"","ast-featured-img":"","footer-sml-layout":"","theme-transparent-header-meta":"","adv-header-id-meta":"","stick-header-meta":"","header-above-stick-meta":"","header-main-stick-meta":"","header-below-stick-meta":"","astra-migrate-meta-layouts":"set","ast-page-background-enabled":"default","ast-page-background-meta":{"desktop":{"background-color":"var(--ast-global-color-4)","background-image":"","background-repeat":"repeat","background-position":"center center","background-size":"auto","background-attachment":"scroll","background-type":"","background-media":"","overlay-type":"","overlay-color":"","overlay-opacity":"","overlay-gradient":""},"tablet":{"background-color":"","background-image":"","background-repeat":"repeat","background-position":"center center","background-size":"auto","background-attachment":"scroll","background-type":"","background-media":"","overlay-type":"","overlay-color":"","overlay-opacity":"","overlay-gradient":""},"mobile":{"background-color":"","background-image":"","background-repeat":"repeat","background-position":"center center","background-size":"auto","background-attachment":"scroll","background-type":"","background-media":"","overlay-type":"","overlay-color":"","overlay-opacity":"","overlay-gradient":""}},"ast-content-background-meta":{"desktop":{"background-color":"var(--ast-global-color-5)","background-image":"","background-repeat":"repeat","background-position":"center center","background-size":"auto","background-attachment":"scroll","background-type":"","background-media":"","overlay-type":"","overlay-color":"","overlay-opacity":"","overlay-gradient":""},"tablet":{"background-color":"var(--ast-global-color-5)","background-image":"","background-repeat":"repeat","background-position":"center center","background-size":"auto","background-attachment":"scroll","background-type":"","background-media":"","overlay-type":"","overlay-color":"","overlay-opacity":"","overlay-gradient":""},"mobile":{"background-color":"var(--ast-global-color-5)","background-image":"","background-repeat":"repeat","background-position":"center center","background-size":"auto","background-attachment":"scroll","background-type":"","background-media":"","overlay-type":"","overlay-color":"","overlay-opacity":"","overlay-gradient":""}},"footnotes":""},"class_list":["post-501","page","type-page","status-publish","hentry"],"post_mailing_queue_ids":[],"_links":{"self":[{"href":"https:\/\/agora.xtec.cat\/ceip-elsagrer\/wp-json\/wp\/v2\/pages\/501","targetHints":{"allow":["GET"]}}],"collection":[{"href":"https:\/\/agora.xtec.cat\/ceip-elsagrer\/wp-json\/wp\/v2\/pages"}],"about":[{"href":"https:\/\/agora.xtec.cat\/ceip-elsagrer\/wp-json\/wp\/v2\/types\/page"}],"author":[{"embeddable":true,"href":"https:\/\/agora.xtec.cat\/ceip-elsagrer\/wp-json\/wp\/v2\/users\/1"}],"replies":[{"embeddable":true,"href":"https:\/\/agora.xtec.cat\/ceip-elsagrer\/wp-json\/wp\/v2\/comments?post=501"}],"version-history":[{"count":3,"href":"https:\/\/agora.xtec.cat\/ceip-elsagrer\/wp-json\/wp\/v2\/pages\/501\/revisions"}],"predecessor-version":[{"id":8024,"href":"https:\/\/agora.xtec.cat\/ceip-elsagrer\/wp-json\/wp\/v2\/pages\/501\/revisions\/8024"}],"up":[{"embeddable":true,"href":"https:\/\/agora.xtec.cat\/ceip-elsagrer\/wp-json\/wp\/v2\/pages\/496"}],"wp:attachment":[{"href":"https:\/\/agora.xtec.cat\/ceip-elsagrer\/wp-json\/wp\/v2\/media?parent=501"}],"curies":[{"name":"wp","href":"https:\/\/api.w.org\/{rel}","templated":true}]}}