{"id":497,"date":"2021-02-08T12:37:55","date_gmt":"2021-02-08T11:37:55","guid":{"rendered":"https:\/\/agora.xtec.cat\/ceip-elsagrer\/?page_id=497"},"modified":"2025-06-25T10:15:16","modified_gmt":"2025-06-25T08:15:16","slug":"agrupament-de-sords","status":"publish","type":"page","link":"https:\/\/agora.xtec.cat\/ceip-elsagrer\/projectes-compartits\/agrupament-de-sords\/","title":{"rendered":"Agrupament de sords"},"content":{"rendered":"<h2>ALUMNAT SORD (SIAL)<\/h2>\n<p style=\"font-weight: 400;\"><span style=\"font-weight: 400;\">Des dels seus inicis i dia a dia, \u00a0l\u2019escola El Sagrer ha treballat per una educaci\u00f3 inclusiva, entenen que aquest \u00e9s el cam\u00ed per promoure la inclusi\u00f3 social de totes les persones al llarg de la vida. <\/span><\/p>\n<p style=\"font-weight: 400;\"><strong>\u00a0<\/strong><\/p>\n<p style=\"font-weight: 400;\"><span style=\"font-weight: 400;\">Per donar resposta a la diversitat entesa com un fet universal, l\u2019escola \u00e9s un centre de suport intensiu a l\u2019audici\u00f3 i llenguatge (SIAL). Aquest fet significa que l\u2019escola disposa d\u2019uns professionals que ofereixen resposta i acompanyen l\u2019escolaritzaci\u00f3 dels alumnes amb discapacitat auditiva severa i pregona que requereixen un equipament singular i una especialitzaci\u00f3 professional en centres ordinaris.<\/span><\/p>\n<p style=\"font-weight: 400;\"><strong>\u00a0<\/strong><\/p>\n<p style=\"font-weight: 400;\"><span style=\"font-weight: 400;\">L\u2019escola disposa de la figura de les mestres d\u2019audici\u00f3 i llenguatge i conjuntament amb \u00a0les logopedes del CREDAC, es coordinen per donar una \u00f2ptima resposta educativa a les necessitats espec\u00edfiques que requereixen aquests alumnes.<\/span><\/p>\n<p style=\"font-weight: 400;\"><strong>\u00a0<\/strong><\/p>\n<p style=\"font-weight: 400;\"><span style=\"font-weight: 400;\">Ser un centre amb aquestes caracter\u00edstiques comporta un seguit d\u2019avantatges per a l\u2019alumnat amb sordesa i per al conjunt de l\u2019escola. En podem destacar: <\/span><\/p>\n<p style=\"font-weight: 400;\"><strong>\u00a0<\/strong><\/p>\n<p style=\"font-weight: 400;\"><span style=\"font-weight: 400;\">\u25a0<\/span><span style=\"font-weight: 400;\">\u00a0Millora l&#8217;autoconcepte de l&#8217;alumnat sord.<\/span><\/p>\n<p style=\"font-weight: 400;\"><span style=\"font-weight: 400;\">\u25a0<\/span><span style=\"font-weight: 400;\">\u00a0Facilita l&#8217;organitzaci\u00f3 de l&#8217;atenci\u00f3 educativa.<\/span><\/p>\n<p style=\"font-weight: 400;\"><span style=\"font-weight: 400;\">\u25a0<\/span><span style=\"font-weight: 400;\">\u00a0Permet rendibilitzar els recursos.<\/span><\/p>\n<p style=\"font-weight: 400;\"><span style=\"font-weight: 400;\">\u25a0<\/span><span style=\"font-weight: 400;\">\u00a0Proporciona m\u00e9s experi\u00e8ncia al professorat del centre.<\/span><\/p>\n<p style=\"font-weight: 400;\"><span style=\"font-weight: 400;\">\u25a0<\/span><span style=\"font-weight: 400;\">\u00a0Afavoreix la relaci\u00f3 entre pares i mares dels alumnes sords.<\/span><\/p>\n<p style=\"font-weight: 400;\"><span style=\"font-weight: 400;\">\u25a0<\/span><span style=\"font-weight: 400;\">\u00a0Facilita l\u2019educaci\u00f3 en valors de la resta d\u2019alumnes del centre.<\/span><\/p>\n","protected":false},"excerpt":{"rendered":"<p>ALUMNAT SORD (SIAL) Des dels seus inicis i dia a dia, \u00a0l\u2019escola El Sagrer ha treballat per una educaci\u00f3 inclusiva, entenen que aquest \u00e9s el cam\u00ed per promoure la inclusi\u00f3 social de totes les persones al llarg de la vida. \u00a0 Per donar resposta a la diversitat entesa com un fet universal, l\u2019escola \u00e9s un [&hellip;]<\/p>\n","protected":false},"author":1,"featured_media":0,"parent":496,"menu_order":0,"comment_status":"closed","ping_status":"closed","template":"","meta":{"_bbp_topic_count":0,"_bbp_reply_count":0,"_bbp_total_topic_count":0,"_bbp_total_reply_count":0,"_bbp_voice_count":0,"_bbp_anonymous_reply_count":0,"_bbp_topic_count_hidden":0,"_bbp_reply_count_hidden":0,"_bbp_forum_subforum_count":0,"site-sidebar-layout":"default","site-content-layout":"","ast-site-content-layout":"default","site-content-style":"default","site-sidebar-style":"default","ast-global-header-display":"","ast-banner-title-visibility":"","ast-main-header-display":"","ast-hfb-above-header-display":"","ast-hfb-below-header-display":"","ast-hfb-mobile-header-display":"","site-post-title":"","ast-breadcrumbs-content":"","ast-featured-img":"","footer-sml-layout":"","theme-transparent-header-meta":"","adv-header-id-meta":"","stick-header-meta":"","header-above-stick-meta":"","header-main-stick-meta":"","header-below-stick-meta":"","astra-migrate-meta-layouts":"set","ast-page-background-enabled":"default","ast-page-background-meta":{"desktop":{"background-color":"var(--ast-global-color-4)","background-image":"","background-repeat":"repeat","background-position":"center center","background-size":"auto","background-attachment":"scroll","background-type":"","background-media":"","overlay-type":"","overlay-color":"","overlay-opacity":"","overlay-gradient":""},"tablet":{"background-color":"","background-image":"","background-repeat":"repeat","background-position":"center center","background-size":"auto","background-attachment":"scroll","background-type":"","background-media":"","overlay-type":"","overlay-color":"","overlay-opacity":"","overlay-gradient":""},"mobile":{"background-color":"","background-image":"","background-repeat":"repeat","background-position":"center center","background-size":"auto","background-attachment":"scroll","background-type":"","background-media":"","overlay-type":"","overlay-color":"","overlay-opacity":"","overlay-gradient":""}},"ast-content-background-meta":{"desktop":{"background-color":"var(--ast-global-color-5)","background-image":"","background-repeat":"repeat","background-position":"center center","background-size":"auto","background-attachment":"scroll","background-type":"","background-media":"","overlay-type":"","overlay-color":"","overlay-opacity":"","overlay-gradient":""},"tablet":{"background-color":"var(--ast-global-color-5)","background-image":"","background-repeat":"repeat","background-position":"center center","background-size":"auto","background-attachment":"scroll","background-type":"","background-media":"","overlay-type":"","overlay-color":"","overlay-opacity":"","overlay-gradient":""},"mobile":{"background-color":"var(--ast-global-color-5)","background-image":"","background-repeat":"repeat","background-position":"center center","background-size":"auto","background-attachment":"scroll","background-type":"","background-media":"","overlay-type":"","overlay-color":"","overlay-opacity":"","overlay-gradient":""}},"footnotes":""},"class_list":["post-497","page","type-page","status-publish","hentry"],"post_mailing_queue_ids":[],"_links":{"self":[{"href":"https:\/\/agora.xtec.cat\/ceip-elsagrer\/wp-json\/wp\/v2\/pages\/497","targetHints":{"allow":["GET"]}}],"collection":[{"href":"https:\/\/agora.xtec.cat\/ceip-elsagrer\/wp-json\/wp\/v2\/pages"}],"about":[{"href":"https:\/\/agora.xtec.cat\/ceip-elsagrer\/wp-json\/wp\/v2\/types\/page"}],"author":[{"embeddable":true,"href":"https:\/\/agora.xtec.cat\/ceip-elsagrer\/wp-json\/wp\/v2\/users\/1"}],"replies":[{"embeddable":true,"href":"https:\/\/agora.xtec.cat\/ceip-elsagrer\/wp-json\/wp\/v2\/comments?post=497"}],"version-history":[{"count":3,"href":"https:\/\/agora.xtec.cat\/ceip-elsagrer\/wp-json\/wp\/v2\/pages\/497\/revisions"}],"predecessor-version":[{"id":8028,"href":"https:\/\/agora.xtec.cat\/ceip-elsagrer\/wp-json\/wp\/v2\/pages\/497\/revisions\/8028"}],"up":[{"embeddable":true,"href":"https:\/\/agora.xtec.cat\/ceip-elsagrer\/wp-json\/wp\/v2\/pages\/496"}],"wp:attachment":[{"href":"https:\/\/agora.xtec.cat\/ceip-elsagrer\/wp-json\/wp\/v2\/media?parent=497"}],"curies":[{"name":"wp","href":"https:\/\/api.w.org\/{rel}","templated":true}]}}