{"id":486,"date":"2021-02-08T12:37:55","date_gmt":"2021-02-08T11:37:55","guid":{"rendered":"https:\/\/agora.xtec.cat\/ceip-elsagrer\/?page_id=486"},"modified":"2026-02-03T09:33:20","modified_gmt":"2026-02-03T08:33:20","slug":"equip-mestres","status":"publish","type":"page","link":"https:\/\/agora.xtec.cat\/ceip-elsagrer\/equip-mestres\/","title":{"rendered":"Equip docent"},"content":{"rendered":"<p style=\"font-weight: 400;\"><strong>CLAUSTRE DE MESTRES<\/strong><\/p>\n<p><strong>EDUCACI\u00d3 INFANTIL<\/strong><\/p>\n<p>COORDINADORA: Mariona Garcia<\/p>\n<p style=\"font-weight: 400;\"><strong>I3<\/strong><\/p>\n<p style=\"font-weight: 400;\">S\u00edlvia Ribet<\/p>\n<p>J\u00e9ssica Rodr\u00edguez<\/p>\n<p style=\"font-weight: 400;\">Isabel Llubi\u00e0 (TEI)<\/p>\n<p style=\"font-weight: 400;\"><strong>I4<\/strong><\/p>\n<p>Amparo Fayos<\/p>\n<p style=\"font-weight: 400;\">N\u00faria Melero<\/p>\n<p style=\"font-weight: 400;\"><strong>I5\u00a0<\/strong><\/p>\n<p>Arantxa Lorenzo<\/p>\n<p>Lourdes Bri\u00f3<\/p>\n<p style=\"font-weight: 400;\">Merc\u00e8 Llopart<\/p>\n<p style=\"font-weight: 400;\"><strong>Suport\u00a0<\/strong><\/p>\n<p style=\"font-weight: 400;\">Ariadna Sans<\/p>\n<p style=\"font-weight: 400;\">Mariona Garc\u00eda<\/p>\n<p style=\"font-weight: 400;\"><strong>CICLE INICIAL<\/strong><\/p>\n<p>COORDINADORA: Marta Pons<\/p>\n<p style=\"font-weight: 400;\"><strong>1r<\/strong><\/p>\n<p>Marta Pons<\/p>\n<p style=\"font-weight: 400;\">Gemma Evia<\/p>\n<p style=\"font-weight: 400;\"><strong>2n<\/strong><\/p>\n<p>Daniel Layunta<\/p>\n<p style=\"font-weight: 400;\">Sheila Ortega<\/p>\n<p style=\"font-weight: 400;\">S<strong>uport<\/strong><\/p>\n<p>Blanca Ribas<\/p>\n<p style=\"font-weight: 400;\">Judit Lorita<\/p>\n<p style=\"font-weight: 400;\"><strong>CICLE MITJ\u00c0<\/strong><\/p>\n<p>COORDINADORA:\u00a0 Olga D\u00edaz<\/p>\n<p style=\"font-weight: 400;\"><strong>3r<\/strong><\/p>\n<p style=\"font-weight: 400;\">Olga D\u00edaz<\/p>\n<p>Marina Allu\u00e9<\/p>\n<p style=\"font-weight: 400;\"><strong>4t<\/strong><\/p>\n<p>M\u00f2nica Vivancos<\/p>\n<p style=\"font-weight: 400;\">Estefania Morales<\/p>\n<p style=\"font-weight: 400;\"><strong>Suport<\/strong><\/p>\n<p style=\"font-weight: 400;\">Pablo Olmedo<\/p>\n<p style=\"font-weight: 400;\"><strong>CICLE SUPERIOR\u00a0<\/strong><\/p>\n<p>COORDINADORA: Anna Faz<\/p>\n<p style=\"font-weight: 400;\"><strong>5\u00e8<\/strong><\/p>\n<p>Eduard Torroja<\/p>\n<p style=\"font-weight: 400;\">Marta Balaguer<\/p>\n<p style=\"font-weight: 400;\"><strong>6\u00e8<\/strong><\/p>\n<p style=\"font-weight: 400;\">Marina Porta<\/p>\n<p>Alba Cano<\/p>\n<p style=\"font-weight: 400;\"><strong>Suport<\/strong><\/p>\n<p>Montse Duran<\/p>\n<p style=\"font-weight: 400;\"><strong>ESPECIALISTES<\/strong><\/p>\n<p style=\"font-weight: 400;\"><strong>Educaci\u00f3 f\u00edsica\u00a0<\/strong><\/p>\n<p style=\"font-weight: 400;\">Marc Calabuig \/ Anna P\u00e9rez<\/p>\n<p style=\"font-weight: 400;\"><strong>Angl\u00e8s\u00a0<\/strong><\/p>\n<p style=\"font-weight: 400;\">Laura G\u00f3mez<\/p>\n<p style=\"font-weight: 400;\">Marta Pons<\/p>\n<p>Eduard Torroja<\/p>\n<p>Marina Porta<\/p>\n<p style=\"font-weight: 400;\"><strong>Educaci\u00f3 musical\u00a0<\/strong><\/p>\n<p style=\"font-weight: 400;\">Anna Faz<\/p>\n<p>Vinyet Moll\u00f3n<\/p>\n<p style=\"font-weight: 400;\"><strong>Atenci\u00f3 a la diversitat<\/strong><\/p>\n<p style=\"font-weight: 400;\">Andrea Manjon<\/p>\n<p>Esmeralda Orqu\u00edn<\/p>\n<p><span class=\"OYPEnA font-feature-liga-off font-feature-clig-off font-feature-calt-off text-decoration-none text-strikethrough-none\">Rebeca Alonso<\/span><\/p>\n<p style=\"font-weight: 400;\"><strong>Audici\u00f3 i llenguatge\u00a0\u00a0<\/strong><\/p>\n<p style=\"font-weight: 400;\">Marta Caules<\/p>\n<p>Julissa Anzules<\/p>\n<p>Olga Rodr\u00edguez<\/p>\n<p style=\"font-weight: 400;\"><strong>Educaci\u00f3 visual i pl\u00e0stica\u00a0\u00a0\u00a0<\/strong><\/p>\n<p style=\"font-weight: 400;\">Lourdes Caballer<\/p>\n<p>V\u00edctor Garc\u00eda<\/p>\n<p style=\"font-weight: 400;\"><strong>\u00a0<\/strong><\/p>\n","protected":false},"excerpt":{"rendered":"<p>CLAUSTRE DE MESTRES EDUCACI\u00d3 INFANTIL COORDINADORA: Mariona Garcia I3 S\u00edlvia Ribet J\u00e9ssica Rodr\u00edguez Isabel Llubi\u00e0 (TEI) I4 Amparo Fayos N\u00faria Melero I5\u00a0 Arantxa Lorenzo Lourdes Bri\u00f3 Merc\u00e8 Llopart Suport\u00a0 Ariadna Sans Mariona Garc\u00eda CICLE INICIAL COORDINADORA: Marta Pons 1r Marta Pons Gemma Evia 2n Daniel Layunta Sheila Ortega Suport Blanca Ribas Judit Lorita CICLE MITJ\u00c0 [&hellip;]<\/p>\n","protected":false},"author":1,"featured_media":0,"parent":0,"menu_order":0,"comment_status":"closed","ping_status":"closed","template":"","meta":{"_bbp_topic_count":0,"_bbp_reply_count":0,"_bbp_total_topic_count":0,"_bbp_total_reply_count":0,"_bbp_voice_count":0,"_bbp_anonymous_reply_count":0,"_bbp_topic_count_hidden":0,"_bbp_reply_count_hidden":0,"_bbp_forum_subforum_count":0,"site-sidebar-layout":"default","site-content-layout":"","ast-site-content-layout":"default","site-content-style":"default","site-sidebar-style":"default","ast-global-header-display":"","ast-banner-title-visibility":"","ast-main-header-display":"","ast-hfb-above-header-display":"","ast-hfb-below-header-display":"","ast-hfb-mobile-header-display":"","site-post-title":"","ast-breadcrumbs-content":"","ast-featured-img":"","footer-sml-layout":"","theme-transparent-header-meta":"","adv-header-id-meta":"","stick-header-meta":"","header-above-stick-meta":"","header-main-stick-meta":"","header-below-stick-meta":"","astra-migrate-meta-layouts":"set","ast-page-background-enabled":"default","ast-page-background-meta":{"desktop":{"background-color":"var(--ast-global-color-4)","background-image":"","background-repeat":"repeat","background-position":"center center","background-size":"auto","background-attachment":"scroll","background-type":"","background-media":"","overlay-type":"","overlay-color":"","overlay-opacity":"","overlay-gradient":""},"tablet":{"background-color":"","background-image":"","background-repeat":"repeat","background-position":"center center","background-size":"auto","background-attachment":"scroll","background-type":"","background-media":"","overlay-type":"","overlay-color":"","overlay-opacity":"","overlay-gradient":""},"mobile":{"background-color":"","background-image":"","background-repeat":"repeat","background-position":"center center","background-size":"auto","background-attachment":"scroll","background-type":"","background-media":"","overlay-type":"","overlay-color":"","overlay-opacity":"","overlay-gradient":""}},"ast-content-background-meta":{"desktop":{"background-color":"var(--ast-global-color-5)","background-image":"","background-repeat":"repeat","background-position":"center center","background-size":"auto","background-attachment":"scroll","background-type":"","background-media":"","overlay-type":"","overlay-color":"","overlay-opacity":"","overlay-gradient":""},"tablet":{"background-color":"var(--ast-global-color-5)","background-image":"","background-repeat":"repeat","background-position":"center center","background-size":"auto","background-attachment":"scroll","background-type":"","background-media":"","overlay-type":"","overlay-color":"","overlay-opacity":"","overlay-gradient":""},"mobile":{"background-color":"var(--ast-global-color-5)","background-image":"","background-repeat":"repeat","background-position":"center center","background-size":"auto","background-attachment":"scroll","background-type":"","background-media":"","overlay-type":"","overlay-color":"","overlay-opacity":"","overlay-gradient":""}},"footnotes":""},"class_list":["post-486","page","type-page","status-publish","hentry"],"post_mailing_queue_ids":[],"_links":{"self":[{"href":"https:\/\/agora.xtec.cat\/ceip-elsagrer\/wp-json\/wp\/v2\/pages\/486","targetHints":{"allow":["GET"]}}],"collection":[{"href":"https:\/\/agora.xtec.cat\/ceip-elsagrer\/wp-json\/wp\/v2\/pages"}],"about":[{"href":"https:\/\/agora.xtec.cat\/ceip-elsagrer\/wp-json\/wp\/v2\/types\/page"}],"author":[{"embeddable":true,"href":"https:\/\/agora.xtec.cat\/ceip-elsagrer\/wp-json\/wp\/v2\/users\/1"}],"replies":[{"embeddable":true,"href":"https:\/\/agora.xtec.cat\/ceip-elsagrer\/wp-json\/wp\/v2\/comments?post=486"}],"version-history":[{"count":6,"href":"https:\/\/agora.xtec.cat\/ceip-elsagrer\/wp-json\/wp\/v2\/pages\/486\/revisions"}],"predecessor-version":[{"id":8789,"href":"https:\/\/agora.xtec.cat\/ceip-elsagrer\/wp-json\/wp\/v2\/pages\/486\/revisions\/8789"}],"wp:attachment":[{"href":"https:\/\/agora.xtec.cat\/ceip-elsagrer\/wp-json\/wp\/v2\/media?parent=486"}],"curies":[{"name":"wp","href":"https:\/\/api.w.org\/{rel}","templated":true}]}}