{"id":484,"date":"2021-02-08T12:37:55","date_gmt":"2021-02-08T11:37:55","guid":{"rendered":"https:\/\/agora.xtec.cat\/ceip-elsagrer\/?page_id=484"},"modified":"2025-06-25T10:49:45","modified_gmt":"2025-06-25T08:49:45","slug":"formacio-del-claustre","status":"publish","type":"page","link":"https:\/\/agora.xtec.cat\/ceip-elsagrer\/documents-escola\/formacio-del-claustre\/","title":{"rendered":"Formaci\u00f3 del claustre"},"content":{"rendered":"<p>Els mestres treballem en equip i vetllem per la nostra formaci\u00f3 permanent, per tal de cr\u00e9ixer com a professionals i com a equip docent.<\/p>\n<p><span lang=\"ES\">La formaci\u00f3 permanent contribueix a enriquir el projecte educatiu i facilita la vinculaci\u00f3 de mestres nous. Permet cohesionar el claustre, crear una cultura comuna i garantir la coher\u00e8ncia al llarg de l&#8217;escolaritat.<\/span><\/p>\n<p><span lang=\"ES\">Ens mena el convenciment que sempre podem millorar a partir de la documentaci\u00f3, an\u00e0lisi i reflexi\u00f3 de la nostra pr\u00e0ctica a les aules i el contrast amb les fonts te\u00f2riques de refer\u00e8ncia, l&#8217;educaci\u00f3 emocional i l&#8217;intercanvi d&#8217;experi\u00e8ncies. Per aquestes raons, tots els mestres participem conjuntament en cursos de formaci\u00f3 en claustre (algunes tardes de manera peri\u00f2dica o als migdies).<\/span><\/p>\n<p><span lang=\"ES\">Tamb\u00e9 ens organitzem per formar-nos entre iguals, a partir dels punts forts de cada membre de l\u2019equip, de manera, que aprenem els uns dels altres per millorar la nostra pr\u00e0ctica educativa.<\/span><\/p>\n<p><span lang=\"ES\">Aix\u00ed mateix assistim a jornades, confer\u00e8ncies, congressos i cursos que ens ofereixen els serveis educatius, les universitats i entitats educatives, o d\u2019altres agents culturals com museus, entitats i associacions.<\/span><\/p>\n<p><span lang=\"ES\">Concebem l&#8217;escola com a espai de creixement, com a instituci\u00f3 que apr\u00e8n, i vetllem tamb\u00e9 perqu\u00e8 la formaci\u00f3 de les fam\u00edlies i altres membres de la comunitat educativa acompanyin el proc\u00e9s d&#8217;innovaci\u00f3 i canvi.<\/span><\/p>\n","protected":false},"excerpt":{"rendered":"<p>Els mestres treballem en equip i vetllem per la nostra formaci\u00f3 permanent, per tal de cr\u00e9ixer com a professionals i com a equip docent. La formaci\u00f3 permanent contribueix a enriquir el projecte educatiu i facilita la vinculaci\u00f3 de mestres nous. Permet cohesionar el claustre, crear una cultura comuna i garantir la coher\u00e8ncia al llarg de [&hellip;]<\/p>\n","protected":false},"author":1,"featured_media":0,"parent":8036,"menu_order":0,"comment_status":"closed","ping_status":"closed","template":"","meta":{"_bbp_topic_count":0,"_bbp_reply_count":0,"_bbp_total_topic_count":0,"_bbp_total_reply_count":0,"_bbp_voice_count":0,"_bbp_anonymous_reply_count":0,"_bbp_topic_count_hidden":0,"_bbp_reply_count_hidden":0,"_bbp_forum_subforum_count":0,"site-sidebar-layout":"default","site-content-layout":"","ast-site-content-layout":"default","site-content-style":"default","site-sidebar-style":"default","ast-global-header-display":"","ast-banner-title-visibility":"","ast-main-header-display":"","ast-hfb-above-header-display":"","ast-hfb-below-header-display":"","ast-hfb-mobile-header-display":"","site-post-title":"","ast-breadcrumbs-content":"","ast-featured-img":"","footer-sml-layout":"","theme-transparent-header-meta":"","adv-header-id-meta":"","stick-header-meta":"","header-above-stick-meta":"","header-main-stick-meta":"","header-below-stick-meta":"","astra-migrate-meta-layouts":"set","ast-page-background-enabled":"default","ast-page-background-meta":{"desktop":{"background-color":"var(--ast-global-color-4)","background-image":"","background-repeat":"repeat","background-position":"center center","background-size":"auto","background-attachment":"scroll","background-type":"","background-media":"","overlay-type":"","overlay-color":"","overlay-opacity":"","overlay-gradient":""},"tablet":{"background-color":"","background-image":"","background-repeat":"repeat","background-position":"center center","background-size":"auto","background-attachment":"scroll","background-type":"","background-media":"","overlay-type":"","overlay-color":"","overlay-opacity":"","overlay-gradient":""},"mobile":{"background-color":"","background-image":"","background-repeat":"repeat","background-position":"center center","background-size":"auto","background-attachment":"scroll","background-type":"","background-media":"","overlay-type":"","overlay-color":"","overlay-opacity":"","overlay-gradient":""}},"ast-content-background-meta":{"desktop":{"background-color":"var(--ast-global-color-5)","background-image":"","background-repeat":"repeat","background-position":"center center","background-size":"auto","background-attachment":"scroll","background-type":"","background-media":"","overlay-type":"","overlay-color":"","overlay-opacity":"","overlay-gradient":""},"tablet":{"background-color":"var(--ast-global-color-5)","background-image":"","background-repeat":"repeat","background-position":"center center","background-size":"auto","background-attachment":"scroll","background-type":"","background-media":"","overlay-type":"","overlay-color":"","overlay-opacity":"","overlay-gradient":""},"mobile":{"background-color":"var(--ast-global-color-5)","background-image":"","background-repeat":"repeat","background-position":"center center","background-size":"auto","background-attachment":"scroll","background-type":"","background-media":"","overlay-type":"","overlay-color":"","overlay-opacity":"","overlay-gradient":""}},"footnotes":""},"class_list":["post-484","page","type-page","status-publish","hentry"],"post_mailing_queue_ids":[],"_links":{"self":[{"href":"https:\/\/agora.xtec.cat\/ceip-elsagrer\/wp-json\/wp\/v2\/pages\/484","targetHints":{"allow":["GET"]}}],"collection":[{"href":"https:\/\/agora.xtec.cat\/ceip-elsagrer\/wp-json\/wp\/v2\/pages"}],"about":[{"href":"https:\/\/agora.xtec.cat\/ceip-elsagrer\/wp-json\/wp\/v2\/types\/page"}],"author":[{"embeddable":true,"href":"https:\/\/agora.xtec.cat\/ceip-elsagrer\/wp-json\/wp\/v2\/users\/1"}],"replies":[{"embeddable":true,"href":"https:\/\/agora.xtec.cat\/ceip-elsagrer\/wp-json\/wp\/v2\/comments?post=484"}],"version-history":[{"count":3,"href":"https:\/\/agora.xtec.cat\/ceip-elsagrer\/wp-json\/wp\/v2\/pages\/484\/revisions"}],"predecessor-version":[{"id":8045,"href":"https:\/\/agora.xtec.cat\/ceip-elsagrer\/wp-json\/wp\/v2\/pages\/484\/revisions\/8045"}],"up":[{"embeddable":true,"href":"https:\/\/agora.xtec.cat\/ceip-elsagrer\/wp-json\/wp\/v2\/pages\/8036"}],"wp:attachment":[{"href":"https:\/\/agora.xtec.cat\/ceip-elsagrer\/wp-json\/wp\/v2\/media?parent=484"}],"curies":[{"name":"wp","href":"https:\/\/api.w.org\/{rel}","templated":true}]}}