{"id":4052,"date":"2023-02-01T12:38:16","date_gmt":"2023-02-01T11:38:16","guid":{"rendered":"https:\/\/agora.xtec.cat\/ceip-elsagrer\/?page_id=4052"},"modified":"2025-10-26T10:54:54","modified_gmt":"2025-10-26T09:54:54","slug":"lassemblea-de-socies-i-socis","status":"publish","type":"page","link":"https:\/\/agora.xtec.cat\/ceip-elsagrer\/portada-afa\/lassociacio\/lassemblea-de-socies-i-socis\/","title":{"rendered":"L&#8217;Assemblea de s\u00f2cies i socis"},"content":{"rendered":"<p>L&#8217;Assemblea General constitueix\u00a0<strong>l&#8217;\u00f2rgan sobir\u00e0 de l&#8217;associaci\u00f3<\/strong>.\u00a0<strong>Totes les fam\u00edlies de l&#8217;AFA poden assistir-hi com a membres de ple dret<\/strong>. Us animem a exercir aquest dret per fer realitat una de les finalitats que vol caracteritzar la nostra associaci\u00f3: la participaci\u00f3.<\/p>\n<p>L&#8217;Assemblea es reuneix en sessi\u00f3 ordin\u00e0ria\u00a0<strong>dos cops l&#8217;any<\/strong>\u00a0durant el curs escolar, preferentment durant el primer i tercer trimestre.<\/p>\n<p>A l&#8217;ordre del dia de l&#8217;Assemblea General s\u00f3n habituals els punts seg\u00fcents:<\/p>\n<p>\u25a0\u00a0Examinar i aprovar el programa d&#8217;activitats de cada curs i la mem\u00f2ria anual del curs escolar anterior.<br \/>\n\u25a0\u00a0L&#8217;aprovaci\u00f3 del pressupost de l&#8217;associaci\u00f3 de cada nou curs i la liquidaci\u00f3 del pressupost del curs anterior.<br \/>\n\u25a0\u00a0Elegir els membres de la Junta Directiva.<\/p>\n<p>Per\u00f2 l&#8217;Assemblea tracta qualsevol aspecte sobre el funcionament de l&#8217;associaci\u00f3, dels seus serveis o de l&#8217;educaci\u00f3 dels nostres fills i filles a l&#8217;escola.<\/p>\n<p>Si voleu con\u00e8ixer amb m\u00e9s detall les caracter\u00edstiques de l&#8217;Assemblea General podeu consultar els nostres\u00a0<a href=\"https:\/\/agora.xtec.cat\/ceip-elsagrer\/wp-content\/uploads\/usu2270\/2025\/04\/Estatus-2025.pdf\" target=\"_blank\" rel=\"noopener\">Estatuts<\/a>.<\/p>\n","protected":false},"excerpt":{"rendered":"<p>L&#8217;Assemblea General constitueix\u00a0l&#8217;\u00f2rgan sobir\u00e0 de l&#8217;associaci\u00f3.\u00a0Totes les fam\u00edlies de l&#8217;AFA poden assistir-hi com a membres de ple dret. Us animem a exercir aquest dret per fer realitat una de les finalitats que vol caracteritzar la nostra associaci\u00f3: la participaci\u00f3. L&#8217;Assemblea es reuneix en sessi\u00f3 ordin\u00e0ria\u00a0dos cops l&#8217;any\u00a0durant el curs escolar, preferentment durant el primer i [&hellip;]<\/p>\n","protected":false},"author":17,"featured_media":0,"parent":3020,"menu_order":1,"comment_status":"closed","ping_status":"closed","template":"","meta":{"_bbp_topic_count":0,"_bbp_reply_count":0,"_bbp_total_topic_count":0,"_bbp_total_reply_count":0,"_bbp_voice_count":0,"_bbp_anonymous_reply_count":0,"_bbp_topic_count_hidden":0,"_bbp_reply_count_hidden":0,"_bbp_forum_subforum_count":0,"site-sidebar-layout":"default","site-content-layout":"","ast-site-content-layout":"default","site-content-style":"default","site-sidebar-style":"default","ast-global-header-display":"","ast-banner-title-visibility":"","ast-main-header-display":"","ast-hfb-above-header-display":"","ast-hfb-below-header-display":"","ast-hfb-mobile-header-display":"","site-post-title":"","ast-breadcrumbs-content":"","ast-featured-img":"","footer-sml-layout":"","theme-transparent-header-meta":"","adv-header-id-meta":"","stick-header-meta":"","header-above-stick-meta":"","header-main-stick-meta":"","header-below-stick-meta":"","astra-migrate-meta-layouts":"set","ast-page-background-enabled":"default","ast-page-background-meta":{"desktop":{"background-color":"var(--ast-global-color-4)","background-image":"","background-repeat":"repeat","background-position":"center center","background-size":"auto","background-attachment":"scroll","background-type":"","background-media":"","overlay-type":"","overlay-color":"","overlay-opacity":"","overlay-gradient":""},"tablet":{"background-color":"","background-image":"","background-repeat":"repeat","background-position":"center center","background-size":"auto","background-attachment":"scroll","background-type":"","background-media":"","overlay-type":"","overlay-color":"","overlay-opacity":"","overlay-gradient":""},"mobile":{"background-color":"","background-image":"","background-repeat":"repeat","background-position":"center center","background-size":"auto","background-attachment":"scroll","background-type":"","background-media":"","overlay-type":"","overlay-color":"","overlay-opacity":"","overlay-gradient":""}},"ast-content-background-meta":{"desktop":{"background-color":"var(--ast-global-color-5)","background-image":"","background-repeat":"repeat","background-position":"center center","background-size":"auto","background-attachment":"scroll","background-type":"","background-media":"","overlay-type":"","overlay-color":"","overlay-opacity":"","overlay-gradient":""},"tablet":{"background-color":"var(--ast-global-color-5)","background-image":"","background-repeat":"repeat","background-position":"center center","background-size":"auto","background-attachment":"scroll","background-type":"","background-media":"","overlay-type":"","overlay-color":"","overlay-opacity":"","overlay-gradient":""},"mobile":{"background-color":"var(--ast-global-color-5)","background-image":"","background-repeat":"repeat","background-position":"center center","background-size":"auto","background-attachment":"scroll","background-type":"","background-media":"","overlay-type":"","overlay-color":"","overlay-opacity":"","overlay-gradient":""}},"footnotes":""},"class_list":["post-4052","page","type-page","status-publish","hentry"],"post_mailing_queue_ids":[],"_links":{"self":[{"href":"https:\/\/agora.xtec.cat\/ceip-elsagrer\/wp-json\/wp\/v2\/pages\/4052","targetHints":{"allow":["GET"]}}],"collection":[{"href":"https:\/\/agora.xtec.cat\/ceip-elsagrer\/wp-json\/wp\/v2\/pages"}],"about":[{"href":"https:\/\/agora.xtec.cat\/ceip-elsagrer\/wp-json\/wp\/v2\/types\/page"}],"author":[{"embeddable":true,"href":"https:\/\/agora.xtec.cat\/ceip-elsagrer\/wp-json\/wp\/v2\/users\/17"}],"replies":[{"embeddable":true,"href":"https:\/\/agora.xtec.cat\/ceip-elsagrer\/wp-json\/wp\/v2\/comments?post=4052"}],"version-history":[{"count":4,"href":"https:\/\/agora.xtec.cat\/ceip-elsagrer\/wp-json\/wp\/v2\/pages\/4052\/revisions"}],"predecessor-version":[{"id":8350,"href":"https:\/\/agora.xtec.cat\/ceip-elsagrer\/wp-json\/wp\/v2\/pages\/4052\/revisions\/8350"}],"up":[{"embeddable":true,"href":"https:\/\/agora.xtec.cat\/ceip-elsagrer\/wp-json\/wp\/v2\/pages\/3020"}],"wp:attachment":[{"href":"https:\/\/agora.xtec.cat\/ceip-elsagrer\/wp-json\/wp\/v2\/media?parent=4052"}],"curies":[{"name":"wp","href":"https:\/\/api.w.org\/{rel}","templated":true}]}}