{"id":3447,"date":"2022-10-23T00:08:18","date_gmt":"2022-10-22T22:08:18","guid":{"rendered":"https:\/\/agora.xtec.cat\/ceip-elsagrer\/?page_id=3447"},"modified":"2025-10-30T23:47:38","modified_gmt":"2025-10-30T22:47:38","slug":"objectius-i-organitzacio-c-festes","status":"publish","type":"page","link":"https:\/\/agora.xtec.cat\/ceip-elsagrer\/portada-afa\/comissio-de-festes\/objectius-i-organitzacio-c-festes\/","title":{"rendered":"Objectius i organitzaci\u00f3 c. festes"},"content":{"rendered":"<p style=\"font-weight: 400;\">La Comissi\u00f3 de Festes organitza i d\u00f3na suport a un seguit de celebracions que comparteix tota la comunitat educativa de l\u2019Escola El Sagrer, en el context de\u00a0<strong>l\u2019escola i del barri de la Sagrera<\/strong>.<\/p>\n<p style=\"font-weight: 400;\">Les festes que organitzem fora de l\u2019horari lectiu ajuden a<strong>\u00a0refor\u00e7ar l\u2019amistat entre els infants<\/strong>\u00a0dels diferents cursos, promou la\u00a0<strong>coneixen\u00e7a entre les fam\u00edlies<\/strong>\u00a0i\u00a0<strong>fomenta el vincle<\/strong>\u00a0entre aquestes i l\u2019Escola, la qual cosa ens permet avan\u00e7ar cap a l\u2019objectiu de tenir una<strong>\u00a0Escola participativa i oberta a tothom<\/strong>.<\/p>\n<p style=\"font-weight: 400;\">Tenim el convenciment que<strong>\u00a0l\u2019Escola \u00e9s un lloc d\u2019acollida per a tota la comunitat<\/strong> i que un entorn de festa i celebraci\u00f3 ajuda a que les fam\u00edlies, no nom\u00e9s gaudeixin plegades, sin\u00f3 que s\u2019apropin, es coneguin i s\u2019animin a participar activament en el funcionament de l\u2019AFA\u00a0i de l\u2019Escola.<\/p>\n<p style=\"font-weight: 400;\">La cursa de la Sagrera, la Revetlla i la festa de fi de curs s\u00f3n\u00a0<a href=\"https:\/\/agora.xtec.cat\/ceip-elsagrer\/portada-afa\/comissio-de-festes\/totes-les-festes\/\">algunes de les activitats<\/a>\u00a0que organitzem any darrera any i que ja formen part del <a href=\"https:\/\/agora.xtec.cat\/ceip-elsagrer\/calendari-afa\/\" target=\"_blank\" rel=\"noopener\">calendari<\/a> de l\u2019Escola El Sagrer.<\/p>\n<p style=\"font-weight: 400;\">No us les podeu perdre!<\/p>\n\n\n<p class=\"has-text-align-center\"><\/p>\n\n\n\n<p><\/p>\n\n\n\n<p><\/p>\n\n\n\n<figure class=\"wp-block-image aligncenter size-large\"><img loading=\"lazy\" decoding=\"async\" width=\"1024\" height=\"588\" src=\"https:\/\/agora.xtec.cat\/ceip-elsagrer\/wp-content\/uploads\/usu2270\/2025\/06\/Revetlla-El-Sagrer-1024x588.jpg\" alt=\"\" class=\"wp-image-7776\" srcset=\"https:\/\/agora.xtec.cat\/ceip-elsagrer\/wp-content\/uploads\/usu2270\/2025\/06\/Revetlla-El-Sagrer-1024x588.jpg 1024w, https:\/\/agora.xtec.cat\/ceip-elsagrer\/wp-content\/uploads\/usu2270\/2025\/06\/Revetlla-El-Sagrer-300x172.jpg 300w, https:\/\/agora.xtec.cat\/ceip-elsagrer\/wp-content\/uploads\/usu2270\/2025\/06\/Revetlla-El-Sagrer-768x441.jpg 768w, https:\/\/agora.xtec.cat\/ceip-elsagrer\/wp-content\/uploads\/usu2270\/2025\/06\/Revetlla-El-Sagrer-1536x881.jpg 1536w, https:\/\/agora.xtec.cat\/ceip-elsagrer\/wp-content\/uploads\/usu2270\/2025\/06\/Revetlla-El-Sagrer.jpg 1584w\" sizes=\"auto, (max-width: 1024px) 100vw, 1024px\" \/><\/figure>\n\n\n\n<p class=\"has-text-align-center\">Preparaci\u00f3 de la Revetlla 2025<\/p>\n\n\n\n<figure class=\"wp-block-image aligncenter\"><img loading=\"lazy\" decoding=\"async\" width=\"400\" height=\"225\" src=\"https:\/\/agora.xtec.cat\/ceip-elsagrer\/wp-content\/uploads\/usu2270\/2022\/10\/FESTES.jpeg\" alt=\"\" class=\"wp-image-3448\" srcset=\"https:\/\/agora.xtec.cat\/ceip-elsagrer\/wp-content\/uploads\/usu2270\/2022\/10\/FESTES.jpeg 400w, https:\/\/agora.xtec.cat\/ceip-elsagrer\/wp-content\/uploads\/usu2270\/2022\/10\/FESTES-300x169.jpeg 300w\" sizes=\"auto, (max-width: 400px) 100vw, 400px\" \/><\/figure>\n\n\n\n<p class=\"has-text-align-center\">Preparaci\u00f3 de la Revetlla marinera \u201cLa Bella Lola\u201d del 2017<\/p>\n","protected":false},"excerpt":{"rendered":"<p>La Comissi\u00f3 de Festes organitza i d\u00f3na suport a un seguit de celebracions que comparteix tota la comunitat educativa de l\u2019Escola El Sagrer, en el context de\u00a0l\u2019escola i del barri de la Sagrera. Les festes que organitzem fora de l\u2019horari lectiu ajuden a\u00a0refor\u00e7ar l\u2019amistat entre els infants\u00a0dels diferents cursos, promou la\u00a0coneixen\u00e7a entre les fam\u00edlies\u00a0i\u00a0fomenta el [&hellip;]<\/p>\n","protected":false},"author":17,"featured_media":0,"parent":8404,"menu_order":1,"comment_status":"closed","ping_status":"closed","template":"","meta":{"_bbp_topic_count":0,"_bbp_reply_count":0,"_bbp_total_topic_count":0,"_bbp_total_reply_count":0,"_bbp_voice_count":0,"_bbp_anonymous_reply_count":0,"_bbp_topic_count_hidden":0,"_bbp_reply_count_hidden":0,"_bbp_forum_subforum_count":0,"site-sidebar-layout":"default","site-content-layout":"","ast-site-content-layout":"default","site-content-style":"default","site-sidebar-style":"default","ast-global-header-display":"","ast-banner-title-visibility":"","ast-main-header-display":"","ast-hfb-above-header-display":"","ast-hfb-below-header-display":"","ast-hfb-mobile-header-display":"","site-post-title":"","ast-breadcrumbs-content":"","ast-featured-img":"","footer-sml-layout":"","theme-transparent-header-meta":"","adv-header-id-meta":"","stick-header-meta":"","header-above-stick-meta":"","header-main-stick-meta":"","header-below-stick-meta":"","astra-migrate-meta-layouts":"set","ast-page-background-enabled":"default","ast-page-background-meta":{"desktop":{"background-color":"var(--ast-global-color-4)","background-image":"","background-repeat":"repeat","background-position":"center center","background-size":"auto","background-attachment":"scroll","background-type":"","background-media":"","overlay-type":"","overlay-color":"","overlay-opacity":"","overlay-gradient":""},"tablet":{"background-color":"","background-image":"","background-repeat":"repeat","background-position":"center center","background-size":"auto","background-attachment":"scroll","background-type":"","background-media":"","overlay-type":"","overlay-color":"","overlay-opacity":"","overlay-gradient":""},"mobile":{"background-color":"","background-image":"","background-repeat":"repeat","background-position":"center center","background-size":"auto","background-attachment":"scroll","background-type":"","background-media":"","overlay-type":"","overlay-color":"","overlay-opacity":"","overlay-gradient":""}},"ast-content-background-meta":{"desktop":{"background-color":"var(--ast-global-color-5)","background-image":"","background-repeat":"repeat","background-position":"center center","background-size":"auto","background-attachment":"scroll","background-type":"","background-media":"","overlay-type":"","overlay-color":"","overlay-opacity":"","overlay-gradient":""},"tablet":{"background-color":"var(--ast-global-color-5)","background-image":"","background-repeat":"repeat","background-position":"center center","background-size":"auto","background-attachment":"scroll","background-type":"","background-media":"","overlay-type":"","overlay-color":"","overlay-opacity":"","overlay-gradient":""},"mobile":{"background-color":"var(--ast-global-color-5)","background-image":"","background-repeat":"repeat","background-position":"center center","background-size":"auto","background-attachment":"scroll","background-type":"","background-media":"","overlay-type":"","overlay-color":"","overlay-opacity":"","overlay-gradient":""}},"footnotes":""},"class_list":["post-3447","page","type-page","status-publish","hentry"],"post_mailing_queue_ids":[],"_links":{"self":[{"href":"https:\/\/agora.xtec.cat\/ceip-elsagrer\/wp-json\/wp\/v2\/pages\/3447","targetHints":{"allow":["GET"]}}],"collection":[{"href":"https:\/\/agora.xtec.cat\/ceip-elsagrer\/wp-json\/wp\/v2\/pages"}],"about":[{"href":"https:\/\/agora.xtec.cat\/ceip-elsagrer\/wp-json\/wp\/v2\/types\/page"}],"author":[{"embeddable":true,"href":"https:\/\/agora.xtec.cat\/ceip-elsagrer\/wp-json\/wp\/v2\/users\/17"}],"replies":[{"embeddable":true,"href":"https:\/\/agora.xtec.cat\/ceip-elsagrer\/wp-json\/wp\/v2\/comments?post=3447"}],"version-history":[{"count":6,"href":"https:\/\/agora.xtec.cat\/ceip-elsagrer\/wp-json\/wp\/v2\/pages\/3447\/revisions"}],"predecessor-version":[{"id":8409,"href":"https:\/\/agora.xtec.cat\/ceip-elsagrer\/wp-json\/wp\/v2\/pages\/3447\/revisions\/8409"}],"up":[{"embeddable":true,"href":"https:\/\/agora.xtec.cat\/ceip-elsagrer\/wp-json\/wp\/v2\/pages\/8404"}],"wp:attachment":[{"href":"https:\/\/agora.xtec.cat\/ceip-elsagrer\/wp-json\/wp\/v2\/media?parent=3447"}],"curies":[{"name":"wp","href":"https:\/\/api.w.org\/{rel}","templated":true}]}}