{"id":3396,"date":"2022-10-22T22:05:34","date_gmt":"2022-10-22T20:05:34","guid":{"rendered":"https:\/\/agora.xtec.cat\/ceip-elsagrer\/?page_id=3396"},"modified":"2025-10-30T23:03:13","modified_gmt":"2025-10-30T22:03:13","slug":"objectius-i-organitzacio-servei-mati","status":"publish","type":"page","link":"https:\/\/agora.xtec.cat\/ceip-elsagrer\/portada-afa\/comissio-servei-mati-i-tarda\/objectius-i-organitzacio-servei-mati\/","title":{"rendered":"Servei Mat\u00ed"},"content":{"rendered":"<p>El servei mat\u00ed est\u00e0 destinat a atendre els nens i les nenes de l\u2019escola en l\u2019horari de 7.30h a 9.00h del mat\u00ed. Durant aquest temps es realitzen diverses activitats d\u2019atenci\u00f3 i\/o educatives que van des d\u2019esmorzar en un ambient tranquil (el que les fam\u00edlies els hi posen) a participar en jocs proposats per les monitores, mirar i llegir contes, acabar feines d\u2019escola, etc .<\/p>\n<p>El servei mat\u00ed s&#8217;inicia el primer dia d&#8217;escola al setembre i fins que acaben les classes al mes de juny.<\/p>\n<p>Durant el funcionament del servei mat\u00ed, s\u2019utilitzen diferents espais de l\u2019escola:<\/p>\n<p><strong>ENTRADA:<\/strong> en aquest espai estan tots els jocs de construcci\u00f3, de diferents dificultats per abra\u00e7ar el m\u00e0xim d\u2019edats.<\/p>\n<p><strong>PASSAD\u00cdS CICLE SUPERIOR:<\/strong> una taula es destina per acollir els infants amb esmorzar, atesos per una monitora.<\/p>\n<p>La resta de taules estan destinades als jocs de taula pr\u00f2piament dits (puzles, jocs de cartes, escacs, parx\u00eds&#8230;.)<\/p>\n<p><strong>BIBLIOTECA: \u00a0<\/strong>els infants troben diferents llibres, tant de contes com de c\u00f2mics per llegir o mirar.<br \/>\nUna taula es destina per tots aquells nens i nenes que han de fer alguna feina d\u2019escola, sobre tot els de cicle superior. Tamb\u00e9 donem cabuda a poder dibuixar.<\/p>\n<p><strong>PATIS:<\/strong> els patis son la pista gran, el pati de sorra i la pista petita del roc\u00f2drom.<\/p>\n","protected":false},"excerpt":{"rendered":"<p>El servei mat\u00ed est\u00e0 destinat a atendre els nens i les nenes de l\u2019escola en l\u2019horari de 7.30h a 9.00h del mat\u00ed. Durant aquest temps es realitzen diverses activitats d\u2019atenci\u00f3 i\/o educatives que van des d\u2019esmorzar en un ambient tranquil (el que les fam\u00edlies els hi posen) a participar en jocs proposats per les monitores, [&hellip;]<\/p>\n","protected":false},"author":17,"featured_media":0,"parent":8380,"menu_order":1,"comment_status":"closed","ping_status":"closed","template":"","meta":{"_bbp_topic_count":0,"_bbp_reply_count":0,"_bbp_total_topic_count":0,"_bbp_total_reply_count":0,"_bbp_voice_count":0,"_bbp_anonymous_reply_count":0,"_bbp_topic_count_hidden":0,"_bbp_reply_count_hidden":0,"_bbp_forum_subforum_count":0,"site-sidebar-layout":"default","site-content-layout":"","ast-site-content-layout":"default","site-content-style":"default","site-sidebar-style":"default","ast-global-header-display":"","ast-banner-title-visibility":"","ast-main-header-display":"","ast-hfb-above-header-display":"","ast-hfb-below-header-display":"","ast-hfb-mobile-header-display":"","site-post-title":"","ast-breadcrumbs-content":"","ast-featured-img":"","footer-sml-layout":"","theme-transparent-header-meta":"","adv-header-id-meta":"","stick-header-meta":"","header-above-stick-meta":"","header-main-stick-meta":"","header-below-stick-meta":"","astra-migrate-meta-layouts":"set","ast-page-background-enabled":"default","ast-page-background-meta":{"desktop":{"background-color":"var(--ast-global-color-4)","background-image":"","background-repeat":"repeat","background-position":"center center","background-size":"auto","background-attachment":"scroll","background-type":"","background-media":"","overlay-type":"","overlay-color":"","overlay-opacity":"","overlay-gradient":""},"tablet":{"background-color":"","background-image":"","background-repeat":"repeat","background-position":"center center","background-size":"auto","background-attachment":"scroll","background-type":"","background-media":"","overlay-type":"","overlay-color":"","overlay-opacity":"","overlay-gradient":""},"mobile":{"background-color":"","background-image":"","background-repeat":"repeat","background-position":"center center","background-size":"auto","background-attachment":"scroll","background-type":"","background-media":"","overlay-type":"","overlay-color":"","overlay-opacity":"","overlay-gradient":""}},"ast-content-background-meta":{"desktop":{"background-color":"var(--ast-global-color-5)","background-image":"","background-repeat":"repeat","background-position":"center center","background-size":"auto","background-attachment":"scroll","background-type":"","background-media":"","overlay-type":"","overlay-color":"","overlay-opacity":"","overlay-gradient":""},"tablet":{"background-color":"var(--ast-global-color-5)","background-image":"","background-repeat":"repeat","background-position":"center center","background-size":"auto","background-attachment":"scroll","background-type":"","background-media":"","overlay-type":"","overlay-color":"","overlay-opacity":"","overlay-gradient":""},"mobile":{"background-color":"var(--ast-global-color-5)","background-image":"","background-repeat":"repeat","background-position":"center center","background-size":"auto","background-attachment":"scroll","background-type":"","background-media":"","overlay-type":"","overlay-color":"","overlay-opacity":"","overlay-gradient":""}},"footnotes":""},"class_list":["post-3396","page","type-page","status-publish","hentry"],"post_mailing_queue_ids":[],"_links":{"self":[{"href":"https:\/\/agora.xtec.cat\/ceip-elsagrer\/wp-json\/wp\/v2\/pages\/3396","targetHints":{"allow":["GET"]}}],"collection":[{"href":"https:\/\/agora.xtec.cat\/ceip-elsagrer\/wp-json\/wp\/v2\/pages"}],"about":[{"href":"https:\/\/agora.xtec.cat\/ceip-elsagrer\/wp-json\/wp\/v2\/types\/page"}],"author":[{"embeddable":true,"href":"https:\/\/agora.xtec.cat\/ceip-elsagrer\/wp-json\/wp\/v2\/users\/17"}],"replies":[{"embeddable":true,"href":"https:\/\/agora.xtec.cat\/ceip-elsagrer\/wp-json\/wp\/v2\/comments?post=3396"}],"version-history":[{"count":6,"href":"https:\/\/agora.xtec.cat\/ceip-elsagrer\/wp-json\/wp\/v2\/pages\/3396\/revisions"}],"predecessor-version":[{"id":8386,"href":"https:\/\/agora.xtec.cat\/ceip-elsagrer\/wp-json\/wp\/v2\/pages\/3396\/revisions\/8386"}],"up":[{"embeddable":true,"href":"https:\/\/agora.xtec.cat\/ceip-elsagrer\/wp-json\/wp\/v2\/pages\/8380"}],"wp:attachment":[{"href":"https:\/\/agora.xtec.cat\/ceip-elsagrer\/wp-json\/wp\/v2\/media?parent=3396"}],"curies":[{"name":"wp","href":"https:\/\/api.w.org\/{rel}","templated":true}]}}