{"id":3367,"date":"2022-10-22T21:00:12","date_gmt":"2022-10-22T19:00:12","guid":{"rendered":"https:\/\/agora.xtec.cat\/ceip-elsagrer\/?page_id=3367"},"modified":"2025-11-13T02:15:54","modified_gmt":"2025-11-13T01:15:54","slug":"activitats-de-socis","status":"publish","type":"page","link":"https:\/\/agora.xtec.cat\/ceip-elsagrer\/portada-afa\/comissio-dextraescolars\/activitats-de-socis\/","title":{"rendered":"Activitats de socis"},"content":{"rendered":"<p>Els socis de l&#8217;AFA que ho volen s&#8217;<strong>organitzen per fer algunes activitats a l&#8217;espai de l&#8217;escola<\/strong>. Les activitats s\u00f3n\u00a0<strong>obertes<\/strong>\u00a0a altres persones que no formen part de la comunitat del Sagrer per\u00f2 en aquest cas han de pagar la quota de l&#8217;associaci\u00f3 per participar-hi.<\/p>\n<p>La\u00a0<strong>comissi\u00f3 estudia les sol\u00b7licituds<\/strong> que els pares i mares, fam\u00edlies antigues, exalumnes i persones externes a l&#8217;Escola fan dels espais del Centre per fer una determinada activitat. El seu desenvolupament est\u00e0 condicionat al compliment per part dels grups dels requisits establerts per l&#8217;AFA, i, de no ser aix\u00ed, comunicar-ho al <a href=\"https:\/\/agora.xtec.cat\/ceip-elsagrer\/participacio\/consell-escolar\/\">Consell Escolar<\/a>\u00a0perqu\u00e8 decideixi. Els requisits s&#8217;han adoptat tenint en compte la col\u00b7laboraci\u00f3 i sensibilitat del Centre amb les fam\u00edlies, exmembres de El Sagrer, exalumnes i amb el barri.<\/p>\n<p>La participaci\u00f3 en les activitats que s&#8217;organitzen \u00e9s important perqu\u00e8 es d\u00f3na soluci\u00f3 a necessitats de grups organitzats, fet que es reflecteix en el nombre i varietat de les que s&#8217;ofereixen.<\/p>\n<p>A tall d&#8217;exemple es fan o s&#8217;han fet activitats com futbol sala, dansa jazz, batuka,\u00a0pilates, patinatge en l\u00ednia,\u00a0tennis taula, balls de sal\u00f3, b\u00e0squet, v\u00f2lei, zumba, aikido,\u00a0<a href=\"https:\/\/agora.xtec.cat\/ceip-elsagrer\/categoria\/activitats\/coral\/\" target=\"_self\" rel=\"noopener\">la Coral<\/a>\u00a0i els\u00a0<a href=\"https:\/\/agora.xtec.cat\/ceip-elsagrer\/portada-afa\/altres-activitats-de-lafa\/qui-som-2\/\" target=\"_self\" rel=\"noopener\">Tabalers &#8220;Fumets de La Sagrera&#8221;.<\/a>\u00a0Destaquem aquestes dues \u00faltimes activitats per la seva\u00a0<strong>transcend\u00e8ncia cultural i en la vida del centre i del barri.\u00a0<\/strong><\/p>\n","protected":false},"excerpt":{"rendered":"<p>Els socis de l&#8217;AFA que ho volen s&#8217;organitzen per fer algunes activitats a l&#8217;espai de l&#8217;escola. Les activitats s\u00f3n\u00a0obertes\u00a0a altres persones que no formen part de la comunitat del Sagrer per\u00f2 en aquest cas han de pagar la quota de l&#8217;associaci\u00f3 per participar-hi. La\u00a0comissi\u00f3 estudia les sol\u00b7licituds que els pares i mares, fam\u00edlies antigues, exalumnes [&hellip;]<\/p>\n","protected":false},"author":17,"featured_media":0,"parent":8356,"menu_order":3,"comment_status":"closed","ping_status":"closed","template":"","meta":{"_bbp_topic_count":0,"_bbp_reply_count":0,"_bbp_total_topic_count":0,"_bbp_total_reply_count":0,"_bbp_voice_count":0,"_bbp_anonymous_reply_count":0,"_bbp_topic_count_hidden":0,"_bbp_reply_count_hidden":0,"_bbp_forum_subforum_count":0,"site-sidebar-layout":"default","site-content-layout":"","ast-site-content-layout":"default","site-content-style":"default","site-sidebar-style":"default","ast-global-header-display":"","ast-banner-title-visibility":"","ast-main-header-display":"","ast-hfb-above-header-display":"","ast-hfb-below-header-display":"","ast-hfb-mobile-header-display":"","site-post-title":"","ast-breadcrumbs-content":"","ast-featured-img":"","footer-sml-layout":"","theme-transparent-header-meta":"","adv-header-id-meta":"","stick-header-meta":"","header-above-stick-meta":"","header-main-stick-meta":"","header-below-stick-meta":"","astra-migrate-meta-layouts":"set","ast-page-background-enabled":"default","ast-page-background-meta":{"desktop":{"background-color":"var(--ast-global-color-4)","background-image":"","background-repeat":"repeat","background-position":"center center","background-size":"auto","background-attachment":"scroll","background-type":"","background-media":"","overlay-type":"","overlay-color":"","overlay-opacity":"","overlay-gradient":""},"tablet":{"background-color":"","background-image":"","background-repeat":"repeat","background-position":"center center","background-size":"auto","background-attachment":"scroll","background-type":"","background-media":"","overlay-type":"","overlay-color":"","overlay-opacity":"","overlay-gradient":""},"mobile":{"background-color":"","background-image":"","background-repeat":"repeat","background-position":"center center","background-size":"auto","background-attachment":"scroll","background-type":"","background-media":"","overlay-type":"","overlay-color":"","overlay-opacity":"","overlay-gradient":""}},"ast-content-background-meta":{"desktop":{"background-color":"var(--ast-global-color-5)","background-image":"","background-repeat":"repeat","background-position":"center center","background-size":"auto","background-attachment":"scroll","background-type":"","background-media":"","overlay-type":"","overlay-color":"","overlay-opacity":"","overlay-gradient":""},"tablet":{"background-color":"var(--ast-global-color-5)","background-image":"","background-repeat":"repeat","background-position":"center center","background-size":"auto","background-attachment":"scroll","background-type":"","background-media":"","overlay-type":"","overlay-color":"","overlay-opacity":"","overlay-gradient":""},"mobile":{"background-color":"var(--ast-global-color-5)","background-image":"","background-repeat":"repeat","background-position":"center center","background-size":"auto","background-attachment":"scroll","background-type":"","background-media":"","overlay-type":"","overlay-color":"","overlay-opacity":"","overlay-gradient":""}},"footnotes":""},"class_list":["post-3367","page","type-page","status-publish","hentry"],"post_mailing_queue_ids":[],"_links":{"self":[{"href":"https:\/\/agora.xtec.cat\/ceip-elsagrer\/wp-json\/wp\/v2\/pages\/3367","targetHints":{"allow":["GET"]}}],"collection":[{"href":"https:\/\/agora.xtec.cat\/ceip-elsagrer\/wp-json\/wp\/v2\/pages"}],"about":[{"href":"https:\/\/agora.xtec.cat\/ceip-elsagrer\/wp-json\/wp\/v2\/types\/page"}],"author":[{"embeddable":true,"href":"https:\/\/agora.xtec.cat\/ceip-elsagrer\/wp-json\/wp\/v2\/users\/17"}],"replies":[{"embeddable":true,"href":"https:\/\/agora.xtec.cat\/ceip-elsagrer\/wp-json\/wp\/v2\/comments?post=3367"}],"version-history":[{"count":6,"href":"https:\/\/agora.xtec.cat\/ceip-elsagrer\/wp-json\/wp\/v2\/pages\/3367\/revisions"}],"predecessor-version":[{"id":8487,"href":"https:\/\/agora.xtec.cat\/ceip-elsagrer\/wp-json\/wp\/v2\/pages\/3367\/revisions\/8487"}],"up":[{"embeddable":true,"href":"https:\/\/agora.xtec.cat\/ceip-elsagrer\/wp-json\/wp\/v2\/pages\/8356"}],"wp:attachment":[{"href":"https:\/\/agora.xtec.cat\/ceip-elsagrer\/wp-json\/wp\/v2\/media?parent=3367"}],"curies":[{"name":"wp","href":"https:\/\/api.w.org\/{rel}","templated":true}]}}