{"id":3342,"date":"2022-10-22T20:00:15","date_gmt":"2022-10-22T18:00:15","guid":{"rendered":"https:\/\/agora.xtec.cat\/ceip-elsagrer\/?page_id=3342"},"modified":"2025-10-26T10:45:00","modified_gmt":"2025-10-26T09:45:00","slug":"objectius-i-organitzacio-espai-migdia","status":"publish","type":"page","link":"https:\/\/agora.xtec.cat\/ceip-elsagrer\/portada-afa\/comissio-espai-migdia\/objectius-i-organitzacio-espai-migdia\/","title":{"rendered":"Objectius i organitzaci\u00f3 Espai Migdia"},"content":{"rendered":"<h3><\/h3>\n<p><img loading=\"lazy\" decoding=\"async\" class=\"size-full wp-image-3122 aligncenter\" src=\"https:\/\/agora.xtec.cat\/ceip-elsagrer\/wp-content\/uploads\/usu2270\/2022\/07\/1-3.jpeg\" alt=\"\" width=\"400\" height=\"300\" srcset=\"https:\/\/agora.xtec.cat\/ceip-elsagrer\/wp-content\/uploads\/usu2270\/2022\/07\/1-3.jpeg 400w, https:\/\/agora.xtec.cat\/ceip-elsagrer\/wp-content\/uploads\/usu2270\/2022\/07\/1-3-300x225.jpeg 300w, https:\/\/agora.xtec.cat\/ceip-elsagrer\/wp-content\/uploads\/usu2270\/2022\/07\/1-3-200x150.jpeg 200w\" sizes=\"auto, (max-width: 400px) 100vw, 400px\" \/><\/p>\n<p>L\u00b4 Espai Migdia \u00e9s el<strong>\u00a0servei gestionat<\/strong>\u00a0per l\u00b4<a href=\"https:\/\/agora.xtec.cat\/ceip-elsagrer\/categoria\/portada-afa\/\">AFA<\/a>\u00a0 que s\u00b4ocupa de la franja \u00a0hor\u00e0ria no lectiva \u00a0(12:30 h a 15 h) i que permet als infants dinar i tenir una bona estona di\u00e0ria d&#8217;esbarjo i de descans .<\/p>\n<p>El nostre objectiu \u00e9s\u00a0<strong>donar el mateix valor al servei de menjador que a la resta d\u2019activitats<\/strong>\u00a0que fem a l\u2019escola, de tal manera que es converteixi en un\u00a0<strong>espai educatiu integrat<\/strong>.<\/p>\n<p>Volem acompanyar els infants en el seu desenvolupament com a\u00a0<strong>persones aut\u00f2nomes, responsables i h\u00e0bils, treballar h\u00e0bits i actituds i generar din\u00e0miques socials saludables<\/strong>\u00a0i enriquidores en un ambient relaxat.<\/p>\n<p>L\u00b4Espai migdia t\u00e9 uns\u00a0<strong>objectius<\/strong>\u00a0clars. \u00a0En aquest sentit ens esforcem dia a dia per assolir-los amb\u00a0<strong>estrat\u00e8gies<\/strong> i <strong>\u201cpetits grans projectes<\/strong>\u201d que ens diferencien, com ara s\u00f3n:<\/p>\n<ul>\n<li style=\"list-style-type: none;\">\n<ul>\n<li><strong>L&#8217;apadrinament<\/strong> que fan els nens de I5 als de I4 (els grans ensenyen a fer\u00a0 els \u00a0c\u00e0rrecs i col.laboren a que els petits aprenguin a pelar fruita).<\/li>\n<li>L\u2019elaboraci\u00f3 d\u00b4<strong>informes<\/strong> mitjan\u00e7ant l\u00b4autoavaluaci\u00f3 dels alumnes amb unes graelles i creant un interessant \u201cfeed back\u201d\u00a0 monitor-alumne.<\/li>\n<li>Instauraci\u00f3 d\u2019un dia setmanal sense pilotes (per\u00f2 amb patinets!)<\/li>\n<li><span style=\"font-size: revert; color: initial;\">Incorporaci\u00f3 \u00a0<strong>d\u2019activitats<\/strong> o petits tallers puntuals (teatres, titelles, manualitats)<\/span><\/li>\n<\/ul>\n<\/li>\n<\/ul>\n<p>Mitjan\u00e7ant\u00a0<strong>reunions<\/strong>\u00a0mensuals amb la\u00a0<strong>directiva de l\u00b4escola<\/strong>, l\u00b4Espai Migdia es coordina per donar forma a un projecte que considerem global i la intenci\u00f3 de millorar es plasma en futurs plans com el d\u00b4introduir la m\u00fasica ambiental al dinar dels infants d&#8217;educaci\u00f3 infantil.<\/p>\n<p>Volem aprofitar el temps i \u00e9s per aix\u00f2 que no ens limitem a servir el dinar. Val a dir que \u00e9s bon\u00edssim! i <strong>cuinat a la nostra escola<\/strong>. Una cuina basada en l\u2019alimentaci\u00f3 de qualitat i vetllant per la salut. Una\u00a0cuina\u00a0amb<strong>\u00a0producte fresc, de temporada<\/strong>, de proximitat i que vetlla per cobrir les necessitats i la diversitats de tots els infants que gaudeixen del nostre servei.<\/p>\n<p>Des de l\u2019espai migdia entenem que els alumnes es troben en una etapa vital on s\u2019ha de garantir una\u00a0<strong>dieta adequada i equilibrada<\/strong>\u00a0que n\u2019afavoreixi el creixement. \u00c9s per aix\u00f2 que el cuiner en cap elabora diferents propostes de men\u00fa adients per atendre tots els usuaris que pateixen intoler\u00e0ncies o al.l\u00e8rgies aliment\u00e0ries.<\/p>\n<p>Bon profit!<\/p>\n<h1>DURACI\u00d3<\/h1>\n<div id=\"separadorContinguts\"><span style=\"font-size: revert; color: initial;\">L&#8217;Espai Migdia est\u00e0 actiu tots els dies del calendari escolar. S&#8217;inicia el primer dia d&#8217;escola al setembre i dura fins que acaben les clases al mes de juny.<\/span><\/div>\n","protected":false},"excerpt":{"rendered":"<p>L\u00b4 Espai Migdia \u00e9s el\u00a0servei gestionat\u00a0per l\u00b4AFA\u00a0 que s\u00b4ocupa de la franja \u00a0hor\u00e0ria no lectiva \u00a0(12:30 h a 15 h) i que permet als infants dinar i tenir una bona estona di\u00e0ria d&#8217;esbarjo i de descans . El nostre objectiu \u00e9s\u00a0donar el mateix valor al servei de menjador que a la resta d\u2019activitats\u00a0que fem a [&hellip;]<\/p>\n","protected":false},"author":17,"featured_media":0,"parent":8341,"menu_order":1,"comment_status":"closed","ping_status":"closed","template":"","meta":{"_bbp_topic_count":0,"_bbp_reply_count":0,"_bbp_total_topic_count":0,"_bbp_total_reply_count":0,"_bbp_voice_count":0,"_bbp_anonymous_reply_count":0,"_bbp_topic_count_hidden":0,"_bbp_reply_count_hidden":0,"_bbp_forum_subforum_count":0,"site-sidebar-layout":"default","site-content-layout":"","ast-site-content-layout":"default","site-content-style":"default","site-sidebar-style":"default","ast-global-header-display":"","ast-banner-title-visibility":"","ast-main-header-display":"","ast-hfb-above-header-display":"","ast-hfb-below-header-display":"","ast-hfb-mobile-header-display":"","site-post-title":"","ast-breadcrumbs-content":"","ast-featured-img":"","footer-sml-layout":"","theme-transparent-header-meta":"","adv-header-id-meta":"","stick-header-meta":"","header-above-stick-meta":"","header-main-stick-meta":"","header-below-stick-meta":"","astra-migrate-meta-layouts":"set","ast-page-background-enabled":"default","ast-page-background-meta":{"desktop":{"background-color":"var(--ast-global-color-4)","background-image":"","background-repeat":"repeat","background-position":"center center","background-size":"auto","background-attachment":"scroll","background-type":"","background-media":"","overlay-type":"","overlay-color":"","overlay-opacity":"","overlay-gradient":""},"tablet":{"background-color":"","background-image":"","background-repeat":"repeat","background-position":"center center","background-size":"auto","background-attachment":"scroll","background-type":"","background-media":"","overlay-type":"","overlay-color":"","overlay-opacity":"","overlay-gradient":""},"mobile":{"background-color":"","background-image":"","background-repeat":"repeat","background-position":"center center","background-size":"auto","background-attachment":"scroll","background-type":"","background-media":"","overlay-type":"","overlay-color":"","overlay-opacity":"","overlay-gradient":""}},"ast-content-background-meta":{"desktop":{"background-color":"var(--ast-global-color-5)","background-image":"","background-repeat":"repeat","background-position":"center center","background-size":"auto","background-attachment":"scroll","background-type":"","background-media":"","overlay-type":"","overlay-color":"","overlay-opacity":"","overlay-gradient":""},"tablet":{"background-color":"var(--ast-global-color-5)","background-image":"","background-repeat":"repeat","background-position":"center center","background-size":"auto","background-attachment":"scroll","background-type":"","background-media":"","overlay-type":"","overlay-color":"","overlay-opacity":"","overlay-gradient":""},"mobile":{"background-color":"var(--ast-global-color-5)","background-image":"","background-repeat":"repeat","background-position":"center center","background-size":"auto","background-attachment":"scroll","background-type":"","background-media":"","overlay-type":"","overlay-color":"","overlay-opacity":"","overlay-gradient":""}},"footnotes":""},"class_list":["post-3342","page","type-page","status-publish","hentry"],"post_mailing_queue_ids":[],"_links":{"self":[{"href":"https:\/\/agora.xtec.cat\/ceip-elsagrer\/wp-json\/wp\/v2\/pages\/3342","targetHints":{"allow":["GET"]}}],"collection":[{"href":"https:\/\/agora.xtec.cat\/ceip-elsagrer\/wp-json\/wp\/v2\/pages"}],"about":[{"href":"https:\/\/agora.xtec.cat\/ceip-elsagrer\/wp-json\/wp\/v2\/types\/page"}],"author":[{"embeddable":true,"href":"https:\/\/agora.xtec.cat\/ceip-elsagrer\/wp-json\/wp\/v2\/users\/17"}],"replies":[{"embeddable":true,"href":"https:\/\/agora.xtec.cat\/ceip-elsagrer\/wp-json\/wp\/v2\/comments?post=3342"}],"version-history":[{"count":6,"href":"https:\/\/agora.xtec.cat\/ceip-elsagrer\/wp-json\/wp\/v2\/pages\/3342\/revisions"}],"predecessor-version":[{"id":8347,"href":"https:\/\/agora.xtec.cat\/ceip-elsagrer\/wp-json\/wp\/v2\/pages\/3342\/revisions\/8347"}],"up":[{"embeddable":true,"href":"https:\/\/agora.xtec.cat\/ceip-elsagrer\/wp-json\/wp\/v2\/pages\/8341"}],"wp:attachment":[{"href":"https:\/\/agora.xtec.cat\/ceip-elsagrer\/wp-json\/wp\/v2\/media?parent=3342"}],"curies":[{"name":"wp","href":"https:\/\/api.w.org\/{rel}","templated":true}]}}