{"id":3290,"date":"2022-10-22T18:54:02","date_gmt":"2022-10-22T16:54:02","guid":{"rendered":"https:\/\/agora.xtec.cat\/ceip-elsagrer\/?page_id=3290"},"modified":"2025-12-16T00:03:49","modified_gmt":"2025-12-15T23:03:49","slug":"comissions","status":"publish","type":"page","link":"https:\/\/agora.xtec.cat\/ceip-elsagrer\/comissions\/","title":{"rendered":"COMISSIONS"},"content":{"rendered":"<p>Les\u00a0<strong>Comissions<\/strong>\u00a0constitueixen<strong>\u00a0grups de treball delegats<\/strong>\u00a0de la\u00a0Junta Directiva\u00a0per tal d&#8217;assolir els objectius que en cada moment s&#8217;estableixen a l&#8217;associaci\u00f3. Aquestes comissions tenen, en la majoria de casos, un representant o\u00a0<strong>vocal<\/strong>\u00a0a la Junta Directiva.<\/p>\n<p>La din\u00e0mica de treball de les comissions \u00e9s\u00a0<strong>aut\u00f2noma<\/strong>\u00a0i ve marcada per les caracter\u00edstiques del seu \u00e0mbit. Les Comissions actuals s\u00f3n les seg\u00fcents:<\/p>\n<p>\u25a0 <a href=\"https:\/\/agora.xtec.cat\/ceip-elsagrer\/categoria\/espai-migdia\/\">Espai Migdia<\/a><br \/>\n\u25a0\u00a0<a href=\"https:\/\/agora.xtec.cat\/ceip-elsagrer\/categoria\/activitats-extraescolars\/\">Esports, Activitats Extraescolars i de Socis<\/a><br \/>\n\u25a0\u00a0<a href=\"https:\/\/agora.xtec.cat\/ceip-elsagrer\/categoria\/servei-mati-i-tarda\/\">Servei Mat\u00ed i Tarda<\/a><br \/>\n\u25a0 <a href=\"https:\/\/agora.xtec.cat\/ceip-elsagrer\/categoria\/escola-de-families\/\">Fam\u00edlies i Inclusi\u00f3<\/a><br \/>\n\u25a0<a href=\"https:\/\/agora.xtec.cat\/ceip-elsagrer\/categoria\/el-butlleti\/\">\u00a0El Butllet\u00ed<\/a><br \/>\n\u25a0\u00a0<a href=\"https:\/\/agora.xtec.cat\/ceip-elsagrer\/categoria\/relacions-externes\/\">Relacions Externes<\/a><br \/>\n\u25a0 <a href=\"https:\/\/agora.xtec.cat\/ceip-elsagrer\/categoria\/casals-destiu\/\">Casals<\/a><br \/>\n\u25a0\u00a0<a href=\"https:\/\/agora.xtec.cat\/ceip-elsagrer\/portada-afa\/comissio-de-festes\/\">Festes<\/a><br \/>\n\u25a0 <a href=\"https:\/\/agora.xtec.cat\/ceip-elsagrer\/portada-afa\/comissio-de-comunicacio-digital\/\">Comunicaci\u00f3 Digital<\/a><br \/>\n\u25a0\u00a0<a href=\"https:\/\/agora.xtec.cat\/ceip-elsagrer\/categoria\/intercanvi-de-llibres\/\">Intercanvi de Llibres<\/a><\/p>\n","protected":false},"excerpt":{"rendered":"<p>Les\u00a0Comissions\u00a0constitueixen\u00a0grups de treball delegats\u00a0de la\u00a0Junta Directiva\u00a0per tal d&#8217;assolir els objectius que en cada moment s&#8217;estableixen a l&#8217;associaci\u00f3. Aquestes comissions tenen, en la majoria de casos, un representant o\u00a0vocal\u00a0a la Junta Directiva. La din\u00e0mica de treball de les comissions \u00e9s\u00a0aut\u00f2noma\u00a0i ve marcada per les caracter\u00edstiques del seu \u00e0mbit. Les Comissions actuals s\u00f3n les seg\u00fcents: \u25a0 Espai [&hellip;]<\/p>\n","protected":false},"author":17,"featured_media":0,"parent":0,"menu_order":0,"comment_status":"closed","ping_status":"closed","template":"","meta":{"_bbp_topic_count":0,"_bbp_reply_count":0,"_bbp_total_topic_count":0,"_bbp_total_reply_count":0,"_bbp_voice_count":0,"_bbp_anonymous_reply_count":0,"_bbp_topic_count_hidden":0,"_bbp_reply_count_hidden":0,"_bbp_forum_subforum_count":0,"site-sidebar-layout":"default","site-content-layout":"","ast-site-content-layout":"default","site-content-style":"default","site-sidebar-style":"default","ast-global-header-display":"","ast-banner-title-visibility":"","ast-main-header-display":"","ast-hfb-above-header-display":"","ast-hfb-below-header-display":"","ast-hfb-mobile-header-display":"","site-post-title":"","ast-breadcrumbs-content":"","ast-featured-img":"","footer-sml-layout":"","theme-transparent-header-meta":"","adv-header-id-meta":"","stick-header-meta":"","header-above-stick-meta":"","header-main-stick-meta":"","header-below-stick-meta":"","astra-migrate-meta-layouts":"set","ast-page-background-enabled":"default","ast-page-background-meta":{"desktop":{"background-color":"var(--ast-global-color-4)","background-image":"","background-repeat":"repeat","background-position":"center center","background-size":"auto","background-attachment":"scroll","background-type":"","background-media":"","overlay-type":"","overlay-color":"","overlay-opacity":"","overlay-gradient":""},"tablet":{"background-color":"","background-image":"","background-repeat":"repeat","background-position":"center center","background-size":"auto","background-attachment":"scroll","background-type":"","background-media":"","overlay-type":"","overlay-color":"","overlay-opacity":"","overlay-gradient":""},"mobile":{"background-color":"","background-image":"","background-repeat":"repeat","background-position":"center center","background-size":"auto","background-attachment":"scroll","background-type":"","background-media":"","overlay-type":"","overlay-color":"","overlay-opacity":"","overlay-gradient":""}},"ast-content-background-meta":{"desktop":{"background-color":"var(--ast-global-color-5)","background-image":"","background-repeat":"repeat","background-position":"center center","background-size":"auto","background-attachment":"scroll","background-type":"","background-media":"","overlay-type":"","overlay-color":"","overlay-opacity":"","overlay-gradient":""},"tablet":{"background-color":"var(--ast-global-color-5)","background-image":"","background-repeat":"repeat","background-position":"center center","background-size":"auto","background-attachment":"scroll","background-type":"","background-media":"","overlay-type":"","overlay-color":"","overlay-opacity":"","overlay-gradient":""},"mobile":{"background-color":"var(--ast-global-color-5)","background-image":"","background-repeat":"repeat","background-position":"center center","background-size":"auto","background-attachment":"scroll","background-type":"","background-media":"","overlay-type":"","overlay-color":"","overlay-opacity":"","overlay-gradient":""}},"footnotes":""},"class_list":["post-3290","page","type-page","status-publish","hentry"],"post_mailing_queue_ids":[],"_links":{"self":[{"href":"https:\/\/agora.xtec.cat\/ceip-elsagrer\/wp-json\/wp\/v2\/pages\/3290","targetHints":{"allow":["GET"]}}],"collection":[{"href":"https:\/\/agora.xtec.cat\/ceip-elsagrer\/wp-json\/wp\/v2\/pages"}],"about":[{"href":"https:\/\/agora.xtec.cat\/ceip-elsagrer\/wp-json\/wp\/v2\/types\/page"}],"author":[{"embeddable":true,"href":"https:\/\/agora.xtec.cat\/ceip-elsagrer\/wp-json\/wp\/v2\/users\/17"}],"replies":[{"embeddable":true,"href":"https:\/\/agora.xtec.cat\/ceip-elsagrer\/wp-json\/wp\/v2\/comments?post=3290"}],"version-history":[{"count":6,"href":"https:\/\/agora.xtec.cat\/ceip-elsagrer\/wp-json\/wp\/v2\/pages\/3290\/revisions"}],"predecessor-version":[{"id":8687,"href":"https:\/\/agora.xtec.cat\/ceip-elsagrer\/wp-json\/wp\/v2\/pages\/3290\/revisions\/8687"}],"wp:attachment":[{"href":"https:\/\/agora.xtec.cat\/ceip-elsagrer\/wp-json\/wp\/v2\/media?parent=3290"}],"curies":[{"name":"wp","href":"https:\/\/api.w.org\/{rel}","templated":true}]}}