{"id":3125,"date":"2022-07-24T20:37:55","date_gmt":"2022-07-24T18:37:55","guid":{"rendered":"https:\/\/agora.xtec.cat\/ceip-elsagrer\/?page_id=3125"},"modified":"2025-10-26T10:46:58","modified_gmt":"2025-10-26T09:46:58","slug":"qui-som","status":"publish","type":"page","link":"https:\/\/agora.xtec.cat\/ceip-elsagrer\/portada-afa\/comissio-espai-migdia\/qui-som\/","title":{"rendered":"Qui som?"},"content":{"rendered":"<div id=\"separadorContinguts\"><strong style=\"font-family: inherit; font-size: 1em;\">EQUIP DE MONITORS<\/strong><\/div>\n<div><\/div>\n<div id=\"contenidoText\">\n<p class=\"Standard\"><strong>ESPAI MIGDIA 2025-26<\/strong><\/p>\n<p class=\"Standard\"><strong>I3<\/strong><\/p>\n<p class=\"Standard\">Aina Baquero<\/p>\n<p class=\"Standard\">Alba Bar\u00f3<\/p>\n<p class=\"Standard\">Maria Cabrisses<\/p>\n<p class=\"Standard\">Judit Ram\u00edrez<\/p>\n<p class=\"Standard\"><strong>I4<\/strong><\/p>\n<p class=\"Standard\">Juli Espin\u00f3s<\/p>\n<p class=\"Standard\">Sof\u00eda Pons<\/p>\n<p class=\"Standard\">Paula Romero (refor\u00e7)<\/p>\n<p class=\"Standard\">Judit Vidal (refor\u00e7)<\/p>\n<p><strong>I5<\/strong><\/p>\n<p>Montse Aguilar<\/p>\n<p>N\u00faria Piqu\u00e9<\/p>\n<p>M. Carmen P\u00e9rez<\/p>\n<p>Joan Mu\u00f1oz (refor\u00e7)<\/p>\n<p>Gorka Paunellas (Vetllador)<\/p>\n<p class=\"Standard\"><strong>1r<\/strong><\/p>\n<p class=\"Standard\">Pepa Flores<\/p>\n<p class=\"Standard\">Marta Llurba<\/p>\n<p class=\"Standard\"><strong>2n<\/strong><\/p>\n<p class=\"Standard\">Oriol Castellano<\/p>\n<p class=\"Standard\">Irene Lado<\/p>\n<p class=\"Standard\"><strong>3r<\/strong><\/p>\n<p class=\"Standard\">N\u00faria Relancio<\/p>\n<p class=\"Standard\">Ana Verdugo<\/p>\n<p class=\"Standard\"><strong>4t<\/strong><\/p>\n<p class=\"Standard\">Jan Egea<\/p>\n<p class=\"Standard\">Carles Trullols<\/p>\n<p class=\"Standard\"><strong>5\u00e8<\/strong><\/p>\n<p class=\"Standard\">Jaime Ju\u00e1rez<\/p>\n<p>Maria Panad\u00e8s<\/p>\n<p>M\u00edkel P\u00e9rez<\/p>\n<p class=\"Standard\"><strong>6\u00e8<\/strong><\/p>\n<p class=\"Standard\">Jordi Bigay<\/p>\n<p>Pau Castellano<\/p>\n<p class=\"Standard\"><strong>Coordinadora<\/strong><\/p>\n<p>Roser Corominas<\/p>\n<\/div>\n","protected":false},"excerpt":{"rendered":"<p>EQUIP DE MONITORS ESPAI MIGDIA 2025-26 I3 Aina Baquero Alba Bar\u00f3 Maria Cabrisses Judit Ram\u00edrez I4 Juli Espin\u00f3s Sof\u00eda Pons Paula Romero (refor\u00e7) Judit Vidal (refor\u00e7) I5 Montse Aguilar N\u00faria Piqu\u00e9 M. Carmen P\u00e9rez Joan Mu\u00f1oz (refor\u00e7) Gorka Paunellas (Vetllador) 1r Pepa Flores Marta Llurba 2n Oriol Castellano Irene Lado 3r N\u00faria Relancio Ana Verdugo [&hellip;]<\/p>\n","protected":false},"author":17,"featured_media":0,"parent":8341,"menu_order":2,"comment_status":"closed","ping_status":"closed","template":"","meta":{"_bbp_topic_count":0,"_bbp_reply_count":0,"_bbp_total_topic_count":0,"_bbp_total_reply_count":0,"_bbp_voice_count":0,"_bbp_anonymous_reply_count":0,"_bbp_topic_count_hidden":0,"_bbp_reply_count_hidden":0,"_bbp_forum_subforum_count":0,"site-sidebar-layout":"default","site-content-layout":"","ast-site-content-layout":"default","site-content-style":"default","site-sidebar-style":"default","ast-global-header-display":"","ast-banner-title-visibility":"","ast-main-header-display":"","ast-hfb-above-header-display":"","ast-hfb-below-header-display":"","ast-hfb-mobile-header-display":"","site-post-title":"","ast-breadcrumbs-content":"","ast-featured-img":"","footer-sml-layout":"","theme-transparent-header-meta":"","adv-header-id-meta":"","stick-header-meta":"","header-above-stick-meta":"","header-main-stick-meta":"","header-below-stick-meta":"","astra-migrate-meta-layouts":"set","ast-page-background-enabled":"default","ast-page-background-meta":{"desktop":{"background-color":"var(--ast-global-color-4)","background-image":"","background-repeat":"repeat","background-position":"center center","background-size":"auto","background-attachment":"scroll","background-type":"","background-media":"","overlay-type":"","overlay-color":"","overlay-opacity":"","overlay-gradient":""},"tablet":{"background-color":"","background-image":"","background-repeat":"repeat","background-position":"center center","background-size":"auto","background-attachment":"scroll","background-type":"","background-media":"","overlay-type":"","overlay-color":"","overlay-opacity":"","overlay-gradient":""},"mobile":{"background-color":"","background-image":"","background-repeat":"repeat","background-position":"center center","background-size":"auto","background-attachment":"scroll","background-type":"","background-media":"","overlay-type":"","overlay-color":"","overlay-opacity":"","overlay-gradient":""}},"ast-content-background-meta":{"desktop":{"background-color":"var(--ast-global-color-5)","background-image":"","background-repeat":"repeat","background-position":"center center","background-size":"auto","background-attachment":"scroll","background-type":"","background-media":"","overlay-type":"","overlay-color":"","overlay-opacity":"","overlay-gradient":""},"tablet":{"background-color":"var(--ast-global-color-5)","background-image":"","background-repeat":"repeat","background-position":"center center","background-size":"auto","background-attachment":"scroll","background-type":"","background-media":"","overlay-type":"","overlay-color":"","overlay-opacity":"","overlay-gradient":""},"mobile":{"background-color":"var(--ast-global-color-5)","background-image":"","background-repeat":"repeat","background-position":"center center","background-size":"auto","background-attachment":"scroll","background-type":"","background-media":"","overlay-type":"","overlay-color":"","overlay-opacity":"","overlay-gradient":""}},"footnotes":""},"class_list":["post-3125","page","type-page","status-publish","hentry"],"post_mailing_queue_ids":[],"_links":{"self":[{"href":"https:\/\/agora.xtec.cat\/ceip-elsagrer\/wp-json\/wp\/v2\/pages\/3125","targetHints":{"allow":["GET"]}}],"collection":[{"href":"https:\/\/agora.xtec.cat\/ceip-elsagrer\/wp-json\/wp\/v2\/pages"}],"about":[{"href":"https:\/\/agora.xtec.cat\/ceip-elsagrer\/wp-json\/wp\/v2\/types\/page"}],"author":[{"embeddable":true,"href":"https:\/\/agora.xtec.cat\/ceip-elsagrer\/wp-json\/wp\/v2\/users\/17"}],"replies":[{"embeddable":true,"href":"https:\/\/agora.xtec.cat\/ceip-elsagrer\/wp-json\/wp\/v2\/comments?post=3125"}],"version-history":[{"count":3,"href":"https:\/\/agora.xtec.cat\/ceip-elsagrer\/wp-json\/wp\/v2\/pages\/3125\/revisions"}],"predecessor-version":[{"id":8349,"href":"https:\/\/agora.xtec.cat\/ceip-elsagrer\/wp-json\/wp\/v2\/pages\/3125\/revisions\/8349"}],"up":[{"embeddable":true,"href":"https:\/\/agora.xtec.cat\/ceip-elsagrer\/wp-json\/wp\/v2\/pages\/8341"}],"wp:attachment":[{"href":"https:\/\/agora.xtec.cat\/ceip-elsagrer\/wp-json\/wp\/v2\/media?parent=3125"}],"curies":[{"name":"wp","href":"https:\/\/api.w.org\/{rel}","templated":true}]}}