{"id":3064,"date":"2022-07-01T16:00:31","date_gmt":"2022-07-01T14:00:31","guid":{"rendered":"https:\/\/agora.xtec.cat\/ceip-elsagrer\/?page_id=3064"},"modified":"2026-01-09T22:17:28","modified_gmt":"2026-01-09T21:17:28","slug":"objectius-i-organitzacio-de-les-extraescolars","status":"publish","type":"page","link":"https:\/\/agora.xtec.cat\/ceip-elsagrer\/portada-afa\/comissio-dextraescolars\/objectius-i-organitzacio-de-les-extraescolars\/","title":{"rendered":"Objectius i organitzaci\u00f3 de les extraescolars"},"content":{"rendered":"<h3><strong>Objectius<\/strong><\/h3>\n<p>La<strong>\u00a0pr\u00e0ctica esportiva<\/strong>\u00a0ha de ser una<strong>\u00a0eina alternativa<\/strong>, paral\u00b7lela als continguts desenvolupats a la classe, que contribuir\u00e0 a donar unes\u00a0<strong>noves experi\u00e8ncies en l\u2019educaci\u00f3 integral<\/strong>\u00a0de l\u2019alumne.<\/p>\n<p>Els seus principals objectius han de ser:<\/p>\n<ul>\n<li>Fomentar la <strong>motivaci\u00f3<\/strong>\u00a0dels alumnes en la pr\u00e0ctica esportiva.<\/li>\n<li>Millorar la<strong>\u00a0relaci\u00f3 entre companys i adversaris<\/strong>.<\/li>\n<li>Incidir en l\u2019esperit de <strong>superaci\u00f3<\/strong>\u00a0i\u00a0<strong>esfor\u00e7<\/strong>.<\/li>\n<li>Crear uns <strong>bons h\u00e0bits de conducta i disciplina<\/strong>.<\/li>\n<li>Con\u00e8ixer <strong>diferents esports<\/strong>.<\/li>\n<li>Aprendre a <strong style=\"font-family: inherit; font-size: 1em;\">acceptar-se<\/strong><span style=\"font-family: inherit; font-size: 1em;\">\u00a0a si mateix i als companys.<\/span><strong style=\"font-family: inherit; font-size: 1em;\">L\u2019escola no ha de tenir com a objectiu fer campions.<\/strong><span style=\"font-family: inherit; font-size: 1em;\">\u00a0L\u2019escola ha de tenir com a fita fer homes i dones. I l\u2019esport pot ser un bon suport en la realitzaci\u00f3 d\u2019aquesta tasca. Aix\u00ed s\u00ed que podrem parlar d\u2019esport escolar.<\/span><\/li>\n<\/ul>\n<h3><strong>Organitzaci\u00f3<\/strong><\/h3>\n<p>Per tal d\u2019assolir els objectius fixats, la comissi\u00f3 es dota d\u2019un\/a\u00a0<strong>coordinador\/a especialista en esport<\/strong>.<\/p>\n<p>La comissi\u00f3 est\u00e0 formada per families volunt\u00e0ries i es reuneix quinzenalment amb el\/la coordinador\/a.<\/p>\n<p>En aquestes reunions:<\/p>\n<ul>\n<li>Es planifiquen les activitats a realitzar all llarg del curs.<\/li>\n<li>Es fixen les quotes a abonar per activitats amb l\u2019objectiu de cobrir les despeses generades i que aquestes activitats siguin autofinan\u00e7ades.<\/li>\n<li>S\u2019estudien les necessitats de monitors i se\u2019n fa la selecci\u00f3 atenent criteris professionals i de titulaci\u00f3 (INEFC o mestre especialista d\u2019educaci\u00f3 f\u00edsica).<\/li>\n<li>Es fa un seguiment del desenvolupament de les activitats i de les possibles incid\u00e8ncies que puguin sorgir al llarg del curs.<\/li>\n<\/ul>\n<p>Les fam\u00edlies de l&#8217;<a href=\"http:\/\/www.escolaelsagrer.cat\/ampa\/index\/comissio\/com_codigo\/14\" target=\"_self\" rel=\"noopener\">AFA<\/a>\u00a0que desitgin plantejar qualsevol tipus de q\u00fcesti\u00f3 poden venir a les reunions de la Comissi\u00f3.<\/p>\n<p>La comissi\u00f3 mant\u00e9 reunions amb la direcci\u00f3 del centre i les mestres d\u2019educaci\u00f3 f\u00edsica, tant per a compartir esfor\u00e7os com per a intercanviar informaci\u00f3.<\/p>\n<p>Tamb\u00e9 es mantenen reunions amb organismes externs com CEEB, Consell de Districte, etc.<\/p>\n<p>Amb el suport:<img loading=\"lazy\" decoding=\"async\" class=\"aligncenter size-medium wp-image-8740\" src=\"https:\/\/agora.xtec.cat\/ceip-elsagrer\/wp-content\/uploads\/usu2270\/2026\/01\/AJBCN_Sign_Com_Negre_Blanc-300x77.jpg\" alt=\"\" width=\"300\" height=\"77\" srcset=\"https:\/\/agora.xtec.cat\/ceip-elsagrer\/wp-content\/uploads\/usu2270\/2026\/01\/AJBCN_Sign_Com_Negre_Blanc-300x77.jpg 300w, https:\/\/agora.xtec.cat\/ceip-elsagrer\/wp-content\/uploads\/usu2270\/2026\/01\/AJBCN_Sign_Com_Negre_Blanc-1024x262.jpg 1024w, https:\/\/agora.xtec.cat\/ceip-elsagrer\/wp-content\/uploads\/usu2270\/2026\/01\/AJBCN_Sign_Com_Negre_Blanc-768x197.jpg 768w, https:\/\/agora.xtec.cat\/ceip-elsagrer\/wp-content\/uploads\/usu2270\/2026\/01\/AJBCN_Sign_Com_Negre_Blanc-1536x393.jpg 1536w, https:\/\/agora.xtec.cat\/ceip-elsagrer\/wp-content\/uploads\/usu2270\/2026\/01\/AJBCN_Sign_Com_Negre_Blanc-2048x525.jpg 2048w\" sizes=\"auto, (max-width: 300px) 100vw, 300px\" \/><\/p>\n","protected":false},"excerpt":{"rendered":"<p>Objectius La\u00a0pr\u00e0ctica esportiva\u00a0ha de ser una\u00a0eina alternativa, paral\u00b7lela als continguts desenvolupats a la classe, que contribuir\u00e0 a donar unes\u00a0noves experi\u00e8ncies en l\u2019educaci\u00f3 integral\u00a0de l\u2019alumne. Els seus principals objectius han de ser: Fomentar la motivaci\u00f3\u00a0dels alumnes en la pr\u00e0ctica esportiva. Millorar la\u00a0relaci\u00f3 entre companys i adversaris. Incidir en l\u2019esperit de superaci\u00f3\u00a0i\u00a0esfor\u00e7. Crear uns bons h\u00e0bits de [&hellip;]<\/p>\n","protected":false},"author":17,"featured_media":0,"parent":8356,"menu_order":1,"comment_status":"closed","ping_status":"closed","template":"","meta":{"_bbp_topic_count":0,"_bbp_reply_count":0,"_bbp_total_topic_count":0,"_bbp_total_reply_count":0,"_bbp_voice_count":0,"_bbp_anonymous_reply_count":0,"_bbp_topic_count_hidden":0,"_bbp_reply_count_hidden":0,"_bbp_forum_subforum_count":0,"site-sidebar-layout":"default","site-content-layout":"","ast-site-content-layout":"default","site-content-style":"default","site-sidebar-style":"default","ast-global-header-display":"","ast-banner-title-visibility":"","ast-main-header-display":"","ast-hfb-above-header-display":"","ast-hfb-below-header-display":"","ast-hfb-mobile-header-display":"","site-post-title":"","ast-breadcrumbs-content":"","ast-featured-img":"","footer-sml-layout":"","theme-transparent-header-meta":"","adv-header-id-meta":"","stick-header-meta":"","header-above-stick-meta":"","header-main-stick-meta":"","header-below-stick-meta":"","astra-migrate-meta-layouts":"set","ast-page-background-enabled":"default","ast-page-background-meta":{"desktop":{"background-color":"var(--ast-global-color-4)","background-image":"","background-repeat":"repeat","background-position":"center center","background-size":"auto","background-attachment":"scroll","background-type":"","background-media":"","overlay-type":"","overlay-color":"","overlay-opacity":"","overlay-gradient":""},"tablet":{"background-color":"","background-image":"","background-repeat":"repeat","background-position":"center center","background-size":"auto","background-attachment":"scroll","background-type":"","background-media":"","overlay-type":"","overlay-color":"","overlay-opacity":"","overlay-gradient":""},"mobile":{"background-color":"","background-image":"","background-repeat":"repeat","background-position":"center center","background-size":"auto","background-attachment":"scroll","background-type":"","background-media":"","overlay-type":"","overlay-color":"","overlay-opacity":"","overlay-gradient":""}},"ast-content-background-meta":{"desktop":{"background-color":"var(--ast-global-color-5)","background-image":"","background-repeat":"repeat","background-position":"center center","background-size":"auto","background-attachment":"scroll","background-type":"","background-media":"","overlay-type":"","overlay-color":"","overlay-opacity":"","overlay-gradient":""},"tablet":{"background-color":"var(--ast-global-color-5)","background-image":"","background-repeat":"repeat","background-position":"center center","background-size":"auto","background-attachment":"scroll","background-type":"","background-media":"","overlay-type":"","overlay-color":"","overlay-opacity":"","overlay-gradient":""},"mobile":{"background-color":"var(--ast-global-color-5)","background-image":"","background-repeat":"repeat","background-position":"center center","background-size":"auto","background-attachment":"scroll","background-type":"","background-media":"","overlay-type":"","overlay-color":"","overlay-opacity":"","overlay-gradient":""}},"footnotes":""},"class_list":["post-3064","page","type-page","status-publish","hentry"],"post_mailing_queue_ids":[],"_links":{"self":[{"href":"https:\/\/agora.xtec.cat\/ceip-elsagrer\/wp-json\/wp\/v2\/pages\/3064","targetHints":{"allow":["GET"]}}],"collection":[{"href":"https:\/\/agora.xtec.cat\/ceip-elsagrer\/wp-json\/wp\/v2\/pages"}],"about":[{"href":"https:\/\/agora.xtec.cat\/ceip-elsagrer\/wp-json\/wp\/v2\/types\/page"}],"author":[{"embeddable":true,"href":"https:\/\/agora.xtec.cat\/ceip-elsagrer\/wp-json\/wp\/v2\/users\/17"}],"replies":[{"embeddable":true,"href":"https:\/\/agora.xtec.cat\/ceip-elsagrer\/wp-json\/wp\/v2\/comments?post=3064"}],"version-history":[{"count":4,"href":"https:\/\/agora.xtec.cat\/ceip-elsagrer\/wp-json\/wp\/v2\/pages\/3064\/revisions"}],"predecessor-version":[{"id":8743,"href":"https:\/\/agora.xtec.cat\/ceip-elsagrer\/wp-json\/wp\/v2\/pages\/3064\/revisions\/8743"}],"up":[{"embeddable":true,"href":"https:\/\/agora.xtec.cat\/ceip-elsagrer\/wp-json\/wp\/v2\/pages\/8356"}],"wp:attachment":[{"href":"https:\/\/agora.xtec.cat\/ceip-elsagrer\/wp-json\/wp\/v2\/media?parent=3064"}],"curies":[{"name":"wp","href":"https:\/\/api.w.org\/{rel}","templated":true}]}}