{"id":3033,"date":"2022-06-29T21:52:41","date_gmt":"2022-06-29T19:52:41","guid":{"rendered":"https:\/\/agora.xtec.cat\/ceip-elsagrer\/?page_id=3033"},"modified":"2025-10-26T10:55:56","modified_gmt":"2025-10-26T09:55:56","slug":"una-mica-dhistoria","status":"publish","type":"page","link":"https:\/\/agora.xtec.cat\/ceip-elsagrer\/portada-afa\/lassociacio\/una-mica-dhistoria\/","title":{"rendered":"Una mica d&#8217;hist\u00f2ria"},"content":{"rendered":"<section>\n<div id=\"sectionContingut\">\n<div id=\"contenidoFinestra\">\n<div id=\"contenidoText\">\n<p>L&#8217;escola\u00a0<strong>El Sagrer<\/strong>\u00a0t\u00e9 els seus or\u00edgens<strong>\u00a0en els primers anys dels 60<\/strong>. Llavors un grup de fam\u00edlies va manifestar l&#8217;inter\u00e8s per crear una escola a La Sagrera i va elaborar un projecte d&#8217;escola participativa basada en la corresponsabilitat entre fam\u00edlies i mestres, que va donar el seu fruit amb la fundaci\u00f3, el setembre de 1968, de <strong>l&#8217;Escola Ic\u00e0ria<\/strong>, als locals del carrer Moss\u00e8n Juliana.<\/p>\n<p>Dues mestres, la\u00a0<strong><a href=\"https:\/\/retratsperlamemoria.wordpress.com\/retrats\/maria-pura-badenes\/maria-pura-badenes-la-mestra-%e2%80%98progre%e2%80%99-de-la-sagrera\/\" target=\"_blank\" rel=\"noopener\">M. Pura Badenes<\/a> i la Carme Turr\u00f3<\/strong>, amb la col\u00b7laboraci\u00f3 de la\u00a0<strong>Pilar Sanmart\u00ed<\/strong>, van fer realitat una escola basada en els principis d&#8217;una\u00a0<strong>escola activa, laica, progressista i no discriminat\u00f2ria, mixta, amb l&#8217;ensenyament del catal\u00e0<\/strong>, potenciadora de la relaci\u00f3 fam\u00edlia-mestres, arrelada en el barri i mantinguda pels pares i mares. Aqu\u00ed trobareu una <a href=\"https:\/\/retratsperlamemoria.wordpress.com\/wp-content\/uploads\/2012\/04\/12-maria-pura-badenes.pdf\" target=\"_blank\" rel=\"noopener\">entrevista que se li va fer a la Maria Pura Badenes<\/a>.<\/p>\n<p>L&#8217;any\u00a0<strong>1975<\/strong>, despr\u00e9s d&#8217;intensos debats sobre la titularitat del centre, es decideix en assemblea de fam\u00edlies que aquests es constitueixin com a\u00a0<strong>Cooperativa de Pares<\/strong>\u00a0i n&#8217;assumeixin la titularitat, i que la compet\u00e8ncia pedag\u00f2gica queda a c\u00e0rrec dels mestres.<\/p>\n<p>A partir de<strong>\u00a0l&#8217;Escola d&#8217;Estiu de 1976<\/strong>\u00a0i sota els principis d&#8217;una\u00a0\u00ab<strong>Nova Escola P\u00fablica Catalana<\/strong>\u00bb\u00a0sorgiran les bases per a la creaci\u00f3 posterior, el 1978, del<strong>\u00a0CEPEPC<\/strong>\u00a0(Col\u00b7lectiu d&#8217;Escoles per l&#8217;Escola P\u00fablica Catalana), moviment al qual l&#8217;escola es vincul\u00e0 des del primer moment i que va significar l\u2019extensi\u00f3 del projecte de renovaci\u00f3 pedag\u00f2gica i la potenciaci\u00f3 d&#8217;aven\u00e7os professionals. Durant aquest per\u00edode, i amb l&#8217;esfor\u00e7 de fam\u00edlies i mestres, es va consolidar l&#8217;escola i la millora de l&#8217;ensenyament de prim\u00e0ria dels infants.<\/p>\n<p>El 1980 s&#8217;aprov\u00e0 el decret de trasp\u00e0s dels serveis de l&#8217;Estat a la Generalitat de Catalunya en mat\u00e8ria d&#8217;ensenyament i, despr\u00e9s de diversos debats i entrebancs, l&#8217;escola opta decididament per\u00a0<strong>esdevenir una escola p\u00fablica<\/strong>\u00a0en el marc de la pol\u00edtica col\u00b7lectiva que representava el CEPEPC. Aix\u00ed va ser com<strong> el setembre de 1983 la Cooperativa Escolar Ic\u00e0ria traspass\u00e0 l&#8217;escola al nou centre escolar, que de com\u00fa acord amb l&#8217;Associaci\u00f3 de Ve\u00efns, esdevenir l&#8217;Escola El Sagrer, al carrer Costa Rica.<\/strong><\/p>\n<p>Una nova etapa s&#8217;obria amb la integraci\u00f3 a la xarxa d&#8217;escoles p\u00fabliques, per\u00f2 amb els mateixos principis fundadors i amb el tret caracter\u00edstic i singular d&#8217;El Sagrer de donar import\u00e0ncia a la implicaci\u00f3 i participaci\u00f3 activa de les fam\u00edlies en la vida de l&#8217;escola. Despr\u00e9s de m\u00e9s de 30 anys d&#8217;hist\u00f2ria el<strong>\u00a0Projecte Educatiu<\/strong> de l&#8217;escola encara treballa pels <strong>objectius d&#8217;una formaci\u00f3 integral de la persona, per l&#8217;atenci\u00f3 individualitzada, per una escola entesa com a servei p\u00fablic, per una escola catalana, per la col\u00b7laboraci\u00f3 de fam\u00edlies, mestres i personal no docent.<\/strong><\/p>\n<p>Des del 1983 i al llarg d&#8217;aquests anys<strong>\u00a0s&#8217;ha consolidat una estructura de participaci\u00f3<\/strong> que permet al conjunt de la comunitat educativa continuar treballant en com\u00fa amb un esperit col\u00b7laborador, interessat i encoratjador, en <strong>un projecte compartit d&#8217;escola<\/strong>.<\/p>\n<p><strong>\u00a0Junta Fundadora de l&#8217;AMPA (actualment AFA) &#8211; <\/strong>Setembre 1983 &#8211; Novembre 1984<\/p>\n<ul>\n<li>President: Josep Copons<\/li>\n<li>Vicepresident: Antonio Prieto<\/li>\n<li>Secretari: Josep M. Gil<\/li>\n<li>Tresorera: Frances Delriu<\/li>\n<\/ul>\n<\/div>\n<\/div>\n<\/div>\n<\/section>\n<footer>\n<div id=\"escola\"><\/div>\n<\/footer>\n","protected":false},"excerpt":{"rendered":"<p>L&#8217;escola\u00a0El Sagrer\u00a0t\u00e9 els seus or\u00edgens\u00a0en els primers anys dels 60. Llavors un grup de fam\u00edlies va manifestar l&#8217;inter\u00e8s per crear una escola a La Sagrera i va elaborar un projecte d&#8217;escola participativa basada en la corresponsabilitat entre fam\u00edlies i mestres, que va donar el seu fruit amb la fundaci\u00f3, el setembre de 1968, de l&#8217;Escola [&hellip;]<\/p>\n","protected":false},"author":17,"featured_media":0,"parent":3020,"menu_order":4,"comment_status":"closed","ping_status":"closed","template":"","meta":{"_bbp_topic_count":0,"_bbp_reply_count":0,"_bbp_total_topic_count":0,"_bbp_total_reply_count":0,"_bbp_voice_count":0,"_bbp_anonymous_reply_count":0,"_bbp_topic_count_hidden":0,"_bbp_reply_count_hidden":0,"_bbp_forum_subforum_count":0,"site-sidebar-layout":"default","site-content-layout":"","ast-site-content-layout":"default","site-content-style":"default","site-sidebar-style":"default","ast-global-header-display":"","ast-banner-title-visibility":"","ast-main-header-display":"","ast-hfb-above-header-display":"","ast-hfb-below-header-display":"","ast-hfb-mobile-header-display":"","site-post-title":"","ast-breadcrumbs-content":"","ast-featured-img":"","footer-sml-layout":"","theme-transparent-header-meta":"","adv-header-id-meta":"","stick-header-meta":"","header-above-stick-meta":"","header-main-stick-meta":"","header-below-stick-meta":"","astra-migrate-meta-layouts":"set","ast-page-background-enabled":"default","ast-page-background-meta":{"desktop":{"background-color":"var(--ast-global-color-4)","background-image":"","background-repeat":"repeat","background-position":"center center","background-size":"auto","background-attachment":"scroll","background-type":"","background-media":"","overlay-type":"","overlay-color":"","overlay-opacity":"","overlay-gradient":""},"tablet":{"background-color":"","background-image":"","background-repeat":"repeat","background-position":"center center","background-size":"auto","background-attachment":"scroll","background-type":"","background-media":"","overlay-type":"","overlay-color":"","overlay-opacity":"","overlay-gradient":""},"mobile":{"background-color":"","background-image":"","background-repeat":"repeat","background-position":"center center","background-size":"auto","background-attachment":"scroll","background-type":"","background-media":"","overlay-type":"","overlay-color":"","overlay-opacity":"","overlay-gradient":""}},"ast-content-background-meta":{"desktop":{"background-color":"var(--ast-global-color-5)","background-image":"","background-repeat":"repeat","background-position":"center center","background-size":"auto","background-attachment":"scroll","background-type":"","background-media":"","overlay-type":"","overlay-color":"","overlay-opacity":"","overlay-gradient":""},"tablet":{"background-color":"var(--ast-global-color-5)","background-image":"","background-repeat":"repeat","background-position":"center center","background-size":"auto","background-attachment":"scroll","background-type":"","background-media":"","overlay-type":"","overlay-color":"","overlay-opacity":"","overlay-gradient":""},"mobile":{"background-color":"var(--ast-global-color-5)","background-image":"","background-repeat":"repeat","background-position":"center center","background-size":"auto","background-attachment":"scroll","background-type":"","background-media":"","overlay-type":"","overlay-color":"","overlay-opacity":"","overlay-gradient":""}},"footnotes":""},"class_list":["post-3033","page","type-page","status-publish","hentry"],"post_mailing_queue_ids":[],"_links":{"self":[{"href":"https:\/\/agora.xtec.cat\/ceip-elsagrer\/wp-json\/wp\/v2\/pages\/3033","targetHints":{"allow":["GET"]}}],"collection":[{"href":"https:\/\/agora.xtec.cat\/ceip-elsagrer\/wp-json\/wp\/v2\/pages"}],"about":[{"href":"https:\/\/agora.xtec.cat\/ceip-elsagrer\/wp-json\/wp\/v2\/types\/page"}],"author":[{"embeddable":true,"href":"https:\/\/agora.xtec.cat\/ceip-elsagrer\/wp-json\/wp\/v2\/users\/17"}],"replies":[{"embeddable":true,"href":"https:\/\/agora.xtec.cat\/ceip-elsagrer\/wp-json\/wp\/v2\/comments?post=3033"}],"version-history":[{"count":6,"href":"https:\/\/agora.xtec.cat\/ceip-elsagrer\/wp-json\/wp\/v2\/pages\/3033\/revisions"}],"predecessor-version":[{"id":8353,"href":"https:\/\/agora.xtec.cat\/ceip-elsagrer\/wp-json\/wp\/v2\/pages\/3033\/revisions\/8353"}],"up":[{"embeddable":true,"href":"https:\/\/agora.xtec.cat\/ceip-elsagrer\/wp-json\/wp\/v2\/pages\/3020"}],"wp:attachment":[{"href":"https:\/\/agora.xtec.cat\/ceip-elsagrer\/wp-json\/wp\/v2\/media?parent=3033"}],"curies":[{"name":"wp","href":"https:\/\/api.w.org\/{rel}","templated":true}]}}